{"id":625,"date":"2024-06-26T09:51:01","date_gmt":"2024-06-26T12:51:01","guid":{"rendered":"https:\/\/portal.unisepe.com.br\/repositorio\/?page_id=625"},"modified":"2024-06-26T10:00:24","modified_gmt":"2024-06-26T13:00:24","slug":"farmacia","status":"publish","type":"page","link":"https:\/\/portal.unisepe.com.br\/repositorio\/unisepe\/univr\/farmacia\/","title":{"rendered":"Farm\u00e1cia"},"content":{"rendered":"<h4>Reposit\u00f3rio do curso de Farm\u00e1cia<\/h4>\n<p>&nbsp;<\/p>\n<ul>\n<li><a href=\"https:\/\/portal.unisepe.com.br\/repositorio\/unisepe\/univr\/farmacia\/tcc-2023\/\" rel=\"noopener noreferrer\">2023<\/a><\/li>\n<li><a href=\"https:\/\/portal.unisepe.com.br\/repositorio\/unisepe\/univr\/farmacia\/tcc-2022\/\" rel=\"noopener noreferrer\">2022<\/a><\/li>\n<\/ul>\n","protected":false},"excerpt":{"rendered":"<p>Reposit\u00f3rio do curso de Farm\u00e1cia &nbsp; 2023 2022<\/p>\n","protected":false},"author":10,"featured_media":0,"parent":10,"menu_order":0,"comment_status":"closed","ping_status":"closed","template":"templates\/template-curso_menu_vertical.php","meta":{"footnotes":""},"categories":[],"tags":[],"class_list":["post-625","page","type-page","status-publish","hentry"],"_links":{"self":[{"href":"https:\/\/portal.unisepe.com.br\/repositorio\/wp-json\/wp\/v2\/pages\/625","targetHints":{"allow":["GET"]}}],"collection":[{"href":"https:\/\/portal.unisepe.com.br\/repositorio\/wp-json\/wp\/v2\/pages"}],"about":[{"href":"https:\/\/portal.unisepe.com.br\/repositorio\/wp-json\/wp\/v2\/types\/page"}],"author":[{"embeddable":true,"href":"https:\/\/portal.unisepe.com.br\/repositorio\/wp-json\/wp\/v2\/users\/10"}],"replies":[{"embeddable":true,"href":"https:\/\/portal.unisepe.com.br\/repositorio\/wp-json\/wp\/v2\/comments?post=625"}],"version-history":[{"count":1,"href":"https:\/\/portal.unisepe.com.br\/repositorio\/wp-json\/wp\/v2\/pages\/625\/revisions"}],"predecessor-version":[{"id":626,"href":"https:\/\/portal.unisepe.com.br\/repositorio\/wp-json\/wp\/v2\/pages\/625\/revisions\/626"}],"up":[{"embeddable":true,"href":"https:\/\/portal.unisepe.com.br\/repositorio\/wp-json\/wp\/v2\/pages\/10"}],"wp:attachment":[{"href":"https:\/\/portal.unisepe.com.br\/repositorio\/wp-json\/wp\/v2\/media?parent=625"}],"wp:term":[{"taxonomy":"category","embeddable":true,"href":"https:\/\/portal.unisepe.com.br\/repositorio\/wp-json\/wp\/v2\/categories?post=625"},{"taxonomy":"post_tag","embeddable":true,"href":"https:\/\/portal.unisepe.com.br\/repositorio\/wp-json\/wp\/v2\/tags?post=625"}],"curies":[{"name":"wp","href":"https:\/\/api.w.org\/{rel}","templated":true}]}}