{"id":627,"date":"2024-06-26T09:52:39","date_gmt":"2024-06-26T12:52:39","guid":{"rendered":"https:\/\/portal.unisepe.com.br\/repositorio\/?page_id=627"},"modified":"2024-06-26T10:00:09","modified_gmt":"2024-06-26T13:00:09","slug":"tcc-2023","status":"publish","type":"page","link":"https:\/\/portal.unisepe.com.br\/repositorio\/unisepe\/univr\/farmacia\/tcc-2023\/","title":{"rendered":"2023"},"content":{"rendered":"<h4 style=\"text-align: center\">Trabalho de Conclus\u00e3o de Curso<\/h4>\n<p>&nbsp;<\/p>\n<p style=\"text-align: center\"><a href=\"http:\/\/portal.unisepe.com.br\/repositorio\/wp-content\/uploads\/sites\/10011\/2024\/06\/A-METFORMINA-COMO-OP\u00c7\u00c3O-NO-TRATAMENTO-DA-SOP.pdf\" target=\"_blank\" rel=\"noopener noreferrer\"><strong>A METFORMINA COMO OP\u00c7\u00c3O NO TRATAMENTO DA SINDROME DO OV\u00c1RIO POLICISTICO \u2013 SOP<\/strong> <br \/>FABIANE CUGLER DA MOTA LIMA<br \/>FERNANDA RAMPONI DE CARVALHO<br \/>GABRIEL LOUREN\u00c7O DA SILVA FORTES<br \/>SANDRA DOMINGUES DA SILVA<br \/>SILVIA YOSHIE KANEKO SAKUGAWA<\/a><\/p>\n<hr \/>\n<p style=\"text-align: center\"><a href=\"http:\/\/portal.unisepe.com.br\/repositorio\/wp-content\/uploads\/sites\/10011\/2024\/06\/AVALIA\u00c7\u00c3O-DO-USO-DA-SERTRALINA-EM-PACIENTES-GESTANTES-E-O-IMPACTO-NO-DESENVOLVIMENTO-DO-FETO.pdf\" target=\"_blank\" rel=\"noopener noreferrer\"><strong>AVALIA\u00c7\u00c3O DO USO DA SERTRALINA EM PACIENTES GESTANTES E O IMPACTO NO DESENVOLVIEMENTO DO FETO<\/strong> <br \/>BRENDA FERNANDA ARA\u00daJO RODRIGUES<br \/>CAMILA BOAVENTURA DA ROSA SILVA<br \/>KHALED SANGALETTI JAZE<br \/>RENATA DA SILVA PEREIRA KURASHIKI<\/a><\/p>\n<hr \/>\n","protected":false},"excerpt":{"rendered":"<p>Trabalho de Conclus\u00e3o de Curso &nbsp; A METFORMINA COMO OP\u00c7\u00c3O NO TRATAMENTO DA SINDROME DO OV\u00c1RIO POLICISTICO \u2013 SOP FABIANE CUGLER DA MOTA LIMAFERNANDA RAMPONI DE CARVALHOGABRIEL LOUREN\u00c7O DA SILVA FORTESSANDRA DOMINGUES DA SILVASILVIA YOSHIE KANEKO SAKUGAWA AVALIA\u00c7\u00c3O DO USO DA SERTRALINA EM PACIENTES GESTANTES E O IMPACTO NO DESENVOLVIEMENTO<\/p>\n","protected":false},"author":10,"featured_media":0,"parent":625,"menu_order":0,"comment_status":"closed","ping_status":"closed","template":"templates\/template-curso_menu_vertical.php","meta":{"footnotes":""},"categories":[],"tags":[],"class_list":["post-627","page","type-page","status-publish","hentry"],"_links":{"self":[{"href":"https:\/\/portal.unisepe.com.br\/repositorio\/wp-json\/wp\/v2\/pages\/627","targetHints":{"allow":["GET"]}}],"collection":[{"href":"https:\/\/portal.unisepe.com.br\/repositorio\/wp-json\/wp\/v2\/pages"}],"about":[{"href":"https:\/\/portal.unisepe.com.br\/repositorio\/wp-json\/wp\/v2\/types\/page"}],"author":[{"embeddable":true,"href":"https:\/\/portal.unisepe.com.br\/repositorio\/wp-json\/wp\/v2\/users\/10"}],"replies":[{"embeddable":true,"href":"https:\/\/portal.unisepe.com.br\/repositorio\/wp-json\/wp\/v2\/comments?post=627"}],"version-history":[{"count":4,"href":"https:\/\/portal.unisepe.com.br\/repositorio\/wp-json\/wp\/v2\/pages\/627\/revisions"}],"predecessor-version":[{"id":633,"href":"https:\/\/portal.unisepe.com.br\/repositorio\/wp-json\/wp\/v2\/pages\/627\/revisions\/633"}],"up":[{"embeddable":true,"href":"https:\/\/portal.unisepe.com.br\/repositorio\/wp-json\/wp\/v2\/pages\/625"}],"wp:attachment":[{"href":"https:\/\/portal.unisepe.com.br\/repositorio\/wp-json\/wp\/v2\/media?parent=627"}],"wp:term":[{"taxonomy":"category","embeddable":true,"href":"https:\/\/portal.unisepe.com.br\/repositorio\/wp-json\/wp\/v2\/categories?post=627"},{"taxonomy":"post_tag","embeddable":true,"href":"https:\/\/portal.unisepe.com.br\/repositorio\/wp-json\/wp\/v2\/tags?post=627"}],"curies":[{"name":"wp","href":"https:\/\/api.w.org\/{rel}","templated":true}]}}