{"id":634,"date":"2024-06-26T09:59:24","date_gmt":"2024-06-26T12:59:24","guid":{"rendered":"https:\/\/portal.unisepe.com.br\/repositorio\/?page_id=634"},"modified":"2024-06-26T09:59:33","modified_gmt":"2024-06-26T12:59:33","slug":"tcc-2022","status":"publish","type":"page","link":"https:\/\/portal.unisepe.com.br\/repositorio\/unisepe\/univr\/farmacia\/tcc-2022\/","title":{"rendered":"2022"},"content":{"rendered":"<h4 style=\"text-align: center\">Trabalho de Conclus\u00e3o de Curso<\/h4>\n<p>&nbsp;<\/p>\n<p style=\"text-align: center\"><a href=\"http:\/\/portal.unisepe.com.br\/repositorio\/wp-content\/uploads\/sites\/10011\/2024\/06\/TRATAMENTO-COM-ANTIRRETROVIRAIS-POR-PORTADORES-DO-V\u00cdRUS-HIV-E-A-IMPORT\u00c2NCIA-DA-ATEN\u00c7\u00c3O-FARMAC\u00caUTICA.pdf\" target=\"_blank\" rel=\"noopener noreferrer\"><strong>TRATAMENTO COM ANTIRRETROVIRAIS POR PORTADORES DO V\u00cdRUS HIV E A IMPORT\u00c2NCIA DA ATEN\u00c7\u00c3O FARMAC\u00caUTICA<\/strong><br \/>GIOVANNA CALORE DE SOUZA<br \/>LEANDRO DE MOURA GOMES<br \/>LEONARDO DOS SANTOS CARDOSO<\/a><\/p>\n<hr \/>\n","protected":false},"excerpt":{"rendered":"<p>Trabalho de Conclus\u00e3o de Curso &nbsp; TRATAMENTO COM ANTIRRETROVIRAIS POR PORTADORES DO V\u00cdRUS HIV E A IMPORT\u00c2NCIA DA ATEN\u00c7\u00c3O FARMAC\u00caUTICAGIOVANNA CALORE DE SOUZALEANDRO DE MOURA GOMESLEONARDO DOS SANTOS CARDOSO<\/p>\n","protected":false},"author":10,"featured_media":0,"parent":625,"menu_order":0,"comment_status":"closed","ping_status":"closed","template":"templates\/template-curso_menu_vertical.php","meta":{"footnotes":""},"categories":[],"tags":[],"class_list":["post-634","page","type-page","status-publish","hentry"],"_links":{"self":[{"href":"https:\/\/portal.unisepe.com.br\/repositorio\/wp-json\/wp\/v2\/pages\/634","targetHints":{"allow":["GET"]}}],"collection":[{"href":"https:\/\/portal.unisepe.com.br\/repositorio\/wp-json\/wp\/v2\/pages"}],"about":[{"href":"https:\/\/portal.unisepe.com.br\/repositorio\/wp-json\/wp\/v2\/types\/page"}],"author":[{"embeddable":true,"href":"https:\/\/portal.unisepe.com.br\/repositorio\/wp-json\/wp\/v2\/users\/10"}],"replies":[{"embeddable":true,"href":"https:\/\/portal.unisepe.com.br\/repositorio\/wp-json\/wp\/v2\/comments?post=634"}],"version-history":[{"count":1,"href":"https:\/\/portal.unisepe.com.br\/repositorio\/wp-json\/wp\/v2\/pages\/634\/revisions"}],"predecessor-version":[{"id":636,"href":"https:\/\/portal.unisepe.com.br\/repositorio\/wp-json\/wp\/v2\/pages\/634\/revisions\/636"}],"up":[{"embeddable":true,"href":"https:\/\/portal.unisepe.com.br\/repositorio\/wp-json\/wp\/v2\/pages\/625"}],"wp:attachment":[{"href":"https:\/\/portal.unisepe.com.br\/repositorio\/wp-json\/wp\/v2\/media?parent=634"}],"wp:term":[{"taxonomy":"category","embeddable":true,"href":"https:\/\/portal.unisepe.com.br\/repositorio\/wp-json\/wp\/v2\/categories?post=634"},{"taxonomy":"post_tag","embeddable":true,"href":"https:\/\/portal.unisepe.com.br\/repositorio\/wp-json\/wp\/v2\/tags?post=634"}],"curies":[{"name":"wp","href":"https:\/\/api.w.org\/{rel}","templated":true}]}}