{"id":1292,"date":"2017-02-03T16:19:12","date_gmt":"2017-02-03T18:19:12","guid":{"rendered":"\/?page_id=1292"},"modified":"2025-11-07T16:42:34","modified_gmt":"2025-11-07T19:42:34","slug":"instituicao","status":"publish","type":"page","link":"https:\/\/portal.unisepe.com.br\/saolourenco\/a-instituicao\/instituicao\/","title":{"rendered":"Institui\u00e7\u00e3o"},"content":{"rendered":"<p><strong><span data-teams=\"true\">Centro Universit\u00e1rio <\/span>S\u00e3o Louren\u00e7o &#8211; UniSL<\/strong><\/p>\n<p><strong>C\u00f3digo (MEC) 828<\/strong><\/p>\n<p><strong><a href=\"https:\/\/portal.unisepe.com.br\/saolourenco\/wp-content\/uploads\/sites\/10005\/2025\/10\/Portaria-no-575-de-12-de-Agosto-de-2025-Transferencia-para-Centro-Universitario.pdf\" target=\"_blank\" rel=\"noopener\">Portaria Credenciamento &#8211; UniSL<\/a><\/strong><\/p>\n<p>&nbsp;<\/p>\n<p><strong>Faculdade de S\u00e3o Louren\u00e7o &#8211; FSL<\/strong><\/p>\n<p><strong><a href=\"http:\/\/portal.unisepe.com.br\/saolourenco\/wp-content\/uploads\/sites\/10005\/2018\/08\/portaria.pdf\" target=\"_blank\" rel=\"noopener\">Portaria de Recredenciamento &#8211; FSL<\/a><\/strong><\/p>\n","protected":false},"excerpt":{"rendered":"<p>Centro Universit\u00e1rio S\u00e3o Louren\u00e7o &#8211; UniSL C\u00f3digo (MEC) 828 Portaria Credenciamento &#8211; UniSL &nbsp; Faculdade de S\u00e3o Louren\u00e7o &#8211; FSL Portaria de Recredenciamento &#8211; FSL<\/p>\n","protected":false},"author":1,"featured_media":0,"parent":81,"menu_order":-1,"comment_status":"closed","ping_status":"closed","template":"templates\/template-pagina_menu_vertical.php","meta":{"footnotes":""},"categories":[],"tags":[],"class_list":["post-1292","page","type-page","status-publish","hentry"],"_links":{"self":[{"href":"https:\/\/portal.unisepe.com.br\/saolourenco\/wp-json\/wp\/v2\/pages\/1292","targetHints":{"allow":["GET"]}}],"collection":[{"href":"https:\/\/portal.unisepe.com.br\/saolourenco\/wp-json\/wp\/v2\/pages"}],"about":[{"href":"https:\/\/portal.unisepe.com.br\/saolourenco\/wp-json\/wp\/v2\/types\/page"}],"author":[{"embeddable":true,"href":"https:\/\/portal.unisepe.com.br\/saolourenco\/wp-json\/wp\/v2\/users\/1"}],"replies":[{"embeddable":true,"href":"https:\/\/portal.unisepe.com.br\/saolourenco\/wp-json\/wp\/v2\/comments?post=1292"}],"version-history":[{"count":13,"href":"https:\/\/portal.unisepe.com.br\/saolourenco\/wp-json\/wp\/v2\/pages\/1292\/revisions"}],"predecessor-version":[{"id":2355,"href":"https:\/\/portal.unisepe.com.br\/saolourenco\/wp-json\/wp\/v2\/pages\/1292\/revisions\/2355"}],"up":[{"embeddable":true,"href":"https:\/\/portal.unisepe.com.br\/saolourenco\/wp-json\/wp\/v2\/pages\/81"}],"wp:attachment":[{"href":"https:\/\/portal.unisepe.com.br\/saolourenco\/wp-json\/wp\/v2\/media?parent=1292"}],"wp:term":[{"taxonomy":"category","embeddable":true,"href":"https:\/\/portal.unisepe.com.br\/saolourenco\/wp-json\/wp\/v2\/categories?post=1292"},{"taxonomy":"post_tag","embeddable":true,"href":"https:\/\/portal.unisepe.com.br\/saolourenco\/wp-json\/wp\/v2\/tags?post=1292"}],"curies":[{"name":"wp","href":"https:\/\/api.w.org\/{rel}","templated":true}]}}