{"id":1503,"date":"2017-06-02T15:13:39","date_gmt":"2017-06-02T18:13:39","guid":{"rendered":"http:\/\/www.fvr.edu.br\/?page_id=1503"},"modified":"2023-04-24T14:27:11","modified_gmt":"2023-04-24T17:27:11","slug":"regulamentos-institucionais","status":"publish","type":"page","link":"https:\/\/portal.unisepe.com.br\/saolourenco\/manuais-editais-e-regulamentos\/regulamentos-institucionais\/","title":{"rendered":"Regulamentos Institucionais"},"content":{"rendered":"<ul>\n<li><a href=\"https:\/\/portal.unisepe.com.br\/saolourenco\/wp-content\/uploads\/sites\/10005\/2023\/04\/PDI-FSL_2019_2023.-f.doc.pdf\" target=\"_blank\" rel=\"noopener noreferrer\">Plano de Desenvolvimento Institucional<\/a><\/li>\n<li><a href=\"http:\/\/portal.unisepe.com.br\/saolourenco\/wp-content\/uploads\/sites\/10005\/2018\/09\/Aproveitamento-de-Estudos.pdf\" target=\"_blank\" rel=\"noopener noreferrer\">Regulamento Institucional Aproveitamento de Estudos<\/a><\/li>\n<li><a href=\"https:\/\/portal.unisepe.com.br\/saolourenco\/wp-content\/uploads\/sites\/10005\/2022\/03\/Atividades.pdf\" target=\"_blank\" rel=\"noopener noreferrer\">Regulamento Institucional de Atividades Complementares<\/a><\/li>\n<li><a href=\"http:\/\/portal.unisepe.com.br\/saolourenco\/wp-content\/uploads\/sites\/10005\/2018\/09\/avaliacao.pdf\" target=\"_blank\" rel=\"noopener noreferrer\">Regulamento Institucional de Avalia\u00e7\u00e3o Discente<\/a><\/li>\n<li><a href=\"https:\/\/portal.unisepe.com.br\/saolourenco\/wp-content\/uploads\/sites\/10005\/2022\/04\/R_I_COLEGIADO-DE-CURSO.pdf\" target=\"_blank\" rel=\"noopener noreferrer\">Regulamento Institucional Colegiado de Curso<\/a><\/li>\n<li><a href=\"http:\/\/portal.unisepe.com.br\/saolourenco\/wp-content\/uploads\/sites\/10005\/2020\/03\/Regulamento-Institucional-Comit\u00ea-de-\u00c9tica-em-Pesquisa.pdf\" target=\"_blank\" rel=\"noopener noreferrer\">Regulamento Institucional Comit\u00ea de \u00c9tica em Pesquisa<\/a><\/li>\n<li><a href=\"https:\/\/portal.unisepe.com.br\/saolourenco\/wp-content\/uploads\/sites\/10005\/2022\/05\/RI_EstagiosSupervisionados.pdf\" target=\"_blank\" rel=\"noopener noreferrer\">Regulamento Institucional de Estagio Curricular Supervisionado<\/a><a href=\"http:\/\/portal.unisepe.com.br\/saolourenco\/wp-content\/uploads\/sites\/10005\/2018\/09\/estagio.pdf\" target=\"_blank\" rel=\"noopener noreferrer\"><\/a><\/li>\n<li><a href=\"https:\/\/portal.unisepe.com.br\/saolourenco\/wp-content\/uploads\/sites\/10005\/2022\/03\/Extens\u00e3o.pdf\" target=\"_blank\" rel=\"noopener noreferrer\">Regulamento Institucional de Extens\u00e3o<\/a><\/li>\n<li><a href=\"https:\/\/portal.unisepe.com.br\/saolourenco\/wp-content\/uploads\/sites\/10005\/2022\/03\/Regulamento-Institucional-Hora-Aula-e-Hora-Rel\u00f3gio-1.pdf\" target=\"_blank\" rel=\"noopener noreferrer\">Regulamento Institucional de Hora Aula e Hora Rel\u00f3gio<\/a><\/li>\n<li><a href=\"https:\/\/portal.unisepe.com.br\/saolourenco\/wp-content\/uploads\/sites\/10005\/2022\/04\/R_I_MONITORIA.pdf\" target=\"_blank\" rel=\"noopener noreferrer\">Regulamento Institucional de Monitoria<\/a><\/li>\n<li><a href=\"https:\/\/portal.unisepe.com.br\/saolourenco\/wp-content\/uploads\/sites\/10005\/2022\/04\/R_I-NUCLEO_DOCENTE_ESTRUTURANTE.pdf\" target=\"_blank\" rel=\"noopener noreferrer\">Regulamento Institucional de N\u00facleo Docente Estruturante<\/a><\/li>\n<li><a href=\"https:\/\/portal.unisepe.com.br\/saolourenco\/wp-content\/uploads\/sites\/10005\/2022\/04\/R_I_OUVIDORIA.pdf\">Regulamento Institucional Ouvidoria<\/a><\/li>\n<li><a href=\"http:\/\/portal.unisepe.com.br\/saolourenco\/wp-content\/uploads\/sites\/10005\/2018\/09\/pos.pdf\" target=\"_blank\" rel=\"noopener noreferrer\">Regulamento Institucional de P\u00f3s Gradua\u00e7\u00e3o<\/a><\/li>\n<li><a href=\"https:\/\/portal.unisepe.com.br\/saolourenco\/wp-content\/uploads\/sites\/10005\/2022\/03\/PROERS.pdf\" target=\"_blank\" rel=\"noopener noreferrer\">Regulamento Institucional Pasta PROERS<\/a><\/li>\n<li><a href=\"https:\/\/portal.unisepe.com.br\/saolourenco\/wp-content\/uploads\/sites\/10005\/2022\/03\/Regulamento-Institucional-Projeto-Integrador.pdf\" target=\"_blank\" rel=\"noopener noreferrer\">Regulamento Institucional Projeto Integrador<\/a><\/li>\n<li><a href=\"http:\/\/portal.unisepe.com.br\/saolourenco\/wp-content\/uploads\/sites\/10005\/2018\/09\/RegulamentoInstitucionalTCC.pdf\" target=\"_blank\" rel=\"noopener noreferrer\">Regulamento Institucional de Trabalho de Conclus\u00e3o de Curso<\/a><\/li>\n<\/ul>\n","protected":false},"excerpt":{"rendered":"<p>Plano de Desenvolvimento Institucional Regulamento Institucional Aproveitamento de Estudos Regulamento Institucional de Atividades Complementares Regulamento Institucional de Avalia\u00e7\u00e3o Discente Regulamento Institucional Colegiado de Curso Regulamento Institucional Comit\u00ea de \u00c9tica em Pesquisa Regulamento Institucional de Estagio Curricular Supervisionado Regulamento Institucional de Extens\u00e3o Regulamento Institucional de Hora Aula e Hora Rel\u00f3gio Regulamento<\/p>\n","protected":false},"author":1,"featured_media":0,"parent":788,"menu_order":0,"comment_status":"closed","ping_status":"closed","template":"templates\/template-pagina_menu_vertical.php","meta":{"footnotes":""},"categories":[],"tags":[],"class_list":["post-1503","page","type-page","status-publish","hentry"],"_links":{"self":[{"href":"https:\/\/portal.unisepe.com.br\/saolourenco\/wp-json\/wp\/v2\/pages\/1503","targetHints":{"allow":["GET"]}}],"collection":[{"href":"https:\/\/portal.unisepe.com.br\/saolourenco\/wp-json\/wp\/v2\/pages"}],"about":[{"href":"https:\/\/portal.unisepe.com.br\/saolourenco\/wp-json\/wp\/v2\/types\/page"}],"author":[{"embeddable":true,"href":"https:\/\/portal.unisepe.com.br\/saolourenco\/wp-json\/wp\/v2\/users\/1"}],"replies":[{"embeddable":true,"href":"https:\/\/portal.unisepe.com.br\/saolourenco\/wp-json\/wp\/v2\/comments?post=1503"}],"version-history":[{"count":17,"href":"https:\/\/portal.unisepe.com.br\/saolourenco\/wp-json\/wp\/v2\/pages\/1503\/revisions"}],"predecessor-version":[{"id":6267,"href":"https:\/\/portal.unisepe.com.br\/saolourenco\/wp-json\/wp\/v2\/pages\/1503\/revisions\/6267"}],"up":[{"embeddable":true,"href":"https:\/\/portal.unisepe.com.br\/saolourenco\/wp-json\/wp\/v2\/pages\/788"}],"wp:attachment":[{"href":"https:\/\/portal.unisepe.com.br\/saolourenco\/wp-json\/wp\/v2\/media?parent=1503"}],"wp:term":[{"taxonomy":"category","embeddable":true,"href":"https:\/\/portal.unisepe.com.br\/saolourenco\/wp-json\/wp\/v2\/categories?post=1503"},{"taxonomy":"post_tag","embeddable":true,"href":"https:\/\/portal.unisepe.com.br\/saolourenco\/wp-json\/wp\/v2\/tags?post=1503"}],"curies":[{"name":"wp","href":"https:\/\/api.w.org\/{rel}","templated":true}]}}