{"id":212,"date":"2016-07-08T00:29:54","date_gmt":"2016-07-08T00:29:54","guid":{"rendered":"http:\/\/www.fvr.edu.br\/fvr\/site\/?page_id=212"},"modified":"2026-01-29T18:46:37","modified_gmt":"2026-01-29T21:46:37","slug":"contatos","status":"publish","type":"page","link":"https:\/\/portal.unisepe.com.br\/saolourenco\/a-instituicao\/contatos\/","title":{"rendered":"Contatos"},"content":{"rendered":"<h5><strong>\u00d3rg\u00e3os de Apoio as Atividades Acad\u00eamicas:<\/strong><\/h5>\n<p><strong>Programa de Acompanhamento de Egressos<\/strong><br \/>\nE-mail: <a href=\"mailto:secretaria@faculdadesaolourenco.com.br\">secretaria@faculdadesaolourenco.com.br<\/a><\/p>\n<p><strong>Programa de Apoio e atendimento Psicopedag\u00f3gico ao Discente<\/strong><br \/>\nVera L\u00facia de Matos Rodrigues de Souza<br \/>\nE-mail: <a href=\"mailto:sad@faculdadesaolourenco.com.br\">sad@faculdadesaolourenco.com.br<\/a><\/p>\n<p><strong>Setor de Ouvidoria<\/strong><br \/>\nE-mail: <a href=\"mailto:ouvidoria@faculdadesaolourenco.com.br\">ouvidoria@faculdadesaolourenco.com.br<\/a><\/p>\n<p>&nbsp;<\/p>\n<h5><strong>Coordenadores de Curso:<\/strong><\/h5>\n<p><strong>Coordena\u00e7\u00e3o de Administra\u00e7\u00e3o<\/strong><br \/>\nCoord. Profa. Esp. Beatriz Guimar\u00e3es Leite<br \/>\nE-mail: <a href=\"mailto:administracao@faculdadesaolourenco.com.br\">administracao@faculdadesaolourenco.com.br<\/a><\/p>\n<p><strong>Coordena\u00e7\u00e3o de An\u00e1lise e Desenvolvimento de Sistemas<\/strong><br \/>\nCoord. Prof. Esp. Juliano Lopes Ven\u00e2ncio<br \/>\nE-mail: <a href=\"mailto:ads@faculdadesaolourenco.com.br\">ads@faculdadesaolourenco.com.br<\/a><\/p>\n<p><strong>Coordenadora do Curso de Biomedicina<\/strong><br \/>\nCoord. Profa. Esp. Priscilla Gon\u00e7alves Barbosa<br \/>\nE-mail: <a href=\"mailto:biomedicina@faculdadesaolourenco.com.br\">biomedicina@faculdadesaolourenco.com.br<\/a><\/p>\n<p><strong>Coordena\u00e7\u00e3o de Ci\u00eancias Cont\u00e1beis<\/strong><br \/>\nCoord. Profa. Esp. Beatriz Guimar\u00e3es Leite<br \/>\nE-mail: <a href=\"mailto:cienciascontabeis@faculdadesaolourenco.com.br\">cienciascontabeis@faculdadesaolourenco.com.br<\/a><\/p>\n<p><strong>Coordena\u00e7\u00e3o de Direito<\/strong><br \/>\nCoord. Prof. Ms. Luiz Carlos de Souza J\u00fanior<br \/>\nE-mail: <a href=\"mailto:direito@faculdadesaolourenco.com.br\">direito@faculdadesaolourenco.com.br<\/a><\/p>\n<p><strong>Coordena\u00e7\u00e3o de Educa\u00e7\u00e3o F\u00edsica &#8211; Bacharel<\/strong><br \/>\nCoord. Prof. Ms. S\u00e9rgio Ribeiro Barbosa<br \/>\nE-mail: <a href=\"mailto:educacaofisica@faculdadesaolourenco.com.br\">educacaofisica@faculdadesaolourenco.com.br<\/a><\/p>\n<p><strong>Coordena\u00e7\u00e3o de Educa\u00e7\u00e3o F\u00edsica &#8211; Licenciatura<\/strong><br \/>\nCoord. Prof. Ms. S\u00e9rgio Ribeiro Barbosa<br \/>\nE-mail: <a href=\"mailto:educacaofisica@faculdadesaolourenco.com.br\">educacaofisica@faculdadesaolourenco.com.br<\/a><\/p>\n<p><strong>Coordena\u00e7\u00e3o de Enfermagem<\/strong><br \/>\nCoord. Profa. Esp. Cristiany Reis Costa F. Pinto<br \/>\nE-mail: <a href=\"mailto:enfermagem@faculdadesaolourenco.com.br\">enfermagem@faculdadesaolourenco.com.br<\/a><\/p>\n<p><strong>Coordena\u00e7\u00e3o de Est\u00e9tica e Cosm\u00e9ticos<\/strong><br \/>\nCoord. Profa. Esp. Priscilla Gon\u00e7alves Barbosa<br \/>\nE-mail: <a href=\"mailto:estetica@faculdadesaolourenco.com.br\">estetica@faculdadesaolourenco.com.br<\/a><\/p>\n<p><strong>Coordena\u00e7\u00e3o de Gest\u00e3o de Recursos Humanos<\/strong><br \/>\nCoord. Profa. Esp. Beatriz Guimar\u00e3es Leite<br \/>\nE-mail: <a href=\"mailto:gestao.rh@faculdadesaolourenco.com.br\">gestao.rh@faculdadesaolourenco.com.br<\/a><\/p>\n<p><strong>Coordena\u00e7\u00e3o de Nutri\u00e7\u00e3o<\/strong><br \/>\nCoord. Prof. Ms. Bruna Lucas Briskiewicz<br \/>\nE-mail: <a href=\"mailto:nutricao@faculdadesaolourenco.com.br\">nutricao@faculdadesaolourenco.com.br<\/a><\/p>\n<p><strong>Coordena\u00e7\u00e3o de Pedagogia<\/strong><br \/>\nCoord. Prof. Ms. S\u00e9rgio Ribeiro Barbosa<br \/>\nE-mail: <a href=\"mailto:pedagogia@faculdadesaolourenco.com.br\">pedagogia@faculdadesaolourenco.com.br<\/a><\/p>\n<p><strong>Coordena\u00e7\u00e3o de Psicologia<\/strong><br \/>\nCoord. Profa. Esp. Vera L\u00facia de M. R. de Souza<br \/>\nE-mail: <a href=\"mailto:psicologia@faculdadesaolourenco.com.br\">psicologia@faculdadesaolourenco.com.br<\/a><\/p>\n<h5><strong>Administrativos <\/strong><\/h5>\n<p><strong>Diretoria da Mantenedora<\/strong><\/p>\n<p>Diretor Presidente: Guilherme Bernardes Filho<\/p>\n<p>Diretor Tesoureiro: Aderbal Alfredo Calderari Bernardes<\/p>\n<p><strong>Reitoria<\/strong><\/p>\n<p><span data-teams=\"true\">Reitora: Vanessa Tavares Vale<\/span><br \/>\nE-mail: <a href=\"mailto:diretoria.geral@faculdadesaolourenco.com.br\">diretoria.geral@faculdadesaolourenco.com.br<\/a><\/p>\n<p><span data-teams=\"true\">Pr\u00f3-Reitor Acad\u00eamico: Aderbal Alfredo Calderari Bernardes<\/span><\/p>\n<p><span data-teams=\"true\">Pr\u00f3-Reitor Administrativo: Guilherme Bernardes Filho<\/span><\/p>\n<p><strong>Coordenadora Administrativa<\/strong><\/p>\n<p>Helis\u00e2ngela Fernandes de Menezes<br \/>\nE-mail: <a href=\"mailto:cri@faculdadesaolourenco.com.br\">coord.admin@faculdadesaolourenco.com.br<\/a><\/p>\n<p><strong>Secretaria Acad\u00eamica<\/strong><\/p>\n<p>Geovana Corr\u00eaa Loureiro Soares<br \/>\nE-mail : <a href=\"mailto:secretaria01@faculdadesaolourenco.com.br\">secretaria01@faculdadesaolourenco.com.br<\/a><\/p>\n<p><strong>Biblioteca<\/strong><\/p>\n<p>Fernanda Pereira de Castro<br \/>\nBibliotec\u00e1ria<br \/>\nE-mail: <a href=\"mailto:biblioteca@faculdadesaolourenco.com.br\">biblioteca@faculdadesaolourenco.com.br<\/a><\/p>\n<p><strong>Centro de Processamento de Dados (CPD)<\/strong><\/p>\n<p>Augusto Marinho Cota<br \/>\nT\u00e9cnico em Desenvolvimento de Sistemas e Aplica\u00e7\u00f5es<br \/>\nE-mail: <a href=\"mailto:cpd02.sl@unisepe.com.br\">cpd02.sl@unisepe.com.br<\/a><\/p>\n<p>Pedro Henrique de Oliveira<br \/>\nT\u00e9cnico em Desenvolvimento de Sistemas e Aplica\u00e7\u00f5es<br \/>\nEmail: <a href=\"mailto:ti01.sl@unisepe.com.br\">ti01.sl@unisepe.com.br<\/a><\/p>\n<p><strong>Tesouraria<\/strong><\/p>\n<p>Assistente Administrativo Financeiro<br \/>\nE-mail: <a href=\"mailto:financeiro02.sl@unisepe.com.br\">financeiro02.sl@unisepe.com.br<\/a><\/p>\n<p>Erick Luiz dos Santos do Carmo<br \/>\nAssistente Administrativo Financeiro<br \/>\nE-mail: <a href=\"mailto:financeiro04.sl@unisepe.com.br\">financeiro04.sl@unisepe.com.br<\/a><\/p>\n<p><strong>Departamento Pessoal e Recursos Humanos<\/strong><\/p>\n<p>Elaine Cristina Rodrigues de Sousa<br \/>\nAssistente Administrativo<br \/>\nE-mail: <a href=\"mailto:financeiro01.sl@unisepe.edu.br\">financeiro01.sl@unisepe.edu.br<\/a><\/p>\n","protected":false},"excerpt":{"rendered":"<p>\u00d3rg\u00e3os de Apoio as Atividades Acad\u00eamicas: Programa de Acompanhamento de Egressos E-mail: secretaria@faculdadesaolourenco.com.br Programa de Apoio e atendimento Psicopedag\u00f3gico ao Discente Vera L\u00facia de Matos Rodrigues de Souza E-mail: sad@faculdadesaolourenco.com.br Setor de Ouvidoria E-mail: ouvidoria@faculdadesaolourenco.com.br &nbsp; Coordenadores de Curso: Coordena\u00e7\u00e3o de Administra\u00e7\u00e3o Coord. Profa. Esp. Beatriz Guimar\u00e3es Leite E-mail: administracao@faculdadesaolourenco.com.br<\/p>\n","protected":false},"author":1,"featured_media":0,"parent":81,"menu_order":0,"comment_status":"closed","ping_status":"closed","template":"templates\/template-pagina_menu_vertical.php","meta":{"footnotes":""},"categories":[],"tags":[],"class_list":["post-212","page","type-page","status-publish","hentry"],"_links":{"self":[{"href":"https:\/\/portal.unisepe.com.br\/saolourenco\/wp-json\/wp\/v2\/pages\/212","targetHints":{"allow":["GET"]}}],"collection":[{"href":"https:\/\/portal.unisepe.com.br\/saolourenco\/wp-json\/wp\/v2\/pages"}],"about":[{"href":"https:\/\/portal.unisepe.com.br\/saolourenco\/wp-json\/wp\/v2\/types\/page"}],"author":[{"embeddable":true,"href":"https:\/\/portal.unisepe.com.br\/saolourenco\/wp-json\/wp\/v2\/users\/1"}],"replies":[{"embeddable":true,"href":"https:\/\/portal.unisepe.com.br\/saolourenco\/wp-json\/wp\/v2\/comments?post=212"}],"version-history":[{"count":68,"href":"https:\/\/portal.unisepe.com.br\/saolourenco\/wp-json\/wp\/v2\/pages\/212\/revisions"}],"predecessor-version":[{"id":6915,"href":"https:\/\/portal.unisepe.com.br\/saolourenco\/wp-json\/wp\/v2\/pages\/212\/revisions\/6915"}],"up":[{"embeddable":true,"href":"https:\/\/portal.unisepe.com.br\/saolourenco\/wp-json\/wp\/v2\/pages\/81"}],"wp:attachment":[{"href":"https:\/\/portal.unisepe.com.br\/saolourenco\/wp-json\/wp\/v2\/media?parent=212"}],"wp:term":[{"taxonomy":"category","embeddable":true,"href":"https:\/\/portal.unisepe.com.br\/saolourenco\/wp-json\/wp\/v2\/categories?post=212"},{"taxonomy":"post_tag","embeddable":true,"href":"https:\/\/portal.unisepe.com.br\/saolourenco\/wp-json\/wp\/v2\/tags?post=212"}],"curies":[{"name":"wp","href":"https:\/\/api.w.org\/{rel}","templated":true}]}}