{"id":2129,"date":"2018-04-09T16:11:17","date_gmt":"2018-04-09T19:11:17","guid":{"rendered":"http:\/\/www.fvr.edu.br\/?page_id=2129"},"modified":"2025-10-23T17:36:16","modified_gmt":"2025-10-23T20:36:16","slug":"acolhimento-e-permanencia","status":"publish","type":"page","link":"https:\/\/portal.unisepe.com.br\/saolourenco\/instituto-superior-de-educacao\/projeto-pad\/acolhimento-e-permanencia\/","title":{"rendered":"Acolhimento e perman\u00eancia"},"content":{"rendered":"<p style=\"text-align: center;\"><span style=\"text-decoration: underline;\"><strong>RECEP\u00c7\u00c3O AOS CALOUROS DO CENTRO UNIVERSIT\u00c1RIO S\u00c3O LOUREN\u00c7O<\/strong><\/span><\/p>\n<p><a href=\"http:\/\/portal.unisepe.com.br\/saolourenco\/wp-content\/uploads\/sites\/10005\/2020\/01\/RecepcaoCalouros.jpg\"><img loading=\"lazy\" decoding=\"async\" src=\"http:\/\/portal.unisepe.com.br\/saolourenco\/wp-content\/uploads\/sites\/10005\/2020\/01\/RecepcaoCalouros.jpg\" alt=\"\" width=\"761\" height=\"554\" class=\"aligncenter wp-image-4629\" srcset=\"https:\/\/portal.unisepe.com.br\/saolourenco\/wp-content\/uploads\/sites\/10005\/2020\/01\/RecepcaoCalouros.jpg 1100w, https:\/\/portal.unisepe.com.br\/saolourenco\/wp-content\/uploads\/sites\/10005\/2020\/01\/RecepcaoCalouros-300x218.jpg 300w, https:\/\/portal.unisepe.com.br\/saolourenco\/wp-content\/uploads\/sites\/10005\/2020\/01\/RecepcaoCalouros-768x559.jpg 768w, https:\/\/portal.unisepe.com.br\/saolourenco\/wp-content\/uploads\/sites\/10005\/2020\/01\/RecepcaoCalouros-1024x745.jpg 1024w\" sizes=\"auto, (max-width: 761px) 100vw, 761px\" \/><\/a><\/p>\n<hr \/>\n<p style=\"text-align: center;\"><strong><span style=\"text-decoration: underline;\">PALESTRA ATITUDE DE CAMPE\u00c3O &#8211; GUSTAVO BORGES<\/span><\/strong><\/p>\n<p><a href=\"http:\/\/portal.unisepe.com.br\/saolourenco\/wp-content\/uploads\/sites\/10005\/2020\/01\/Palestra-Gustavo-Borges.jpg\"><img loading=\"lazy\" decoding=\"async\" src=\"http:\/\/portal.unisepe.com.br\/saolourenco\/wp-content\/uploads\/sites\/10005\/2020\/01\/Palestra-Gustavo-Borges.jpg\" alt=\"\" width=\"437\" height=\"583\" class=\"wp-image-4652 aligncenter\" srcset=\"https:\/\/portal.unisepe.com.br\/saolourenco\/wp-content\/uploads\/sites\/10005\/2020\/01\/Palestra-Gustavo-Borges.jpg 720w, https:\/\/portal.unisepe.com.br\/saolourenco\/wp-content\/uploads\/sites\/10005\/2020\/01\/Palestra-Gustavo-Borges-225x300.jpg 225w\" sizes=\"auto, (max-width: 437px) 100vw, 437px\" \/><\/a><\/p>\n<hr \/>\n<p style=\"text-align: center;\"><span style=\"text-decoration: underline;\"><strong>PALESTRA SEMANA DA NUTRI\u00c7\u00c3O<\/strong><\/span><\/p>\n<p><a href=\"http:\/\/portal.unisepe.com.br\/saolourenco\/wp-content\/uploads\/sites\/10005\/2020\/01\/Palestra-Alice-Carvalhais-_-Semana-Nutri\u00e7\u00e3o_.jpg\"><img loading=\"lazy\" decoding=\"async\" src=\"http:\/\/portal.unisepe.com.br\/saolourenco\/wp-content\/uploads\/sites\/10005\/2020\/01\/Palestra-Alice-Carvalhais-_-Semana-Nutri\u00e7\u00e3o_.jpg\" alt=\"\" width=\"376\" height=\"376\" class=\"wp-image-4651 aligncenter\" srcset=\"https:\/\/portal.unisepe.com.br\/saolourenco\/wp-content\/uploads\/sites\/10005\/2020\/01\/Palestra-Alice-Carvalhais-_-Semana-Nutri\u00e7\u00e3o_.jpg 960w, https:\/\/portal.unisepe.com.br\/saolourenco\/wp-content\/uploads\/sites\/10005\/2020\/01\/Palestra-Alice-Carvalhais-_-Semana-Nutri\u00e7\u00e3o_-150x150.jpg 150w, https:\/\/portal.unisepe.com.br\/saolourenco\/wp-content\/uploads\/sites\/10005\/2020\/01\/Palestra-Alice-Carvalhais-_-Semana-Nutri\u00e7\u00e3o_-300x300.jpg 300w, https:\/\/portal.unisepe.com.br\/saolourenco\/wp-content\/uploads\/sites\/10005\/2020\/01\/Palestra-Alice-Carvalhais-_-Semana-Nutri\u00e7\u00e3o_-768x768.jpg 768w, https:\/\/portal.unisepe.com.br\/saolourenco\/wp-content\/uploads\/sites\/10005\/2020\/01\/Palestra-Alice-Carvalhais-_-Semana-Nutri\u00e7\u00e3o_-225x225.jpg 225w\" sizes=\"auto, (max-width: 376px) 100vw, 376px\" \/><\/a><\/p>\n<p>&nbsp;<\/p>\n<hr \/>\n<p style=\"text-align: center;\"><span style=\"text-decoration: underline;\"><strong>PLANT\u00c3O DE D\u00daVIDAS JUR\u00cdDICA<\/strong><\/span><\/p>\n<p><a href=\"http:\/\/portal.unisepe.com.br\/saolourenco\/wp-content\/uploads\/sites\/10005\/2020\/01\/Plant\u00e3o-de-d\u00favidas.jpg\"><img loading=\"lazy\" decoding=\"async\" src=\"http:\/\/portal.unisepe.com.br\/saolourenco\/wp-content\/uploads\/sites\/10005\/2020\/01\/Plant\u00e3o-de-d\u00favidas.jpg\" alt=\"\" width=\"327\" height=\"409\" class=\"aligncenter wp-image-4653\" srcset=\"https:\/\/portal.unisepe.com.br\/saolourenco\/wp-content\/uploads\/sites\/10005\/2020\/01\/Plant\u00e3o-de-d\u00favidas.jpg 720w, https:\/\/portal.unisepe.com.br\/saolourenco\/wp-content\/uploads\/sites\/10005\/2020\/01\/Plant\u00e3o-de-d\u00favidas-240x300.jpg 240w\" sizes=\"auto, (max-width: 327px) 100vw, 327px\" \/><\/a><\/p>\n<hr \/>\n<p>&nbsp;<\/p>\n","protected":false},"excerpt":{"rendered":"<p>RECEP\u00c7\u00c3O AOS CALOUROS DO CENTRO UNIVERSIT\u00c1RIO S\u00c3O LOUREN\u00c7O PALESTRA ATITUDE DE CAMPE\u00c3O &#8211; GUSTAVO BORGES PALESTRA SEMANA DA NUTRI\u00c7\u00c3O &nbsp; PLANT\u00c3O DE D\u00daVIDAS JUR\u00cdDICA &nbsp;<\/p>\n","protected":false},"author":1,"featured_media":0,"parent":2121,"menu_order":0,"comment_status":"closed","ping_status":"closed","template":"templates\/template-curso_menu_vertical.php","meta":{"footnotes":""},"categories":[],"tags":[],"class_list":["post-2129","page","type-page","status-publish","hentry"],"_links":{"self":[{"href":"https:\/\/portal.unisepe.com.br\/saolourenco\/wp-json\/wp\/v2\/pages\/2129","targetHints":{"allow":["GET"]}}],"collection":[{"href":"https:\/\/portal.unisepe.com.br\/saolourenco\/wp-json\/wp\/v2\/pages"}],"about":[{"href":"https:\/\/portal.unisepe.com.br\/saolourenco\/wp-json\/wp\/v2\/types\/page"}],"author":[{"embeddable":true,"href":"https:\/\/portal.unisepe.com.br\/saolourenco\/wp-json\/wp\/v2\/users\/1"}],"replies":[{"embeddable":true,"href":"https:\/\/portal.unisepe.com.br\/saolourenco\/wp-json\/wp\/v2\/comments?post=2129"}],"version-history":[{"count":32,"href":"https:\/\/portal.unisepe.com.br\/saolourenco\/wp-json\/wp\/v2\/pages\/2129\/revisions"}],"predecessor-version":[{"id":6824,"href":"https:\/\/portal.unisepe.com.br\/saolourenco\/wp-json\/wp\/v2\/pages\/2129\/revisions\/6824"}],"up":[{"embeddable":true,"href":"https:\/\/portal.unisepe.com.br\/saolourenco\/wp-json\/wp\/v2\/pages\/2121"}],"wp:attachment":[{"href":"https:\/\/portal.unisepe.com.br\/saolourenco\/wp-json\/wp\/v2\/media?parent=2129"}],"wp:term":[{"taxonomy":"category","embeddable":true,"href":"https:\/\/portal.unisepe.com.br\/saolourenco\/wp-json\/wp\/v2\/categories?post=2129"},{"taxonomy":"post_tag","embeddable":true,"href":"https:\/\/portal.unisepe.com.br\/saolourenco\/wp-json\/wp\/v2\/tags?post=2129"}],"curies":[{"name":"wp","href":"https:\/\/api.w.org\/{rel}","templated":true}]}}