{"id":214,"date":"2016-07-08T00:30:46","date_gmt":"2016-07-08T00:30:46","guid":{"rendered":"http:\/\/www.fvr.edu.br\/fvr\/site\/?page_id=214"},"modified":"2025-11-10T15:36:51","modified_gmt":"2025-11-10T18:36:51","slug":"areas-de-atuacao","status":"publish","type":"page","link":"https:\/\/portal.unisepe.com.br\/saolourenco\/a-instituicao\/areas-de-atuacao\/","title":{"rendered":"\u00c1reas de Atua\u00e7\u00e3o"},"content":{"rendered":"<p>Atualmente o <span data-teams=\"true\">Centro Universit\u00e1rio <\/span>S\u00e3o Louren\u00e7o &#8211; Unis\u00e3olouren\u00e7o atua nas seguintes \u00e1reas:<\/p>\n<p><strong>Bacharelado<\/strong><br \/>\n<a href=\"http:\/\/portal.unisepe.com.br\/saolourenco\/bacharelado-administracao\/\">Administra\u00e7\u00e3o de Empresas<\/a><br \/>\n<a href=\"http:\/\/portal.unisepe.com.br\/saolourenco\/biomedicina\/\">Biomedicina<\/a><br \/>\n<a href=\"http:\/\/portal.unisepe.com.br\/saolourenco\/ciencias-contabeis\/\">Ci\u00eancias Cont\u00e1beis<\/a><br \/>\n<a href=\"http:\/\/portal.unisepe.com.br\/saolourenco\/direito\/\">Direito<\/a><br \/>\n<a href=\"http:\/\/portal.unisepe.com.br\/saolourenco\/educacao-fisica-bel.\/\">Educa\u00e7\u00e3o F\u00edsica<\/a><br \/>\n<a href=\"http:\/\/portal.unisepe.com.br\/saolourenco\/enfermagem\/\">Enfermagem<\/a><br \/>\n<a href=\"http:\/\/portal.unisepe.com.br\/saolourenco\/nutricao\/\">Nutri\u00e7\u00e3o<\/a><br \/>\n<a href=\"http:\/\/portal.unisepe.com.br\/saolourenco\/psicologia\/\">Psicologia<\/a><\/p>\n<p><strong>Licenciatura<\/strong><br \/>\n<a href=\"http:\/\/portal.unisepe.com.br\/saolourenco\/educacao-fisica\/\">Educa\u00e7\u00e3o F\u00edsica<\/a><br \/>\n<a href=\"http:\/\/portal.unisepe.com.br\/saolourenco\/pedagogia\/\">Pedagogia<\/a><\/p>\n<p><strong>Forma\u00e7\u00e3o Tecnol\u00f3gica<\/strong><br \/>\n<a href=\"http:\/\/portal.unisepe.com.br\/saolourenco\/ads\/\">An\u00e1lise e Desenvolvimento de Sistemas<\/a><br \/>\n<a href=\"http:\/\/portal.unisepe.com.br\/saolourenco\/estetica-e-cosmetica\/\">Est\u00e9tica e Cosm\u00e9tica<\/a><br \/>\n<a href=\"http:\/\/portal.unisepe.com.br\/saolourenco\/recursos-humanos\/\">Gest\u00e3o de Recursos Humanos<\/a><\/p>\n<p>&nbsp;<\/p>\n<p><strong>&#8220;A Educa\u00e7\u00e3o \u00e9 a for\u00e7a transformadora da sociedade, humanizando o mundo&#8221;<\/strong><\/p>\n<p><strong>&#8220;\u00c0 medida que o pa\u00eds cresce em complexidade, ele se ressente de uma melhor qualifica\u00e7\u00e3o de recursos humanos, em todas as \u00e1reas, nelas se incluindo a educa\u00e7\u00e3o, ponto de partida e chegada dessa qualifica\u00e7\u00e3o&#8221;.<\/strong><\/p>\n","protected":false},"excerpt":{"rendered":"<p>Atualmente o Centro Universit\u00e1rio S\u00e3o Louren\u00e7o &#8211; Unis\u00e3olouren\u00e7o atua nas seguintes \u00e1reas: Bacharelado Administra\u00e7\u00e3o de Empresas Biomedicina Ci\u00eancias Cont\u00e1beis Direito Educa\u00e7\u00e3o F\u00edsica Enfermagem Nutri\u00e7\u00e3o Psicologia Licenciatura Educa\u00e7\u00e3o F\u00edsica Pedagogia Forma\u00e7\u00e3o Tecnol\u00f3gica An\u00e1lise e Desenvolvimento de Sistemas Est\u00e9tica e Cosm\u00e9tica Gest\u00e3o de Recursos Humanos &nbsp; &#8220;A Educa\u00e7\u00e3o \u00e9 a for\u00e7a transformadora<\/p>\n","protected":false},"author":1,"featured_media":0,"parent":81,"menu_order":0,"comment_status":"closed","ping_status":"closed","template":"templates\/template-pagina_menu_vertical.php","meta":{"footnotes":""},"categories":[],"tags":[],"class_list":["post-214","page","type-page","status-publish","hentry"],"_links":{"self":[{"href":"https:\/\/portal.unisepe.com.br\/saolourenco\/wp-json\/wp\/v2\/pages\/214","targetHints":{"allow":["GET"]}}],"collection":[{"href":"https:\/\/portal.unisepe.com.br\/saolourenco\/wp-json\/wp\/v2\/pages"}],"about":[{"href":"https:\/\/portal.unisepe.com.br\/saolourenco\/wp-json\/wp\/v2\/types\/page"}],"author":[{"embeddable":true,"href":"https:\/\/portal.unisepe.com.br\/saolourenco\/wp-json\/wp\/v2\/users\/1"}],"replies":[{"embeddable":true,"href":"https:\/\/portal.unisepe.com.br\/saolourenco\/wp-json\/wp\/v2\/comments?post=214"}],"version-history":[{"count":19,"href":"https:\/\/portal.unisepe.com.br\/saolourenco\/wp-json\/wp\/v2\/pages\/214\/revisions"}],"predecessor-version":[{"id":2365,"href":"https:\/\/portal.unisepe.com.br\/saolourenco\/wp-json\/wp\/v2\/pages\/214\/revisions\/2365"}],"up":[{"embeddable":true,"href":"https:\/\/portal.unisepe.com.br\/saolourenco\/wp-json\/wp\/v2\/pages\/81"}],"wp:attachment":[{"href":"https:\/\/portal.unisepe.com.br\/saolourenco\/wp-json\/wp\/v2\/media?parent=214"}],"wp:term":[{"taxonomy":"category","embeddable":true,"href":"https:\/\/portal.unisepe.com.br\/saolourenco\/wp-json\/wp\/v2\/categories?post=214"},{"taxonomy":"post_tag","embeddable":true,"href":"https:\/\/portal.unisepe.com.br\/saolourenco\/wp-json\/wp\/v2\/tags?post=214"}],"curies":[{"name":"wp","href":"https:\/\/api.w.org\/{rel}","templated":true}]}}