{"id":2203,"date":"2018-04-16T17:10:10","date_gmt":"2018-04-16T20:10:10","guid":{"rendered":"http:\/\/www.fvr.edu.br\/?page_id=2203"},"modified":"2025-10-23T17:47:37","modified_gmt":"2025-10-23T20:47:37","slug":"atendimento-pad","status":"publish","type":"page","link":"https:\/\/portal.unisepe.com.br\/saolourenco\/pad\/atendimento-pad\/","title":{"rendered":"Atendimento PAD"},"content":{"rendered":"<p><strong>Programa de Apoio e atendimento Psicopedag\u00f3gico ao Discente<\/strong><br \/>\nVera L\u00facia de Matos Rodrigues de Souza<br \/>\ne-mail: <a href=\"mailto:vera@faculdadesaolourenco.com.br\">sad@faculdadesaolourenco.com.br<\/a><\/p>\n<p class=\"text-justify\">O PAD foi criado para dinamizar a rela\u00e7\u00e3o entre voc\u00ea estudante e a institui\u00e7\u00e3o de ensino. \u00c9 pensando no estudante que a UniSL prioriza a qualidade de ensino-aprendizagem dos alunos. Pronto para receber o estudante, o PAD oferece os seguintes apoios:<\/p>\n<ul>\n<li>Apoio psicol\u00f3gico<\/li>\n<li>Apoio psicopedag\u00f3gico<\/li>\n<li>Orienta\u00e7\u00e3o profissional e vocacional<\/li>\n<li>Planejamento de estudos e orienta\u00e7\u00e3o<\/li>\n<\/ul>\n<p>&nbsp;<\/p>\n<p><script type=\"text\/javascript\" src=\"\/\/mautic.unisepe.com.br\/form\/generate.js?id=34\"><\/script><\/p>\n","protected":false},"excerpt":{"rendered":"<p>Programa de Apoio e atendimento Psicopedag\u00f3gico ao Discente Vera L\u00facia de Matos Rodrigues de Souza e-mail: sad@faculdadesaolourenco.com.br O PAD foi criado para dinamizar a rela\u00e7\u00e3o entre voc\u00ea estudante e a institui\u00e7\u00e3o de ensino. \u00c9 pensando no estudante que a UniSL prioriza a qualidade de ensino-aprendizagem dos alunos. Pronto para receber<\/p>\n","protected":false},"author":1,"featured_media":0,"parent":6025,"menu_order":0,"comment_status":"closed","ping_status":"closed","template":"templates\/template-pagina_menu_vertical.php","meta":{"footnotes":""},"categories":[],"tags":[],"class_list":["post-2203","page","type-page","status-publish","hentry"],"_links":{"self":[{"href":"https:\/\/portal.unisepe.com.br\/saolourenco\/wp-json\/wp\/v2\/pages\/2203","targetHints":{"allow":["GET"]}}],"collection":[{"href":"https:\/\/portal.unisepe.com.br\/saolourenco\/wp-json\/wp\/v2\/pages"}],"about":[{"href":"https:\/\/portal.unisepe.com.br\/saolourenco\/wp-json\/wp\/v2\/types\/page"}],"author":[{"embeddable":true,"href":"https:\/\/portal.unisepe.com.br\/saolourenco\/wp-json\/wp\/v2\/users\/1"}],"replies":[{"embeddable":true,"href":"https:\/\/portal.unisepe.com.br\/saolourenco\/wp-json\/wp\/v2\/comments?post=2203"}],"version-history":[{"count":13,"href":"https:\/\/portal.unisepe.com.br\/saolourenco\/wp-json\/wp\/v2\/pages\/2203\/revisions"}],"predecessor-version":[{"id":6828,"href":"https:\/\/portal.unisepe.com.br\/saolourenco\/wp-json\/wp\/v2\/pages\/2203\/revisions\/6828"}],"up":[{"embeddable":true,"href":"https:\/\/portal.unisepe.com.br\/saolourenco\/wp-json\/wp\/v2\/pages\/6025"}],"wp:attachment":[{"href":"https:\/\/portal.unisepe.com.br\/saolourenco\/wp-json\/wp\/v2\/media?parent=2203"}],"wp:term":[{"taxonomy":"category","embeddable":true,"href":"https:\/\/portal.unisepe.com.br\/saolourenco\/wp-json\/wp\/v2\/categories?post=2203"},{"taxonomy":"post_tag","embeddable":true,"href":"https:\/\/portal.unisepe.com.br\/saolourenco\/wp-json\/wp\/v2\/tags?post=2203"}],"curies":[{"name":"wp","href":"https:\/\/api.w.org\/{rel}","templated":true}]}}