{"id":230,"date":"2016-07-08T22:51:12","date_gmt":"2016-07-08T22:51:12","guid":{"rendered":"http:\/\/www.fvr.edu.br\/fvr\/site\/?page_id=230"},"modified":"2020-09-16T21:38:51","modified_gmt":"2020-09-17T00:38:51","slug":"graduacao","status":"publish","type":"page","link":"https:\/\/portal.unisepe.com.br\/saolourenco\/graduacao\/","title":{"rendered":"Gradua\u00e7\u00e3o"},"content":{"rendered":"<div id=\"responsive-table\">\n<table class=\"table table-course no-th\">\n<tbody>\n<tr>\n<td>&nbsp;<\/p>\n<p><a href=\"http:\/\/portal.unisepe.com.br\/saolourenco\/bacharelado-administracao\/\"><img loading=\"lazy\" decoding=\"async\" class=\"aligncenter wp-image-2372\" style=\"font-size: 15.2015px;line-height: 24.3224px\" src=\"http:\/\/portal.unisepe.com.br\/saolourenco\/wp-content\/uploads\/sites\/10005\/2018\/08\/Administracao.png\" alt=\"Administra\u00e7\u00e3o\" width=\"152\" height=\"76\" \/><\/a><\/p>\n<p><a href=\"http:\/\/portal.unisepe.com.br\/saolourenco\/bacharelado-administracao\/\">Administra\u00e7\u00e3o<\/a><\/td>\n<td style=\"text-align: center\"><a href=\"http:\/\/portal.unisepe.com.br\/saolourenco\/ads\/\"><img loading=\"lazy\" decoding=\"async\" class=\"aligncenter wp-image-243\" src=\"http:\/\/portal.unisepe.com.br\/saolourenco\/wp-content\/uploads\/sites\/10005\/2018\/09\/logo_ads.png\" alt=\"ads\" width=\"130\" height=\"100\" \/><\/a><br \/>\n<a href=\"http:\/\/portal.unisepe.com.br\/saolourenco\/ads\/\">An\u00e1lise e Des. de Sistemas<\/a><\/td>\n<td><a href=\"http:\/\/portal.unisepe.com.br\/saolourenco\/biomedicina\/\"><img loading=\"lazy\" decoding=\"async\" class=\"aligncenter size-full wp-image-242\" src=\"http:\/\/portal.unisepe.com.br\/saolourenco\/wp-content\/uploads\/sites\/10005\/2018\/09\/logo_biomedicina.jpg\" width=\"130\" height=\"110\" \/><\/a><br \/>\n<a href=\"http:\/\/portal.unisepe.com.br\/saolourenco\/biomedicina\/\">Biomedicina<\/a><\/td>\n<\/tr>\n<tr>\n<td><a href=\"http:\/\/portal.unisepe.com.br\/saolourenco\/cienciasbiologicas\/\"><img loading=\"lazy\" decoding=\"async\" class=\"aligncenter wp-image-243\" src=\"http:\/\/portal.unisepe.com.br\/saolourenco\/wp-content\/uploads\/sites\/10005\/2018\/09\/cbiologia.png\" alt=\"Ci\u00eancias Biol\u00f3gicas\" width=\"130\" height=\"110\" \/><\/a><br \/>\n<a href=\"http:\/\/portal.unisepe.com.br\/saolourenco\/cienciasbiologicas\/\">Ci\u00eancias Biol\u00f3gicas<\/a><\/td>\n<td><a href=\"http:\/\/portal.unisepe.com.br\/saolourenco\/ciencias-contabeis\/\"><img loading=\"lazy\" decoding=\"async\" class=\"aligncenter wp-image-251\" src=\"http:\/\/portal.unisepe.com.br\/saolourenco\/wp-content\/uploads\/sites\/10005\/2018\/09\/contebeis.png\" alt=\"contebeis\" width=\"114\" height=\"138\" \/><\/a><br \/>\n<a href=\"http:\/\/portal.unisepe.com.br\/saolourenco\/ciencias-contabeis\/\">Ci\u00eancias Contabeis<\/a><\/td>\n<td><a href=\"http:\/\/portal.unisepe.com.br\/saolourenco\/direito\/\"><img loading=\"lazy\" decoding=\"async\" class=\"aligncenter wp-image-242\" src=\"http:\/\/portal.unisepe.com.br\/saolourenco\/wp-content\/uploads\/sites\/10005\/2018\/09\/direito.png\" width=\"142\" height=\"132\" \/><\/a><br \/>\n<a href=\"http:\/\/portal.unisepe.com.br\/saolourenco\/direito\/\">Direito<\/a><\/td>\n<\/tr>\n<tr>\n<td><a href=\"http:\/\/portal.unisepe.com.br\/saolourenco\/educacao-fisica\/\"><img loading=\"lazy\" decoding=\"async\" class=\"aligncenter wp-image-243\" src=\"http:\/\/portal.unisepe.com.br\/saolourenco\/wp-content\/uploads\/sites\/10005\/2018\/09\/logo_ed_fisica.jpg\" alt=\"Edfisica\" width=\"130\" height=\"110\" \/><\/a><br \/>\n<a href=\"http:\/\/portal.unisepe.com.br\/saolourenco\/educacao-fisica\/\">Educa\u00e7\u00e3o Fis\u00edca- Licenciatura<\/a><\/td>\n<td><a href=\"http:\/\/portal.unisepe.com.br\/saolourenco\/educacao-fisica-bel.\/\"><img loading=\"lazy\" decoding=\"async\" class=\"aligncenter wp-image-251\" src=\"http:\/\/portal.unisepe.com.br\/saolourenco\/wp-content\/uploads\/sites\/10005\/2018\/09\/logo_edb.jpg\" alt=\"edfisicabl\" width=\"132\" height=\"132\" \/><\/a><br \/>\n<a href=\"http:\/\/portal.unisepe.com.br\/saolourenco\/educacao-fisica-bel.\/\">Educa\u00e7\u00e3o Fis\u00edca- Bacharel <\/a><\/td>\n<td><a href=\"http:\/\/portal.unisepe.com.br\/saolourenco\/enfermagem\/\"><br \/>\n<img loading=\"lazy\" decoding=\"async\" class=\"aligncenter wp-image-242\" src=\"http:\/\/portal.unisepe.com.br\/saolourenco\/wp-content\/uploads\/sites\/10005\/2018\/09\/logo_enf.png\" width=\"180\" height=\"110\" \/><\/a><br \/>\n<a href=\"http:\/\/portal.unisepe.com.br\/saolourenco\/enfermagem\/\">Enfermagem<\/a><\/td>\n<\/tr>\n<tr>\n<td><a href=\"http:\/\/portal.unisepe.com.br\/saolourenco\/estetica-e-cosmetica\/\"><img loading=\"lazy\" decoding=\"async\" class=\"aligncenter wp-image-243\" src=\"http:\/\/portal.unisepe.com.br\/saolourenco\/wp-content\/uploads\/sites\/10005\/2018\/09\/logo_estetica.jpg\" alt=\"Estetica\" width=\"130\" height=\"110\" \/><\/a><br \/>\n<a href=\"http:\/\/portal.unisepe.com.br\/saolourenco\/estetica-e-cosmetica\/\">Est\u00e9tica e Cosmetica<\/a><\/td>\n<td><a href=\"http:\/\/portal.unisepe.com.br\/saolourenco\/recursos-humanos\/\"><img loading=\"lazy\" decoding=\"async\" class=\"aligncenter size-full wp-image-242\" src=\"http:\/\/portal.unisepe.com.br\/saolourenco\/wp-content\/uploads\/sites\/10005\/2018\/09\/logo_grh.jpg\" width=\"130\" height=\"110\" \/><\/a><br \/>\n<a href=\"http:\/\/portal.unisepe.com.br\/saolourenco\/recursos-humanos\/\">Gest\u00e3o de Recursos Humanos<\/a><\/td>\n<td><a href=\"http:\/\/portal.unisepe.com.br\/saolourenco\/nutricao\/\"><img loading=\"lazy\" decoding=\"async\" class=\"aligncenter size-full wp-image-251\" src=\"http:\/\/portal.unisepe.com.br\/saolourenco\/wp-content\/uploads\/sites\/10005\/2018\/09\/logo_nutri.jpg\" alt=\"Nutricao\" width=\"130\" height=\"110\" \/><\/a><br \/>\n<a href=\"http:\/\/portal.unisepe.com.br\/saolourenco\/nutricao\/\">Nutri\u00e7\u00e3o<\/a><\/td>\n<\/tr>\n<tr>\n<td><a href=\"http:\/\/portal.unisepe.com.br\/saolourenco\/pedagogia\/\"><img loading=\"lazy\" decoding=\"async\" class=\"aligncenter wp-image-243\" src=\"http:\/\/portal.unisepe.com.br\/saolourenco\/wp-content\/uploads\/sites\/10005\/2018\/09\/logo_pedagogia.png\" alt=\"Pedagogia\" width=\"126\" height=\"115\" \/><\/a><br \/>\n<a href=\"http:\/\/portal.unisepe.com.br\/saolourenco\/pedagogia\/\">Pedagogia<\/a><\/td>\n<td><a href=\"http:\/\/portal.unisepe.com.br\/saolourenco\/psicologia\/\"><img loading=\"lazy\" decoding=\"async\" class=\"aligncenter wp-image-243\" src=\"http:\/\/portal.unisepe.com.br\/saolourenco\/wp-content\/uploads\/sites\/10005\/2018\/09\/logo_psicologia.jpg\" alt=\"psicologia\" width=\"90\" height=\"121\" \/><\/a><br \/>\n<a href=\"http:\/\/portal.unisepe.com.br\/saolourenco\/psicologia\/\">Psicologia<\/a><\/td>\n<td><\/td>\n<\/tr>\n<\/tbody>\n<\/table>\n<\/div>\n","protected":false},"excerpt":{"rendered":"<p>&nbsp; Administra\u00e7\u00e3o An\u00e1lise e Des. de Sistemas Biomedicina Ci\u00eancias Biol\u00f3gicas Ci\u00eancias Contabeis Direito Educa\u00e7\u00e3o Fis\u00edca- Licenciatura Educa\u00e7\u00e3o Fis\u00edca- Bacharel Enfermagem Est\u00e9tica e Cosmetica Gest\u00e3o de Recursos Humanos Nutri\u00e7\u00e3o Pedagogia Psicologia<\/p>\n","protected":false},"author":1,"featured_media":0,"parent":0,"menu_order":0,"comment_status":"closed","ping_status":"closed","template":"templates\/template-fullwidth.php","meta":{"footnotes":""},"categories":[],"tags":[],"class_list":["post-230","page","type-page","status-publish","hentry"],"_links":{"self":[{"href":"https:\/\/portal.unisepe.com.br\/saolourenco\/wp-json\/wp\/v2\/pages\/230","targetHints":{"allow":["GET"]}}],"collection":[{"href":"https:\/\/portal.unisepe.com.br\/saolourenco\/wp-json\/wp\/v2\/pages"}],"about":[{"href":"https:\/\/portal.unisepe.com.br\/saolourenco\/wp-json\/wp\/v2\/types\/page"}],"author":[{"embeddable":true,"href":"https:\/\/portal.unisepe.com.br\/saolourenco\/wp-json\/wp\/v2\/users\/1"}],"replies":[{"embeddable":true,"href":"https:\/\/portal.unisepe.com.br\/saolourenco\/wp-json\/wp\/v2\/comments?post=230"}],"version-history":[{"count":103,"href":"https:\/\/portal.unisepe.com.br\/saolourenco\/wp-json\/wp\/v2\/pages\/230\/revisions"}],"predecessor-version":[{"id":4936,"href":"https:\/\/portal.unisepe.com.br\/saolourenco\/wp-json\/wp\/v2\/pages\/230\/revisions\/4936"}],"wp:attachment":[{"href":"https:\/\/portal.unisepe.com.br\/saolourenco\/wp-json\/wp\/v2\/media?parent=230"}],"wp:term":[{"taxonomy":"category","embeddable":true,"href":"https:\/\/portal.unisepe.com.br\/saolourenco\/wp-json\/wp\/v2\/categories?post=230"},{"taxonomy":"post_tag","embeddable":true,"href":"https:\/\/portal.unisepe.com.br\/saolourenco\/wp-json\/wp\/v2\/tags?post=230"}],"curies":[{"name":"wp","href":"https:\/\/api.w.org\/{rel}","templated":true}]}}