{"id":2570,"date":"2018-09-06T16:49:58","date_gmt":"2018-09-06T19:49:58","guid":{"rendered":"http:\/\/portal.unisepe.com.br\/saolourenco\/?page_id=2570"},"modified":"2023-03-13T15:08:52","modified_gmt":"2023-03-13T18:08:52","slug":"acervo","status":"publish","type":"page","link":"https:\/\/portal.unisepe.com.br\/saolourenco\/biblioteca\/acervo\/","title":{"rendered":"Acervo"},"content":{"rendered":"<p style=\"text-align: justify\"><strong>Acervo<\/strong><\/p>\n<p style=\"text-align: justify\">Discrimina-se no quadro abaixo o acervo da biblioteca por \u00e1rea de conhecimento, tomando como base uma classifica\u00e7\u00e3o Decimal de Dewey &#8211; CDD<\/p>\n<p>&nbsp;<\/p>\n<p><strong>LIVROS:<\/strong><\/p>\n<table border=\"1\">\n<tbody>\n<tr>\n<th rowspan=\"2\">\n<p align=\"center\"><strong>\u00c1reas de Conhecimento<\/strong><\/p>\n<\/th>\n<th colspan=\"2\">\n<p align=\"center\"><strong>Quantidades<\/strong><\/p>\n<\/th>\n<\/tr>\n<tr>\n<th>\n<p align=\"center\"><strong>N.\u00ba T\u00edtulos<\/strong><\/p>\n<\/th>\n<th>\n<p align=\"center\"><strong>N.\u00ba Exemplares<\/strong><\/p>\n<\/th>\n<\/tr>\n<tr>\n<th>&#8211; Ci\u00eancias Exatas e da Terra<\/th>\n<td>\n<p align=\"center\">742<\/p>\n<\/td>\n<td>\n<p align=\"center\">2.180<\/p>\n<\/td>\n<\/tr>\n<tr>\n<th>&#8211;\u00a0Ci\u00eancias Agr\u00e1rias<\/th>\n<td>\n<p align=\"center\">17<\/p>\n<\/td>\n<td>\n<p align=\"center\">49<\/p>\n<\/td>\n<\/tr>\n<tr>\n<th>&#8211;\u00a0Ci\u00eancias Biol\u00f3gicas<\/th>\n<td>\n<p align=\"center\">159<\/p>\n<\/td>\n<td>\n<p align=\"center\">492<\/p>\n<\/td>\n<\/tr>\n<tr>\n<th>&#8211;\u00a0Ci\u00eancias da Sa\u00fade<\/th>\n<td>\n<p align=\"center\">903<\/p>\n<\/td>\n<td>\n<p align=\"center\">2.852<\/p>\n<\/td>\n<\/tr>\n<tr>\n<th>&#8211;\u00a0Ci\u00eancias Humanas<\/th>\n<td>\n<p align=\"center\">2846<\/p>\n<\/td>\n<td>\n<p align=\"center\">5.207<\/p>\n<\/td>\n<\/tr>\n<tr>\n<th>&#8211;\u00a0Ci\u00eancias Sociais Aplicadas<\/th>\n<td>\n<p align=\"center\">5.731<\/p>\n<\/td>\n<td>\n<p align=\"center\">13825<\/p>\n<\/td>\n<\/tr>\n<tr>\n<th>&#8211;\u00a0Engenharias<\/th>\n<td>\n<p align=\"center\">24<\/p>\n<\/td>\n<td>\n<p align=\"center\">53<\/p>\n<\/td>\n<\/tr>\n<tr>\n<th>&#8211;\u00a0Ling\u00fc\u00edstica, Letras e Artes<\/th>\n<td>\n<p align=\"center\">1723<\/p>\n<\/td>\n<td>\n<p align=\"center\">2.466<\/p>\n<\/td>\n<\/tr>\n<tr>\n<th>\n<p align=\"center\"><strong>Total<\/strong><\/p>\n<\/th>\n<th>\n<p align=\"center\"><strong>12.154<\/strong><\/p>\n<\/th>\n<th>\n<p align=\"center\"><strong>27.142<\/strong><\/p>\n<\/th>\n<\/tr>\n<\/tbody>\n<\/table>\n<p>&nbsp;<\/p>\n<p><strong>PERI\u00d3DICOS:<\/strong><\/p>\n<table border=\"1\">\n<tbody>\n<tr>\n<th>\n<p align=\"center\"><strong>\u00c1reas de Conhecimento<\/strong><\/p>\n<\/th>\n<th>\n<p align=\"center\"><strong>Assinaturas<\/strong><\/p>\n<\/th>\n<\/tr>\n<tr>\n<th>&#8211;\u00a0Ci\u00eancias Agr\u00e1rias<\/th>\n<td>\n<p align=\"center\">&#8211;<\/p>\n<\/td>\n<\/tr>\n<tr>\n<th>&#8211;\u00a0Ci\u00eancias Agron\u00f4micas e Veterin\u00e1ria<\/th>\n<td>\n<p align=\"center\">&#8211;<\/p>\n<\/td>\n<\/tr>\n<tr>\n<th>&#8211;\u00a0Ci\u00eancias Biol\u00f3gicas<\/th>\n<td>\n<p align=\"center\">&#8211;<\/p>\n<\/td>\n<\/tr>\n<tr>\n<th>&#8211;\u00a0Ci\u00eancias da Sa\u00fade<\/th>\n<td>\n<p align=\"center\">&#8211;<\/p>\n<\/td>\n<\/tr>\n<tr>\n<th>&#8211;\u00a0Ci\u00eancias Exatas e da Terra<\/th>\n<td>\n<p align=\"center\">&#8211;<\/p>\n<\/td>\n<\/tr>\n<tr>\n<th>&#8211;\u00a0Ci\u00eancias Humanas<\/th>\n<td>\n<p align=\"center\">&#8211;<\/p>\n<\/td>\n<\/tr>\n<tr>\n<th>&#8211;\u00a0Ci\u00eancias Sociais Aplicadas<\/th>\n<td>\n<p align=\"center\">11<\/p>\n<\/td>\n<\/tr>\n<tr>\n<th>&#8211;\u00a0Engenharias<\/th>\n<td>\n<p align=\"center\">&#8211;<\/p>\n<\/td>\n<\/tr>\n<tr>\n<th>&#8211;\u00a0Lingu\u00edstica, Letras e Artes<\/th>\n<td>\n<p align=\"center\">&#8211;<\/p>\n<\/td>\n<\/tr>\n<tr>\n<th>\n<p align=\"center\"><strong>Total<\/strong><\/p>\n<\/th>\n<th>\n<p align=\"center\"><strong>11<\/strong><\/p>\n<\/th>\n<\/tr>\n<\/tbody>\n<\/table>\n<p>&nbsp;<\/p>\n<p><strong>V\u00cdDEOS:<\/strong><\/p>\n<table border=\"1\">\n<tbody>\n<tr>\n<th rowspan=\"2\">\n<p align=\"center\"><strong>\u00c1reas de Conhecimento<\/strong><\/p>\n<\/th>\n<th colspan=\"2\">\n<p align=\"center\"><strong>Quantidades<\/strong><\/p>\n<\/th>\n<\/tr>\n<tr>\n<th>\n<p align=\"center\"><strong>N.\u00ba T\u00edtulos<\/strong><\/p>\n<\/th>\n<th>\n<p align=\"center\"><strong>N.\u00ba Exemplares<\/strong><\/p>\n<\/th>\n<\/tr>\n<tr>\n<th>&#8211;\u00a0Ci\u00eancias Agr\u00e1rias<\/th>\n<td>\n<p align=\"center\">&#8211;<\/p>\n<\/td>\n<td>\n<p align=\"center\">&#8211;<\/p>\n<\/td>\n<\/tr>\n<tr>\n<th>&#8211;\u00a0Ci\u00eancias Agron\u00f4micas e Veterin\u00e1ria<\/th>\n<td>\n<p align=\"center\">&#8211;<\/p>\n<\/td>\n<td>\n<p align=\"center\">&#8211;<\/p>\n<\/td>\n<\/tr>\n<tr>\n<th>&#8211;\u00a0Ci\u00eancias Biol\u00f3gicas<\/th>\n<td>\n<p align=\"center\">103<\/p>\n<\/td>\n<td>\n<p align=\"center\">103<\/p>\n<\/td>\n<\/tr>\n<tr>\n<th>&#8211;\u00a0Ci\u00eancias da Sa\u00fade<\/th>\n<td>\n<p align=\"center\">46<\/p>\n<\/td>\n<td>\n<p align=\"center\">46<\/p>\n<\/td>\n<\/tr>\n<tr>\n<th>&#8211;\u00a0Ci\u00eancias Exatas e da Terra<\/th>\n<td>\n<p align=\"center\">118<\/p>\n<\/td>\n<td>\n<p align=\"center\">118<\/p>\n<\/td>\n<\/tr>\n<tr>\n<th>&#8211;\u00a0Ci\u00eancias Humanas<\/th>\n<td>\n<p align=\"center\">332<\/p>\n<\/td>\n<td>\n<p align=\"center\">332<\/p>\n<\/td>\n<\/tr>\n<tr>\n<th>&#8211;\u00a0Ci\u00eancias Sociais Aplicadas<\/th>\n<td>\n<p align=\"center\">314<\/p>\n<\/td>\n<td>\n<p align=\"center\">314<\/p>\n<\/td>\n<\/tr>\n<tr>\n<th>&#8211;\u00a0Engenharias<\/th>\n<td>\n<p align=\"center\">&#8211;<\/p>\n<\/td>\n<td>\n<p align=\"center\">&#8211;<\/p>\n<\/td>\n<\/tr>\n<tr>\n<th>&#8211;\u00a0Ling\u00fc\u00edstica, Letras e Artes<\/th>\n<td>\n<p align=\"center\">92<\/p>\n<\/td>\n<td>\n<p align=\"center\">92<\/p>\n<\/td>\n<\/tr>\n<tr>\n<th>\n<p align=\"center\"><strong>Total<\/strong><\/p>\n<\/th>\n<th>\n<p align=\"center\">1.005<\/p>\n<\/th>\n<th>\n<p align=\"center\">1.005<\/p>\n<\/th>\n<\/tr>\n<\/tbody>\n<\/table>\n<p>&nbsp;<\/p>\n<p><strong>DVD\u2019S<\/strong><\/p>\n<table border=\"1\">\n<tbody>\n<tr>\n<th rowspan=\"2\">\n<p align=\"center\"><strong>\u00c1reas de Conhecimento<\/strong><\/p>\n<\/th>\n<th colspan=\"2\">\n<p align=\"center\"><strong>Quantidades<\/strong><\/p>\n<\/th>\n<\/tr>\n<tr>\n<th>\n<p align=\"center\"><strong>N.\u00ba T\u00edtulos<\/strong><\/p>\n<\/th>\n<th>\n<p align=\"center\"><strong>N.\u00ba Exemplares<\/strong><\/p>\n<\/th>\n<\/tr>\n<tr>\n<th>&#8211;\u00a0Ci\u00eancias Agr\u00e1rias<\/th>\n<td>\n<p align=\"center\">&#8211;<\/p>\n<\/td>\n<td>\n<p align=\"center\">&#8211;<\/p>\n<\/td>\n<\/tr>\n<tr>\n<th>&#8211;\u00a0Ci\u00eancias Agron\u00f4micas e Veterin\u00e1ria<\/th>\n<td>\n<p align=\"center\">&#8211;<\/p>\n<\/td>\n<td>\n<p align=\"center\">&#8211;<\/p>\n<\/td>\n<\/tr>\n<tr>\n<th>&#8211;\u00a0Ci\u00eancias Biol\u00f3gicas<\/th>\n<td>\n<p align=\"center\">&#8211;<\/p>\n<\/td>\n<td>\n<p align=\"center\">&#8211;<\/p>\n<\/td>\n<\/tr>\n<tr>\n<th>&#8211;\u00a0Ci\u00eancias da Sa\u00fade<\/th>\n<td>\n<p align=\"center\">34<\/p>\n<\/td>\n<td>\n<p align=\"center\">34<\/p>\n<\/td>\n<\/tr>\n<tr>\n<th>&#8211;\u00a0Ci\u00eancias Exatas e da Terra<\/th>\n<td>\n<p align=\"center\">&#8211;<\/p>\n<\/td>\n<td>\n<p align=\"center\">&#8211;<\/p>\n<\/td>\n<\/tr>\n<tr>\n<th>&#8211;\u00a0Ci\u00eancias Humanas<\/th>\n<td>\n<p align=\"center\">02<\/p>\n<\/td>\n<td>\n<p align=\"center\">02<\/p>\n<\/td>\n<\/tr>\n<tr>\n<th>&#8211;\u00a0Ci\u00eancias Sociais Aplicadas<\/th>\n<td>\n<p align=\"center\">11<\/p>\n<\/td>\n<td>\n<p align=\"center\">11<\/p>\n<\/td>\n<\/tr>\n<tr>\n<th>&#8211;\u00a0Engenharias<\/th>\n<td>\n<p align=\"center\">&#8211;<\/p>\n<\/td>\n<td>\n<p align=\"center\">&#8211;<\/p>\n<\/td>\n<\/tr>\n<tr>\n<th>&#8211;\u00a0Ling\u00fc\u00edstica, Letras e Artes<\/th>\n<td>\n<p align=\"center\">&#8211;<\/p>\n<\/td>\n<td>\n<p align=\"center\">&#8211;<\/p>\n<\/td>\n<\/tr>\n<tr>\n<th>\n<p align=\"center\"><strong>Total<\/strong><\/p>\n<\/th>\n<th>\n<p align=\"center\">47<\/p>\n<\/th>\n<th>\n<p align=\"center\">47<\/p>\n<\/th>\n<\/tr>\n<\/tbody>\n<\/table>\n<p>&nbsp;<\/p>\n<p><strong>CD-ROM<\/strong><\/p>\n<table border=\"1\">\n<tbody>\n<tr>\n<th rowspan=\"2\">\n<p align=\"center\"><strong>\u00c1reas de Conhecimento<\/strong><\/p>\n<\/th>\n<th colspan=\"2\">\n<p align=\"center\"><strong>Quantidades<\/strong><\/p>\n<\/th>\n<\/tr>\n<tr>\n<th>\n<p align=\"center\"><strong>N.\u00ba T\u00edtulos<\/strong><\/p>\n<\/th>\n<th>\n<p align=\"center\"><strong>N.\u00ba Exemplares<\/strong><\/p>\n<\/th>\n<\/tr>\n<tr>\n<th>&#8211;\u00a0Ci\u00eancias Agr\u00e1rias<\/th>\n<td>\n<p align=\"center\">&#8211;<\/p>\n<\/td>\n<td>\n<p align=\"center\">&#8211;<\/p>\n<\/td>\n<\/tr>\n<tr>\n<th>&#8211;\u00a0Ci\u00eancias Agron\u00f4micas e Veterin\u00e1ria<\/th>\n<td>\n<p align=\"center\">&#8211;<\/p>\n<\/td>\n<td>\n<p align=\"center\">&#8211;<\/p>\n<\/td>\n<\/tr>\n<tr>\n<th>&#8211;\u00a0Ci\u00eancias Biol\u00f3gicas<\/th>\n<td>\n<p align=\"center\">06<\/p>\n<\/td>\n<td>\n<p align=\"center\">38<\/p>\n<\/td>\n<\/tr>\n<tr>\n<th>&#8211;\u00a0Ci\u00eancias da Sa\u00fade<\/th>\n<td>\n<p align=\"center\">06<\/p>\n<\/td>\n<td>\n<p align=\"center\">24<\/p>\n<\/td>\n<\/tr>\n<tr>\n<th>&#8211;\u00a0Ci\u00eancias Exatas e da Terra<\/th>\n<td>\n<p align=\"center\">64<\/p>\n<\/td>\n<td>\n<p align=\"center\">127<\/p>\n<\/td>\n<\/tr>\n<tr>\n<th>&#8211;\u00a0Ci\u00eancias Humanas<\/th>\n<td>\n<p align=\"center\">49<\/p>\n<\/td>\n<td>\n<p align=\"center\">464<\/p>\n<\/td>\n<\/tr>\n<tr>\n<th>&#8211;\u00a0Ci\u00eancias Sociais Aplicadas<\/th>\n<td>\n<p align=\"center\">42<\/p>\n<\/td>\n<td>\n<p align=\"center\">84<\/p>\n<\/td>\n<\/tr>\n<tr>\n<th>&#8211;\u00a0Engenharias<\/th>\n<td>\n<p align=\"center\">&#8211;<\/p>\n<\/td>\n<td>\n<p align=\"center\">&#8211;<\/p>\n<\/td>\n<\/tr>\n<tr>\n<th>&#8211;\u00a0Ling\u00fc\u00edstica, Letras e Artes<\/th>\n<td>\n<p align=\"center\">25<\/p>\n<\/td>\n<td>\n<p align=\"center\">31<\/p>\n<\/td>\n<\/tr>\n<tr>\n<th>\n<p align=\"center\"><strong>Total<\/strong><\/p>\n<\/th>\n<th>\n<p align=\"center\">192<\/p>\n<\/th>\n<th>\n<p align=\"center\">768<\/p>\n<\/th>\n<\/tr>\n<\/tbody>\n<\/table>\n","protected":false},"excerpt":{"rendered":"<p>Acervo Discrimina-se no quadro abaixo o acervo da biblioteca por \u00e1rea de conhecimento, tomando como base uma classifica\u00e7\u00e3o Decimal de Dewey &#8211; CDD &nbsp; LIVROS: \u00c1reas de Conhecimento Quantidades N.\u00ba T\u00edtulos N.\u00ba Exemplares &#8211; Ci\u00eancias Exatas e da Terra 742 2.180 &#8211;\u00a0Ci\u00eancias Agr\u00e1rias 17 49 &#8211;\u00a0Ci\u00eancias Biol\u00f3gicas 159 492 &#8211;\u00a0Ci\u00eancias<\/p>\n","protected":false},"author":4,"featured_media":0,"parent":285,"menu_order":0,"comment_status":"closed","ping_status":"closed","template":"templates\/template-curso_menu_vertical.php","meta":{"footnotes":""},"categories":[],"tags":[],"class_list":["post-2570","page","type-page","status-publish","hentry"],"_links":{"self":[{"href":"https:\/\/portal.unisepe.com.br\/saolourenco\/wp-json\/wp\/v2\/pages\/2570","targetHints":{"allow":["GET"]}}],"collection":[{"href":"https:\/\/portal.unisepe.com.br\/saolourenco\/wp-json\/wp\/v2\/pages"}],"about":[{"href":"https:\/\/portal.unisepe.com.br\/saolourenco\/wp-json\/wp\/v2\/types\/page"}],"author":[{"embeddable":true,"href":"https:\/\/portal.unisepe.com.br\/saolourenco\/wp-json\/wp\/v2\/users\/4"}],"replies":[{"embeddable":true,"href":"https:\/\/portal.unisepe.com.br\/saolourenco\/wp-json\/wp\/v2\/comments?post=2570"}],"version-history":[{"count":36,"href":"https:\/\/portal.unisepe.com.br\/saolourenco\/wp-json\/wp\/v2\/pages\/2570\/revisions"}],"predecessor-version":[{"id":6098,"href":"https:\/\/portal.unisepe.com.br\/saolourenco\/wp-json\/wp\/v2\/pages\/2570\/revisions\/6098"}],"up":[{"embeddable":true,"href":"https:\/\/portal.unisepe.com.br\/saolourenco\/wp-json\/wp\/v2\/pages\/285"}],"wp:attachment":[{"href":"https:\/\/portal.unisepe.com.br\/saolourenco\/wp-json\/wp\/v2\/media?parent=2570"}],"wp:term":[{"taxonomy":"category","embeddable":true,"href":"https:\/\/portal.unisepe.com.br\/saolourenco\/wp-json\/wp\/v2\/categories?post=2570"},{"taxonomy":"post_tag","embeddable":true,"href":"https:\/\/portal.unisepe.com.br\/saolourenco\/wp-json\/wp\/v2\/tags?post=2570"}],"curies":[{"name":"wp","href":"https:\/\/api.w.org\/{rel}","templated":true}]}}