{"id":270,"date":"2016-07-09T00:05:48","date_gmt":"2016-07-09T00:05:48","guid":{"rendered":"http:\/\/www.fvr.edu.br\/fvr\/site\/?page_id=270"},"modified":"2024-08-19T15:21:34","modified_gmt":"2024-08-19T18:21:34","slug":"atos-legais","status":"publish","type":"page","link":"https:\/\/portal.unisepe.com.br\/saolourenco\/bacharelado-administracao\/atos-legais\/","title":{"rendered":"Atos legais"},"content":{"rendered":"<div id=\"responsive-table\">\n<table class=\"table table-course no-th\" style=\"height: 220px\" width=\"699\">\n<tbody>\n<tr class=\"avalLinhaCampos\" valign=\"middle\">\n<td class=\"subline2 avalTituloCampos\"><strong>Ato Regulat\u00f3rio:<\/strong><\/td>\n<td class=\"subline2\" colspan=\"3\">Renova\u00e7\u00e3o de Reconhecimento de Curso<\/td>\n<\/tr>\n<tr class=\"avalLinhaCampos\" valign=\"middle\">\n<td class=\"subline2 avalTituloCampos\"><strong>Tipo de documento:<\/strong><\/td>\n<td class=\"subline2\">Portaria<\/td>\n<td class=\"subline2 avalTituloCampos\"><strong>No. Documento:<\/strong><\/td>\n<td class=\"subline2\">Portaria<\/p>\n<p>Seres N\u00ba 386<\/td>\n<\/tr>\n<tr class=\"avalLinhaCampos\" valign=\"middle\">\n<td class=\"subline2 avalTituloCampos\"><strong>Data do Documento:<\/strong><\/td>\n<td class=\"subline2\">13\/08\/2024<\/td>\n<td class=\"subline2 avalTituloCampos\"><strong>Data de Publica\u00e7\u00e3o :<\/strong><\/td>\n<td class=\"subline2\">14\/08\/2024<\/td>\n<\/tr>\n<tr class=\"avalLinhaCampos\" valign=\"middle\">\n<td class=\"subline2 avalTituloCampos\"><strong>Prazo de validade:<\/strong><\/td>\n<td class=\"subline2\">Vinculado ao Ciclo Avaliativo<\/td>\n<td class=\"subline2 avalTituloCampos\"><\/td>\n<td class=\"subline2\"><\/td>\n<\/tr>\n<\/tbody>\n<\/table>\n<\/div>\n","protected":false},"excerpt":{"rendered":"<p>Ato Regulat\u00f3rio: Renova\u00e7\u00e3o de Reconhecimento de Curso Tipo de documento: Portaria No. Documento: Portaria Seres N\u00ba 386 Data do Documento: 13\/08\/2024 Data de Publica\u00e7\u00e3o : 14\/08\/2024 Prazo de validade: Vinculado ao Ciclo Avaliativo<\/p>\n","protected":false},"author":1,"featured_media":0,"parent":268,"menu_order":0,"comment_status":"closed","ping_status":"closed","template":"templates\/template-curso_menu_vertical.php","meta":{"footnotes":""},"categories":[],"tags":[],"class_list":["post-270","page","type-page","status-publish","hentry"],"_links":{"self":[{"href":"https:\/\/portal.unisepe.com.br\/saolourenco\/wp-json\/wp\/v2\/pages\/270","targetHints":{"allow":["GET"]}}],"collection":[{"href":"https:\/\/portal.unisepe.com.br\/saolourenco\/wp-json\/wp\/v2\/pages"}],"about":[{"href":"https:\/\/portal.unisepe.com.br\/saolourenco\/wp-json\/wp\/v2\/types\/page"}],"author":[{"embeddable":true,"href":"https:\/\/portal.unisepe.com.br\/saolourenco\/wp-json\/wp\/v2\/users\/1"}],"replies":[{"embeddable":true,"href":"https:\/\/portal.unisepe.com.br\/saolourenco\/wp-json\/wp\/v2\/comments?post=270"}],"version-history":[{"count":8,"href":"https:\/\/portal.unisepe.com.br\/saolourenco\/wp-json\/wp\/v2\/pages\/270\/revisions"}],"predecessor-version":[{"id":6639,"href":"https:\/\/portal.unisepe.com.br\/saolourenco\/wp-json\/wp\/v2\/pages\/270\/revisions\/6639"}],"up":[{"embeddable":true,"href":"https:\/\/portal.unisepe.com.br\/saolourenco\/wp-json\/wp\/v2\/pages\/268"}],"wp:attachment":[{"href":"https:\/\/portal.unisepe.com.br\/saolourenco\/wp-json\/wp\/v2\/media?parent=270"}],"wp:term":[{"taxonomy":"category","embeddable":true,"href":"https:\/\/portal.unisepe.com.br\/saolourenco\/wp-json\/wp\/v2\/categories?post=270"},{"taxonomy":"post_tag","embeddable":true,"href":"https:\/\/portal.unisepe.com.br\/saolourenco\/wp-json\/wp\/v2\/tags?post=270"}],"curies":[{"name":"wp","href":"https:\/\/api.w.org\/{rel}","templated":true}]}}