{"id":285,"date":"2016-07-09T00:51:13","date_gmt":"2016-07-09T00:51:13","guid":{"rendered":"http:\/\/www.fvr.edu.br\/fvr\/site\/?page_id=285"},"modified":"2025-10-23T15:52:57","modified_gmt":"2025-10-23T18:52:57","slug":"biblioteca","status":"publish","type":"page","link":"https:\/\/portal.unisepe.com.br\/saolourenco\/biblioteca\/","title":{"rendered":"Biblioteca"},"content":{"rendered":"<p style=\"text-align: justify;\"><strong>A Biblioteca ocupa atualmente um andar do pr\u00e9dio II, integrada a uma sala multimeios (audit\u00f3rio) com capacidade para 300 pessoas, adaptada para palestras com tradu\u00e7\u00e3o simult\u00e2nea, apresenta\u00e7\u00f5es e proje\u00e7\u00f5es de v\u00eddeo. Em espa\u00e7o f\u00edsico amplo, claro e arejado, a biblioteca disp\u00f5e de \u00e1reas reservadas para o acervo bibliogr\u00e1fico, videoteca, cedeteca, pesquisas, estudo e restaura\u00e7\u00e3o de livros.<\/strong><\/p>\n<p style=\"text-align: justify;\"><strong>Totalmente informatizada de acordo com as normas de cataloga\u00e7\u00e3o AACR2 e a Classifica\u00e7\u00e3o Decimal Dewey. A \u00e1rea destinada a pesquisa possui vinte computadores com acesso a internet, salas de \u00e1udio e v\u00eddeo, cabines individuais de estudo, uma sala de apoio para reuni\u00f5es e trabalhos em grupos.<\/strong><\/p>\n<p style=\"text-align: justify;\"><strong>O sistema de consultas tamb\u00e9m permite que os alunos e professores fa\u00e7am consultas online nos computadores. O servi\u00e7o garante mais agilidade na procura e sele\u00e7\u00e3o do material bibliogr\u00e1fico.<\/strong><\/p>\n<p style=\"text-align: justify;\"><strong>Atualmente, o acervo bibliogr\u00e1fico conta aproximadamente com 27 mil exemplares e de livros e revistas, nas diversas \u00e1reas dos cursos oferecidos, a maioria atendem as exig\u00eancias do Curso de Direito, com t\u00edtulos sobre tratados de Direito, jurisprud\u00eancia, obras cl\u00e1ssicas de autores nacionais e estrangeiros e obras contempor\u00e2neas.<\/strong><\/p>\n<p style=\"text-align: justify;\"><strong>O acervo tamb\u00e9m disp\u00f5e de assinaturas de revistas de legisla\u00e7\u00e3o, doutrina jur\u00eddica, de jurisprud\u00eancia, nutri\u00e7\u00e3o e administra\u00e7\u00e3o de empresas, al\u00e9m de muitas assinaturas de jornais, revistas e peri\u00f3dicos de circula\u00e7\u00e3o nacional. A atualiza\u00e7\u00e3o dos t\u00edtulos \u00e9 sistem\u00e1tica e permanente, feita por indica\u00e7\u00e3o de alunos, professores e atendendo as exig\u00eancias do\u00a0Minist\u00e9rio da Educa\u00e7\u00e3o.<\/strong><\/p>\n<p style=\"text-align: justify;\"><strong>A Biblioteca hoje conta com 2 plataformas de Acervo Digital para as \u00e1reas de Direito e Psicologia, os alunos fazem acesso direto pelo Portal do Acad\u00eamico.<\/strong><\/p>\n<p style=\"text-align: justify;\"><strong>A videoteca, que hoje possui 1005 fitas, sendo com atividades realizadas na faculdade, document\u00e1rios, filmes, palestras e informa\u00e7\u00f5es t\u00e9cnicas espec\u00edficas de cada curso.<\/strong><\/p>\n<p style=\"text-align: justify;\"><strong>A biblioteca, \u00e9 muito procurada por estudantes e profissionais de toda regi\u00e3o, atende alunos e ex-alunos, o n\u00famero de usu\u00e1rios cresce assustadoramente, funcionando de Segunda \u00e0 Sexta feira de 13h \u00e0s 22h e aos s\u00e1bados de 09h \u00e0s 13h.<\/strong><\/p>\n<p style=\"text-align: justify;\"><strong>Al\u00e9m das previs\u00f5es de expans\u00e3o, o espa\u00e7o f\u00edsico do <span data-teams=\"true\">Centro Universit\u00e1rio <\/span>de S\u00e3o Louren\u00e7o permite a amplia\u00e7\u00e3o da \u00e1rea e dos conte\u00fados da biblioteca, de acordo com as necessidades dos cursos.<\/strong><\/p>\n<p style=\"text-align: justify;\"><strong>A biblioteca proporciona sem d\u00favida o mais poderoso instrumento de cultura j\u00e1 concebido pelo homem. As informa\u00e7\u00f5es contidas nos livros s\u00e3o origin\u00e1rias das mentes privilegiadas de renomados autores. As m\u00e1quinas indispens\u00e1veis a difus\u00e3o de informa\u00e7\u00f5es. Os servi\u00e7os prestados s\u00e3o de grande valia para o ensino, colaborando para o grau de desenvolvimento intelectual dos alunos, a fim de proporcionar a liberdade do pensamento e a transforma\u00e7\u00e3o social de uma sociedade evolu\u00edda e aut\u00f4noma de hoje e do futuro.<\/strong><\/p>\n<p style=\"text-align: justify;\"><strong>A \u00e1rea destinada \u00e0 pesquisa est\u00e1 instalada, al\u00e9m das mesas, 20 computadores com acesso \u00e0 internet e 2 computadores para atendimento, cabines individuais de estudo, uma sala de apoio para reuni\u00f5es e trabalhos em grupos. Totalizando o espa\u00e7o f\u00edsico da biblioteca em:<\/strong><\/p>\n<ul>\n<li style=\"text-align: justify;\"><strong>\u00c1rea total constru\u00edda: 332,04 m\u00b2<\/strong><\/li>\n<li style=\"text-align: justify;\"><strong>\u00c1rea destinada ao acervo: 151,84 m\u00b2<\/strong><\/li>\n<li style=\"text-align: justify;\"><strong>\u00c1rea para uso individual: 35,20 m\u00b2<\/strong><\/li>\n<li style=\"text-align: justify;\"><strong>\u00c1rea para uso coletivo: 145,00 m\u00b2<\/strong><\/li>\n<\/ul>\n<p style=\"text-align: justify;\"><strong>\u00a0Al\u00e9m das previs\u00f5es de expans\u00e3o, o espa\u00e7o f\u00edsico do <span data-teams=\"true\">Centro Universit\u00e1rio <\/span>de S\u00e3o Louren\u00e7o permite a amplia\u00e7\u00e3o da \u00e1rea e dos conte\u00fados da biblioteca, de acordo com a necessidade dos cursos.<\/strong><\/p>\n<p style=\"text-align: justify;\"><strong>A biblioteca funciona com uma bibliotec\u00e1ria, duas auxiliares de biblioteca, sendo a bibliotec\u00e1ria respons\u00e1vel:\u00a0Fernanda Pereira de Castro &#8211; CRB6-2175.<\/strong><\/p>\n<p style=\"text-align: justify;\"><strong>O hor\u00e1rio de funcionamento \u00e9 de segunda \u00e0 sexta-feira de 13h\u00e0s 22h e aos s\u00e1bados de 9h \u00e0s 13h.<\/strong><\/p>\n","protected":false},"excerpt":{"rendered":"<p>A Biblioteca ocupa atualmente um andar do pr\u00e9dio II, integrada a uma sala multimeios (audit\u00f3rio) com capacidade para 300 pessoas, adaptada para palestras com tradu\u00e7\u00e3o simult\u00e2nea, apresenta\u00e7\u00f5es e proje\u00e7\u00f5es de v\u00eddeo. Em espa\u00e7o f\u00edsico amplo, claro e arejado, a biblioteca disp\u00f5e de \u00e1reas reservadas para o acervo bibliogr\u00e1fico, videoteca, cedeteca,<\/p>\n","protected":false},"author":1,"featured_media":0,"parent":0,"menu_order":0,"comment_status":"closed","ping_status":"closed","template":"templates\/template-pagina_menu_vertical.php","meta":{"footnotes":""},"categories":[],"tags":[],"class_list":["post-285","page","type-page","status-publish","hentry"],"_links":{"self":[{"href":"https:\/\/portal.unisepe.com.br\/saolourenco\/wp-json\/wp\/v2\/pages\/285","targetHints":{"allow":["GET"]}}],"collection":[{"href":"https:\/\/portal.unisepe.com.br\/saolourenco\/wp-json\/wp\/v2\/pages"}],"about":[{"href":"https:\/\/portal.unisepe.com.br\/saolourenco\/wp-json\/wp\/v2\/types\/page"}],"author":[{"embeddable":true,"href":"https:\/\/portal.unisepe.com.br\/saolourenco\/wp-json\/wp\/v2\/users\/1"}],"replies":[{"embeddable":true,"href":"https:\/\/portal.unisepe.com.br\/saolourenco\/wp-json\/wp\/v2\/comments?post=285"}],"version-history":[{"count":12,"href":"https:\/\/portal.unisepe.com.br\/saolourenco\/wp-json\/wp\/v2\/pages\/285\/revisions"}],"predecessor-version":[{"id":6790,"href":"https:\/\/portal.unisepe.com.br\/saolourenco\/wp-json\/wp\/v2\/pages\/285\/revisions\/6790"}],"wp:attachment":[{"href":"https:\/\/portal.unisepe.com.br\/saolourenco\/wp-json\/wp\/v2\/media?parent=285"}],"wp:term":[{"taxonomy":"category","embeddable":true,"href":"https:\/\/portal.unisepe.com.br\/saolourenco\/wp-json\/wp\/v2\/categories?post=285"},{"taxonomy":"post_tag","embeddable":true,"href":"https:\/\/portal.unisepe.com.br\/saolourenco\/wp-json\/wp\/v2\/tags?post=285"}],"curies":[{"name":"wp","href":"https:\/\/api.w.org\/{rel}","templated":true}]}}