{"id":291,"date":"2016-07-09T00:55:10","date_gmt":"2016-07-09T03:55:10","guid":{"rendered":"http:\/\/www.fvr.edu.br\/fvr\/site\/?page_id=291"},"modified":"2025-11-10T21:16:23","modified_gmt":"2025-11-11T00:16:23","slug":"infraestrutura","status":"publish","type":"page","link":"https:\/\/portal.unisepe.com.br\/saolourenco\/a-instituicao\/infraestrutura\/","title":{"rendered":"Infraestrutura"},"content":{"rendered":"<ul>\n<li style=\"list-style-type: none\"><\/li>\n<li><a href=\"https:\/\/portal.unisepe.com.br\/saolourenco\/wp-content\/uploads\/sites\/10005\/2025\/11\/Auditorio.pdf\" style=\"font-size: 0.95em\" target=\"_blank\" rel=\"noopener\">Audit\u00f3rio<\/a><\/li>\n<li><a href=\"https:\/\/portal.unisepe.com.br\/saolourenco\/wp-content\/uploads\/sites\/10005\/2025\/11\/BRINQUEDOTECA.pdf\" target=\"_blank\" rel=\"noopener\">Brinquedoteca<\/a><\/li>\n<li><a href=\"https:\/\/portal.unisepe.com.br\/saolourenco\/wp-content\/uploads\/sites\/10005\/2025\/11\/Cl\uefednica-Escola.pdf\" target=\"_blank\" rel=\"noopener\">Cl\u00ednica Escola &#8211; Psicologia<\/a><\/li>\n<li><a href=\"https:\/\/portal.unisepe.com.br\/saolourenco\/wp-content\/uploads\/sites\/10005\/2025\/11\/LAB-DE-ANATOMIA.pdf\" target=\"_blank\" rel=\"noopener\">Laborat\u00f3rio de Anatomia Humana\/Fisiologia<\/a><\/li>\n<li><a href=\"https:\/\/portal.unisepe.com.br\/saolourenco\/wp-content\/uploads\/sites\/10005\/2025\/11\/LAB-AVAL-FISICA-E-NUTRICIONAL.pdf\" target=\"_blank\" rel=\"noopener\">Laborat\u00f3rio de Avalia\u00e7\u00e3o F\u00edsica e Nutricional<\/a><\/li>\n<li><a href=\"https:\/\/portal.unisepe.com.br\/saolourenco\/wp-content\/uploads\/sites\/10005\/2025\/11\/LAB-BIOLOGIA.pdf\" target=\"_blank\" rel=\"noopener\">Laborat\u00f3rio de Biologia<\/a><\/li>\n<li><a href=\"https:\/\/portal.unisepe.com.br\/saolourenco\/wp-content\/uploads\/sites\/10005\/2025\/11\/LAB-ENFERMAGEM.pdf\" target=\"_blank\" rel=\"noopener\">Laborat\u00f3rio de Enfermagem<\/a><\/li>\n<li><a href=\"https:\/\/portal.unisepe.com.br\/saolourenco\/wp-content\/uploads\/sites\/10005\/2025\/11\/LAB_EST\uefc9TICA.pdf\" target=\"_blank\" rel=\"noopener\">Laborat\u00f3rio de Est\u00e9tica<\/a><a href=\"http:\/\/portal.unisepe.com.br\/saolourenco\/wp-content\/uploads\/sites\/10005\/2018\/10\/LAB-AVAL-FISICA-E-NUTRICIONAL.pdf\" target=\"_blank\" rel=\"noopener\"><\/a><\/li>\n<li>Laborat\u00f3rios de Inform\u00e1tica<\/li>\n<li><a href=\"https:\/\/portal.unisepe.com.br\/saolourenco\/wp-content\/uploads\/sites\/10005\/2025\/11\/LAB-MULTIDISCIPLINAR.pdf\" target=\"_blank\" rel=\"noopener\">Laborat\u00f3rio Multidisciplinar (Cito, Histo, Embrio, Pato, Parasito, Hemato)<\/a><\/li>\n<li><a href=\"https:\/\/portal.unisepe.com.br\/saolourenco\/wp-content\/uploads\/sites\/10005\/2025\/11\/LAB-NUT.pdf\" target=\"_blank\" rel=\"noopener\">Laborat\u00f3rio de Nutri\u00e7ao &#8211; Cozinha Experimental<\/a><\/li>\n<li><a href=\"https:\/\/portal.unisepe.com.br\/saolourenco\/wp-content\/uploads\/sites\/10005\/2025\/11\/SalaMatodologiaAtiva.pdf\" target=\"_blank\" rel=\"noopener\">Metodologia Ativa<\/a><\/li>\n<li><a href=\"https:\/\/portal.unisepe.com.br\/saolourenco\/wp-content\/uploads\/sites\/10005\/2025\/11\/NPJ.pdf\" target=\"_blank\" rel=\"noopener\">NPJ &#8211; N\u00facleo de Pr\u00e1ticas Jur\u00eddicas<\/a><\/li>\n<li><a href=\"https:\/\/portal.unisepe.com.br\/saolourenco\/wp-content\/uploads\/sites\/10005\/2025\/11\/QUADRA.pdf\" target=\"_blank\" rel=\"noopener\">Quadra<\/a><\/li>\n<li><a href=\"https:\/\/portal.unisepe.com.br\/saolourenco\/wp-content\/uploads\/sites\/10005\/2025\/11\/Sala_De_dan\uefe7a.pdf\" target=\"_blank\" rel=\"noopener\">Sala de Dan\u00e7a<\/a><\/li>\n<li><a href=\"https:\/\/portal.unisepe.com.br\/saolourenco\/wp-content\/uploads\/sites\/10005\/2025\/11\/LAB-PSICOLOGIA.pdf\" target=\"_blank\" rel=\"noopener\">Sala de Espelhos &#8211; Laborat\u00f3rio de Psicologia<\/a><\/li>\n<\/ul>\n","protected":false},"excerpt":{"rendered":"<p>Audit\u00f3rio Brinquedoteca Cl\u00ednica Escola &#8211; Psicologia Laborat\u00f3rio de Anatomia Humana\/Fisiologia Laborat\u00f3rio de Avalia\u00e7\u00e3o F\u00edsica e Nutricional Laborat\u00f3rio de Biologia Laborat\u00f3rio de Enfermagem Laborat\u00f3rio de Est\u00e9tica Laborat\u00f3rios de Inform\u00e1tica Laborat\u00f3rio Multidisciplinar (Cito, Histo, Embrio, Pato, Parasito, Hemato) Laborat\u00f3rio de Nutri\u00e7ao &#8211; Cozinha Experimental Metodologia Ativa NPJ &#8211; N\u00facleo de Pr\u00e1ticas Jur\u00eddicas<\/p>\n","protected":false},"author":1,"featured_media":0,"parent":81,"menu_order":0,"comment_status":"closed","ping_status":"closed","template":"templates\/template-curso_menu_vertical.php","meta":{"footnotes":""},"categories":[],"tags":[],"class_list":["post-291","page","type-page","status-publish","hentry"],"_links":{"self":[{"href":"https:\/\/portal.unisepe.com.br\/saolourenco\/wp-json\/wp\/v2\/pages\/291","targetHints":{"allow":["GET"]}}],"collection":[{"href":"https:\/\/portal.unisepe.com.br\/saolourenco\/wp-json\/wp\/v2\/pages"}],"about":[{"href":"https:\/\/portal.unisepe.com.br\/saolourenco\/wp-json\/wp\/v2\/types\/page"}],"author":[{"embeddable":true,"href":"https:\/\/portal.unisepe.com.br\/saolourenco\/wp-json\/wp\/v2\/users\/1"}],"replies":[{"embeddable":true,"href":"https:\/\/portal.unisepe.com.br\/saolourenco\/wp-json\/wp\/v2\/comments?post=291"}],"version-history":[{"count":18,"href":"https:\/\/portal.unisepe.com.br\/saolourenco\/wp-json\/wp\/v2\/pages\/291\/revisions"}],"predecessor-version":[{"id":6874,"href":"https:\/\/portal.unisepe.com.br\/saolourenco\/wp-json\/wp\/v2\/pages\/291\/revisions\/6874"}],"up":[{"embeddable":true,"href":"https:\/\/portal.unisepe.com.br\/saolourenco\/wp-json\/wp\/v2\/pages\/81"}],"wp:attachment":[{"href":"https:\/\/portal.unisepe.com.br\/saolourenco\/wp-json\/wp\/v2\/media?parent=291"}],"wp:term":[{"taxonomy":"category","embeddable":true,"href":"https:\/\/portal.unisepe.com.br\/saolourenco\/wp-json\/wp\/v2\/categories?post=291"},{"taxonomy":"post_tag","embeddable":true,"href":"https:\/\/portal.unisepe.com.br\/saolourenco\/wp-json\/wp\/v2\/tags?post=291"}],"curies":[{"name":"wp","href":"https:\/\/api.w.org\/{rel}","templated":true}]}}