{"id":2970,"date":"2018-09-18T14:04:37","date_gmt":"2018-09-18T17:04:37","guid":{"rendered":"http:\/\/portal.unisepe.com.br\/saolourenco\/?page_id=2970"},"modified":"2020-11-05T14:05:43","modified_gmt":"2020-11-05T17:05:43","slug":"educacao-fisica-bel","status":"publish","type":"page","link":"https:\/\/portal.unisepe.com.br\/saolourenco\/educacao-fisica-bel\/","title":{"rendered":"Educa\u00e7\u00e3o F\u00edsica Bacharel"},"content":{"rendered":"<p><strong><a href=\"http:\/\/www.fvr.edu.br\/uploads\/2016\/07\/ed_fisica.png\"><img loading=\"lazy\" decoding=\"async\" class=\" wp-image-242 alignleft\" src=\"http:\/\/portal.unisepe.com.br\/saolourenco\/wp-content\/uploads\/sites\/10005\/2018\/09\/logo_edb.jpg\" alt=\"\" width=\"144\" height=\"144\" \/><\/a>Miss\u00e3o<\/strong><\/p>\n<p style=\"text-align: justify\">O Curso de Bacharelado em Educa\u00e7\u00e3o F\u00edsica visa formar profissionais qualificados para intervir, acad\u00eamica e profissionalmente, em institui\u00e7\u00f5es p\u00fablicas, privadas e outras organiza\u00e7\u00f5es sociais, buscando promover atrav\u00e9s de um estilo de vida ativo, a sa\u00fade das pessoas, pautada em princ\u00edpios \u00e9ticos, com reflex\u00f5es sobre a realidade econ\u00f4mica, pol\u00edtica, social e cultural.<\/p>\n<p><strong>Objetivos Espec\u00edficos<\/strong><\/p>\n<ul>\n<li>\n<p style=\"text-align: justify\">Habilitar profissionais para atuar na promo\u00e7\u00e3o da sa\u00fade, avalia\u00e7\u00e3o e prescri\u00e7\u00e3o de exerc\u00edcios, utilizando como elemento central a pr\u00e1tica de atividades f\u00edsicas, de car\u00e1ter recreativo e\/ou de rendimento;<\/p>\n<\/li>\n<li><span style=\"font-size: 0.95em;line-height: 1.6em\">Formar profissionais capazes de intervir como gestores e organizadores de esporte, lazer e atividade f\u00edsica em diferentes institui\u00e7\u00f5es da sociedade;<\/span><\/li>\n<li><span style=\"font-size: 0.95em;line-height: 1.6em\">Incentivar a investiga\u00e7\u00e3o cient\u00edfica em Educa\u00e7\u00e3o F\u00edsica;<\/span><\/li>\n<li><span style=\"font-size: 0.95em;line-height: 1.6em\">Oportunizar \u00e0 comunidade regional estudos cient\u00edficos, na \u00e1rea da Educa\u00e7\u00e3o F\u00edsica, atrav\u00e9s de pesquisas realizadas por professores e acad\u00eamicos;<\/span><\/li>\n<li>\n<p style=\"text-align: justify\"><span style=\"font-size: 0.95em;line-height: 1.6em\">Promover estilos de vida saud\u00e1veis, conciliando as necessidades, tanto as dos seus benefici\u00e1rios quanto \u00e0s de sua comunidade, atuando como agentes de transforma\u00e7\u00e3o social;<\/span><\/p>\n<\/li>\n<li><span style=\"font-size: 0.95em;line-height: 1.6em\">Oportunizar \u00e0 forma\u00e7\u00e3o t\u00e9cnico-cient\u00edfica que confira qualidade ao exerc\u00edcio profissional, capacitando-os para intervirem em todas as dimens\u00f5es da Gradua\u00e7\u00e3o em Educa\u00e7\u00e3o F\u00edsica, o que sup\u00f5e pleno dom\u00ednio da natureza do conhecimento e das pr\u00e1ticas essenciais de sua produ\u00e7\u00e3o e socializa\u00e7\u00e3o e de compet\u00eancia t\u00e9cnico-instrumental a partir de uma atitude cr\u00edtico reflexiva;<\/span><\/li>\n<li>\n<p style=\"text-align: justify\"><span style=\"font-size: 0.95em;line-height: 1.6em\">Capacitar para a atua\u00e7\u00e3o em equipes multiprofissionais, ao planejamento, \u00e0 coordena\u00e7\u00e3o, \u00e0 supervis\u00e3o, \u00e0 implementa\u00e7\u00e3o, \u00e0 execu\u00e7\u00e3o e \u00e0 avalia\u00e7\u00e3o das atividades na \u00e1rea de Esporte, Sa\u00fade e de Lazer.<\/span><\/p>\n<\/li>\n<\/ul>\n<p>&nbsp;<\/p>\n<p><iframe loading=\"lazy\" title=\"EDUCA\u00c7\u00c3O F\u00cdSICA -FSL\" width=\"500\" height=\"281\" src=\"https:\/\/www.youtube.com\/embed\/PyyoLvV-vII?feature=oembed\" frameborder=\"0\" allow=\"accelerometer; autoplay; clipboard-write; encrypted-media; gyroscope; picture-in-picture; web-share\" referrerpolicy=\"strict-origin-when-cross-origin\" allowfullscreen><\/iframe><\/p>\n<p><strong>SAIBA MAIS &#8230;<\/strong><\/p>\n<p><iframe loading=\"lazy\" title=\"ED F\u00cdSICA BACHAREL SL 2020\" width=\"500\" height=\"281\" src=\"https:\/\/www.youtube.com\/embed\/Wd2RPh7K7zA?feature=oembed\" frameborder=\"0\" allow=\"accelerometer; autoplay; clipboard-write; encrypted-media; gyroscope; picture-in-picture; web-share\" referrerpolicy=\"strict-origin-when-cross-origin\" allowfullscreen><\/iframe><\/p>\n<p>&nbsp;<\/p>\n","protected":false},"excerpt":{"rendered":"<p>Miss\u00e3o O Curso de Bacharelado em Educa\u00e7\u00e3o F\u00edsica visa formar profissionais qualificados para intervir, acad\u00eamica e profissionalmente, em institui\u00e7\u00f5es p\u00fablicas, privadas e outras organiza\u00e7\u00f5es sociais, buscando promover atrav\u00e9s de um estilo de vida ativo, a sa\u00fade das pessoas, pautada em princ\u00edpios \u00e9ticos, com reflex\u00f5es sobre a realidade econ\u00f4mica, pol\u00edtica, social<\/p>\n","protected":false},"author":4,"featured_media":0,"parent":0,"menu_order":0,"comment_status":"closed","ping_status":"closed","template":"templates\/template-curso_menu_vertical.php","meta":{"footnotes":""},"categories":[],"tags":[],"class_list":["post-2970","page","type-page","status-publish","hentry"],"_links":{"self":[{"href":"https:\/\/portal.unisepe.com.br\/saolourenco\/wp-json\/wp\/v2\/pages\/2970","targetHints":{"allow":["GET"]}}],"collection":[{"href":"https:\/\/portal.unisepe.com.br\/saolourenco\/wp-json\/wp\/v2\/pages"}],"about":[{"href":"https:\/\/portal.unisepe.com.br\/saolourenco\/wp-json\/wp\/v2\/types\/page"}],"author":[{"embeddable":true,"href":"https:\/\/portal.unisepe.com.br\/saolourenco\/wp-json\/wp\/v2\/users\/4"}],"replies":[{"embeddable":true,"href":"https:\/\/portal.unisepe.com.br\/saolourenco\/wp-json\/wp\/v2\/comments?post=2970"}],"version-history":[{"count":14,"href":"https:\/\/portal.unisepe.com.br\/saolourenco\/wp-json\/wp\/v2\/pages\/2970\/revisions"}],"predecessor-version":[{"id":5042,"href":"https:\/\/portal.unisepe.com.br\/saolourenco\/wp-json\/wp\/v2\/pages\/2970\/revisions\/5042"}],"wp:attachment":[{"href":"https:\/\/portal.unisepe.com.br\/saolourenco\/wp-json\/wp\/v2\/media?parent=2970"}],"wp:term":[{"taxonomy":"category","embeddable":true,"href":"https:\/\/portal.unisepe.com.br\/saolourenco\/wp-json\/wp\/v2\/categories?post=2970"},{"taxonomy":"post_tag","embeddable":true,"href":"https:\/\/portal.unisepe.com.br\/saolourenco\/wp-json\/wp\/v2\/tags?post=2970"}],"curies":[{"name":"wp","href":"https:\/\/api.w.org\/{rel}","templated":true}]}}