{"id":303,"date":"2016-07-11T23:20:55","date_gmt":"2016-07-11T23:20:55","guid":{"rendered":"http:\/\/www.fvr.edu.br\/fvr\/site\/?page_id=303"},"modified":"2025-10-23T15:51:15","modified_gmt":"2025-10-23T18:51:15","slug":"ads","status":"publish","type":"page","link":"https:\/\/portal.unisepe.com.br\/saolourenco\/ads\/","title":{"rendered":"An\u00e1lise e Des. de Sistemas"},"content":{"rendered":"<p><strong><img loading=\"lazy\" decoding=\"async\" class=\" wp-image-2372 alignleft\" src=\"http:\/\/portal.unisepe.com.br\/saolourenco\/wp-content\/uploads\/sites\/10005\/2018\/09\/logo_ads.png\" alt=\"ads\" width=\"166\" height=\"166\" \/>Concep\u00e7\u00e3o do curso<\/strong><\/p>\n<p style=\"text-align: justify;\">Coerente com as diretrizes da <span data-teams=\"true\">Centro Universit\u00e1rio <\/span>de S\u00e3o Louren\u00e7o, o curso de Tecnologia em An\u00e1lise e Desenvolvimento de Sistemas busca a forma\u00e7\u00e3o de profissionais com compet\u00eancias profissionais, aptos para inser\u00e7\u00e3o em setores da vida produtiva, que possam contribuir para o desenvolvimento da sociedade regional e brasileira, cr\u00edticos, participantes ativos em suas comunidades e estabelecendo com esta uma rela\u00e7\u00e3o de reciprocidade. Ao mesmo tempo o curso, estende seu olhar para a fun\u00e7\u00e3o social inerente a uma institui\u00e7\u00e3o de ensino superior.<\/p>\n<p>&nbsp;<\/p>\n<p><strong>Objetivos espec\u00edficos<\/strong><\/p>\n<ul>\n<li style=\"text-align: justify;\">Formar tecn\u00f3logos em An\u00e1lise e Desenvolvimento de Sistemas que analisa, projeta, documenta, especifica, testa, implanta e mant\u00e9m sistemas computacionais de informa\u00e7\u00e3o. Este profissional trabalha, tamb\u00e9m, com ferramentas computacionais, equipamentos de inform\u00e1tica e metodologia de projetos na produ\u00e7\u00e3o de sistemas. Racioc\u00ednio l\u00f3gico, emprego de linguagens de programa\u00e7\u00e3o e de metodologias de constru\u00e7\u00e3o de projetos, preocupa\u00e7\u00e3o com a qualidade, usabilidade, robustez, integridade e seguran\u00e7a de programas computacionais s\u00e3o fundamentais \u00e0 atua\u00e7\u00e3o deste profissional.<\/li>\n<\/ul>\n<p>&nbsp;<\/p>\n<p><iframe loading=\"lazy\" title=\"ADS SL 2020\" width=\"500\" height=\"281\" src=\"https:\/\/www.youtube.com\/embed\/3-xap9EKZe4?feature=oembed\" frameborder=\"0\" allow=\"accelerometer; autoplay; clipboard-write; encrypted-media; gyroscope; picture-in-picture; web-share\" referrerpolicy=\"strict-origin-when-cross-origin\" allowfullscreen><\/iframe><\/p>\n<p>&nbsp;<\/p>\n<h3>Voc\u00ea tamb\u00e9m pode ser parte desta hist\u00f3ria de sucesso! Venha para a UniSL.<\/h3>\n<p><iframe loading=\"lazy\" title=\"Story Gabriel Rodrigues - ADS\" width=\"500\" height=\"281\" src=\"https:\/\/www.youtube.com\/embed\/BUEVR9BS6bQ?feature=oembed\" frameborder=\"0\" allow=\"accelerometer; autoplay; clipboard-write; encrypted-media; gyroscope; picture-in-picture; web-share\" referrerpolicy=\"strict-origin-when-cross-origin\" allowfullscreen><\/iframe><\/p>\n","protected":false},"excerpt":{"rendered":"<p>Concep\u00e7\u00e3o do curso Coerente com as diretrizes da Centro Universit\u00e1rio de S\u00e3o Louren\u00e7o, o curso de Tecnologia em An\u00e1lise e Desenvolvimento de Sistemas busca a forma\u00e7\u00e3o de profissionais com compet\u00eancias profissionais, aptos para inser\u00e7\u00e3o em setores da vida produtiva, que possam contribuir para o desenvolvimento da sociedade regional e brasileira,<\/p>\n","protected":false},"author":1,"featured_media":0,"parent":0,"menu_order":0,"comment_status":"closed","ping_status":"closed","template":"templates\/template-curso_menu_vertical.php","meta":{"footnotes":""},"categories":[],"tags":[],"class_list":["post-303","page","type-page","status-publish","hentry"],"_links":{"self":[{"href":"https:\/\/portal.unisepe.com.br\/saolourenco\/wp-json\/wp\/v2\/pages\/303","targetHints":{"allow":["GET"]}}],"collection":[{"href":"https:\/\/portal.unisepe.com.br\/saolourenco\/wp-json\/wp\/v2\/pages"}],"about":[{"href":"https:\/\/portal.unisepe.com.br\/saolourenco\/wp-json\/wp\/v2\/types\/page"}],"author":[{"embeddable":true,"href":"https:\/\/portal.unisepe.com.br\/saolourenco\/wp-json\/wp\/v2\/users\/1"}],"replies":[{"embeddable":true,"href":"https:\/\/portal.unisepe.com.br\/saolourenco\/wp-json\/wp\/v2\/comments?post=303"}],"version-history":[{"count":8,"href":"https:\/\/portal.unisepe.com.br\/saolourenco\/wp-json\/wp\/v2\/pages\/303\/revisions"}],"predecessor-version":[{"id":6788,"href":"https:\/\/portal.unisepe.com.br\/saolourenco\/wp-json\/wp\/v2\/pages\/303\/revisions\/6788"}],"wp:attachment":[{"href":"https:\/\/portal.unisepe.com.br\/saolourenco\/wp-json\/wp\/v2\/media?parent=303"}],"wp:term":[{"taxonomy":"category","embeddable":true,"href":"https:\/\/portal.unisepe.com.br\/saolourenco\/wp-json\/wp\/v2\/categories?post=303"},{"taxonomy":"post_tag","embeddable":true,"href":"https:\/\/portal.unisepe.com.br\/saolourenco\/wp-json\/wp\/v2\/tags?post=303"}],"curies":[{"name":"wp","href":"https:\/\/api.w.org\/{rel}","templated":true}]}}