{"id":3031,"date":"2018-09-19T09:15:26","date_gmt":"2018-09-19T12:15:26","guid":{"rendered":"http:\/\/portal.unisepe.com.br\/saolourenco\/?page_id=3031"},"modified":"2022-10-10T18:13:58","modified_gmt":"2022-10-10T21:13:58","slug":"ads","status":"publish","type":"page","link":"https:\/\/portal.unisepe.com.br\/saolourenco\/biblioteca\/revistas\/ads\/","title":{"rendered":"ADS"},"content":{"rendered":"<ul>\n<li><a href=\"http:\/\/www.clubedohardware.com.br\/\" target=\"_blank\" rel=\"noopener noreferrer\">Clube do Hardware<\/a><\/li>\n<li><a href=\"http:\/\/www.tecmundo.com.br\/\" target=\"_blank\" rel=\"noopener noreferrer\">Tecmundo<\/a><\/li>\n<li><a href=\"http:\/\/www.cplusplus.com\/\" target=\"_blank\" rel=\"noopener noreferrer\">Cplusplus.com<\/a><\/li>\n<li><a href=\"http:\/\/olhardigital.uol.com.br\/home\" target=\"_blank\" rel=\"noopener noreferrer\">Olhar digital<\/a><\/li>\n<li><a href=\"http:\/\/www.icceeg.c3.furg.br\/\" target=\"_blank\" rel=\"noopener noreferrer\">Revista ICCEEg<\/a><\/li>\n<li><a href=\"http:\/\/periodicos.unifacef.com.br\/index.php\/resiget\" target=\"_blank\" rel=\"noopener noreferrer\">Revista Eletr\u00f4nica de Sistema de Informa\u00e7\u00e3o<\/a><\/li>\n<li><a href=\"http:\/\/www.portaldeperiodicos.unisul.br\/index.php\/ReTIC\/search\" target=\"_blank\" rel=\"noopener noreferrer\">Revista Tecnologia da Informa\u00e7\u00e3o e Comunica\u00e7\u00e3o: Teoria e Pr\u00e1tica<\/a><\/li>\n<li><a href=\"http:\/\/abt-br.org.br\/revistas\/\" target=\"_blank\" rel=\"noopener noreferrer\">Revistas &#8211; ABT<\/a><\/li>\n<\/ul>\n","protected":false},"excerpt":{"rendered":"<p>Clube do Hardware Tecmundo Cplusplus.com Olhar digital Revista ICCEEg Revista Eletr\u00f4nica de Sistema de Informa\u00e7\u00e3o Revista Tecnologia da Informa\u00e7\u00e3o e Comunica\u00e7\u00e3o: Teoria e Pr\u00e1tica Revistas &#8211; ABT<\/p>\n","protected":false},"author":4,"featured_media":0,"parent":717,"menu_order":0,"comment_status":"closed","ping_status":"closed","template":"templates\/template-pagina_menu_vertical.php","meta":{"footnotes":""},"categories":[],"tags":[],"class_list":["post-3031","page","type-page","status-publish","hentry"],"_links":{"self":[{"href":"https:\/\/portal.unisepe.com.br\/saolourenco\/wp-json\/wp\/v2\/pages\/3031","targetHints":{"allow":["GET"]}}],"collection":[{"href":"https:\/\/portal.unisepe.com.br\/saolourenco\/wp-json\/wp\/v2\/pages"}],"about":[{"href":"https:\/\/portal.unisepe.com.br\/saolourenco\/wp-json\/wp\/v2\/types\/page"}],"author":[{"embeddable":true,"href":"https:\/\/portal.unisepe.com.br\/saolourenco\/wp-json\/wp\/v2\/users\/4"}],"replies":[{"embeddable":true,"href":"https:\/\/portal.unisepe.com.br\/saolourenco\/wp-json\/wp\/v2\/comments?post=3031"}],"version-history":[{"count":6,"href":"https:\/\/portal.unisepe.com.br\/saolourenco\/wp-json\/wp\/v2\/pages\/3031\/revisions"}],"predecessor-version":[{"id":5773,"href":"https:\/\/portal.unisepe.com.br\/saolourenco\/wp-json\/wp\/v2\/pages\/3031\/revisions\/5773"}],"up":[{"embeddable":true,"href":"https:\/\/portal.unisepe.com.br\/saolourenco\/wp-json\/wp\/v2\/pages\/717"}],"wp:attachment":[{"href":"https:\/\/portal.unisepe.com.br\/saolourenco\/wp-json\/wp\/v2\/media?parent=3031"}],"wp:term":[{"taxonomy":"category","embeddable":true,"href":"https:\/\/portal.unisepe.com.br\/saolourenco\/wp-json\/wp\/v2\/categories?post=3031"},{"taxonomy":"post_tag","embeddable":true,"href":"https:\/\/portal.unisepe.com.br\/saolourenco\/wp-json\/wp\/v2\/tags?post=3031"}],"curies":[{"name":"wp","href":"https:\/\/api.w.org\/{rel}","templated":true}]}}