{"id":3040,"date":"2018-09-19T09:21:31","date_gmt":"2018-09-19T12:21:31","guid":{"rendered":"http:\/\/portal.unisepe.com.br\/saolourenco\/?page_id=3040"},"modified":"2020-01-10T15:47:08","modified_gmt":"2020-01-10T18:47:08","slug":"ciencias-contabeis","status":"publish","type":"page","link":"https:\/\/portal.unisepe.com.br\/saolourenco\/biblioteca\/revistas\/ciencias-contabeis\/","title":{"rendered":"Ci\u00eancias Cont\u00e1beis"},"content":{"rendered":"<ul>\n<li><a href=\"http:\/\/revistaseletronicas.pucrs.br\/ojs\/index.php\/face\" target=\"_blank\" rel=\"noopener\">An\u00e1lise &#8211; Revista Cientifica de Adm., Contabilidade e Economia<\/a><\/li>\n<li><a href=\"http:\/\/www.rcf.fea.usp.br\/english\/introduction.aspx\" target=\"_blank\" rel=\"noopener\">Revista Contabilidade &amp; Finan\u00e7as<\/a><\/li>\n<li><a href=\"http:\/\/www.repec.org.br\/index.php\/repec\" target=\"_blank\" rel=\"noopener\">Revista de Educa\u00e7\u00e3o e Pesquisa em Contabilidade<\/a><\/li>\n<li><a href=\"http:\/\/www.crcpr.org.br\/new\/\" target=\"_blank\" rel=\"noopener\">Revista do CRCPR<\/a><\/li>\n<li><a href=\"http:\/\/www.seer.ufrgs.br\/index.php\/ConTexto\" target=\"_blank\" rel=\"noopener\">Revista Contexto<\/a><\/li>\n<li><a href=\"http:\/\/proxy.furb.br\/ojs\/index.php\/universocontabil\" target=\"_blank\" rel=\"noopener\">Universo Cont\u00e1bil<\/a><\/li>\n<\/ul>\n","protected":false},"excerpt":{"rendered":"<p>An\u00e1lise &#8211; Revista Cientifica de Adm., Contabilidade e Economia Revista Contabilidade &amp; Finan\u00e7as Revista de Educa\u00e7\u00e3o e Pesquisa em Contabilidade Revista do CRCPR Revista Contexto Universo Cont\u00e1bil<\/p>\n","protected":false},"author":4,"featured_media":0,"parent":717,"menu_order":0,"comment_status":"closed","ping_status":"closed","template":"templates\/template-pagina_menu_vertical.php","meta":{"footnotes":""},"categories":[],"tags":[],"class_list":["post-3040","page","type-page","status-publish","hentry"],"_links":{"self":[{"href":"https:\/\/portal.unisepe.com.br\/saolourenco\/wp-json\/wp\/v2\/pages\/3040","targetHints":{"allow":["GET"]}}],"collection":[{"href":"https:\/\/portal.unisepe.com.br\/saolourenco\/wp-json\/wp\/v2\/pages"}],"about":[{"href":"https:\/\/portal.unisepe.com.br\/saolourenco\/wp-json\/wp\/v2\/types\/page"}],"author":[{"embeddable":true,"href":"https:\/\/portal.unisepe.com.br\/saolourenco\/wp-json\/wp\/v2\/users\/4"}],"replies":[{"embeddable":true,"href":"https:\/\/portal.unisepe.com.br\/saolourenco\/wp-json\/wp\/v2\/comments?post=3040"}],"version-history":[{"count":3,"href":"https:\/\/portal.unisepe.com.br\/saolourenco\/wp-json\/wp\/v2\/pages\/3040\/revisions"}],"predecessor-version":[{"id":4589,"href":"https:\/\/portal.unisepe.com.br\/saolourenco\/wp-json\/wp\/v2\/pages\/3040\/revisions\/4589"}],"up":[{"embeddable":true,"href":"https:\/\/portal.unisepe.com.br\/saolourenco\/wp-json\/wp\/v2\/pages\/717"}],"wp:attachment":[{"href":"https:\/\/portal.unisepe.com.br\/saolourenco\/wp-json\/wp\/v2\/media?parent=3040"}],"wp:term":[{"taxonomy":"category","embeddable":true,"href":"https:\/\/portal.unisepe.com.br\/saolourenco\/wp-json\/wp\/v2\/categories?post=3040"},{"taxonomy":"post_tag","embeddable":true,"href":"https:\/\/portal.unisepe.com.br\/saolourenco\/wp-json\/wp\/v2\/tags?post=3040"}],"curies":[{"name":"wp","href":"https:\/\/api.w.org\/{rel}","templated":true}]}}