{"id":3046,"date":"2018-09-19T09:28:15","date_gmt":"2018-09-19T12:28:15","guid":{"rendered":"http:\/\/portal.unisepe.com.br\/saolourenco\/?page_id=3046"},"modified":"2020-01-10T15:28:42","modified_gmt":"2020-01-10T18:28:42","slug":"enfermagem","status":"publish","type":"page","link":"https:\/\/portal.unisepe.com.br\/saolourenco\/biblioteca\/revistas\/enfermagem\/","title":{"rendered":"Enfermagem"},"content":{"rendered":"<ul>\n<li><a href=\"http:\/\/portal.revistas.bvs.br\/index.php?issn=0103-2100&amp;lang=pt\" target=\"_blank\" rel=\"noopener\">Acta paulista de enfermagem<\/a><\/li>\n<li><a href=\"http:\/\/portal.revistas.bvs.br\/index.php?issn=0002-936X&amp;lang=pt\" target=\"_blank\" rel=\"noopener\">American journal of nursing<\/a><\/li>\n<li><a href=\"http:\/\/portal.revistas.bvs.br\/index.php?issn=0098-1486&amp;lang=pt\" target=\"_blank\" rel=\"noopener\">American nurse<\/a><\/li>\n<li><a href=\"http:\/\/portal.revistas.bvs.br\/index.php?issn=0008-4581&amp;lang=pt\" target=\"_blank\" rel=\"noopener\">Canadian nurse<\/a><\/li>\n<li><a href=\"http:\/\/portal.revistas.bvs.br\/index.php?issn=1414-8145&amp;lang=pt\" target=\"_blank\" rel=\"noopener\">Escola Anna Nery Revista de Enfermagem<\/a><\/li>\n<li><a href=\"http:\/\/portal.revistas.bvs.br\/index.php?issn=0197-4572&amp;lang=pt\" target=\"_blank\" rel=\"noopener\">Geriatric nursing<\/a><\/li>\n<li><a href=\"http:\/\/portal.revistas.bvs.br\/index.php?issn=1445-8330&amp;lang=pt\" target=\"_blank\" rel=\"noopener\">International journal of mental health nursing<\/a><\/li>\n<li><a href=\"http:\/\/portal.revistas.bvs.br\/index.php?issn=1075-4210&amp;lang=pt\" target=\"_blank\" rel=\"noopener\">International journal of trauma nursing<\/a><\/li>\n<li><a href=\"http:\/\/portal.revistas.bvs.br\/index.php?issn=0120-5307&amp;lang=pt\" target=\"_blank\" rel=\"noopener\">Investigaci\u00f3n y educaci\u00f3n en enfermer\u00eda<\/a><\/li>\n<li><a href=\"http:\/\/portal.revistas.bvs.br\/index.php?issn=1471-5953&amp;lang=pt\" target=\"_blank\" rel=\"noopener\">Nurse education in practice<\/a><\/li>\n<li><a href=\"http:\/\/portal.revistas.bvs.br\/index.php?issn=0360-4039&amp;lang=pt\" target=\"_blank\" rel=\"noopener\">Nursing<\/a><\/li>\n<li><a href=\"http:\/\/portal.revistas.bvs.br\/index.php?issn=0874-0283&amp;lang=pt\" target=\"_blank\" rel=\"noopener\">Revista de educa\u00e7\u00e3o e forma\u00e7\u00e3o em enfermagem<\/a><\/li>\n<li><a href=\"http:\/\/portal.revistas.bvs.br\/index.php?issn=1415-2762&amp;lang=pt\" target=\"_blank\" rel=\"noopener\">REME: revista mineira de enfermagem<\/a><\/li>\n<li><a href=\"http:\/\/portal.revistas.bvs.br\/index.php?issn=1517-3852&amp;lang=pt\" target=\"_blank\" rel=\"noopener\">Rev. RENE: revista da rede de enfermagem do Nordeste<\/a><\/li>\n<li><a href=\"http:\/\/portal.revistas.bvs.br\/index.php?issn=1676-4285&amp;lang=pt\" target=\"_blank\" rel=\"noopener\">Online brazilian journal of nursing (Online)<\/a><\/li>\n<li><a href=\"http:\/\/portal.revistas.bvs.br\/index.php?issn=0102-5430&amp;lang=pt\" target=\"_blank\" rel=\"noopener\">Revista baiana de enfermagem<\/a><\/li>\n<li><a href=\"http:\/\/portal.revistas.bvs.br\/index.php?issn=0034-7167&amp;lang=pt\" target=\"_blank\" rel=\"noopener\">Revista brasileira de enfermagem<\/a><\/li>\n<li><a href=\"http:\/\/portal.revistas.bvs.br\/index.php?issn=0080-6234&amp;lang=pt\" target=\"_blank\" rel=\"noopener\">Revista da Escola de Enfermagem da USP<\/a><\/li>\n<li><a href=\"http:\/\/portal.revistas.bvs.br\/index.php?issn=1518-1944&amp;lang=pt\" target=\"_blank\" rel=\"noopener\">Revista eletr\u00f4nica de enfermagem<\/a><\/li>\n<li><a href=\"http:\/\/portal.revistas.bvs.br\/index.php?issn=0104-3552&amp;lang=pt\" target=\"_blank\" rel=\"noopener\">Revista enfermagem UERJ<\/a><\/li>\n<li><a href=\"http:\/\/portal.revistas.bvs.br\/index.php?issn=0102-6933&amp;lang=pt\" target=\"_blank\" rel=\"noopener\">Revista ga\u00facha de enfermagem<\/a><\/li>\n<li><a href=\"http:\/\/portal.revistas.bvs.br\/index.php?issn=0102-6933&amp;lang=pt\" target=\"_blank\" rel=\"noopener\">Revista latino-americana de enfermagem<\/a><\/li>\n<li><a href=\"http:\/\/portal.revistas.bvs.br\/index.php?issn=1816-9260&amp;lang=pt\" target=\"_blank\" rel=\"noopener\">Revista paraguaya de enfermeira<\/a><\/li>\n<li><a href=\"http:\/\/portal.revistas.bvs.br\/index.php?issn=0100-8889&amp;lang=pt\" target=\"_blank\" rel=\"noopener\">Revista paulista de enfermagem<\/a><\/li>\n<li><a href=\"http:\/\/portal.revistas.bvs.br\/index.php?issn=0797-6194&amp;lang=pt\" target=\"_blank\" rel=\"noopener\">Revista uruguaya de enfermar\u00eda<\/a><\/li>\n<li><a href=\"http:\/\/portal.revistas.bvs.br\/index.php?issn=0104-0707&amp;lang=pt\" target=\"_blank\" rel=\"noopener\">Texto &amp; contexto-enfermagem<\/a><\/li>\n<li><a href=\"http:\/\/portalms.saude.gov.br\/\" target=\"_blank\" rel=\"noopener\">Portal da Sa\u00fade<\/a><\/li>\n<li><a href=\"http:\/\/portal.unisepe.com.br\/saolourenco\/wp-content\/uploads\/sites\/10005\/2018\/09\/cdiras.pdf\" target=\"_blank\" rel=\"noopener\">Crit\u00e9rios Diagn\u00f3sticos de Infec\u00e7\u00e3o Relacionada \u00e0 Assist\u00eancia \u00e0 Sa\u00fade<\/a><\/li>\n<li><a href=\"http:\/\/portal.unisepe.com.br\/saolourenco\/wp-content\/uploads\/sites\/10005\/2018\/09\/03-1.pdf\" target=\"_blank\" rel=\"noopener\">Protocolo da Aten\u00e7\u00e3o B\u00e1sica Sa\u00fade das Mulheres<\/a><\/li>\n<li><a href=\"http:\/\/portal.unisepe.com.br\/saolourenco\/wp-content\/uploads\/sites\/10005\/2018\/09\/05.pdf\" target=\"_blank\" rel=\"noopener\">Sa\u00fade Integral de adolescentes e jovens<\/a><\/li>\n<li><a href=\"http:\/\/portal.unisepe.com.br\/saolourenco\/wp-content\/uploads\/sites\/10005\/2018\/09\/06.pdf\" target=\"_blank\" rel=\"noopener\">Sa\u00fade Mental<\/a><\/li>\n<li><a href=\"http:\/\/portal.unisepe.com.br\/saolourenco\/wp-content\/uploads\/sites\/10005\/2018\/09\/07.pdf\" target=\"_blank\" rel=\"noopener\">Sa\u00fade sexual e sa\u00fade reprodutiva<\/a><\/li>\n<li><a href=\"http:\/\/portal.unisepe.com.br\/saolourenco\/wp-content\/uploads\/sites\/10005\/2018\/09\/dip.pdf\" target=\"_blank\" rel=\"noopener\">Doen\u00e7as Parasit\u00e1rias e Infecciosas<\/a><\/li>\n<li><a href=\"http:\/\/portal.unisepe.com.br\/saolourenco\/wp-content\/uploads\/sites\/10005\/2018\/09\/pntn.pdf\" target=\"_blank\" rel=\"noopener\">Manual &#8211; Programa Nacional de Triagem Neonatal<\/a><\/li>\n<li><a href=\"http:\/\/portal.unisepe.com.br\/saolourenco\/wp-content\/uploads\/sites\/10005\/2018\/09\/espi.pdf\" target=\"_blank\" rel=\"noopener\">Envelhecimento e sa\u00fade da pessoa idosa<\/a><\/li>\n<\/ul>\n<p style=\"text-align: center\"><strong>Ci\u00eancias da Sa\u00fade em Geral<\/strong><\/p>\n<ul>\n<li><a href=\"http:\/\/portal.revistas.bvs.br\/index.php?lang=pt\" target=\"_blank\" rel=\"noopener\">Revistas Cient\u00edficas em Ci\u00eancias da Sa\u00fade<\/a><\/li>\n<li><a href=\"http:\/\/brasil.bvs.br\/lis-Regional\/xmlListT.php?xml%5b%5d=@\/P\/define.xml&amp;xml%5b%5d=@\/P\/defineContent.xml&amp;xsl=lis-Regional\/home.xsl\" target=\"_blank\" rel=\"noopener\">LIS- Localizador de Informa\u00e7\u00e3o em Sa\u00fade<\/a><\/li>\n<li><a href=\"http:\/\/decs.bvs.br\/\" target=\"_blank\" rel=\"noopener\">DeCS- Terminologia em Sa\u00fade<\/a><\/li>\n<li><a href=\"http:\/\/scad.bvs.br\/php\/index.php\" target=\"_blank\" rel=\"noopener\">SCAD- servi\u00e7o de c\u00f3pia de documentos<\/a><\/li>\n<li><a href=\"http:\/\/portal.revistas.bvs.br\/index.php?lang=pt\" target=\"_blank\" rel=\"noopener\">Cat\u00e1logo de revistas cient\u00edficas<\/a><\/li>\n<li><a href=\"http:\/\/www.bvsalutz.coc.fiocruz.br\/\" target=\"_blank\" rel=\"noopener\">Adolpho Lutz<\/a><\/li>\n<li><a href=\"http:\/\/aps.bvs.br\/\" target=\"_blank\" rel=\"noopener\">Aten\u00e7\u00e3o Prim\u00e1ria \u00e0 Sa\u00fade<\/a><\/li>\n<li><a href=\"http:\/\/www.bvseps.icict.fiocruz.br\/\" target=\"_blank\" rel=\"noopener\">Educa\u00e7\u00e3o Profissional em Sa\u00fade<\/a><\/li>\n<li><a href=\"http:\/\/enfermagem.bvs.br\/\" target=\"_blank\" rel=\"noopener\">Enfermagem<\/a><\/li>\n<li><a href=\"http:\/\/homeopatia.bvs.br\/\" target=\"_blank\" rel=\"noopener\">Homeopatia<\/a><\/li>\n<li><a href=\"http:\/\/www.bvsintegralidade.icict.fiocruz.br\/\" target=\"_blank\" rel=\"noopener\">Integralidade<\/a><\/li>\n<li><a href=\"http:\/\/saudepublica.bvs.br\/\" target=\"_blank\" rel=\"noopener\">Sa\u00fade P\u00fablica<\/a><\/li>\n<li><a href=\"https:\/\/www.corenmg.gov.br\/web\/guest\" target=\"_blank\" rel=\"noopener\">COREN-MG &#8211; Conselho Regional de Enfermagem de Minas Gerais<\/a><\/li>\n<li><a href=\"http:\/\/www.saude.mg.gov.br\/\" target=\"_blank\" rel=\"noopener\">Secretaria de Estado de Sa\u00fade de Minas Gerais- SESMG<\/a><\/li>\n<li><a href=\"http:\/\/www.cofen.gov.br\/\" target=\"_blank\" rel=\"noopener\">Conselho Federal de Enfermagem: Cofen<\/a><\/li>\n<\/ul>\n<p style=\"text-align: center\"><strong>Institucionais<\/strong><\/p>\n<ul>\n<li><a href=\"http:\/\/bvsfiocruz.fiocruz.br\/\" target=\"_blank\" rel=\"noopener\">FIOCRUZ<\/a><\/li>\n<li><a href=\"http:\/\/www.iec.gov.br\/portal\/\" target=\"_blank\" rel=\"noopener\">Instituto Evandro Chagas &#8211; SVS\/MS<\/a><\/li>\n<li><a href=\"http:\/\/bvsms.saude.gov.br\/\" target=\"_blank\" rel=\"noopener\">Minist\u00e9rio da Sa\u00fade<\/a><\/li>\n<li><a href=\"http:\/\/ses.sp.bvs.br\/\" target=\"_blank\" rel=\"noopener\">Secretaria de Estado da Sa\u00fade de Sao Paulo (SES-SP)<\/a><\/li>\n<li><a href=\"http:\/\/sms.sp.bvs.br\/\" target=\"_blank\" rel=\"noopener\">Secretaria Municipal da Sa\u00fade de S\u00e3o Paulo (SMS-SP)<\/a><\/li>\n<\/ul>\n<p style=\"text-align: center\"><strong>Diret\u00f3rios, Portais e Servi\u00e7os<\/strong><\/p>\n<ul>\n<li><a href=\"http:\/\/aps.bvs.br\/apps\/calculadoras\/\" target=\"_blank\" rel=\"noopener\">Calculadoras M\u00e9dicas<\/a><\/li>\n<li><a href=\"http:\/\/www2.datasus.gov.br\/DATASUS\/index.php?acao=11&amp;id=29010\" target=\"_blank\" rel=\"noopener\">Indicadores e Dados B\u00e1sicos de Sa\u00fade<\/a><\/li>\n<li><a href=\"http:\/\/portalms.saude.gov.br\/legislacao-da-saude\" target=\"_blank\" rel=\"noopener\">Legisla\u00e7\u00e3o da Sa\u00fade<\/a><\/li>\n<li><a href=\"http:\/\/revista.saude.sc.gov.br\/index.php\/inicio\/article\/view\/145\" target=\"_blank\" rel=\"noopener\">Pol\u00edticas de Sa\u00fade do Brasil<\/a><\/li>\n<\/ul>\n<p style=\"text-align: center\"><strong>Livros Gr\u00e1tis sobre Sa\u00fade e Alimenta\u00e7\u00e3o<\/strong><\/p>\n<ul>\n<li><a href=\"http:\/\/portal.unisepe.com.br\/saolourenco\/wp-content\/uploads\/sites\/10005\/2018\/09\/plantas_curam.pdf\">Plantas que Curam<\/a><\/li>\n<li><a href=\"http:\/\/portal.unisepe.com.br\/saolourenco\/wp-content\/uploads\/sites\/10005\/2018\/09\/Fernando-Carvalho-O-livro-negro-do-acucar.pdf\">O Livro Negro do A\u00e7\u00facar<\/a><\/li>\n<li><a href=\"http:\/\/portal.unisepe.com.br\/saolourenco\/wp-content\/uploads\/sites\/10005\/2018\/09\/Rafael-Kilian-Calorias-Entram-Calorias-Saem.pdf\">Calorias Entram Calorias Saem<\/a><\/li>\n<li><a href=\"http:\/\/portal.unisepe.com.br\/saolourenco\/wp-content\/uploads\/sites\/10005\/2018\/09\/Valdirene-Silva-receitas-de-sucos.pdf\">Receitas de Sucos<\/a><\/li>\n<li><a href=\"http:\/\/portal.unisepe.com.br\/saolourenco\/wp-content\/uploads\/sites\/10005\/2018\/09\/On-Receitas-O-segredo-Emagrecer-8Kg-por-mes.pdf\">O SEGREDO &#8211; Emagrecer 8Kg por m\u00eas<\/a><\/li>\n<li><a href=\"http:\/\/portal.unisepe.com.br\/saolourenco\/wp-content\/uploads\/sites\/10005\/2018\/09\/Guia-Alimentar-para-Criancas-ate-2-anos.pdf\">Guia Alimentar para Crian\u00e7as Menores de 2 Anos<\/a><\/li>\n<li><a href=\"http:\/\/portal.unisepe.com.br\/saolourenco\/wp-content\/uploads\/sites\/10005\/2018\/09\/Aureliano-J-Santos-como-deixei-de-fumar.pdf\">Como Deixei de Fumar<\/a><\/li>\n<li><a href=\"http:\/\/portal.unisepe.com.br\/saolourenco\/wp-content\/uploads\/sites\/10005\/2018\/09\/Ana-Paula-Leao-Pare-de-Fumar.pdf\">Pare de Fumar, Deus Quer Te Aben\u00e7oar<\/a><\/li>\n<li><a href=\"http:\/\/portal.unisepe.com.br\/saolourenco\/wp-content\/uploads\/sites\/10005\/2018\/09\/Adenauer-Novaes-Alquimia-do-Amor.pdf\">Alquimia do Amor &#8211; Depress\u00e3o, Cura e Espiritualidade<\/a><\/li>\n<li><a href=\"http:\/\/portal.unisepe.com.br\/saolourenco\/wp-content\/uploads\/sites\/10005\/2018\/09\/livro_vinagre.pdf\">O Livro do Vinagre<\/a><\/li>\n<li><a href=\"http:\/\/portal.unisepe.com.br\/saolourenco\/wp-content\/uploads\/sites\/10005\/2018\/09\/Alimentacao-saudavel.pdf\">Alimenta\u00e7\u00e3o Saud\u00e1vel<\/a><\/li>\n<li><a href=\"http:\/\/portal.unisepe.com.br\/saolourenco\/wp-content\/uploads\/sites\/10005\/2018\/09\/Guia-alimentacao-saudavel.pdf\">Guia de Alimenta\u00e7\u00e3o Saud\u00e1vel<\/a><\/li>\n<li><a href=\"http:\/\/portal.unisepe.com.br\/saolourenco\/wp-content\/uploads\/sites\/10005\/2018\/09\/Valdirene-Silva-livro-tabela-de-calorias.pdf\">Tabela de Calorias<\/a><\/li>\n<li><a href=\"http:\/\/portal.unisepe.com.br\/saolourenco\/wp-content\/uploads\/sites\/10005\/2018\/09\/Cuidados-com-os-alimentos.pdf\">Cuidados com os Alimentos<\/a><\/li>\n<li><a href=\"http:\/\/portal.unisepe.com.br\/saolourenco\/wp-content\/uploads\/sites\/10005\/2018\/09\/Alimentacao-e-cultura.pdf\">Alimenta\u00e7\u00e3o e Cultura<\/a><\/li>\n<li><a href=\"http:\/\/portal.unisepe.com.br\/saolourenco\/wp-content\/uploads\/sites\/10005\/2018\/09\/Manual-da-horta-para-escolas.pdf\">Manual da Horta para Escolas<\/a><\/li>\n<li><a href=\"http:\/\/portal.unisepe.com.br\/saolourenco\/wp-content\/uploads\/sites\/10005\/2018\/09\/Manual-do-peso-saudavel-para-escolas.pdf\">Manual do Peso Saud\u00e1vel para Escolas<\/a><\/li>\n<li><a href=\"http:\/\/portal.unisepe.com.br\/saolourenco\/wp-content\/uploads\/sites\/10005\/2018\/09\/Obesidade-e-desnutricao.pdf\">Obesidade e Desnutri\u00e7\u00e3o<\/a><\/li>\n<li><a href=\"http:\/\/portal.unisepe.com.br\/saolourenco\/wp-content\/uploads\/sites\/10005\/2018\/09\/dieta-8-dicas-para-entrar-em-forma.pdf\">8 Dicas Incr\u00edveis para Entrar em Forma<\/a><\/li>\n<li><a href=\"http:\/\/portal.unisepe.com.br\/saolourenco\/wp-content\/uploads\/sites\/10005\/2018\/09\/10-alimentos-que-ajudam-a-emagrecer.pdf\">10 Alimentos que Ajudam a Emagrecer<\/a><\/li>\n<li><a href=\"http:\/\/portal.unisepe.com.br\/saolourenco\/wp-content\/uploads\/sites\/10005\/2018\/09\/MagnetismoCurador.pdf\">Magnetismo Curador<\/a><\/li>\n<li><a href=\"http:\/\/portal.unisepe.com.br\/saolourenco\/wp-content\/uploads\/sites\/10005\/2018\/09\/Quando_a_Depressao_Ataca.pdf\">Quando a Depress\u00e3o Ataca<\/a><\/li>\n<li><a href=\"http:\/\/portal.unisepe.com.br\/saolourenco\/wp-content\/uploads\/sites\/10005\/2018\/09\/Comidas_que_Cuidam.pdf\">Dicas de Alimenta\u00e7\u00e3o durante o tratamento do C\u00e2ncer<\/a><\/li>\n<li><a href=\"http:\/\/portal.unisepe.com.br\/saolourenco\/wp-content\/uploads\/sites\/10005\/2018\/09\/Deliciosas_Receitas_Vegetarianas_de_A_a_Z.pdf\">Deliciosas Receitas Vegetarianas de A a Z<\/a><\/li>\n<li><a href=\"http:\/\/portal.unisepe.com.br\/saolourenco\/wp-content\/uploads\/sites\/10005\/2018\/09\/Anton_Kabaroski-Os_Florais_de_Bach.pdf\">Os Florais de Bach<\/a><\/li>\n<li><a href=\"http:\/\/portal.unisepe.com.br\/saolourenco\/wp-content\/uploads\/sites\/10005\/2018\/09\/Ervas_do_Sitio.pdf\">Ervas do S\u00edtio<\/a><\/li>\n<li><a href=\"http:\/\/portal.unisepe.com.br\/saolourenco\/wp-content\/uploads\/sites\/10005\/2018\/09\/elivros-gratis-500-segredos-culinarios.pdf\">Colet\u00e2nea de 500 segredos culin\u00e1rios revelados<\/a><\/li>\n<\/ul>\n","protected":false},"excerpt":{"rendered":"<p>Acta paulista de enfermagem American journal of nursing American nurse Canadian nurse Escola Anna Nery Revista de Enfermagem Geriatric nursing International journal of mental health nursing International journal of trauma nursing Investigaci\u00f3n y educaci\u00f3n en enfermer\u00eda Nurse education in practice Nursing Revista de educa\u00e7\u00e3o e forma\u00e7\u00e3o em enfermagem REME: revista<\/p>\n","protected":false},"author":4,"featured_media":0,"parent":717,"menu_order":0,"comment_status":"closed","ping_status":"closed","template":"templates\/template-pagina_menu_vertical.php","meta":{"footnotes":""},"categories":[],"tags":[],"class_list":["post-3046","page","type-page","status-publish","hentry"],"_links":{"self":[{"href":"https:\/\/portal.unisepe.com.br\/saolourenco\/wp-json\/wp\/v2\/pages\/3046","targetHints":{"allow":["GET"]}}],"collection":[{"href":"https:\/\/portal.unisepe.com.br\/saolourenco\/wp-json\/wp\/v2\/pages"}],"about":[{"href":"https:\/\/portal.unisepe.com.br\/saolourenco\/wp-json\/wp\/v2\/types\/page"}],"author":[{"embeddable":true,"href":"https:\/\/portal.unisepe.com.br\/saolourenco\/wp-json\/wp\/v2\/users\/4"}],"replies":[{"embeddable":true,"href":"https:\/\/portal.unisepe.com.br\/saolourenco\/wp-json\/wp\/v2\/comments?post=3046"}],"version-history":[{"count":17,"href":"https:\/\/portal.unisepe.com.br\/saolourenco\/wp-json\/wp\/v2\/pages\/3046\/revisions"}],"predecessor-version":[{"id":4584,"href":"https:\/\/portal.unisepe.com.br\/saolourenco\/wp-json\/wp\/v2\/pages\/3046\/revisions\/4584"}],"up":[{"embeddable":true,"href":"https:\/\/portal.unisepe.com.br\/saolourenco\/wp-json\/wp\/v2\/pages\/717"}],"wp:attachment":[{"href":"https:\/\/portal.unisepe.com.br\/saolourenco\/wp-json\/wp\/v2\/media?parent=3046"}],"wp:term":[{"taxonomy":"category","embeddable":true,"href":"https:\/\/portal.unisepe.com.br\/saolourenco\/wp-json\/wp\/v2\/categories?post=3046"},{"taxonomy":"post_tag","embeddable":true,"href":"https:\/\/portal.unisepe.com.br\/saolourenco\/wp-json\/wp\/v2\/tags?post=3046"}],"curies":[{"name":"wp","href":"https:\/\/api.w.org\/{rel}","templated":true}]}}