{"id":306,"date":"2016-07-11T23:27:40","date_gmt":"2016-07-11T23:27:40","guid":{"rendered":"http:\/\/www.fvr.edu.br\/fvr\/site\/?page_id=306"},"modified":"2023-01-19T13:32:35","modified_gmt":"2023-01-19T16:32:35","slug":"atos-legais","status":"publish","type":"page","link":"https:\/\/portal.unisepe.com.br\/saolourenco\/ads\/atos-legais\/","title":{"rendered":"Atos legais"},"content":{"rendered":"<div id=\"responsive-table\">\n<table class=\"table table-course no-th\">\n<tbody>\n<tr class=\"avalLinhaCampos\" valign=\"middle\">\n<td class=\"subline2 avalTituloCampos\" style=\"text-align: left\"><strong>Ato Regulat\u00f3rio:<\/strong><\/td>\n<td class=\"subline2\"><strong>Autoriza\u00e7\u00e3o do Curso<\/strong><\/td>\n<\/tr>\n<tr class=\"avalLinhaCampos\" valign=\"middle\">\n<td class=\"subline2 avalTituloCampos\" style=\"text-align: left\"><strong>Tipo de documento:<\/strong><\/td>\n<td class=\"subline2\">Portaria<\/td>\n<td class=\"subline2 avalTituloCampos\"><strong>No. Documento:<\/strong><\/td>\n<td class=\"subline2\">Portaria SERES n\u00ba 891<\/td>\n<\/tr>\n<tr class=\"avalLinhaCampos\" valign=\"middle\">\n<td class=\"subline2 avalTituloCampos\" style=\"text-align: left\"><strong>Data do Documento:<\/strong><\/td>\n<td class=\"subline2\">20\/09\/2022<\/td>\n<td class=\"subline2 avalTituloCampos\"><strong>Data de Publica\u00e7\u00e3o :<\/strong><\/td>\n<td class=\"subline2\">21\/09\/2022<\/td>\n<\/tr>\n<tr class=\"avalLinhaCampos\" valign=\"middle\">\n<td class=\"subline2 avalTituloCampos\" style=\"text-align: left\"><strong>Prazo de validade:<\/strong><\/td>\n<td class=\"subline2\">Vinculado ao Ciclo Avaliativo<\/td>\n<td class=\"subline2 avalTituloCampos\"><\/td>\n<td class=\"subline2\"><\/td>\n<\/tr>\n<\/tbody>\n<\/table>\n<hr \/>\n<\/div>\n","protected":false},"excerpt":{"rendered":"<p>Ato Regulat\u00f3rio: Autoriza\u00e7\u00e3o do Curso Tipo de documento: Portaria No. Documento: Portaria SERES n\u00ba 891 Data do Documento: 20\/09\/2022 Data de Publica\u00e7\u00e3o : 21\/09\/2022 Prazo de validade: Vinculado ao Ciclo Avaliativo<\/p>\n","protected":false},"author":1,"featured_media":0,"parent":303,"menu_order":0,"comment_status":"closed","ping_status":"closed","template":"templates\/template-curso_menu_vertical.php","meta":{"footnotes":""},"categories":[],"tags":[],"class_list":["post-306","page","type-page","status-publish","hentry"],"_links":{"self":[{"href":"https:\/\/portal.unisepe.com.br\/saolourenco\/wp-json\/wp\/v2\/pages\/306","targetHints":{"allow":["GET"]}}],"collection":[{"href":"https:\/\/portal.unisepe.com.br\/saolourenco\/wp-json\/wp\/v2\/pages"}],"about":[{"href":"https:\/\/portal.unisepe.com.br\/saolourenco\/wp-json\/wp\/v2\/types\/page"}],"author":[{"embeddable":true,"href":"https:\/\/portal.unisepe.com.br\/saolourenco\/wp-json\/wp\/v2\/users\/1"}],"replies":[{"embeddable":true,"href":"https:\/\/portal.unisepe.com.br\/saolourenco\/wp-json\/wp\/v2\/comments?post=306"}],"version-history":[{"count":6,"href":"https:\/\/portal.unisepe.com.br\/saolourenco\/wp-json\/wp\/v2\/pages\/306\/revisions"}],"predecessor-version":[{"id":5861,"href":"https:\/\/portal.unisepe.com.br\/saolourenco\/wp-json\/wp\/v2\/pages\/306\/revisions\/5861"}],"up":[{"embeddable":true,"href":"https:\/\/portal.unisepe.com.br\/saolourenco\/wp-json\/wp\/v2\/pages\/303"}],"wp:attachment":[{"href":"https:\/\/portal.unisepe.com.br\/saolourenco\/wp-json\/wp\/v2\/media?parent=306"}],"wp:term":[{"taxonomy":"category","embeddable":true,"href":"https:\/\/portal.unisepe.com.br\/saolourenco\/wp-json\/wp\/v2\/categories?post=306"},{"taxonomy":"post_tag","embeddable":true,"href":"https:\/\/portal.unisepe.com.br\/saolourenco\/wp-json\/wp\/v2\/tags?post=306"}],"curies":[{"name":"wp","href":"https:\/\/api.w.org\/{rel}","templated":true}]}}