{"id":312,"date":"2016-07-11T23:53:24","date_gmt":"2016-07-12T02:53:24","guid":{"rendered":"http:\/\/www.fvr.edu.br\/fvr\/site\/?page_id=312"},"modified":"2024-02-21T18:54:14","modified_gmt":"2024-02-21T21:54:14","slug":"matriz-curricular","status":"publish","type":"page","link":"https:\/\/portal.unisepe.com.br\/saolourenco\/ads\/matriz-curricular\/","title":{"rendered":"Matriz Curricular"},"content":{"rendered":"<ul class=\"nav nav-tabs\">\n<li class=\"nav-item\"><a class=\"nav-link active\" href=\"#tab1\" data-toggle=\"tab\">Matriz<\/a><\/li>\n<li class=\"nav-item\"><a class=\"nav-link\" href=\"#tab2\" data-toggle=\"tab\">Informa\u00e7\u00f5es Art. 8<\/a><\/li>\n<\/ul>\n<div id=\"myTabContent\" class=\"tab-content\">\n<div id=\"tab1\" class=\"tab-pane fade active show\">\n<ul>\n<li><strong><a href=\"http:\/\/portal.unisepe.com.br\/saolourenco\/wp-content\/uploads\/sites\/10005\/2019\/02\/ADS.pdf\" target=\"_blank\" rel=\"noopener noreferrer\">Matriz Curricular<\/a><br \/>\n<\/strong><\/li>\n<li><strong><a href=\"https:\/\/portal.unisepe.com.br\/saolourenco\/wp-content\/uploads\/sites\/10005\/2022\/07\/Matriz-0019-Analise-e-Desenvolvimento-de-Sistemas.pdf\" target=\"_blank\" rel=\"noopener noreferrer\">Matriz Curricular 2020<\/a><\/strong><\/li>\n<\/ul>\n<\/div>\n<div id=\"tab2\" class=\"tab-pane fade\">\n<h4 style=\"text-align: center\"><strong>Art. 8 da Portaria 1.428\/2018<\/strong><\/h4>\n<p>&nbsp;<\/p>\n<ul>\n<li><a href=\"http:\/\/portal.unisepe.com.br\/saolourenco\/wp-content\/uploads\/sites\/10005\/2019\/09\/PORTARIA-N-1428-LP-ADS.pdf\">PORTARIA 1428 &#8211; L\u00cdNGUA PORTUGUESA<\/a><\/li>\n<li><a href=\"http:\/\/portal.unisepe.com.br\/saolourenco\/wp-content\/uploads\/sites\/10005\/2019\/09\/PORTARIA-N1428-SISTEMAS-DE-APOIO-ADS.pdf\">PORTARIA 1428 &#8211; SISTEMAS DE APOIO<\/a><\/li>\n<li><a href=\"http:\/\/portal.unisepe.com.br\/saolourenco\/wp-content\/uploads\/sites\/10005\/2019\/09\/PORTARIA-N\u00ba-1428-AUDITORIA-E-SEGURAN\u00c7A-ADS.pdf\">PORTARIA 1428 &#8211; AUDITORIA E SEGURAN\u00c7A<\/a><\/li>\n<li><a href=\"http:\/\/portal.unisepe.com.br\/saolourenco\/wp-content\/uploads\/sites\/10005\/2019\/09\/PORTARIA-N\u00ba-1428-ESTATISTICA-ADS.pdf\">PORTARIA 1428 &#8211; ESTAT\u00cdSTICA<\/a><\/li>\n<li><a href=\"http:\/\/portal.unisepe.com.br\/saolourenco\/wp-content\/uploads\/sites\/10005\/2019\/09\/PORTARIA-N\u00ba-1428-MPC-ADS.pdf\">METODOLOGIA DO TRABALHO CIENT\u00cdFICO<\/a><\/li>\n<\/ul>\n<\/div>\n<\/div>\n","protected":false},"excerpt":{"rendered":"<p>Matriz Informa\u00e7\u00f5es Art. 8 Matriz Curricular Matriz Curricular 2020 Art. 8 da Portaria 1.428\/2018 &nbsp; PORTARIA 1428 &#8211; L\u00cdNGUA PORTUGUESA PORTARIA 1428 &#8211; SISTEMAS DE APOIO PORTARIA 1428 &#8211; AUDITORIA E SEGURAN\u00c7A PORTARIA 1428 &#8211; ESTAT\u00cdSTICA METODOLOGIA DO TRABALHO CIENT\u00cdFICO<\/p>\n","protected":false},"author":1,"featured_media":0,"parent":303,"menu_order":0,"comment_status":"closed","ping_status":"closed","template":"templates\/template-curso_menu_vertical.php","meta":{"footnotes":""},"categories":[],"tags":[],"class_list":["post-312","page","type-page","status-publish","hentry"],"_links":{"self":[{"href":"https:\/\/portal.unisepe.com.br\/saolourenco\/wp-json\/wp\/v2\/pages\/312","targetHints":{"allow":["GET"]}}],"collection":[{"href":"https:\/\/portal.unisepe.com.br\/saolourenco\/wp-json\/wp\/v2\/pages"}],"about":[{"href":"https:\/\/portal.unisepe.com.br\/saolourenco\/wp-json\/wp\/v2\/types\/page"}],"author":[{"embeddable":true,"href":"https:\/\/portal.unisepe.com.br\/saolourenco\/wp-json\/wp\/v2\/users\/1"}],"replies":[{"embeddable":true,"href":"https:\/\/portal.unisepe.com.br\/saolourenco\/wp-json\/wp\/v2\/comments?post=312"}],"version-history":[{"count":7,"href":"https:\/\/portal.unisepe.com.br\/saolourenco\/wp-json\/wp\/v2\/pages\/312\/revisions"}],"predecessor-version":[{"id":6557,"href":"https:\/\/portal.unisepe.com.br\/saolourenco\/wp-json\/wp\/v2\/pages\/312\/revisions\/6557"}],"up":[{"embeddable":true,"href":"https:\/\/portal.unisepe.com.br\/saolourenco\/wp-json\/wp\/v2\/pages\/303"}],"wp:attachment":[{"href":"https:\/\/portal.unisepe.com.br\/saolourenco\/wp-json\/wp\/v2\/media?parent=312"}],"wp:term":[{"taxonomy":"category","embeddable":true,"href":"https:\/\/portal.unisepe.com.br\/saolourenco\/wp-json\/wp\/v2\/categories?post=312"},{"taxonomy":"post_tag","embeddable":true,"href":"https:\/\/portal.unisepe.com.br\/saolourenco\/wp-json\/wp\/v2\/tags?post=312"}],"curies":[{"name":"wp","href":"https:\/\/api.w.org\/{rel}","templated":true}]}}