{"id":3132,"date":"2018-09-19T16:54:04","date_gmt":"2018-09-19T19:54:04","guid":{"rendered":"http:\/\/portal.unisepe.com.br\/saolourenco\/?page_id=3132"},"modified":"2023-04-13T20:58:48","modified_gmt":"2023-04-13T23:58:48","slug":"educacao-fisica","status":"publish","type":"page","link":"https:\/\/portal.unisepe.com.br\/saolourenco\/biblioteca\/revistas\/educacao-fisica\/","title":{"rendered":"Educa\u00e7\u00e3o F\u00edsica"},"content":{"rendered":"<p style=\"text-align: center\"><strong>Revistas\u00a0<\/strong><\/p>\n<ul>\n<li><a href=\"https:\/\/www.gazetaesportiva.com\/\" target=\"_blank\" rel=\"noopener noreferrer\">A Gazeta Esportiva<\/a><\/li>\n<li><a href=\"http:\/\/www.webventure.com.br\/\" target=\"_blank\" rel=\"noopener noreferrer\">Aventura Brasil<\/a><\/li>\n<li><a href=\"https:\/\/www.lance.com.br\/\" target=\"_blank\" rel=\"noopener noreferrer\">Lance!<\/a><\/li>\n<li><a href=\"http:\/\/tenisbrasil.uol.com.br\/\" target=\"_blank\" rel=\"noopener noreferrer\">T\u00eanis Brasil<\/a><\/li>\n<li><a href=\"https:\/\/esporte.uol.com.br\/\" target=\"_blank\" rel=\"noopener noreferrer\">UOL Esporte<\/a><\/li>\n<li><a href=\"https:\/\/e-revista.unioeste.br\/index.php\/cadernoedfisica\" target=\"_blank\" rel=\"noopener noreferrer\">Caderno de Educa\u00e7\u00e3o F\u00edsica e Esporte<\/a><\/li>\n<li><a href=\"http:\/\/journals4free.com\/link.jsp?l=23222693\">Caderno de Educa\u00e7\u00e3o F\u00edsica: Estudos e Reflex\u00f5es<\/a><\/li>\n<li><a href=\"https:\/\/portalrevistas.ucb.br\/index.php\/efr\">Educa\u00e7\u00e3o F\u00edsica em Revista <\/a><\/li>\n<li><a href=\"https:\/\/www.graciemag.com\/#pt-br\" target=\"_blank\" rel=\"noopener noreferrer\">Gracie Magazine<\/a><\/li>\n<li><a href=\"https:\/\/veja.abril.com.br\/placar\/\" target=\"_blank\" rel=\"noopener noreferrer\">Placar<\/a><\/li>\n<li><a href=\"http:\/\/www.tennisview.com.br\/\" target=\"_blank\" rel=\"noopener noreferrer\">Tennis View<\/a><\/li>\n<li><a href=\"https:\/\/www.terra.com.br\/esportes\/\" target=\"_blank\" rel=\"noopener noreferrer\">SportTerra<\/a><\/li>\n<li><a href=\"http:\/\/www.rbceonline.org.br\/revista\/index.php?journal=RBCE\" target=\"_blank\" rel=\"noopener noreferrer\">Revista CBCE<\/a><\/li>\n<li><a href=\"https:\/\/www.revistas.ufg.br\/fef\" target=\"_blank\" rel=\"noopener noreferrer\">Revista Motriz<\/a><\/li>\n<li><a href=\"http:\/\/periodicos.uem.br\/ojs\/index.php\/RevEducFis\" target=\"_blank\" rel=\"noopener noreferrer\">Revista Universidade Estadual de Maring\u00e1<\/a><\/li>\n<li><a href=\"http:\/\/www.seer.ufrgs.br\/index.php\/Movimento\" target=\"_blank\" rel=\"noopener noreferrer\">Revista Movimento<\/a><\/li>\n<li><a href=\"https:\/\/periodicos.ufsc.br\/index.php\/motrivivencia\" target=\"_blank\" rel=\"noopener noreferrer\">Motriviv\u00eancia<\/a><\/li>\n<li><a href=\"http:\/\/Motriz. Journal of Physical Education. UNESP \u2013 https:\/\/www.periodicos.rc.biblioteca.unesp.br\/index.php\/motriz\">Motriz. Journal of Physical Education\/UNESP<\/a><\/li>\n<li><a href=\"http:\/\/www.periodicos.uem.br\/ojs\/index.php\/RevEducFis\/index\" target=\"_blank\" rel=\"noopener noreferrer\">Revista da Educa\u00e7\u00e3o F\u00edsica\/UEM<\/a><\/li>\n<li><a href=\"https:\/\/www.rbafs.org.br\/RBAFS\">Revista Brasileira de Atividade F\u00edsica e Sa\u00fade<\/a><\/li>\n<li><a href=\"https:\/\/bsb.org.br\/\">Revista Brasileira de Biomec\u00e2nica<\/a><\/li>\n<li><a href=\"https:\/\/periodicos.ufsc.br\/index.php\/rbcdh\">Revista Brasileira de Cineantropometria e Desempenho Humano<\/a><\/li>\n<li><a href=\"http:\/\/Revista Brasileira de Fisiologia do Exerc\u00edcio https:\/\/portalatlanticaeditora.com.br\/index.php\/revistafisiologia\/index\">Revista Brasileira de Fisiologia do Exerc\u00edcio<\/a><\/li>\n<li><a href=\"https:\/\/periodicos.ufsc.br\/index.php\/motrivivencia\">Revista de Educa\u00e7\u00e3o F\u00edsica, Esporte e Lazer<\/a><\/li>\n<li><a href=\"https:\/\/www.revistas.ufg.br\/fef\">Revista Pensar a Pr\u00e1tica <\/a><\/li>\n<\/ul>\n<p style=\"text-align: center\"><strong>Qualis B1\/CAPES<\/strong><\/p>\n<ul>\n<li><a href=\"http:\/\/www.scielo.br\/scielo.php?script=sci_serial&amp;pid=1517-8692&amp;lng=en&amp;nrm=iso\" target=\"_blank\" rel=\"noopener noreferrer\">Revista Brasileira de Medicina do Esporte<\/a><\/li>\n<li><a href=\"http:\/\/www.revistamotricidade.com\/\" target=\"_blank\" rel=\"noopener noreferrer\">Revista Motricidade<\/a><\/li>\n<\/ul>\n<p style=\"text-align: center\"><strong>Qualis B2\/CAPES<\/strong><\/p>\n<ul>\n<li><a href=\"http:\/\/www.seer.ufrgs.br\/index.php\/Movimento\" target=\"_blank\" rel=\"noopener noreferrer\">Movimento (Porto Alegre)<\/a><\/li>\n<\/ul>\n<p style=\"text-align: center\"><strong>Qualis B3\/CAPES<\/strong><\/p>\n<p style=\"text-align: center\"><strong>Qualis B4\/CAPES<\/strong><\/p>\n<ul>\n<li><a href=\"http:\/\/www.rc.unesp.br\/ib\/efisica\/sobama\/sobamaorg\/inicio.htm\" target=\"_blank\" rel=\"noopener noreferrer\">Revista da Sociedade Brasileira de Atividade Motora Adaptada<\/a><a href=\"http:\/\/www.revistadeeducacaofisica.com.br\/a-revista-de-educacao-fisica-para-perder-barriga.htm\" target=\"_blank\" rel=\"noopener noreferrer\"><\/a><\/li>\n<li><a href=\"http:\/\/www.rpd-online.com\/\" target=\"_blank\" rel=\"noopener noreferrer\">Revista de Psicologia del Deporte<\/a><\/li>\n<\/ul>\n<p style=\"text-align: center\"><strong>Qualis B5\/CAPES<\/strong><\/p>\n<ul>\n<li><a href=\"http:\/\/online.unisc.br\/seer\/index.php\/cinergis\" target=\"_blank\" rel=\"noopener noreferrer\">Cinergis (UNISC)<\/a><\/li>\n<li><a href=\"http:\/\/proxy.furb.br\/ojs\/index.php\/dynamis\" target=\"_blank\" rel=\"noopener noreferrer\">Dynamis (FURB)<\/a><\/li>\n<li><a href=\"http:\/\/www.saudeemmovimento.com.br\/revista\/index.asp?cod_revista=33\" target=\"_blank\" rel=\"noopener noreferrer\">Revista Brasileira de Fisiologia do Exerc\u00edcio<\/a><\/li>\n<\/ul>\n<p style=\"text-align: center\"><strong>Revistas Internacionais<\/strong><\/p>\n<ul>\n<li><a href=\"http:\/\/www.apefadal.es\/\" target=\"_blank\" rel=\"noopener noreferrer\">Revista ADAL &#8211; Prfessores Educa\u00e7\u00e3o F\u00edsica \u2013 Espanha<\/a><\/li>\n<li><a href=\"http:\/\/www.revue-eps.com\/\" target=\"_blank\" rel=\"noopener noreferrer\">Revista EPS &#8211; Fran\u00e7a<\/a><\/li>\n<li><a href=\"http:\/\/www.revista-apunts.com\/en\/\" target=\"_blank\" rel=\"noopener noreferrer\">Revista Apunts &#8211; INEFC \u2013 Espanha<\/a><\/li>\n<li><a href=\"https:\/\/rpcd.fade.up.pt\/entradaPT.html\">Revista Portuguesa de Ci\u00eancias do Desporto \u00a0Pr\u00e1tica<\/a><\/li>\n<\/ul>\n<p style=\"text-align: center\"><strong>Livros<\/strong><\/p>\n<ul>\n<li><a href=\"https:\/\/portal.unisepe.com.br\/saolourenco\/wp-content\/uploads\/sites\/10005\/2022\/05\/Atividade-f\u00edsica-na-inf\u00e2ncia-e-na-adolesc\u00eancia-guia-pr\u00e1tico-para-o-pediatra.pdf\" target=\"_blank\" rel=\"noopener noreferrer\">Atividade f\u00edsica na inf\u00e2ncia e na adolesc\u00eancia guia pr\u00e1tico para o pediatra<\/a><\/li>\n<li><a href=\"https:\/\/portal.unisepe.com.br\/saolourenco\/wp-content\/uploads\/sites\/10005\/2022\/05\/Diabetes-e-exerc\u00edcio.pdf\" target=\"_blank\" rel=\"noopener noreferrer\">Diabetes e exerc\u00edcio<\/a><\/li>\n<li><a href=\"https:\/\/portal.unisepe.com.br\/saolourenco\/wp-content\/uploads\/sites\/10005\/2022\/05\/Envelhecimento-e-exerc\u00edcio.pdf\" target=\"_blank\" rel=\"noopener noreferrer\">Envelhecimento e exerc\u00edcio<\/a><\/li>\n<li><a href=\"https:\/\/portal.unisepe.com.br\/saolourenco\/wp-content\/uploads\/sites\/10005\/2022\/05\/Esportes-e-atividades-f\u00edsicas-inclusivas-v.1..pdf\" target=\"_blank\" rel=\"noopener noreferrer\">Esportes e atividades f\u00edsicas inclusivas &#8211; v.2.<\/a><\/li>\n<li><a href=\"https:\/\/portal.unisepe.com.br\/saolourenco\/wp-content\/uploads\/sites\/10005\/2022\/05\/Esportes-e-atividades-f\u00edsicas-inclusivas-v.4..pdf\" target=\"_blank\" rel=\"noopener noreferrer\">Esportes e atividades f\u00edsicas inclusivas &#8211; v.4.<\/a><\/li>\n<li><a href=\"https:\/\/portal.unisepe.com.br\/saolourenco\/wp-content\/uploads\/sites\/10005\/2022\/05\/Esportes-e-atividades-f\u00edsicas-inclusivas-v.1..pdf\">Esportes e atividades f\u00edsicas inclusivas <\/a> <a href=\"https:\/\/portal.unisepe.com.br\/saolourenco\/wp-content\/uploads\/sites\/10005\/2022\/05\/Obsidade-e-exerc\u00edcio.pdf\">Obesidade e exerc\u00edcio<\/a><\/li>\n<li><a href=\"https:\/\/portal.unisepe.com.br\/saolourenco\/wp-content\/uploads\/sites\/10005\/2022\/05\/Prescri\u00e7\u00e3o-de-exerc\u00edcios-e-atividade-f\u00edsica-para-crian\u00e7as-e-adolescentes.pdf\">Prescri\u00e7\u00e3o de exerc\u00edcios e atividade f\u00edsica para crian\u00e7as e adolescentes<\/a><\/li>\n<li><a href=\"https:\/\/conteudo.cbf.com.br\/cdn\/201909\/20190902145532_358.pdf\" target=\"_blank\" rel=\"noopener noreferrer\">Regras do Futebol<\/a><\/li>\n<li><a href=\"https:\/\/cbv.com.br\/pdf\/regulamento\/quadra\/REGRAS-DE-QUADRA-2017-2020.pdf\" target=\"_blank\" rel=\"noopener noreferrer\">Regras do Voleibol<\/a><\/li>\n<li><a href=\"https:\/\/www.cbb.com.br\/wp-content\/uploads\/Regras-Oficiais-de-Basketball-FIBA-2020-Traduzida-para-Portugues.pdf\" target=\"_blank\" rel=\"noopener noreferrer\">Regras do Basquetebol<\/a><\/li>\n<li><a href=\"http:\/\/fphand.com.br\/home\/wp-content\/uploads\/2018\/04\/20180423_REGRAS_OFICIAIS_HANDEBOL.pdf\" target=\"_blank\" rel=\"noopener noreferrer\">Regras do Handebol<\/a><\/li>\n<li><a href=\"https:\/\/62ffb8c5-1ed3-45a0-b82d-b1a83a962e4a.filesusr.com\/ugd\/6d94a1_c59d58a3d1944db9aadea19be15e401f.pdf\" target=\"_blank\" rel=\"noopener noreferrer\">Regras do Futsal<\/a><\/li>\n<li><a href=\"https:\/\/cbda.org.br\/_uploads\/natacao\/RegrasOficiaisNatacao2017_2021.pdf\" target=\"_blank\" rel=\"noopener noreferrer\">Regras da Nata\u00e7\u00e3o<\/a><\/li>\n<li><a href=\"https:\/\/www.cbat.org.br\/repositorio\/cbat\/documentos_oficiais\/regras\/regrascompeticaoeregrastecnicas2022.pdf\" target=\"_blank\" rel=\"noopener noreferrer\">Regras do Atletismo<\/a><\/li>\n<\/ul>\n","protected":false},"excerpt":{"rendered":"<p>Revistas\u00a0 A Gazeta Esportiva Aventura Brasil Lance! T\u00eanis Brasil UOL Esporte Caderno de Educa\u00e7\u00e3o F\u00edsica e Esporte Caderno de Educa\u00e7\u00e3o F\u00edsica: Estudos e Reflex\u00f5es Educa\u00e7\u00e3o F\u00edsica em Revista Gracie Magazine Placar Tennis View SportTerra Revista CBCE Revista Motriz Revista Universidade Estadual de Maring\u00e1 Revista Movimento Motriviv\u00eancia Motriz. Journal of Physical<\/p>\n","protected":false},"author":4,"featured_media":0,"parent":717,"menu_order":0,"comment_status":"closed","ping_status":"closed","template":"templates\/template-pagina_menu_vertical.php","meta":{"footnotes":""},"categories":[],"tags":[],"class_list":["post-3132","page","type-page","status-publish","hentry"],"_links":{"self":[{"href":"https:\/\/portal.unisepe.com.br\/saolourenco\/wp-json\/wp\/v2\/pages\/3132","targetHints":{"allow":["GET"]}}],"collection":[{"href":"https:\/\/portal.unisepe.com.br\/saolourenco\/wp-json\/wp\/v2\/pages"}],"about":[{"href":"https:\/\/portal.unisepe.com.br\/saolourenco\/wp-json\/wp\/v2\/types\/page"}],"author":[{"embeddable":true,"href":"https:\/\/portal.unisepe.com.br\/saolourenco\/wp-json\/wp\/v2\/users\/4"}],"replies":[{"embeddable":true,"href":"https:\/\/portal.unisepe.com.br\/saolourenco\/wp-json\/wp\/v2\/comments?post=3132"}],"version-history":[{"count":22,"href":"https:\/\/portal.unisepe.com.br\/saolourenco\/wp-json\/wp\/v2\/pages\/3132\/revisions"}],"predecessor-version":[{"id":6242,"href":"https:\/\/portal.unisepe.com.br\/saolourenco\/wp-json\/wp\/v2\/pages\/3132\/revisions\/6242"}],"up":[{"embeddable":true,"href":"https:\/\/portal.unisepe.com.br\/saolourenco\/wp-json\/wp\/v2\/pages\/717"}],"wp:attachment":[{"href":"https:\/\/portal.unisepe.com.br\/saolourenco\/wp-json\/wp\/v2\/media?parent=3132"}],"wp:term":[{"taxonomy":"category","embeddable":true,"href":"https:\/\/portal.unisepe.com.br\/saolourenco\/wp-json\/wp\/v2\/categories?post=3132"},{"taxonomy":"post_tag","embeddable":true,"href":"https:\/\/portal.unisepe.com.br\/saolourenco\/wp-json\/wp\/v2\/tags?post=3132"}],"curies":[{"name":"wp","href":"https:\/\/api.w.org\/{rel}","templated":true}]}}