{"id":3153,"date":"2018-09-20T08:45:22","date_gmt":"2018-09-20T11:45:22","guid":{"rendered":"http:\/\/portal.unisepe.com.br\/saolourenco\/?page_id=3153"},"modified":"2018-09-20T09:00:58","modified_gmt":"2018-09-20T12:00:58","slug":"estetica-e-cosmetica","status":"publish","type":"page","link":"https:\/\/portal.unisepe.com.br\/saolourenco\/biblioteca\/revistas\/estetica-e-cosmetica\/","title":{"rendered":"Est\u00e9tica e Cosm\u00e9tica"},"content":{"rendered":"<ul>\n<li><a href=\"http:\/\/www.scielo.br\/scielo.php?script=sci_serial&amp;pid=0102-8650&amp;lng=en&amp;nrm=iso\" target=\"_blank\" rel=\"noopener\">Acta Cirurgica Brasileira<\/a><\/li>\n<li><a href=\"http:\/\/www.scielo.br\/scielo.php?script=sci_serial&amp;pid=0365-0596&amp;lng=en&amp;nrm=iso\" target=\"_blank\" rel=\"noopener\">Anais Br. De Dermatol<\/a><\/li>\n<li><a href=\"http:\/\/www.scielo.br\/scielo.php?script=sci_serial&amp;pid=1983-5175&amp;lng=en&amp;nrm=iso\" target=\"_blank\" rel=\"noopener\">Rev Br. Cirurgia Pl\u00e1stica<\/a><\/li>\n<li><a href=\"http:\/\/www.scielo.br\/scielo.php?script=sci_serial&amp;pid=1413-3555&amp;lng=en&amp;nrm=iso\" target=\"_blank\" rel=\"noopener\">Rev Br. de Fisioterapia<\/a><\/li>\n<li><a href=\"http:\/\/www.scielo.br\/scielo.php?script=sci_serial&amp;pid=1516-9332&amp;lng=en&amp;nrm=iso\" target=\"_blank\" rel=\"noopener\">Rev Br. Ciencias Farmaceuticas<\/a><\/li>\n<li><a href=\"http:\/\/www.scielo.br\/scielo.php?script=sci_serial&amp;pid=1415-5273&amp;lng=en&amp;nrm=iso\" target=\"_blank\" rel=\"noopener\">Rev de Nutri\u00e7\u00e3o<\/a><\/li>\n<li><a href=\"http:\/\/www.scielo.br\/scielo.php?script=sci_serial&amp;pid=0102-695X&amp;lng=en&amp;nrm=iso\" target=\"_blank\" rel=\"noopener\">Rev Br. de Farmacognosia<\/a><\/li>\n<li><a href=\"http:\/\/www.cosmeticsonline.com.br\/\" target=\"_blank\" rel=\"noopener\">Revista de Cosm\u00e9ticos e Tecnologia Brasil<\/a><\/li>\n<li><a href=\"http:\/\/www.scielo.br\/scielo.php?script=sci_serial&amp;pid=0041-8781&amp;lng=en&amp;nrm=iso\" target=\"_blank\" rel=\"noopener\">Rev do Hospital das Cl\u00ednicas<\/a><\/li>\n<li><a href=\"http:\/\/www.scielo.br\/scielo.php?script=sci_serial&amp;pid=1516-8913&amp;lng=en&amp;nrm=iso\" target=\"_blank\" rel=\"noopener\">Brazilian Archives of Biology and Technology<\/a><\/li>\n<li><a href=\"http:\/\/www.scielo.br\/scielo.php?script=sci_serial&amp;pid=1516-0572&amp;lng=en&amp;nrm=iso\" target=\"_blank\" rel=\"noopener\">Revista Brasileira de Plantas Medicina<\/a><\/li>\n<li><a href=\"http:\/\/www.scielo.br\/scielo.php?script=sci_serial&amp;pid=0004-2730&amp;lng=en&amp;nrm=iso\" target=\"_blank\" rel=\"noopener\">Arquivos Brasileiros de Endocrinologia &amp; Metabologia<\/a><\/li>\n<li><a href=\"http:\/\/www.scielo.br\/scielo.php?script=sci_serial&amp;pid=0100-879X&amp;lng=en&amp;nrm=iso\" target=\"_blank\" rel=\"noopener\">Brazilian Journal of Medical and Biological Research<\/a><\/li>\n<li><a href=\"https:\/\/home.liebertpub.com\/publications\/alternative-and-complementary-therapies\/3\" target=\"_blank\" rel=\"noopener\">Alternative and Complementary Therapies<\/a><\/li>\n<li><a href=\"http:\/\/www.liebertpub.com\/overview\/clinical-natural-medicine-handbook\/293\/\" target=\"_blank\" rel=\"noopener\">Clinical Natural Medicine Handbook<\/a><\/li>\n<li><a href=\"https:\/\/home.liebertpub.com\/publications\/journal-of-alternative-and-complementary-medicine-the\/26\" target=\"_blank\" rel=\"noopener\">The Journal of Alternative and Complementary Medicine<\/a><\/li>\n<li><a href=\"https:\/\/home.liebertpub.com\/publications\/medical-acupuncture\/233\" target=\"_blank\" rel=\"noopener\">Medical Acupuncture<\/a><\/li>\n<li><a href=\"https:\/\/home.liebertpub.com\/publications\/photomedicine-and-laser-surgery\/128\/overview\" target=\"_blank\" rel=\"noopener\">Photomedicine and Laser Surgery<\/a><\/li>\n<li><a href=\"https:\/\/home.liebertpub.com\/publications\/antioxidants-and-redox-signaling\/4\/overview\" target=\"_blank\" rel=\"noopener\">Antioxidants &amp; Redox Signaling<\/a><\/li>\n<li><a href=\"https:\/\/home.liebertpub.com\/publications\/dna-and-cell-biology\/13\">DNA and Cell Biology<\/a><\/li>\n<li><a href=\"https:\/\/home.liebertpub.com\/publications\/journal-of-caffeine-and-adenosine-research\/388\" target=\"_blank\" rel=\"noopener\">Journal of Caffeine Research<\/a><\/li>\n<li><a href=\"http:\/\/www.liebertpub.com\/overview\/journal-of-medicinal-food\/38\" target=\"_blank\" rel=\"noopener\">Journal of Medicinal Food<\/a><\/li>\n<li><a href=\"https:\/\/home.liebertpub.com\/publications\/rejuvenation-research\/127\" target=\"_blank\" rel=\"noopener\">Rejuvenation Research<\/a><\/li>\n<li><a href=\"https:\/\/home.liebertpub.com\/publications\/industrial-biotechnology\/140\/overview\" target=\"_blank\" rel=\"noopener\">Industrial Biotechnology<\/a><\/li>\n<li><a href=\"http:\/\/www.scielo.br\/scielo.php?script=sci_serial&amp;pid=1809-2950&amp;lng=en&amp;nrm=iso\" target=\"_blank\" rel=\"noopener\">Fisioterapia e Pesquisa<\/a><\/li>\n<li><a href=\"http:\/\/www.periodicos.capes.gov.br\/\" target=\"_blank\" rel=\"noopener\">Portal CAPES<\/a><\/li>\n<li><a href=\"http:\/\/portal.unisepe.com.br\/saolourenco\/wp-content\/uploads\/sites\/10005\/2018\/09\/pnau.pdf\">Pol\u00edtica Nacional de Aten\u00e7\u00e3o \u00e0s Urg\u00eancias<\/a><\/li>\n<\/ul>\n","protected":false},"excerpt":{"rendered":"<p>Acta Cirurgica Brasileira Anais Br. De Dermatol Rev Br. Cirurgia Pl\u00e1stica Rev Br. de Fisioterapia Rev Br. Ciencias Farmaceuticas Rev de Nutri\u00e7\u00e3o Rev Br. de Farmacognosia Revista de Cosm\u00e9ticos e Tecnologia Brasil Rev do Hospital das Cl\u00ednicas Brazilian Archives of Biology and Technology Revista Brasileira de Plantas Medicina Arquivos Brasileiros<\/p>\n","protected":false},"author":4,"featured_media":0,"parent":717,"menu_order":0,"comment_status":"closed","ping_status":"closed","template":"templates\/template-pagina_menu_vertical.php","meta":{"footnotes":""},"categories":[],"tags":[],"class_list":["post-3153","page","type-page","status-publish","hentry"],"_links":{"self":[{"href":"https:\/\/portal.unisepe.com.br\/saolourenco\/wp-json\/wp\/v2\/pages\/3153","targetHints":{"allow":["GET"]}}],"collection":[{"href":"https:\/\/portal.unisepe.com.br\/saolourenco\/wp-json\/wp\/v2\/pages"}],"about":[{"href":"https:\/\/portal.unisepe.com.br\/saolourenco\/wp-json\/wp\/v2\/types\/page"}],"author":[{"embeddable":true,"href":"https:\/\/portal.unisepe.com.br\/saolourenco\/wp-json\/wp\/v2\/users\/4"}],"replies":[{"embeddable":true,"href":"https:\/\/portal.unisepe.com.br\/saolourenco\/wp-json\/wp\/v2\/comments?post=3153"}],"version-history":[{"count":5,"href":"https:\/\/portal.unisepe.com.br\/saolourenco\/wp-json\/wp\/v2\/pages\/3153\/revisions"}],"predecessor-version":[{"id":3159,"href":"https:\/\/portal.unisepe.com.br\/saolourenco\/wp-json\/wp\/v2\/pages\/3153\/revisions\/3159"}],"up":[{"embeddable":true,"href":"https:\/\/portal.unisepe.com.br\/saolourenco\/wp-json\/wp\/v2\/pages\/717"}],"wp:attachment":[{"href":"https:\/\/portal.unisepe.com.br\/saolourenco\/wp-json\/wp\/v2\/media?parent=3153"}],"wp:term":[{"taxonomy":"category","embeddable":true,"href":"https:\/\/portal.unisepe.com.br\/saolourenco\/wp-json\/wp\/v2\/categories?post=3153"},{"taxonomy":"post_tag","embeddable":true,"href":"https:\/\/portal.unisepe.com.br\/saolourenco\/wp-json\/wp\/v2\/tags?post=3153"}],"curies":[{"name":"wp","href":"https:\/\/api.w.org\/{rel}","templated":true}]}}