{"id":3160,"date":"2018-09-20T09:06:05","date_gmt":"2018-09-20T12:06:05","guid":{"rendered":"http:\/\/portal.unisepe.com.br\/saolourenco\/?page_id=3160"},"modified":"2023-04-13T21:06:46","modified_gmt":"2023-04-14T00:06:46","slug":"gestao-de-rh","status":"publish","type":"page","link":"https:\/\/portal.unisepe.com.br\/saolourenco\/biblioteca\/revistas\/gestao-de-rh\/","title":{"rendered":"Gest\u00e3o de RH"},"content":{"rendered":"<p style=\"text-align: center\"><strong>Revistas<\/strong><\/p>\n<ul>\n<li><a href=\"http:\/\/www.gestaoerh.com.br\/\" target=\"_blank\" rel=\"noopener noreferrer\">Gest\u00e3o RH<\/a><\/li>\n<li><a href=\"http:\/\/www.empresario.com.br\/index.php\" target=\"_blank\" rel=\"noopener noreferrer\">Empres\u00e1rio Online<\/a><\/li>\n<li><a href=\"http:\/\/guiarh.com.br\/\" target=\"_blank\" rel=\"noopener noreferrer\">Guia Online de Recursos Humanos<\/a><\/li>\n<li><a href=\"http:\/\/anpad.org.br\/periodicos\/content\/frame_base.php?revista=2\" target=\"_blank\" rel=\"noopener noreferrer\">BAR \u2013 Brazilian Administration Review<\/a><\/li>\n<li><a href=\"https:\/\/www.ufpe.br\/gestaoorg\/index.php\/gestao\" target=\"_blank\" rel=\"noopener noreferrer\">Gest\u00e3o.Org \u2013 Revista Eletr\u00f4nica de Gest\u00e3o Organizacional<\/a><\/li>\n<li><a href=\"http:\/\/anpad.org.br\/periodicos\/content\/frame_base.php?revista=1\" target=\"_blank\" rel=\"noopener noreferrer\">RAC \u2013 Revista de Administra\u00e7\u00e3o Contempor\u00e2nea<\/a><\/li>\n<li><a href=\"http:\/\/www.scielo.br\/scielo.php?script=sci_serial&amp;pid=0034-7612&amp;nrm=iso&amp;rep=&amp;lng=pt\" target=\"_blank\" rel=\"noopener noreferrer\">RAP &#8211; Revista de Administra\u00e7\u00e3o P\u00fablica<\/a><\/li>\n<li><a href=\"http:\/\/rausp.usp.br\/\" target=\"_blank\" rel=\"noopener noreferrer\">RAUSP \u2013 Revista de Administra\u00e7\u00e3o da Universidade de S\u00e3o Paulo<\/a><\/li>\n<li><a href=\"https:\/\/www.unifor.br\/\" target=\"_blank\" rel=\"noopener noreferrer\">Revista Ci\u00eancias Administrativas UNIFOR<\/a><a href=\"http:\/\/www.maringamanagement.com.br\/novo\/index.php\/ojs\/index\" target=\"_blank\" rel=\"noopener noreferrer\"><\/a><\/li>\n<li><a href=\"http:\/\/revistas.ung.br\/index.php\/3setor\" target=\"_blank\" rel=\"noopener noreferrer\">Revista Terceiro Setor &#8211; UNG<\/a><\/li>\n<\/ul>\n<p style=\"text-align: center\"><strong>Links<\/strong><\/p>\n<ul>\n<li><a href=\"https:\/\/www.abrhba.org.br\/\" target=\"_blank\" rel=\"noopener noreferrer\">ABRH &#8211; Bahia<\/a><\/li>\n<li><a href=\"http:\/\/www.abrhce.com.br\/\" target=\"_blank\" rel=\"noopener noreferrer\">ABRH &#8211; Cear\u00e1<\/a><\/li>\n<li><a href=\"http:\/\/www.abrhdf.org.br\/\" target=\"_blank\" rel=\"noopener noreferrer\">ABRH &#8211; Distrito Federal<\/a><\/li>\n<li><a href=\"http:\/\/www.abrhflorianopolis.com.br\/\" target=\"_blank\" rel=\"noopener noreferrer\">ABRH &#8211; Florian\u00f3polis<\/a><\/li>\n<li><a href=\"http:\/\/www.abrh-pr.org.br\/\" target=\"_blank\" rel=\"noopener noreferrer\">ABRH &#8211; Paran\u00e1<\/a><\/li>\n<li><a href=\"http:\/\/www.abrhrj.org.br\/\" target=\"_blank\" rel=\"noopener noreferrer\">ABRH &#8211; Rio de Janeiro<\/a><\/li>\n<li><a href=\"http:\/\/www.abrhrs.org.br\/\" target=\"_blank\" rel=\"noopener noreferrer\">ABRH &#8211; Rio Grande do Sul<\/a><\/li>\n<li><a href=\"http:\/\/www.previdencia.gov.br\/\" target=\"_blank\" rel=\"noopener noreferrer\">Previd\u00eancia Social<\/a><\/li>\n<li><a href=\"http:\/\/www.redepsi.com.br\/\" target=\"_blank\" rel=\"noopener noreferrer\">Rede Psiquiatra<\/a><\/li>\n<li><a href=\"https:\/\/crp04.org.br\/\" target=\"_blank\" rel=\"noopener noreferrer\">Conselho Regional de Psicologia de Minas Gerais<\/a><\/li>\n<li><a href=\"https:\/\/www.cra-rj.adm.br\" target=\"_blank\" rel=\"noopener noreferrer\">Conselho Regional dos Administradores do Rio de Janeiro<\/a><\/li>\n<li><a href=\"http:\/\/www.ismabrasil.com.br\/\" target=\"_blank\" rel=\"noopener noreferrer\">ISMA &#8211; International Stress Management Association<\/a><\/li>\n<li><a href=\"http:\/\/www.ibd.org.br\/\" target=\"_blank\" rel=\"noopener noreferrer\">Instituto Brasileiro de Diversidade<\/a><\/li>\n<li><a href=\"https:\/\/www3.ethos.org.br\/\" target=\"_blank\" rel=\"noopener noreferrer\">Instituto de Responsabilidade Social<\/a><\/li>\n<li><a href=\"http:\/\/www.sbgc.org.br\/\" target=\"_blank\" rel=\"noopener noreferrer\">Sociedade Brasileira de Gest\u00e3o do Conhecimento<\/a><\/li>\n<li><a href=\"http:\/\/www.sbdg.org.br\/web\/site\/\" target=\"_blank\" rel=\"noopener noreferrer\">Sociedade Brasileira de Din\u00e2mica de Grupo<\/a><\/li>\n<li><a href=\"http:\/\/www.redepsi.com.br\/\" target=\"_blank\" rel=\"noopener noreferrer\">O portal do psic\u00f3logo<\/a><\/li>\n<li><a href=\"https:\/\/www.amputadosvencedores.com.br\/\" target=\"_blank\" rel=\"noopener noreferrer\">Amputados Vencedores<\/a><\/li>\n<li><a href=\"http:\/\/www.boog.com.br\/\" target=\"_blank\" rel=\"noopener noreferrer\">Sistema Boog de Consultoria<\/a><\/li>\n<li><a href=\"https:\/\/blog.solides.com.br\/profiler\/\" target=\"_blank\" rel=\"noopener noreferrer\">RH Profiler &#8211; Sistema de Identifica\u00e7\u00e3o de Perfil Profissional<\/a><\/li>\n<li><a href=\"https:\/\/www.vagas.com.br\/\" target=\"_blank\" rel=\"noopener noreferrer\">Vagas &#8211; Site de curriculos e recrutamentos<\/a><\/li>\n<li><a href=\"https:\/\/www.catho.com.br\/\" target=\"_blank\" rel=\"noopener noreferrer\">Catho &#8211; Site de curr\u00edculos e recrutamento<\/a><\/li>\n<li><a href=\"http:\/\/www.estagionet.com.br\/\" target=\"_blank\" rel=\"noopener noreferrer\">Estagionet &#8211; Site para busca de estagi\u00e1rios<\/a><\/li>\n<li><a href=\"https:\/\/portal.ciee.org.br\/\" target=\"_blank\" rel=\"noopener noreferrer\">Centro de Integra\u00e7\u00e3o Empresa-Escola<\/a><\/li>\n<\/ul>\n","protected":false},"excerpt":{"rendered":"<p>Revistas Gest\u00e3o RH Empres\u00e1rio Online Guia Online de Recursos Humanos BAR \u2013 Brazilian Administration Review Gest\u00e3o.Org \u2013 Revista Eletr\u00f4nica de Gest\u00e3o Organizacional RAC \u2013 Revista de Administra\u00e7\u00e3o Contempor\u00e2nea RAP &#8211; Revista de Administra\u00e7\u00e3o P\u00fablica RAUSP \u2013 Revista de Administra\u00e7\u00e3o da Universidade de S\u00e3o Paulo Revista Ci\u00eancias Administrativas UNIFOR Revista Terceiro<\/p>\n","protected":false},"author":4,"featured_media":0,"parent":717,"menu_order":0,"comment_status":"closed","ping_status":"closed","template":"templates\/template-pagina_menu_vertical.php","meta":{"footnotes":""},"categories":[],"tags":[],"class_list":["post-3160","page","type-page","status-publish","hentry"],"_links":{"self":[{"href":"https:\/\/portal.unisepe.com.br\/saolourenco\/wp-json\/wp\/v2\/pages\/3160","targetHints":{"allow":["GET"]}}],"collection":[{"href":"https:\/\/portal.unisepe.com.br\/saolourenco\/wp-json\/wp\/v2\/pages"}],"about":[{"href":"https:\/\/portal.unisepe.com.br\/saolourenco\/wp-json\/wp\/v2\/types\/page"}],"author":[{"embeddable":true,"href":"https:\/\/portal.unisepe.com.br\/saolourenco\/wp-json\/wp\/v2\/users\/4"}],"replies":[{"embeddable":true,"href":"https:\/\/portal.unisepe.com.br\/saolourenco\/wp-json\/wp\/v2\/comments?post=3160"}],"version-history":[{"count":10,"href":"https:\/\/portal.unisepe.com.br\/saolourenco\/wp-json\/wp\/v2\/pages\/3160\/revisions"}],"predecessor-version":[{"id":6246,"href":"https:\/\/portal.unisepe.com.br\/saolourenco\/wp-json\/wp\/v2\/pages\/3160\/revisions\/6246"}],"up":[{"embeddable":true,"href":"https:\/\/portal.unisepe.com.br\/saolourenco\/wp-json\/wp\/v2\/pages\/717"}],"wp:attachment":[{"href":"https:\/\/portal.unisepe.com.br\/saolourenco\/wp-json\/wp\/v2\/media?parent=3160"}],"wp:term":[{"taxonomy":"category","embeddable":true,"href":"https:\/\/portal.unisepe.com.br\/saolourenco\/wp-json\/wp\/v2\/categories?post=3160"},{"taxonomy":"post_tag","embeddable":true,"href":"https:\/\/portal.unisepe.com.br\/saolourenco\/wp-json\/wp\/v2\/tags?post=3160"}],"curies":[{"name":"wp","href":"https:\/\/api.w.org\/{rel}","templated":true}]}}