{"id":317,"date":"2016-07-11T23:59:22","date_gmt":"2016-07-11T23:59:22","guid":{"rendered":"http:\/\/www.fvr.edu.br\/fvr\/site\/?page_id=317"},"modified":"2025-10-23T16:21:51","modified_gmt":"2025-10-23T19:21:51","slug":"cienciasbiologicas","status":"publish","type":"page","link":"https:\/\/portal.unisepe.com.br\/saolourenco\/cienciasbiologicas\/","title":{"rendered":"Ci\u00eancias Biol\u00f3gicas"},"content":{"rendered":"<p><strong><br \/>\n<img loading=\"lazy\" decoding=\"async\" class=\"wp-image-1218 size-thumbnail alignleft\" src=\"http:\/\/portal.unisepe.com.br\/saolourenco\/wp-content\/uploads\/sites\/10005\/2018\/09\/cbiologia.png\" width=\"150\" height=\"150\" \/>Miss\u00e3o<br \/>\n<\/strong><\/p>\n<p style=\"text-align: justify;\" align=\"justify\">A Biologia \u00e9 a ci\u00eancia que estuda os mecanismos que regulam os processos vitais, os seres vivos e os ambientes, bem como as diversas rela\u00e7\u00f5es entre eles. O bi\u00f3logo \u00e9 o profissional que aborda o estudo da natureza e de suas formas de vida, desde seu surgimento at\u00e9 os dias atuais. Os conhecimentos gerados no \u00e2mbito das Ci\u00eancias Biol\u00f3gicas contemplam a compreens\u00e3o de diversos aspectos ambientais, o que permite o entendimento das complexas rela\u00e7\u00f5es entre o homem e o ambiente.<br \/>\nAo licenciado em Biologia, cabe transmitir conhecimentos, estimulando o esp\u00edrito cient\u00edfico de observa\u00e7\u00e3o, indaga\u00e7\u00e3o, an\u00e1lise e experimenta\u00e7\u00e3o sobre os componentes da natureza.<br \/>\nDe acordo com a Lei 6684\/79, \u00e9 garantido ao licenciado em Biologia filiar-se ao Conselho Regional de Biologia, o qual orienta, disciplina e fiscaliza o exerc\u00edcio legal da profiss\u00e3o de Bi\u00f3logo, al\u00e9m de contribuir para a forma\u00e7\u00e3o e o aprimoramento desses profissionais.<br \/>\nS\u00e3o diferenciais do curso de<strong>\u00a0Ci\u00eancias Biol\u00f3gicas<\/strong> do <strong>CENTRO UNIVERSIT\u00c1RIO DE S\u00c3O LOUREN\u00c7O<\/strong>: desenvolvimento de aulas te\u00f3ricas, pr\u00e1ticas e de projetos que conduzem \u00e0 capacita\u00e7\u00e3o dos alunos para a compreens\u00e3o transdisciplinar dos fen\u00f4menos biol\u00f3gicos, o que favorece a forma\u00e7\u00e3o de um profissional integral. Al\u00e9m disso, a realiza\u00e7\u00e3o peri\u00f3dica de trabalhos de campo em Parques Nacionais e Estaduais, dentre outros locais, tem contribu\u00eddo para um dinamismo diferencial na forma\u00e7\u00e3o dos bi\u00f3logos da Institui\u00e7\u00e3o.<br \/>\nNo Curso de Ci\u00eancias Biol\u00f3gicas, os alunos disp\u00f5em de\u00a0<strong>Laborat\u00f3rios de: Qu\u00edmica, F\u00edsica, Biologia e Anatomia,\u00a0<\/strong>devidamente estruturados para as aulas pr\u00e1ticas.<br \/>\n<strong>Quanto ao mercado de trabalho,<\/strong>\u00a0em todas as regi\u00f5es, h\u00e1 oportunidades de atua\u00e7\u00e3o no ensino p\u00fablico e privado para lecionar Ci\u00eancias e Biologia. O profissional de Biologia pode atuar, ainda, em consultorias e assessorias para empresas ou pessoas f\u00edsicas, frente a uma demanda cada vez maior pela quest\u00e3o ambiental. Pode ocupar tamb\u00e9m cargos comissionados ou efetivos de diversas institui\u00e7\u00f5es p\u00fablicas ou privadas, al\u00e9m de ter a possibilidade de trabalhar nas \u00e1reas de educa\u00e7\u00e3o ambiental, an\u00e1lises cl\u00ednicas, ind\u00fastrias, zool\u00f3gicos, unidades de conserva\u00e7\u00e3o, dentre diversas outras \u00e1reas de atua\u00e7\u00e3o.<\/p>\n<p style=\"text-align: justify;\" align=\"justify\">\n","protected":false},"excerpt":{"rendered":"<p>Miss\u00e3o A Biologia \u00e9 a ci\u00eancia que estuda os mecanismos que regulam os processos vitais, os seres vivos e os ambientes, bem como as diversas rela\u00e7\u00f5es entre eles. O bi\u00f3logo \u00e9 o profissional que aborda o estudo da natureza e de suas formas de vida, desde seu surgimento at\u00e9 os<\/p>\n","protected":false},"author":1,"featured_media":0,"parent":0,"menu_order":0,"comment_status":"closed","ping_status":"closed","template":"templates\/template-curso_menu_vertical.php","meta":{"footnotes":""},"categories":[],"tags":[],"class_list":["post-317","page","type-page","status-publish","hentry"],"_links":{"self":[{"href":"https:\/\/portal.unisepe.com.br\/saolourenco\/wp-json\/wp\/v2\/pages\/317","targetHints":{"allow":["GET"]}}],"collection":[{"href":"https:\/\/portal.unisepe.com.br\/saolourenco\/wp-json\/wp\/v2\/pages"}],"about":[{"href":"https:\/\/portal.unisepe.com.br\/saolourenco\/wp-json\/wp\/v2\/types\/page"}],"author":[{"embeddable":true,"href":"https:\/\/portal.unisepe.com.br\/saolourenco\/wp-json\/wp\/v2\/users\/1"}],"replies":[{"embeddable":true,"href":"https:\/\/portal.unisepe.com.br\/saolourenco\/wp-json\/wp\/v2\/comments?post=317"}],"version-history":[{"count":4,"href":"https:\/\/portal.unisepe.com.br\/saolourenco\/wp-json\/wp\/v2\/pages\/317\/revisions"}],"predecessor-version":[{"id":6797,"href":"https:\/\/portal.unisepe.com.br\/saolourenco\/wp-json\/wp\/v2\/pages\/317\/revisions\/6797"}],"wp:attachment":[{"href":"https:\/\/portal.unisepe.com.br\/saolourenco\/wp-json\/wp\/v2\/media?parent=317"}],"wp:term":[{"taxonomy":"category","embeddable":true,"href":"https:\/\/portal.unisepe.com.br\/saolourenco\/wp-json\/wp\/v2\/categories?post=317"},{"taxonomy":"post_tag","embeddable":true,"href":"https:\/\/portal.unisepe.com.br\/saolourenco\/wp-json\/wp\/v2\/tags?post=317"}],"curies":[{"name":"wp","href":"https:\/\/api.w.org\/{rel}","templated":true}]}}