{"id":3219,"date":"2018-09-20T19:22:21","date_gmt":"2018-09-20T22:22:21","guid":{"rendered":"http:\/\/portal.unisepe.com.br\/saolourenco\/?page_id=3219"},"modified":"2022-06-27T20:35:56","modified_gmt":"2022-06-27T23:35:56","slug":"psicologia","status":"publish","type":"page","link":"https:\/\/portal.unisepe.com.br\/saolourenco\/biblioteca\/revistas\/psicologia\/","title":{"rendered":"Psicologia"},"content":{"rendered":"<ul>\n<li><a href=\"http:\/\/www.psicodoc.org\/pt\/home.htm\" target=\"_blank\" rel=\"noopener noreferrer\">Base de dados de psicologia PSICODOC<\/a><\/li>\n<li><a href=\"http:\/\/www.bvs-psi.org.br\/php\/index.php\" target=\"_blank\" rel=\"noopener noreferrer\">BVS Psicologia<\/a><\/li>\n<li><a href=\"http:\/\/portal.unisepe.com.br\/saolourenco\/wp-content\/uploads\/sites\/10005\/2018\/09\/Co\u0301digo-de-\u00c9tica.pdf\">C\u00f3digo de \u00c9tica Profissional Psic\u00f3logo<\/a><a href=\"http:\/\/portal.pepsic.bvsalud.org\/php\/index.php?lang=pt\" target=\"_blank\" rel=\"noopener noreferrer\"><\/a><\/li>\n<li><a href=\"http:\/\/www.uel.br\/revistas\/uel\/index.php\/eip\" target=\"_blank\" rel=\"noopener noreferrer\">Estudos Interdisciplinares em Psicologia<\/a><\/li>\n<li><a href=\"https:\/\/portal.unisepe.com.br\/saolourenco\/wp-content\/uploads\/sites\/10005\/2022\/06\/Epistemologia-da-Ci\u00eancia-da-Administra\u00e7\u00e3o.pdf\" target=\"_blank\" rel=\"noopener noreferrer\">Epistemologia da Ci\u00eancia da Administra\u00e7\u00e3o<\/a><\/li>\n<li><a href=\"http:\/\/portal.pepsic.bvsalud.org\/php\/index.php?lang=pt\" target=\"_blank\" rel=\"noopener noreferrer\">Pepsic<\/a><a href=\"http:\/\/www.psicodoc.org\/pt\/home.htm\" target=\"_blank\" rel=\"noopener noreferrer\"><\/a><a href=\"http:\/\/portal.unisepe.com.br\/saolourenco\/wp-content\/uploads\/sites\/10005\/2018\/09\/Co\u0301digo-de-\u00c9tica.pdf\"><\/a><\/li>\n<li><a href=\"http:\/\/pepsic.bvsalud.org\/scielo.php?script=sci_serial&amp;pid=1677-0471\" target=\"_blank\" rel=\"noopener noreferrer\">Revista Avalia\u00e7\u00e3o Psicol\u00f3gica<\/a><\/li>\n<li><a href=\"http:\/\/www.scielo.br\/scielo.php?script=sci_serial&amp;pid=1516-4446&amp;lng=en&amp;nrm=iso\" target=\"_blank\" rel=\"noopener noreferrer\">Revista\u00a0\u2013 Brasileira de Psiquiatria<\/a><\/li>\n<li><a href=\"http:\/\/www.scielo.br\/scielo.php?script=sci_serial&amp;pid=0103-166X&amp;lng=en&amp;nrm=iso\" target=\"_blank\" rel=\"noopener noreferrer\">Revista Estudos de Psicologia ( PUC CAMPINAS )<\/a><\/li>\n<li><a href=\"http:\/\/pepsic.bvsalud.org\/scielo.php?script=sci_serial&amp;pid=0103-5665\" target=\"_blank\" rel=\"noopener noreferrer\">Revista \u2013 Psicologia Cl\u00ednica<\/a><\/li>\n<li><a href=\"http:\/\/www.scielo.br\/scielo.php?script=sci_serial&amp;pid=0102-7182&amp;lng=en&amp;nrm=iso\" target=\"_blank\" rel=\"noopener noreferrer\">Revista \u2013 Psicologia e Sociedade<\/a><\/li>\n<li><a href=\"http:\/\/www.scielo.br\/scielo.php?script=sci_serial&amp;pid=0102-7972&amp;lng=en&amp;nrm=iso\" target=\"_blank\" rel=\"noopener noreferrer\">Revista Psicologia \u2013 Reflex\u00e3o e Cr\u00edtica<\/a><\/li>\n<li><a href=\"http:\/\/pepsic.bvsalud.org\/scielo.php?script=sci_serial&amp;pid=1516-3687\" target=\"_blank\" rel=\"noopener noreferrer\">Revista Psicologia \u2013 Teoria e Pr\u00e1tica<\/a><a href=\"http:\/\/pepsic.bvsalud.org\/scielo.php?script=sci_serial&amp;pid=0103-5665\" target=\"_blank\" rel=\"noopener noreferrer\"><\/a><\/li>\n<\/ul>\n","protected":false},"excerpt":{"rendered":"<p>Base de dados de psicologia PSICODOC BVS Psicologia C\u00f3digo de \u00c9tica Profissional Psic\u00f3logo Estudos Interdisciplinares em Psicologia Epistemologia da Ci\u00eancia da Administra\u00e7\u00e3o Pepsic Revista Avalia\u00e7\u00e3o Psicol\u00f3gica Revista\u00a0\u2013 Brasileira de Psiquiatria Revista Estudos de Psicologia ( PUC CAMPINAS ) Revista \u2013 Psicologia Cl\u00ednica Revista \u2013 Psicologia e Sociedade Revista Psicologia \u2013<\/p>\n","protected":false},"author":4,"featured_media":0,"parent":717,"menu_order":0,"comment_status":"closed","ping_status":"closed","template":"templates\/template-pagina_menu_vertical.php","meta":{"footnotes":""},"categories":[],"tags":[],"class_list":["post-3219","page","type-page","status-publish","hentry"],"_links":{"self":[{"href":"https:\/\/portal.unisepe.com.br\/saolourenco\/wp-json\/wp\/v2\/pages\/3219","targetHints":{"allow":["GET"]}}],"collection":[{"href":"https:\/\/portal.unisepe.com.br\/saolourenco\/wp-json\/wp\/v2\/pages"}],"about":[{"href":"https:\/\/portal.unisepe.com.br\/saolourenco\/wp-json\/wp\/v2\/types\/page"}],"author":[{"embeddable":true,"href":"https:\/\/portal.unisepe.com.br\/saolourenco\/wp-json\/wp\/v2\/users\/4"}],"replies":[{"embeddable":true,"href":"https:\/\/portal.unisepe.com.br\/saolourenco\/wp-json\/wp\/v2\/comments?post=3219"}],"version-history":[{"count":5,"href":"https:\/\/portal.unisepe.com.br\/saolourenco\/wp-json\/wp\/v2\/pages\/3219\/revisions"}],"predecessor-version":[{"id":5668,"href":"https:\/\/portal.unisepe.com.br\/saolourenco\/wp-json\/wp\/v2\/pages\/3219\/revisions\/5668"}],"up":[{"embeddable":true,"href":"https:\/\/portal.unisepe.com.br\/saolourenco\/wp-json\/wp\/v2\/pages\/717"}],"wp:attachment":[{"href":"https:\/\/portal.unisepe.com.br\/saolourenco\/wp-json\/wp\/v2\/media?parent=3219"}],"wp:term":[{"taxonomy":"category","embeddable":true,"href":"https:\/\/portal.unisepe.com.br\/saolourenco\/wp-json\/wp\/v2\/categories?post=3219"},{"taxonomy":"post_tag","embeddable":true,"href":"https:\/\/portal.unisepe.com.br\/saolourenco\/wp-json\/wp\/v2\/tags?post=3219"}],"curies":[{"name":"wp","href":"https:\/\/api.w.org\/{rel}","templated":true}]}}