{"id":3269,"date":"2018-09-24T17:34:55","date_gmt":"2018-09-24T20:34:55","guid":{"rendered":"http:\/\/portal.unisepe.com.br\/saolourenco\/?page_id=3269"},"modified":"2025-09-11T18:26:31","modified_gmt":"2025-09-11T21:26:31","slug":"matriz-curricular","status":"publish","type":"page","link":"https:\/\/portal.unisepe.com.br\/saolourenco\/educacao-fisica-bel\/matriz-curricular\/","title":{"rendered":"Matriz Curricular"},"content":{"rendered":"<ul class=\"nav nav-tabs\">\n<li class=\"nav-item\"><a class=\"nav-link active\" href=\"#tab1\" data-toggle=\"tab\">Matrizes<\/a><\/li>\n<li class=\"nav-item\"><a class=\"nav-link\" href=\"#tab2\" data-toggle=\"tab\">Informa\u00e7\u00f5es Art. 8<\/a><\/li>\n<\/ul>\n<div id=\"myTabContent\" class=\"tab-content\">\n<div id=\"tab1\" class=\"tab-pane fade active show\">\n<ul>\n<li><strong><a href=\"http:\/\/portal.unisepe.com.br\/saolourenco\/wp-content\/uploads\/sites\/10005\/2019\/05\/mat_efb.pdf\" target=\"_blank\" rel=\"noopener noreferrer\">Matriz Curricular<\/a><br \/>\n<\/strong><\/li>\n<li><strong><a href=\"https:\/\/portal.unisepe.com.br\/saolourenco\/wp-content\/uploads\/sites\/10005\/2025\/09\/Educacao-Fisica-Bacharelado-MATRIZ-2020.pdf\" target=\"_blank\" rel=\"noopener\">Matriz Curricular 2020<\/a><\/strong><\/li>\n<\/ul>\n<\/div>\n<div id=\"tab2\" class=\"tab-pane fade\">\n<h4 style=\"text-align: center\"><strong>Art. 8 da Portaria 1.428\/2018<\/strong><\/h4>\n<p>&nbsp;<\/p>\n<ul>\n<li><a href=\"http:\/\/portal.unisepe.com.br\/saolourenco\/wp-content\/uploads\/sites\/10005\/2019\/09\/PORTARIA-1428-SOCIOLOGIA-BACH.pdf\" target=\"_blank\" rel=\"noopener noreferrer\">PORTARIA 1428 &#8211; SOCIOLOGIA<\/a><\/li>\n<li><a href=\"http:\/\/portal.unisepe.com.br\/saolourenco\/wp-content\/uploads\/sites\/10005\/2019\/09\/PORTARIA-1428-DESENVOLVIMENTO-APRENDIZAGEM-E-CONTROLE-MOTOR-BACH.pdf\" target=\"_blank\" rel=\"noopener noreferrer\">PORTARIA 1428 &#8211; DESENVOLVIMENTO, APRENDIZAGEM E CONTROLE MOTOR<\/a><\/li>\n<li><a href=\"http:\/\/portal.unisepe.com.br\/saolourenco\/wp-content\/uploads\/sites\/10005\/2019\/09\/PORTARIA-1428-DID\u00c1TICA-BACH.pdf\" target=\"_blank\" rel=\"noopener noreferrer\">PORTARIA 1428 &#8211; DID\u00c1TICA<\/a><\/li>\n<li><a href=\"http:\/\/portal.unisepe.com.br\/saolourenco\/wp-content\/uploads\/sites\/10005\/2019\/09\/PORTARIA-1428-FILOSOFIA-BACH.pdf\" target=\"_blank\" rel=\"noopener noreferrer\">PORTARIA 1428 &#8211; FILOSOFIA<\/a><\/li>\n<li><a href=\"http:\/\/portal.unisepe.com.br\/saolourenco\/wp-content\/uploads\/sites\/10005\/2019\/09\/PORTARIA-1428-L\u00cdNGUA-PORTUGUESA-BACH.pdf\" target=\"_blank\" rel=\"noopener noreferrer\">PORTARIA 1428 &#8211; L\u00cdNGUA PORTUGUESA<\/a><\/li>\n<li><a href=\"http:\/\/portal.unisepe.com.br\/saolourenco\/wp-content\/uploads\/sites\/10005\/2019\/09\/PORTARIA-1428-METODOLOGIA-DA-PESQUISA-CIENT\u00cdFICA-BACH.pdf\">PORTARIA 1428 &#8211; METODOLOGIA DA PESQUISA CIENT\u00cdFICA<\/a><\/li>\n<\/ul>\n<\/div>\n<\/div>\n","protected":false},"excerpt":{"rendered":"<p>Matrizes Informa\u00e7\u00f5es Art. 8 Matriz Curricular Matriz Curricular 2020 Art. 8 da Portaria 1.428\/2018 &nbsp; PORTARIA 1428 &#8211; SOCIOLOGIA PORTARIA 1428 &#8211; DESENVOLVIMENTO, APRENDIZAGEM E CONTROLE MOTOR PORTARIA 1428 &#8211; DID\u00c1TICA PORTARIA 1428 &#8211; FILOSOFIA PORTARIA 1428 &#8211; L\u00cdNGUA PORTUGUESA PORTARIA 1428 &#8211; METODOLOGIA DA PESQUISA CIENT\u00cdFICA<\/p>\n","protected":false},"author":4,"featured_media":0,"parent":2970,"menu_order":0,"comment_status":"closed","ping_status":"closed","template":"templates\/template-curso_menu_vertical.php","meta":{"footnotes":""},"categories":[],"tags":[],"class_list":["post-3269","page","type-page","status-publish","hentry"],"_links":{"self":[{"href":"https:\/\/portal.unisepe.com.br\/saolourenco\/wp-json\/wp\/v2\/pages\/3269","targetHints":{"allow":["GET"]}}],"collection":[{"href":"https:\/\/portal.unisepe.com.br\/saolourenco\/wp-json\/wp\/v2\/pages"}],"about":[{"href":"https:\/\/portal.unisepe.com.br\/saolourenco\/wp-json\/wp\/v2\/types\/page"}],"author":[{"embeddable":true,"href":"https:\/\/portal.unisepe.com.br\/saolourenco\/wp-json\/wp\/v2\/users\/4"}],"replies":[{"embeddable":true,"href":"https:\/\/portal.unisepe.com.br\/saolourenco\/wp-json\/wp\/v2\/comments?post=3269"}],"version-history":[{"count":9,"href":"https:\/\/portal.unisepe.com.br\/saolourenco\/wp-json\/wp\/v2\/pages\/3269\/revisions"}],"predecessor-version":[{"id":6761,"href":"https:\/\/portal.unisepe.com.br\/saolourenco\/wp-json\/wp\/v2\/pages\/3269\/revisions\/6761"}],"up":[{"embeddable":true,"href":"https:\/\/portal.unisepe.com.br\/saolourenco\/wp-json\/wp\/v2\/pages\/2970"}],"wp:attachment":[{"href":"https:\/\/portal.unisepe.com.br\/saolourenco\/wp-json\/wp\/v2\/media?parent=3269"}],"wp:term":[{"taxonomy":"category","embeddable":true,"href":"https:\/\/portal.unisepe.com.br\/saolourenco\/wp-json\/wp\/v2\/categories?post=3269"},{"taxonomy":"post_tag","embeddable":true,"href":"https:\/\/portal.unisepe.com.br\/saolourenco\/wp-json\/wp\/v2\/tags?post=3269"}],"curies":[{"name":"wp","href":"https:\/\/api.w.org\/{rel}","templated":true}]}}