{"id":331,"date":"2016-07-12T00:21:31","date_gmt":"2016-07-12T00:21:31","guid":{"rendered":"http:\/\/www.fvr.edu.br\/fvr\/site\/?page_id=331"},"modified":"2025-10-23T16:23:05","modified_gmt":"2025-10-23T19:23:05","slug":"ciencias-contabeis","status":"publish","type":"page","link":"https:\/\/portal.unisepe.com.br\/saolourenco\/ciencias-contabeis\/","title":{"rendered":"Ci\u00eancias Cont\u00e1beis"},"content":{"rendered":"<p style=\"text-align: justify;\"><strong><img loading=\"lazy\" decoding=\"async\" class=\" wp-image-240 alignleft\" src=\"http:\/\/portal.unisepe.com.br\/saolourenco\/wp-content\/uploads\/sites\/10005\/2018\/09\/contebeis.png\" alt=\"contebeis\" width=\"120\" height=\"144\" \/>Concep\u00e7\u00e3o do Curso<\/strong><\/p>\n<p style=\"text-align: justify;\">O Curso de Ci\u00eancias Cont\u00e1beis adota como filosofia um ensino voltado \u00e0s necessidades da comunidade, procurando formar profissionais contadores, \u00e9ticos, cr\u00edticos e inovadores, com vis\u00e3o sist\u00eamica e interdisciplinar, comprometidos com a melhoria da qualidade dos servi\u00e7os cont\u00e1beis, bem como, conscientes de seu papel transformador para o desenvolvimento econ\u00f4mico e social.<\/p>\n<p style=\"text-align: justify;\"><strong>Objetivo Geral<\/strong><\/p>\n<p style=\"text-align: justify;\">Formar profissionais capacitados e qualificados ao exerc\u00edcio profissional nas organiza\u00e7\u00f5es p\u00fablicas e privadas dotados de senso anal\u00edtico e cr\u00edtico, comprometido com valores \u00e9ticos, tendo como objetivo principal contribuir para com o desenvolvimento da sociedade e com a compet\u00eancia t\u00e9cnico-cient\u00edfica da profiss\u00e3o.<\/p>\n<p style=\"text-align: justify;\"><strong>Objetivos Espec\u00edficos<\/strong><\/p>\n<ul>\n<li>Estimular o conhecimento dos problemas do mundo presente, em particular os regionais, prestar servi\u00e7os especializados \u00e0 comunidade e estabelecer com esta uma rela\u00e7\u00e3o de reciprocidade;<\/li>\n<li>Proporcionar o conhecimento de conte\u00fados fundamentais das teorias e das pr\u00e1ticas cont\u00e1beis, permitindo uma vis\u00e3o cr\u00edtica das organiza\u00e7\u00f5es, da sociedade e da profiss\u00e3o;<\/li>\n<li>Estimular a pesquisa na \u00e1rea cont\u00e1bil, visando difundir o desenvolvimento e o aperfei\u00e7oamento de suas teorias e t\u00e9cnicas;<\/li>\n<li>Capacitar a compreens\u00e3o e o processamento de informa\u00e7\u00f5es econ\u00f4micas e financeiras para a elabora\u00e7\u00e3o, an\u00e1lise e interpreta\u00e7\u00e3o de demonstra\u00e7\u00f5es e relat\u00f3rios cont\u00e1beis, visando ao controle patrimonial e o suporte \u00e0 tomada de decis\u00f5es;<\/li>\n<li>Preparar profissionais com compet\u00eancias e habilidades para atuar na \u00e1rea de gest\u00e3o cont\u00e1bil das empresas;<\/li>\n<li>Proporcionar conhecimento para evidenciar, atrav\u00e9s da ci\u00eancia cont\u00e1bil, as rela\u00e7\u00f5es das organiza\u00e7\u00f5es com a sociedade e o meio ambiente.<\/li>\n<\/ul>\n<p><strong>O PROFISSIONAL DE C.CONT\u00c1BEIS<\/strong><\/p>\n<p><iframe loading=\"lazy\" title=\"CI\u00caNCIAS CONT\u00c1BEIS - FSL\" width=\"500\" height=\"281\" src=\"https:\/\/www.youtube.com\/embed\/4-fRK7Urmaw?feature=oembed\" frameborder=\"0\" allow=\"accelerometer; autoplay; clipboard-write; encrypted-media; gyroscope; picture-in-picture; web-share\" referrerpolicy=\"strict-origin-when-cross-origin\" allowfullscreen><\/iframe><\/p>\n<p><strong>SAIBA MAIS &#8230;<\/strong><\/p>\n<p><iframe loading=\"lazy\" title=\"CI\u00caNCIAS CONT\u00c1BEIS SL 2020\" width=\"500\" height=\"281\" src=\"https:\/\/www.youtube.com\/embed\/1t1PeUUXMaM?feature=oembed\" frameborder=\"0\" allow=\"accelerometer; autoplay; clipboard-write; encrypted-media; gyroscope; picture-in-picture; web-share\" referrerpolicy=\"strict-origin-when-cross-origin\" allowfullscreen><\/iframe><\/p>\n<h3>Voc\u00ea tamb\u00e9m pode ser parte desta hist\u00f3ria de sucesso! Venha para a UniSL.<\/h3>\n<p><iframe loading=\"lazy\" title=\"Story Felipe Dayrell  - Ci\u00eancias Cont\u00e1beis\" width=\"500\" height=\"281\" src=\"https:\/\/www.youtube.com\/embed\/W-YIjtPqqc8?feature=oembed\" frameborder=\"0\" allow=\"accelerometer; autoplay; clipboard-write; encrypted-media; gyroscope; picture-in-picture; web-share\" referrerpolicy=\"strict-origin-when-cross-origin\" allowfullscreen><\/iframe><\/p>\n","protected":false},"excerpt":{"rendered":"<p>Concep\u00e7\u00e3o do Curso O Curso de Ci\u00eancias Cont\u00e1beis adota como filosofia um ensino voltado \u00e0s necessidades da comunidade, procurando formar profissionais contadores, \u00e9ticos, cr\u00edticos e inovadores, com vis\u00e3o sist\u00eamica e interdisciplinar, comprometidos com a melhoria da qualidade dos servi\u00e7os cont\u00e1beis, bem como, conscientes de seu papel transformador para o desenvolvimento<\/p>\n","protected":false},"author":1,"featured_media":0,"parent":0,"menu_order":0,"comment_status":"closed","ping_status":"closed","template":"templates\/template-curso_menu_vertical.php","meta":{"footnotes":""},"categories":[],"tags":[],"class_list":["post-331","page","type-page","status-publish","hentry"],"_links":{"self":[{"href":"https:\/\/portal.unisepe.com.br\/saolourenco\/wp-json\/wp\/v2\/pages\/331","targetHints":{"allow":["GET"]}}],"collection":[{"href":"https:\/\/portal.unisepe.com.br\/saolourenco\/wp-json\/wp\/v2\/pages"}],"about":[{"href":"https:\/\/portal.unisepe.com.br\/saolourenco\/wp-json\/wp\/v2\/types\/page"}],"author":[{"embeddable":true,"href":"https:\/\/portal.unisepe.com.br\/saolourenco\/wp-json\/wp\/v2\/users\/1"}],"replies":[{"embeddable":true,"href":"https:\/\/portal.unisepe.com.br\/saolourenco\/wp-json\/wp\/v2\/comments?post=331"}],"version-history":[{"count":5,"href":"https:\/\/portal.unisepe.com.br\/saolourenco\/wp-json\/wp\/v2\/pages\/331\/revisions"}],"predecessor-version":[{"id":6798,"href":"https:\/\/portal.unisepe.com.br\/saolourenco\/wp-json\/wp\/v2\/pages\/331\/revisions\/6798"}],"wp:attachment":[{"href":"https:\/\/portal.unisepe.com.br\/saolourenco\/wp-json\/wp\/v2\/media?parent=331"}],"wp:term":[{"taxonomy":"category","embeddable":true,"href":"https:\/\/portal.unisepe.com.br\/saolourenco\/wp-json\/wp\/v2\/categories?post=331"},{"taxonomy":"post_tag","embeddable":true,"href":"https:\/\/portal.unisepe.com.br\/saolourenco\/wp-json\/wp\/v2\/tags?post=331"}],"curies":[{"name":"wp","href":"https:\/\/api.w.org\/{rel}","templated":true}]}}