{"id":343,"date":"2016-07-12T00:39:02","date_gmt":"2016-07-12T03:39:02","guid":{"rendered":"http:\/\/www.fvr.edu.br\/fvr\/site\/?page_id=343"},"modified":"2023-05-31T14:20:26","modified_gmt":"2023-05-31T17:20:26","slug":"matriz-curricular","status":"publish","type":"page","link":"https:\/\/portal.unisepe.com.br\/saolourenco\/ciencias-contabeis\/matriz-curricular\/","title":{"rendered":"Matrizes Curriculares"},"content":{"rendered":"<ul class=\"nav nav-tabs\">\n<li class=\"nav-item\"><a class=\"nav-link active\" href=\"#tab1\" data-toggle=\"tab\">Matriz<\/a><\/li>\n<li class=\"nav-item\"><a class=\"nav-link\" href=\"#tab2\" data-toggle=\"tab\">Informa\u00e7\u00f5es Art. 8<\/a><\/li>\n<\/ul>\n<div id=\"myTabContent\" class=\"tab-content\">\n<div id=\"tab1\" class=\"tab-pane fade active show\">\n<ul>\n<li><strong><a href=\"http:\/\/portal.unisepe.com.br\/saolourenco\/wp-content\/uploads\/sites\/10005\/2018\/09\/matriz_cc2012.pdf\" target=\"_blank\" rel=\"noopener noreferrer\">Matriz 2012<\/a><\/strong><\/li>\n<li><strong><a href=\"http:\/\/portal.unisepe.com.br\/saolourenco\/wp-content\/uploads\/sites\/10005\/2018\/09\/matriz_cc2017.pdf\" target=\"_blank\" rel=\"noopener noreferrer\">Matriz\u00a0<\/a><a href=\"http:\/\/portal.unisepe.com.br\/saolourenco\/wp-content\/uploads\/sites\/10005\/2018\/09\/matriz_cc2017.pdf\" target=\"_blank\" rel=\"noopener noreferrer\">2017<\/a><\/strong><\/li>\n<li><a href=\"http:\/\/portal.unisepe.com.br\/saolourenco\/wp-content\/uploads\/sites\/10005\/2019\/07\/matriz_cc2018.pdf\" target=\"_blank\" rel=\"noopener noreferrer\"><strong>Matriz 2018<\/strong><\/a><\/li>\n<li><a href=\"https:\/\/portal.unisepe.com.br\/saolourenco\/wp-content\/uploads\/sites\/10005\/2021\/07\/MATRIZ-2020-CI\u00caNCIAS-CONT\u00c1BEIS.pdf\"><strong>Matriz 2020<\/strong><\/a><\/li>\n<li><a href=\"https:\/\/portal.unisepe.com.br\/saolourenco\/wp-content\/uploads\/sites\/10005\/2023\/05\/Matriz-Ci\u00eancias-Cont\u00e1beis-2022.pdf\" target=\"_blank\" rel=\"noopener noreferrer\"><strong>Matriz 2022<\/strong><\/a><\/li>\n<\/ul>\n<\/div>\n<div id=\"tab2\" class=\"tab-pane fade\">\n<h4 style=\"text-align: center\"><strong>Art. 8 da Portaria 1.428\/2018<\/strong><\/h4>\n<p>&nbsp;<\/p>\n<ul>\n<li><a href=\"http:\/\/portal.unisepe.com.br\/saolourenco\/wp-content\/uploads\/sites\/10005\/2019\/09\/PORTARIA1428-CONTABILIDADE-APLICADA-AS-INSTITUI\u00c7\u00d4ES-FINANCEIRA-CC.pdf\" target=\"_blank\" rel=\"noopener noreferrer\">PORTARIA 1428 &#8211; CONTABILIDADE APLICADA AS INSTITUI\u00c7\u00d5ES FINANCEIRA<\/a><\/li>\n<li><a href=\"http:\/\/portal.unisepe.com.br\/saolourenco\/wp-content\/uploads\/sites\/10005\/2019\/09\/PORTARIA1428-GLOBALIZA\u00c7\u00c3O-CC.pdf\" target=\"_blank\" rel=\"noopener noreferrer\">PORTARIA 1428 &#8211; GLOBALIZA\u00c7\u00c3O<\/a><\/li>\n<li><a href=\"http:\/\/portal.unisepe.com.br\/saolourenco\/wp-content\/uploads\/sites\/10005\/2019\/09\/PORTARIA1428-METODOLOGIA-DA-POESQUISA-CIENT\u00cdFICA-CC.pdf\" target=\"_blank\" rel=\"noopener noreferrer\">PORTARIA 1428 &#8211; METODOLOGIA DA PESQUISA CIENT\u00cdFICA<\/a><\/li>\n<li><a href=\"http:\/\/portal.unisepe.com.br\/saolourenco\/wp-content\/uploads\/sites\/10005\/2019\/09\/PORTARIA1428-T\u00d3PICOS-CONTEMPOR\u00c2NEOS-II-CC.pdf\" target=\"_blank\" rel=\"noopener noreferrer\">PORTARIA 1428 &#8211; T\u00d3PICOS CONTEMPOR\u00c2NEOS II<\/a><\/li>\n<li><a href=\"http:\/\/portal.unisepe.com.br\/saolourenco\/wp-content\/uploads\/sites\/10005\/2019\/09\/PORTARIA1428-CI\u00caNCIAS-SOCIAIS-CC.pdf\" target=\"_blank\" rel=\"noopener noreferrer\">PORTARIA 1428 &#8211; CI\u00caNCIAS SOCIAIS<\/a><\/li>\n<li><a href=\"http:\/\/portal.unisepe.com.br\/saolourenco\/wp-content\/uploads\/sites\/10005\/2019\/09\/PORTARIA1428-DIREITO-TRABALHISTA-CC.pdf\" target=\"_blank\" rel=\"noopener noreferrer\">PORTARIA 1428 &#8211; DIREITO TRABALHISTA<\/a><\/li>\n<li><a href=\"http:\/\/portal.unisepe.com.br\/saolourenco\/wp-content\/uploads\/sites\/10005\/2019\/09\/PORTARIA1428-L\u00cdNGUA-PORTUGUESA-CC.pdf\" target=\"_blank\" rel=\"noopener noreferrer\">PORTARIA 1428 &#8211; L\u00cdNGUA PORTUGUESA<\/a><\/li>\n<li><a href=\"http:\/\/portal.unisepe.com.br\/saolourenco\/wp-content\/uploads\/sites\/10005\/2019\/09\/PORTARIA1428-PSICOLOGIA-CC.pdf\" target=\"_blank\" rel=\"noopener noreferrer\">PORTARIA 1428 &#8211; PSICOLOGIA<\/a><\/li>\n<li><a href=\"http:\/\/portal.unisepe.com.br\/saolourenco\/wp-content\/uploads\/sites\/10005\/2019\/09\/PORTARIA1428-SISTEMAS-DE-INFORMA\u00c7\u00d5ES-GERENCIAIS-CC.pdf\" target=\"_blank\" rel=\"noopener noreferrer\">PORTARIA 1428 &#8211; SISTEMAS DE INFORMA\u00c7\u00d5ES GERENCIAIS<\/a><\/li>\n<li><a href=\"http:\/\/portal.unisepe.com.br\/saolourenco\/wp-content\/uploads\/sites\/10005\/2019\/09\/PORTARIA1428-T\u00d3PICOS-CONTEMPOR\u00c2NEOS-I-CC.pdf\" target=\"_blank\" rel=\"noopener noreferrer\">PORTARIA 1428 &#8211; T\u00d3PICOS CONTEMPOR\u00c2NEOS I<\/a><\/li>\n<\/ul>\n<\/div>\n<\/div>\n","protected":false},"excerpt":{"rendered":"<p>Matriz Informa\u00e7\u00f5es Art. 8 Matriz 2012 Matriz\u00a02017 Matriz 2018 Matriz 2020 Matriz 2022 Art. 8 da Portaria 1.428\/2018 &nbsp; PORTARIA 1428 &#8211; CONTABILIDADE APLICADA AS INSTITUI\u00c7\u00d5ES FINANCEIRA PORTARIA 1428 &#8211; GLOBALIZA\u00c7\u00c3O PORTARIA 1428 &#8211; METODOLOGIA DA PESQUISA CIENT\u00cdFICA PORTARIA 1428 &#8211; T\u00d3PICOS CONTEMPOR\u00c2NEOS II PORTARIA 1428 &#8211; CI\u00caNCIAS SOCIAIS PORTARIA<\/p>\n","protected":false},"author":1,"featured_media":0,"parent":331,"menu_order":0,"comment_status":"closed","ping_status":"closed","template":"templates\/template-curso_menu_vertical.php","meta":{"footnotes":""},"categories":[],"tags":[],"class_list":["post-343","page","type-page","status-publish","hentry"],"_links":{"self":[{"href":"https:\/\/portal.unisepe.com.br\/saolourenco\/wp-json\/wp\/v2\/pages\/343","targetHints":{"allow":["GET"]}}],"collection":[{"href":"https:\/\/portal.unisepe.com.br\/saolourenco\/wp-json\/wp\/v2\/pages"}],"about":[{"href":"https:\/\/portal.unisepe.com.br\/saolourenco\/wp-json\/wp\/v2\/types\/page"}],"author":[{"embeddable":true,"href":"https:\/\/portal.unisepe.com.br\/saolourenco\/wp-json\/wp\/v2\/users\/1"}],"replies":[{"embeddable":true,"href":"https:\/\/portal.unisepe.com.br\/saolourenco\/wp-json\/wp\/v2\/comments?post=343"}],"version-history":[{"count":18,"href":"https:\/\/portal.unisepe.com.br\/saolourenco\/wp-json\/wp\/v2\/pages\/343\/revisions"}],"predecessor-version":[{"id":6339,"href":"https:\/\/portal.unisepe.com.br\/saolourenco\/wp-json\/wp\/v2\/pages\/343\/revisions\/6339"}],"up":[{"embeddable":true,"href":"https:\/\/portal.unisepe.com.br\/saolourenco\/wp-json\/wp\/v2\/pages\/331"}],"wp:attachment":[{"href":"https:\/\/portal.unisepe.com.br\/saolourenco\/wp-json\/wp\/v2\/media?parent=343"}],"wp:term":[{"taxonomy":"category","embeddable":true,"href":"https:\/\/portal.unisepe.com.br\/saolourenco\/wp-json\/wp\/v2\/categories?post=343"},{"taxonomy":"post_tag","embeddable":true,"href":"https:\/\/portal.unisepe.com.br\/saolourenco\/wp-json\/wp\/v2\/tags?post=343"}],"curies":[{"name":"wp","href":"https:\/\/api.w.org\/{rel}","templated":true}]}}