{"id":3449,"date":"2018-09-26T13:19:06","date_gmt":"2018-09-26T16:19:06","guid":{"rendered":"http:\/\/portal.unisepe.com.br\/saolourenco\/?page_id=3449"},"modified":"2018-09-26T13:19:06","modified_gmt":"2018-09-26T16:19:06","slug":"ano-2009","status":"publish","type":"page","link":"https:\/\/portal.unisepe.com.br\/saolourenco\/saude-em-foco\/ano-2009\/","title":{"rendered":"Ano 2009"},"content":{"rendered":"<h5>Artigos<\/h5>\n<p>&nbsp;<\/p>\n<ul>\n<li><a href=\"http:\/\/portal.unisepe.com.br\/unifia\/wp-content\/uploads\/sites\/10001\/2018\/06\/mosquitos.pdf\" target=\"_blank\" rel=\"noopener\">Hist\u00f3rico e Alternativas para o Controle da Popula\u00e7\u00e3o de Mosquitos<\/a><br \/>\n<em>Andreia Aparecida Barbosa<\/em><\/li>\n<\/ul>\n","protected":false},"excerpt":{"rendered":"<p>Artigos &nbsp; Hist\u00f3rico e Alternativas para o Controle da Popula\u00e7\u00e3o de Mosquitos Andreia Aparecida Barbosa<\/p>\n","protected":false},"author":4,"featured_media":0,"parent":3446,"menu_order":0,"comment_status":"closed","ping_status":"closed","template":"templates\/template-pagina_menu_vertical.php","meta":{"footnotes":""},"categories":[],"tags":[],"class_list":["post-3449","page","type-page","status-publish","hentry"],"_links":{"self":[{"href":"https:\/\/portal.unisepe.com.br\/saolourenco\/wp-json\/wp\/v2\/pages\/3449","targetHints":{"allow":["GET"]}}],"collection":[{"href":"https:\/\/portal.unisepe.com.br\/saolourenco\/wp-json\/wp\/v2\/pages"}],"about":[{"href":"https:\/\/portal.unisepe.com.br\/saolourenco\/wp-json\/wp\/v2\/types\/page"}],"author":[{"embeddable":true,"href":"https:\/\/portal.unisepe.com.br\/saolourenco\/wp-json\/wp\/v2\/users\/4"}],"replies":[{"embeddable":true,"href":"https:\/\/portal.unisepe.com.br\/saolourenco\/wp-json\/wp\/v2\/comments?post=3449"}],"version-history":[{"count":1,"href":"https:\/\/portal.unisepe.com.br\/saolourenco\/wp-json\/wp\/v2\/pages\/3449\/revisions"}],"predecessor-version":[{"id":3450,"href":"https:\/\/portal.unisepe.com.br\/saolourenco\/wp-json\/wp\/v2\/pages\/3449\/revisions\/3450"}],"up":[{"embeddable":true,"href":"https:\/\/portal.unisepe.com.br\/saolourenco\/wp-json\/wp\/v2\/pages\/3446"}],"wp:attachment":[{"href":"https:\/\/portal.unisepe.com.br\/saolourenco\/wp-json\/wp\/v2\/media?parent=3449"}],"wp:term":[{"taxonomy":"category","embeddable":true,"href":"https:\/\/portal.unisepe.com.br\/saolourenco\/wp-json\/wp\/v2\/categories?post=3449"},{"taxonomy":"post_tag","embeddable":true,"href":"https:\/\/portal.unisepe.com.br\/saolourenco\/wp-json\/wp\/v2\/tags?post=3449"}],"curies":[{"name":"wp","href":"https:\/\/api.w.org\/{rel}","templated":true}]}}