{"id":3451,"date":"2018-09-26T13:20:03","date_gmt":"2018-09-26T16:20:03","guid":{"rendered":"http:\/\/portal.unisepe.com.br\/saolourenco\/?page_id=3451"},"modified":"2018-09-26T13:20:03","modified_gmt":"2018-09-26T16:20:03","slug":"ano-2010","status":"publish","type":"page","link":"https:\/\/portal.unisepe.com.br\/saolourenco\/saude-em-foco\/ano-2010\/","title":{"rendered":"Ano 2010"},"content":{"rendered":"<h5>Artigos<\/h5>\n<p>&nbsp;<\/p>\n<ul>\n<li><a href=\"http:\/\/portal.unisepe.com.br\/unifia\/wp-content\/uploads\/sites\/10001\/2018\/06\/linhaca.pdf\" target=\"_blank\" rel=\"noopener\">A Import\u00e2ncia da Linha\u00e7a como Alimento Funcional e sua Utiliza\u00e7\u00e3o por Universit\u00e1rios do UNIFIA<\/a><br \/>\n<em>G. F. Nogueira<\/em><br \/>\n<em>G. C\u00e9zar<\/em><br \/>\n<em>F. M. Fakhouri<\/em><br \/>\n<em>I. Gumbrevicius<\/em><\/li>\n<\/ul>\n","protected":false},"excerpt":{"rendered":"<p>Artigos &nbsp; A Import\u00e2ncia da Linha\u00e7a como Alimento Funcional e sua Utiliza\u00e7\u00e3o por Universit\u00e1rios do UNIFIA G. F. Nogueira G. C\u00e9zar F. M. Fakhouri I. Gumbrevicius<\/p>\n","protected":false},"author":4,"featured_media":0,"parent":3446,"menu_order":0,"comment_status":"closed","ping_status":"closed","template":"templates\/template-pagina_menu_vertical.php","meta":{"footnotes":""},"categories":[],"tags":[],"class_list":["post-3451","page","type-page","status-publish","hentry"],"_links":{"self":[{"href":"https:\/\/portal.unisepe.com.br\/saolourenco\/wp-json\/wp\/v2\/pages\/3451","targetHints":{"allow":["GET"]}}],"collection":[{"href":"https:\/\/portal.unisepe.com.br\/saolourenco\/wp-json\/wp\/v2\/pages"}],"about":[{"href":"https:\/\/portal.unisepe.com.br\/saolourenco\/wp-json\/wp\/v2\/types\/page"}],"author":[{"embeddable":true,"href":"https:\/\/portal.unisepe.com.br\/saolourenco\/wp-json\/wp\/v2\/users\/4"}],"replies":[{"embeddable":true,"href":"https:\/\/portal.unisepe.com.br\/saolourenco\/wp-json\/wp\/v2\/comments?post=3451"}],"version-history":[{"count":1,"href":"https:\/\/portal.unisepe.com.br\/saolourenco\/wp-json\/wp\/v2\/pages\/3451\/revisions"}],"predecessor-version":[{"id":3452,"href":"https:\/\/portal.unisepe.com.br\/saolourenco\/wp-json\/wp\/v2\/pages\/3451\/revisions\/3452"}],"up":[{"embeddable":true,"href":"https:\/\/portal.unisepe.com.br\/saolourenco\/wp-json\/wp\/v2\/pages\/3446"}],"wp:attachment":[{"href":"https:\/\/portal.unisepe.com.br\/saolourenco\/wp-json\/wp\/v2\/media?parent=3451"}],"wp:term":[{"taxonomy":"category","embeddable":true,"href":"https:\/\/portal.unisepe.com.br\/saolourenco\/wp-json\/wp\/v2\/categories?post=3451"},{"taxonomy":"post_tag","embeddable":true,"href":"https:\/\/portal.unisepe.com.br\/saolourenco\/wp-json\/wp\/v2\/tags?post=3451"}],"curies":[{"name":"wp","href":"https:\/\/api.w.org\/{rel}","templated":true}]}}