{"id":348,"date":"2016-07-12T00:42:12","date_gmt":"2016-07-12T00:42:12","guid":{"rendered":"http:\/\/www.fvr.edu.br\/fvr\/site\/?page_id=348"},"modified":"2025-10-23T16:47:26","modified_gmt":"2025-10-23T19:47:26","slug":"direito","status":"publish","type":"page","link":"https:\/\/portal.unisepe.com.br\/saolourenco\/direito\/","title":{"rendered":"Direito"},"content":{"rendered":"<figure><figcaption><strong><img loading=\"lazy\" decoding=\"async\" class=\" wp-image-241 alignleft\" src=\"http:\/\/portal.unisepe.com.br\/saolourenco\/wp-content\/uploads\/sites\/10005\/2018\/09\/direito.png\" alt=\"direito\" width=\"117\" height=\"108\" \/>G\u00eanese do Curso<\/strong><\/figcaption><\/figure>\n<p style=\"text-align: justify;\">O Curso de Direito do <span data-teams=\"true\">Centro Universit\u00e1rio <\/span>de S\u00e3o Louren\u00e7o tem por objetivo a forma\u00e7\u00e3o de bachar\u00e9is em Direito e, para tanto, conta com um corpo docente qualificado, com forma\u00e7\u00e3o e atua\u00e7\u00e3o profissional espec\u00edficas, al\u00e9m de uma estrutura f\u00edsica, em local nobre da cidade, que possibilita aos alunos um excelente aprendizado te\u00f3rico-pr\u00e1tico.<br \/>\nAl\u00e9m das salas de aula, possui um N\u00facleo de Pr\u00e1ticas Jur\u00eddicas (NPJ), onde funciona o \u201cF\u00f3rum Modelo\u201d, proporcionando aos acad\u00eamicos uma participa\u00e7\u00e3o intensa em situa\u00e7\u00f5es decorrentes de fatos jur\u00eddicos, atrav\u00e9s de pr\u00e1ticas simuladas, tais como audi\u00eancias, sess\u00f5es de julgamento e j\u00faris simulados. O \u201cF\u00f3rum Modelo\u201d possui laborat\u00f3rio de inform\u00e1tica, salas de audi\u00eancia, delegacia, promotoria, defensoria, secretarias, salas avulsas e um tribunal do j\u00fari.<br \/>\nAtrav\u00e9s do N\u00facleo de Pr\u00e1tica Jur\u00eddica (NPJ), os bacharelandos realizam atendimentos \u00e0 popula\u00e7\u00e3o de S\u00e3o Louren\u00e7o e demais cidades da regi\u00e3o, principalmente \u00e0s pessoas que se encontram em estado de hipossufici\u00eancia econ\u00f4mica, por meio dos quais os nossos alunos t\u00eam a oportunidade de praticar todo o conte\u00fado aprendido em sala de aula, prestando um servi\u00e7o gratuito de \u201cescrit\u00f3rio de advocacia itinerante&#8221;, sob a supervis\u00e3o de profiss\u00f5es do Direito qualificados e vinculados \u00e0 Institui\u00e7\u00e3o, contribuindo para a resolu\u00e7\u00e3o de d\u00favidas pr\u00e1ticas ou para os encaminhamentos necess\u00e1rios de demandas pr\u00e1ticas da comunidade, referentes a diversos ramos do direito, como civil, trabalhista, previdenci\u00e1rio etc.<br \/>\nO Bacharel em Direito tem in\u00fameras op\u00e7\u00f5es de trabalho, podendo, mediante aprova\u00e7\u00e3o no Exame de Ordem, seguir a carreira de advogado, nas mais diversas \u00e1reas de especializa\u00e7\u00e3o, ou prestar concursos p\u00fablicos para as carreiras jur\u00eddicas, tais como juiz de direito, promotor de justi\u00e7a, defensor p\u00fablico, delegado de pol\u00edcia, procurador de \u00f3rg\u00e3os p\u00fablicos etc.<br \/>\nO profissional do Direito tem maior import\u00e2ncia a cada dia, na medida em que aumentam e se transformam as rela\u00e7\u00f5es sociais e, consequentemente, as rela\u00e7\u00f5es jur\u00eddicas, tornando-o cada vez mais indispens\u00e1vel \u00e0 sociedade.<\/p>\n<p><iframe loading=\"lazy\" title=\"DIREITO - FSL\" width=\"500\" height=\"281\" src=\"https:\/\/www.youtube.com\/embed\/bRoaEfWSAYs?feature=oembed\" frameborder=\"0\" allow=\"accelerometer; autoplay; clipboard-write; encrypted-media; gyroscope; picture-in-picture; web-share\" referrerpolicy=\"strict-origin-when-cross-origin\" allowfullscreen><\/iframe><\/p>\n<p><strong>SAIBA MAIS &#8230;<\/strong><\/p>\n<p><iframe loading=\"lazy\" title=\"DIREITO SL 2020\" width=\"500\" height=\"281\" src=\"https:\/\/www.youtube.com\/embed\/_r1-N-TkK20?feature=oembed\" frameborder=\"0\" allow=\"accelerometer; autoplay; clipboard-write; encrypted-media; gyroscope; picture-in-picture; web-share\" referrerpolicy=\"strict-origin-when-cross-origin\" allowfullscreen><\/iframe><\/p>\n<h3>Voc\u00ea tamb\u00e9m pode ser parte desta hist\u00f3ria de sucesso! Venha para a UniSL.<\/h3>\n<p><iframe loading=\"lazy\" title=\"Story Larissa Ribeiro  - Direito\" width=\"500\" height=\"281\" src=\"https:\/\/www.youtube.com\/embed\/X2bSG_dJuOM?feature=oembed\" frameborder=\"0\" allow=\"accelerometer; autoplay; clipboard-write; encrypted-media; gyroscope; picture-in-picture; web-share\" referrerpolicy=\"strict-origin-when-cross-origin\" allowfullscreen><\/iframe><\/p>\n<p>&nbsp;<\/p>\n","protected":false},"excerpt":{"rendered":"<p>G\u00eanese do Curso O Curso de Direito do Centro Universit\u00e1rio de S\u00e3o Louren\u00e7o tem por objetivo a forma\u00e7\u00e3o de bachar\u00e9is em Direito e, para tanto, conta com um corpo docente qualificado, com forma\u00e7\u00e3o e atua\u00e7\u00e3o profissional espec\u00edficas, al\u00e9m de uma estrutura f\u00edsica, em local nobre da cidade, que possibilita aos<\/p>\n","protected":false},"author":1,"featured_media":0,"parent":0,"menu_order":0,"comment_status":"closed","ping_status":"closed","template":"templates\/template-curso_menu_vertical.php","meta":{"footnotes":""},"categories":[],"tags":[],"class_list":["post-348","page","type-page","status-publish","hentry"],"_links":{"self":[{"href":"https:\/\/portal.unisepe.com.br\/saolourenco\/wp-json\/wp\/v2\/pages\/348","targetHints":{"allow":["GET"]}}],"collection":[{"href":"https:\/\/portal.unisepe.com.br\/saolourenco\/wp-json\/wp\/v2\/pages"}],"about":[{"href":"https:\/\/portal.unisepe.com.br\/saolourenco\/wp-json\/wp\/v2\/types\/page"}],"author":[{"embeddable":true,"href":"https:\/\/portal.unisepe.com.br\/saolourenco\/wp-json\/wp\/v2\/users\/1"}],"replies":[{"embeddable":true,"href":"https:\/\/portal.unisepe.com.br\/saolourenco\/wp-json\/wp\/v2\/comments?post=348"}],"version-history":[{"count":5,"href":"https:\/\/portal.unisepe.com.br\/saolourenco\/wp-json\/wp\/v2\/pages\/348\/revisions"}],"predecessor-version":[{"id":6809,"href":"https:\/\/portal.unisepe.com.br\/saolourenco\/wp-json\/wp\/v2\/pages\/348\/revisions\/6809"}],"wp:attachment":[{"href":"https:\/\/portal.unisepe.com.br\/saolourenco\/wp-json\/wp\/v2\/media?parent=348"}],"wp:term":[{"taxonomy":"category","embeddable":true,"href":"https:\/\/portal.unisepe.com.br\/saolourenco\/wp-json\/wp\/v2\/categories?post=348"},{"taxonomy":"post_tag","embeddable":true,"href":"https:\/\/portal.unisepe.com.br\/saolourenco\/wp-json\/wp\/v2\/tags?post=348"}],"curies":[{"name":"wp","href":"https:\/\/api.w.org\/{rel}","templated":true}]}}