{"id":3540,"date":"2018-09-26T19:01:05","date_gmt":"2018-09-26T22:01:05","guid":{"rendered":"http:\/\/portal.unisepe.com.br\/saolourenco\/?page_id=3540"},"modified":"2025-10-23T16:29:50","modified_gmt":"2025-10-23T19:29:50","slug":"colap","status":"publish","type":"page","link":"https:\/\/portal.unisepe.com.br\/saolourenco\/colap\/","title":{"rendered":"COLAP"},"content":{"rendered":"<p><strong>COMISS\u00c3O DE ACOMPANHAMENTO E CONTROLE SOCIAL DO PROUNI do <span data-teams=\"true\">Centro Universit\u00e1rio <\/span>S\u00e3o Louren\u00e7o<\/strong><\/p>\n<p><strong>DEFINI\u00c7\u00c3O:<\/strong><br \/>\nOrg\u00e3o colegiado de natureza consultiva, com a finalidade de promover a articula\u00e7\u00e3o entre a Comiss\u00e3o Nacional de Acompanhamento e Controle Social \u2013 CONAP e a comunidade acad\u00eamica.<\/p>\n<p><strong>COMPOSI\u00c7\u00c3O:<\/strong><br \/>\nDe acordo com o artigo 3\u00ba da Portaria MEC n\u00ba1.132 de 2 de dezembro de 2009 a constitui\u00e7\u00e3o da COLAP da UniSL \u00e9 a seguinte:<br \/>\nI \u2013 1 (um) representante do corpo discente das institui\u00e7\u00f5es privadas de ensino superior, que deve ser bolsista PROUNI;<br \/>\nTitular: Luiz Cla\u00fadio Ribeiro Junior<br \/>\nSuplente: Davi Diniz da Costa<br \/>\nII \u2013 1 (um) representante do corpo docente das institui\u00e7\u00f5es privadas de ensino superior, que deve ser professor em regime de dedica\u00e7\u00e3o m\u00ednima de 20 (vinte) horas semanais;<br \/>\nTitular: Vera Lucia de Matos Rodrigues<br \/>\nSuplente: Cristiany Reis Costa Ferreira Pinto<br \/>\nIII \u2013 1 (um) representante da dire\u00e7\u00e3o das institui\u00e7\u00f5es privadas de ensino superior, que deve ser o coordenador ou um dos representantes do PROUNI na IES;<br \/>\nTitular: Vanessa Tavares Vale \/ Guilherme Bernardes Filho<br \/>\nSuplente: Geovana Corr\u00eaa Loureiro Soares<br \/>\nIV \u2013 1 (um) representante da sociedade civil.<br \/>\nSem candidatos.<br \/>\nEstabelece o \u00a7 3\u00ba, do artigo 3\u00ba da Portaria MEC N\u00ba 1.132 de 2 de dezembro de 2009, que n\u00e3o havendo candidatos indicados no processo de escolha da representa\u00e7\u00e3o da sociedade civil, as Comiss\u00f5es Locais ser\u00e3o instaladas sem o segmento.<\/p>\n<p><strong>COMPET\u00caNCIAS:<\/strong><\/p>\n<p>S\u00e3o compet\u00eancias da COLAP \u2013 UniSL:<\/p>\n<p>I \u2013 exercer o acompanhamento, averigua\u00e7\u00e3o e fiscaliza\u00e7\u00e3o da implementa\u00e7\u00e3o do PROUNI nas Institui\u00e7\u00f5es de Ensino Superior (IES) participantes do Programa;<\/p>\n<p>II \u2013 interagir com a comunidade acad\u00eamica e com as organiza\u00e7\u00f5es da sociedade civil, recebendo reclama\u00e7\u00f5es, den\u00fancias, cr\u00edticas e sugest\u00f5es para apresenta\u00e7\u00e3o, se for o caso, \u00e0 Comiss\u00e3o Nacional de Acompanhamento e Controle Social do PROUNI \u2013 CONAP;<\/p>\n<p>III \u2013 emitir, a cada processo seletivo, relat\u00f3rio de acompanhamento do PROUNI; e<br \/>\nIV \u2013 fornecer informa\u00e7\u00f5es sobre o PROUNI \u00e0 CONAP.<\/p>\n<p><strong>LOCALIZA\u00c7\u00c3O:<\/strong><br \/>\nCOLAP \u2013 UniSL<br \/>\nR. Madame Schimidt, 90<br \/>\nFederal \u2013 S\u00e3o Louren\u00e7o \/ MG<\/p>\n","protected":false},"excerpt":{"rendered":"<p>COMISS\u00c3O DE ACOMPANHAMENTO E CONTROLE SOCIAL DO PROUNI do Centro Universit\u00e1rio S\u00e3o Louren\u00e7o DEFINI\u00c7\u00c3O: Org\u00e3o colegiado de natureza consultiva, com a finalidade de promover a articula\u00e7\u00e3o entre a Comiss\u00e3o Nacional de Acompanhamento e Controle Social \u2013 CONAP e a comunidade acad\u00eamica. COMPOSI\u00c7\u00c3O: De acordo com o artigo 3\u00ba da Portaria<\/p>\n","protected":false},"author":4,"featured_media":0,"parent":0,"menu_order":0,"comment_status":"closed","ping_status":"closed","template":"templates\/template-pagina_menu_vertical.php","meta":{"footnotes":""},"categories":[],"tags":[],"class_list":["post-3540","page","type-page","status-publish","hentry"],"_links":{"self":[{"href":"https:\/\/portal.unisepe.com.br\/saolourenco\/wp-json\/wp\/v2\/pages\/3540","targetHints":{"allow":["GET"]}}],"collection":[{"href":"https:\/\/portal.unisepe.com.br\/saolourenco\/wp-json\/wp\/v2\/pages"}],"about":[{"href":"https:\/\/portal.unisepe.com.br\/saolourenco\/wp-json\/wp\/v2\/types\/page"}],"author":[{"embeddable":true,"href":"https:\/\/portal.unisepe.com.br\/saolourenco\/wp-json\/wp\/v2\/users\/4"}],"replies":[{"embeddable":true,"href":"https:\/\/portal.unisepe.com.br\/saolourenco\/wp-json\/wp\/v2\/comments?post=3540"}],"version-history":[{"count":11,"href":"https:\/\/portal.unisepe.com.br\/saolourenco\/wp-json\/wp\/v2\/pages\/3540\/revisions"}],"predecessor-version":[{"id":6801,"href":"https:\/\/portal.unisepe.com.br\/saolourenco\/wp-json\/wp\/v2\/pages\/3540\/revisions\/6801"}],"wp:attachment":[{"href":"https:\/\/portal.unisepe.com.br\/saolourenco\/wp-json\/wp\/v2\/media?parent=3540"}],"wp:term":[{"taxonomy":"category","embeddable":true,"href":"https:\/\/portal.unisepe.com.br\/saolourenco\/wp-json\/wp\/v2\/categories?post=3540"},{"taxonomy":"post_tag","embeddable":true,"href":"https:\/\/portal.unisepe.com.br\/saolourenco\/wp-json\/wp\/v2\/tags?post=3540"}],"curies":[{"name":"wp","href":"https:\/\/api.w.org\/{rel}","templated":true}]}}