{"id":360,"date":"2016-07-12T00:51:58","date_gmt":"2016-07-12T00:51:58","guid":{"rendered":"http:\/\/www.fvr.edu.br\/fvr\/site\/?page_id=360"},"modified":"2025-10-23T16:59:46","modified_gmt":"2025-10-23T19:59:46","slug":"educacao-fisica","status":"publish","type":"page","link":"https:\/\/portal.unisepe.com.br\/saolourenco\/educacao-fisica\/","title":{"rendered":"Educa\u00e7\u00e3o F\u00edsica"},"content":{"rendered":"<p><strong><a href=\"http:\/\/www.fvr.edu.br\/uploads\/2016\/07\/ed_fisica.png\"><img loading=\"lazy\" decoding=\"async\" class=\" wp-image-242 alignleft\" src=\"http:\/\/portal.unisepe.com.br\/saolourenco\/wp-content\/uploads\/sites\/10005\/2018\/09\/logo_ed_fisica.jpg\" alt=\"\" width=\"144\" height=\"144\" \/><\/a>Miss\u00e3o<\/strong><\/p>\n<p style=\"text-align: justify;\">\u00c9 a ci\u00eancia que estuda o movimento humano volunt\u00e1rio nas suas dimens\u00f5es biol\u00f3gica, social, cultural, did\u00e1tico-pedag\u00f3gica e t\u00e9cnico instrumentais.<br \/>\nO licenciado em Educa\u00e7\u00e3o F\u00edsica organiza, executa e supervisiona programas de atividades f\u00edsicas para pessoas ou grupos. Prepara crian\u00e7as e adultos para as in\u00fameras modalidades de esporte. Contribui para melhoria da qualidade de vida de portadores de necessidades especiais. Promove a sa\u00fade dos indiv\u00edduos por meio da pr\u00e1tica de atividades f\u00edsicas.<br \/>\nS\u00e3o diferenciais do <strong>curso de Educa\u00e7\u00e3o F\u00edsica<\/strong> do<strong> CENTRO UNIVERSIT\u00c1RIO DE S\u00c3O LOUREN\u00c7O<\/strong>: infra-estrutura adequada \u00e0 forma\u00e7\u00e3o\u00a0 do licenciado; exist\u00eancia de\u00a0 parcerias com institui\u00e7\u00f5es p\u00fablicas e privadas, conv\u00eanios com confedera\u00e7\u00f5es e associa\u00e7\u00f5es desportivas, al\u00e9m de associa\u00e7\u00f5es para portadores de necessidades especiais; participa\u00e7\u00e3o, organiza\u00e7\u00e3o e realiza\u00e7\u00e3o de eventos esportivos, escolares e s\u00f3cio-recreativos; forma\u00e7\u00e3o em arbitragem do esporte Goalball.<\/p>\n<p><strong>Mercado de Trabalho:<\/strong> em todas as regi\u00f5es h\u00e1 oportunidades no ensino p\u00fablico e privado, para lecionar, organizar, executar e supervisionar os programas de atividades f\u00edsicas e esportivas na educa\u00e7\u00e3o infantil, nos ensinos fundamental e m\u00e9dio. H\u00e1, tamb\u00e9m, grandes oportunidades de trabalho em academias,\u00a0 hot\u00e9is, cl\u00ednicas e clubes.<\/p>\n<p>&nbsp;<\/p>\n<p><iframe loading=\"lazy\" title=\"EDUCA\u00c7\u00c3O F\u00cdSICA -FSL\" width=\"500\" height=\"281\" src=\"https:\/\/www.youtube.com\/embed\/PyyoLvV-vII?feature=oembed\" frameborder=\"0\" allow=\"accelerometer; autoplay; clipboard-write; encrypted-media; gyroscope; picture-in-picture; web-share\" referrerpolicy=\"strict-origin-when-cross-origin\" allowfullscreen><\/iframe><\/p>\n<p><strong>SAIBA MAIS &#8230;<\/strong><\/p>\n<p><iframe loading=\"lazy\" title=\"ED F\u00cdSICA LICENCIATURA SL 2020\" width=\"500\" height=\"281\" src=\"https:\/\/www.youtube.com\/embed\/p_PPP-5J4Vc?feature=oembed\" frameborder=\"0\" allow=\"accelerometer; autoplay; clipboard-write; encrypted-media; gyroscope; picture-in-picture; web-share\" referrerpolicy=\"strict-origin-when-cross-origin\" allowfullscreen><\/iframe><\/p>\n","protected":false},"excerpt":{"rendered":"<p>Miss\u00e3o \u00c9 a ci\u00eancia que estuda o movimento humano volunt\u00e1rio nas suas dimens\u00f5es biol\u00f3gica, social, cultural, did\u00e1tico-pedag\u00f3gica e t\u00e9cnico instrumentais. O licenciado em Educa\u00e7\u00e3o F\u00edsica organiza, executa e supervisiona programas de atividades f\u00edsicas para pessoas ou grupos. Prepara crian\u00e7as e adultos para as in\u00fameras modalidades de esporte. Contribui para melhoria<\/p>\n","protected":false},"author":1,"featured_media":0,"parent":0,"menu_order":0,"comment_status":"closed","ping_status":"closed","template":"templates\/template-curso_menu_vertical.php","meta":{"footnotes":""},"categories":[],"tags":[],"class_list":["post-360","page","type-page","status-publish","hentry"],"_links":{"self":[{"href":"https:\/\/portal.unisepe.com.br\/saolourenco\/wp-json\/wp\/v2\/pages\/360","targetHints":{"allow":["GET"]}}],"collection":[{"href":"https:\/\/portal.unisepe.com.br\/saolourenco\/wp-json\/wp\/v2\/pages"}],"about":[{"href":"https:\/\/portal.unisepe.com.br\/saolourenco\/wp-json\/wp\/v2\/types\/page"}],"author":[{"embeddable":true,"href":"https:\/\/portal.unisepe.com.br\/saolourenco\/wp-json\/wp\/v2\/users\/1"}],"replies":[{"embeddable":true,"href":"https:\/\/portal.unisepe.com.br\/saolourenco\/wp-json\/wp\/v2\/comments?post=360"}],"version-history":[{"count":7,"href":"https:\/\/portal.unisepe.com.br\/saolourenco\/wp-json\/wp\/v2\/pages\/360\/revisions"}],"predecessor-version":[{"id":6817,"href":"https:\/\/portal.unisepe.com.br\/saolourenco\/wp-json\/wp\/v2\/pages\/360\/revisions\/6817"}],"wp:attachment":[{"href":"https:\/\/portal.unisepe.com.br\/saolourenco\/wp-json\/wp\/v2\/media?parent=360"}],"wp:term":[{"taxonomy":"category","embeddable":true,"href":"https:\/\/portal.unisepe.com.br\/saolourenco\/wp-json\/wp\/v2\/categories?post=360"},{"taxonomy":"post_tag","embeddable":true,"href":"https:\/\/portal.unisepe.com.br\/saolourenco\/wp-json\/wp\/v2\/tags?post=360"}],"curies":[{"name":"wp","href":"https:\/\/api.w.org\/{rel}","templated":true}]}}