{"id":377,"date":"2016-07-12T16:22:07","date_gmt":"2016-07-12T16:22:07","guid":{"rendered":"http:\/\/www.fvr.edu.br\/fvr\/site\/?page_id=377"},"modified":"2025-10-23T17:13:53","modified_gmt":"2025-10-23T20:13:53","slug":"enfermagem","status":"publish","type":"page","link":"https:\/\/portal.unisepe.com.br\/saolourenco\/enfermagem\/","title":{"rendered":"Enfermagem"},"content":{"rendered":"<h4 style=\"text-align: center;\"><strong><img loading=\"lazy\" decoding=\"async\" class=\" wp-image-243 alignleft\" src=\"http:\/\/portal.unisepe.com.br\/saolourenco\/wp-content\/uploads\/sites\/10005\/2018\/09\/logo_enf.png\" alt=\"Enfermagem\" width=\"163\" height=\"77\" \/><\/strong><\/h4>\n<p><b><strong>Concep\u00e7\u00e3o do curso<\/strong>:<\/b><\/p>\n<p align=\"justify\">\u00c9 a ci\u00eancia que se dedica a promover, a manter e a restabelecer a sa\u00fade\u00a0biol\u00f3gica e ps\u00edquica das pessoas.<\/p>\n<p>Enfermagem \u00e9 um curso da \u00e1rea da sa\u00fade que forma profissionais para atuar na promo\u00e7\u00e3o de cuidados a indiv\u00edduos sadios e doentes, por meio de a\u00e7\u00f5es preventivas e curativas, que podem ser desenvolvidas em unidades b\u00e1sicas de sa\u00fade, hospitais e domic\u00edlio, dando embasamento ao futuro enfermeiro no planejamento, organiza\u00e7\u00e3o, implementa\u00e7\u00e3o, dire\u00e7\u00e3o e supervis\u00e3o de servi\u00e7os na \u00e1rea de sa\u00fade.<\/p>\n<p align=\"justify\">O profissional de Enfermagem exerce uma fun\u00e7\u00e3o fundamental na preven\u00e7\u00e3o, promo\u00e7\u00e3o e reabilita\u00e7\u00e3o da sa\u00fade de pacientes hospitalizados ou n\u00e3o. Os enfermeiros s\u00e3o importantes aliados em programas de sa\u00fade p\u00fablica e de treinamento sobre primeiros socorros. Pode ainda, atuar em equipes de resgate e salvamento, na preven\u00e7\u00e3o de acidentes no trabalho e no acompanhamento de crian\u00e7as e rec\u00e9m nascidos.<br \/>\nS\u00e3o diferenciais do Curso de Enfermagem do <span data-teams=\"true\">Centro Universit\u00e1rio <\/span>de S\u00e3o Louren\u00e7o:<\/p>\n<p align=\"justify\">A forma\u00e7\u00e3o do Enfermeiro com conhecimento cient\u00edfico, que garante uma melhor qualidade no atendimento \u00e0 sa\u00fade, competentemente preparado para agir em todos os n\u00edveis de assist\u00eancia \u00e0 sa\u00fade.<br \/>\nMatriz curricular que garante a forma\u00e7\u00e3o generalista, humanista, cr\u00edtica e reflexiva, qualificando o profissional ao exerc\u00edcio da profiss\u00e3o, tendo como base o rigor cient\u00edfico e intelectual, firmado nos princ\u00edpios \u00e9ticos.<\/p>\n<p><b><strong>Mercado de Trabalho:<\/strong><\/b><\/p>\n<p align=\"justify\">Ao contr\u00e1rio do que se pensa, a Enfermagem n\u00e3o se limita ao trabalho em hospitais e cl\u00ednicas. Um campo importante \u00e9 a sa\u00fade coletiva, na qual o profissional atua na promo\u00e7\u00e3o da sa\u00fade e na preven\u00e7\u00e3o de doen\u00e7as, realizando tamb\u00e9m trabalhos educativos na comunidade. Se seguir carreira acad\u00eamica, pode desenvolver pesquisas e trabalhos cient\u00edficos. Outras possibilidades de atua\u00e7\u00e3o do Enfermeiro encontram-se em unidades b\u00e1sicas de sa\u00fade, institui\u00e7\u00f5es psiqui\u00e1tricas, institui\u00e7\u00f5es geri\u00e1tricas, institui\u00e7\u00f5es penais, clubes, creches, ambulat\u00f3rios, consultorias, cooperativas, empresas e cuidado domiciliar (home care).<\/p>\n<p><iframe loading=\"lazy\" title=\"ENFERMAGEM -FSL\" width=\"500\" height=\"281\" src=\"https:\/\/www.youtube.com\/embed\/EfmmsbSImxw?feature=oembed\" frameborder=\"0\" allow=\"accelerometer; autoplay; clipboard-write; encrypted-media; gyroscope; picture-in-picture; web-share\" referrerpolicy=\"strict-origin-when-cross-origin\" allowfullscreen><\/iframe><\/p>\n<p><strong>SAIBA MAIS &#8230;<\/strong><\/p>\n<p><iframe loading=\"lazy\" title=\"ENFERMAGEM SL 2020\" width=\"500\" height=\"281\" src=\"https:\/\/www.youtube.com\/embed\/Z1GjBIYqbpU?feature=oembed\" frameborder=\"0\" allow=\"accelerometer; autoplay; clipboard-write; encrypted-media; gyroscope; picture-in-picture; web-share\" referrerpolicy=\"strict-origin-when-cross-origin\" allowfullscreen><\/iframe><\/p>\n<p>&nbsp;<\/p>\n<p>&nbsp;<\/p>\n","protected":false},"excerpt":{"rendered":"<p>Concep\u00e7\u00e3o do curso: \u00c9 a ci\u00eancia que se dedica a promover, a manter e a restabelecer a sa\u00fade\u00a0biol\u00f3gica e ps\u00edquica das pessoas. Enfermagem \u00e9 um curso da \u00e1rea da sa\u00fade que forma profissionais para atuar na promo\u00e7\u00e3o de cuidados a indiv\u00edduos sadios e doentes, por meio de a\u00e7\u00f5es preventivas e<\/p>\n","protected":false},"author":1,"featured_media":0,"parent":0,"menu_order":0,"comment_status":"closed","ping_status":"closed","template":"templates\/template-curso_menu_vertical.php","meta":{"footnotes":""},"categories":[],"tags":[],"class_list":["post-377","page","type-page","status-publish","hentry"],"_links":{"self":[{"href":"https:\/\/portal.unisepe.com.br\/saolourenco\/wp-json\/wp\/v2\/pages\/377","targetHints":{"allow":["GET"]}}],"collection":[{"href":"https:\/\/portal.unisepe.com.br\/saolourenco\/wp-json\/wp\/v2\/pages"}],"about":[{"href":"https:\/\/portal.unisepe.com.br\/saolourenco\/wp-json\/wp\/v2\/types\/page"}],"author":[{"embeddable":true,"href":"https:\/\/portal.unisepe.com.br\/saolourenco\/wp-json\/wp\/v2\/users\/1"}],"replies":[{"embeddable":true,"href":"https:\/\/portal.unisepe.com.br\/saolourenco\/wp-json\/wp\/v2\/comments?post=377"}],"version-history":[{"count":7,"href":"https:\/\/portal.unisepe.com.br\/saolourenco\/wp-json\/wp\/v2\/pages\/377\/revisions"}],"predecessor-version":[{"id":6819,"href":"https:\/\/portal.unisepe.com.br\/saolourenco\/wp-json\/wp\/v2\/pages\/377\/revisions\/6819"}],"wp:attachment":[{"href":"https:\/\/portal.unisepe.com.br\/saolourenco\/wp-json\/wp\/v2\/media?parent=377"}],"wp:term":[{"taxonomy":"category","embeddable":true,"href":"https:\/\/portal.unisepe.com.br\/saolourenco\/wp-json\/wp\/v2\/categories?post=377"},{"taxonomy":"post_tag","embeddable":true,"href":"https:\/\/portal.unisepe.com.br\/saolourenco\/wp-json\/wp\/v2\/tags?post=377"}],"curies":[{"name":"wp","href":"https:\/\/api.w.org\/{rel}","templated":true}]}}