{"id":3921,"date":"2019-07-12T10:01:41","date_gmt":"2019-07-12T13:01:41","guid":{"rendered":"http:\/\/portal.unisepe.com.br\/saolourenco\/?page_id=3921"},"modified":"2022-08-29T16:03:57","modified_gmt":"2022-08-29T19:03:57","slug":"pos-graduacao","status":"publish","type":"page","link":"https:\/\/portal.unisepe.com.br\/saolourenco\/pos-graduacao\/","title":{"rendered":"P\u00f3s-Gradua\u00e7\u00e3o"},"content":{"rendered":"<p>Os cursos de P\u00f3s-Gradua\u00e7\u00e3o da Unisepe, Faculdades Integradas do Vale do Ribeira, s\u00e3o voltados para o p\u00fablico em geral, com forte presen\u00e7a de acad\u00eamicos dos cursos de gradua\u00e7\u00e3o, mas tamb\u00e9m com participa\u00e7\u00e3o intensa de egressos do ensino superior e de profissionais do mercado em busca de aperfei\u00e7oamento nas mais diversas \u00e1reas.<\/p>\n<p>Os temas dos cursos s\u00e3o de interesse amplo e tratam, sobretudo, de quest\u00f5es atuais ou de t\u00e9cnicas espec\u00edficas de v\u00e1rias \u00e1reas do conhecimento. As aulas \u2013 din\u00e2micas e com grande participa\u00e7\u00e3o dos alunos \u2013 s\u00e3o ministradas por professores especializados nos assuntos abordados pelos cursos.<\/p>\n<ul>\n<li>\n<ul>Aproveite esta oportunidade, n\u00e3o perca tempo!<\/p>\n<li>Para voc\u00ea aluno busque o aperfei\u00e7oamento profissional na sua pr\u00f3pria institui\u00e7\u00e3o de ensino, fique atualizado;<\/li>\n<li>Para voc\u00ea ex-aluno e sociedade, seja um Profissional Qualificado no Mercado;<\/li>\n<li>Cursos com hor\u00e1rios flex\u00edveis;<\/li>\n<li>Funcionamento por demanda;<\/li>\n<\/ul>\n<\/li>\n<\/ul>\n<p>para maiores informa\u00e7\u00f5es entre em contato:<br \/>\nN\u00facleo de Vestibular<br \/>\n<b>(35) 3332-3355 Ramal (220)<\/b><br \/>\n<b><a href=\"mailto:vestibular@faculdadesaolourenco.com.br\" target=\"_blank\" rel=\"noopener noreferrer\">vestibular@faculdadesaolourenco.com.br<\/a><\/b><br \/>\nConhe\u00e7a nossas P\u00f3s Gradua\u00e7\u00e3o ead<span>\u00a0<\/span><b><a href=\"http:\/\/portal.unisepe.com.br\/ead\/\" target=\"_blank\" rel=\"noopener noreferrer\">http:\/\/portal.unisepe.com.br\/ead\/<\/a><\/b><\/p>\n<p>&nbsp;<\/p>\n<ul>\n<li><a href=\"http:\/\/portal.unisepe.com.br\/saolourenco\/ciencias-criminais\/\" target=\"_blank\" rel=\"noopener noreferrer\"><strong>Ci\u00eancias Criminais<\/strong><\/a><\/li>\n<li><strong><a href=\"http:\/\/portal.unisepe.com.br\/saolourenco\/direito-processo-civil-enfase-em-consumidor-contratos-e-responsabilidade-civil\/\" target=\"_blank\" rel=\"noopener noreferrer\">Direito Processual Civil: \u00canfase em Consumidor, Contratos e Responsabilidade Civil<\/a><\/strong><\/li>\n<li><a href=\"http:\/\/portal.unisepe.com.br\/saolourenco\/direito-processual-civil-enfase-em-direito-de-familia-e-sucessoes\/\" target=\"_blank\" rel=\"noopener noreferrer\"><strong>Direito\u00a0Processual Civil: \u00canfase em Direito de Fam\u00edlia e Sucess\u00f5es<\/strong><\/a><\/li>\n<li><a href=\"http:\/\/portal.unisepe.com.br\/saolourenco\/direito-processual-civil-enfase-em-empresas-e-tributos\/\" target=\"_blank\" rel=\"noopener noreferrer\"><strong>Direito Processual Civil: \u00canfase em Empresas e <\/strong><strong>Tributos<\/strong><\/a><\/li>\n<\/ul>\n","protected":false},"excerpt":{"rendered":"<p>Os cursos de P\u00f3s-Gradua\u00e7\u00e3o da Unisepe, Faculdades Integradas do Vale do Ribeira, s\u00e3o voltados para o p\u00fablico em geral, com forte presen\u00e7a de acad\u00eamicos dos cursos de gradua\u00e7\u00e3o, mas tamb\u00e9m com participa\u00e7\u00e3o intensa de egressos do ensino superior e de profissionais do mercado em busca de aperfei\u00e7oamento nas mais diversas<\/p>\n","protected":false},"author":4,"featured_media":0,"parent":0,"menu_order":0,"comment_status":"closed","ping_status":"closed","template":"","meta":{"footnotes":""},"categories":[],"tags":[],"class_list":["post-3921","page","type-page","status-publish","hentry"],"_links":{"self":[{"href":"https:\/\/portal.unisepe.com.br\/saolourenco\/wp-json\/wp\/v2\/pages\/3921","targetHints":{"allow":["GET"]}}],"collection":[{"href":"https:\/\/portal.unisepe.com.br\/saolourenco\/wp-json\/wp\/v2\/pages"}],"about":[{"href":"https:\/\/portal.unisepe.com.br\/saolourenco\/wp-json\/wp\/v2\/types\/page"}],"author":[{"embeddable":true,"href":"https:\/\/portal.unisepe.com.br\/saolourenco\/wp-json\/wp\/v2\/users\/4"}],"replies":[{"embeddable":true,"href":"https:\/\/portal.unisepe.com.br\/saolourenco\/wp-json\/wp\/v2\/comments?post=3921"}],"version-history":[{"count":13,"href":"https:\/\/portal.unisepe.com.br\/saolourenco\/wp-json\/wp\/v2\/pages\/3921\/revisions"}],"predecessor-version":[{"id":5755,"href":"https:\/\/portal.unisepe.com.br\/saolourenco\/wp-json\/wp\/v2\/pages\/3921\/revisions\/5755"}],"wp:attachment":[{"href":"https:\/\/portal.unisepe.com.br\/saolourenco\/wp-json\/wp\/v2\/media?parent=3921"}],"wp:term":[{"taxonomy":"category","embeddable":true,"href":"https:\/\/portal.unisepe.com.br\/saolourenco\/wp-json\/wp\/v2\/categories?post=3921"},{"taxonomy":"post_tag","embeddable":true,"href":"https:\/\/portal.unisepe.com.br\/saolourenco\/wp-json\/wp\/v2\/tags?post=3921"}],"curies":[{"name":"wp","href":"https:\/\/api.w.org\/{rel}","templated":true}]}}