{"id":3927,"date":"2019-07-12T10:12:32","date_gmt":"2019-07-12T13:12:32","guid":{"rendered":"http:\/\/portal.unisepe.com.br\/saolourenco\/?page_id=3927"},"modified":"2025-10-23T16:49:20","modified_gmt":"2025-10-23T19:49:20","slug":"direito-processo-civil-enfase-em-consumidor-contratos-e-responsabilidade-civil","status":"publish","type":"page","link":"https:\/\/portal.unisepe.com.br\/saolourenco\/direito-processo-civil-enfase-em-consumidor-contratos-e-responsabilidade-civil\/","title":{"rendered":"Direito Processo Civil: \u00canfase em Consumidor, Contratos e Responsabilidade Civil"},"content":{"rendered":"<p style=\"text-align: justify;\"><a href=\"http:\/\/www.escolamineiradedireito.com.br.\" target=\"_blank\" rel=\"noopener\"><img loading=\"lazy\" decoding=\"async\" class=\"alignleft wp-image-4098 size-thumbnail\" src=\"http:\/\/portal.unisepe.com.br\/saolourenco\/wp-content\/uploads\/sites\/10005\/2019\/07\/IMG-20190716-WA0043-150x150.jpg\" alt=\"\" width=\"150\" height=\"150\" srcset=\"https:\/\/portal.unisepe.com.br\/saolourenco\/wp-content\/uploads\/sites\/10005\/2019\/07\/IMG-20190716-WA0043-150x150.jpg 150w, https:\/\/portal.unisepe.com.br\/saolourenco\/wp-content\/uploads\/sites\/10005\/2019\/07\/IMG-20190716-WA0043-300x300.jpg 300w, https:\/\/portal.unisepe.com.br\/saolourenco\/wp-content\/uploads\/sites\/10005\/2019\/07\/IMG-20190716-WA0043-768x768.jpg 768w, https:\/\/portal.unisepe.com.br\/saolourenco\/wp-content\/uploads\/sites\/10005\/2019\/07\/IMG-20190716-WA0043-225x225.jpg 225w, https:\/\/portal.unisepe.com.br\/saolourenco\/wp-content\/uploads\/sites\/10005\/2019\/07\/IMG-20190716-WA0043.jpg 800w\" sizes=\"auto, (max-width: 150px) 100vw, 150px\" \/><\/a><\/p>\n<p>&nbsp;<\/p>\n<p>&nbsp;<\/p>\n<p style=\"text-align: justify;\">\u00a0 \u00a0 \u00a0 \u00a0 \u00a0 A P\u00f3s-Gradua\u00e7\u00e3o de Direito Processual Civil: \u00canfase em Consumidor, Contratos e Responsabilidade Civil do <span data-teams=\"true\">Centro Universit\u00e1rio<\/span> S\u00e3o Louren\u00e7o \u00e9 realizada com a colabora\u00e7\u00e3o da Escola Mineira de Direito (EMD). Para mais informa\u00e7\u00f5es acesse: <a href=\"http:\/\/www.escolamineiradedireito.com.br.\" target=\"_blank\" rel=\"noopener\"><strong>www.escolamineiradedireito.com.br.<\/strong><\/a><\/p>\n<p>&nbsp;<\/p>\n<p style=\"text-align: justify;\">\u00a0 \u00a0 \u00a0 \u00a0 \u00a0 A P\u00f3s em Direito Processual Civil: \u00canfase em Consumidor, Contratos e Responsabilidade Civil dar\u00e1 grande realce a metodologias participativas que colocam o aluno como protagonista do processo de aprendizagem. Os m\u00f3dulos mesclar\u00e3o aulas dialogadas, discuss\u00e3o de casos, exerc\u00edcios aplicativos, an\u00e1lises de decis\u00f5es judiciais e simula\u00e7\u00e3o de situa\u00e7\u00f5es concretas.<\/p>\n<p style=\"text-align: center;\"><strong>Objetivos do Curso<\/strong><\/p>\n<ul>\n<li style=\"text-align: justify;\">Atualizar o operador do Direito no que se refere \u00e0 nova legisla\u00e7\u00e3o (Novo C\u00f3digo de Processo Civil \u2013 Lei 13.105\/2015);<\/li>\n<li style=\"text-align: justify;\">Capacitar profissionais do Direito \u00e0 atua\u00e7\u00e3o com qualidade diferenciada na \u00e1rea do Direito Processual Civil, tornando-os mais cr\u00edticos e reflexivos na seara processual;<\/li>\n<li style=\"text-align: justify;\">Apresentar ao aluno, atrav\u00e9s de debates com especialistas, problemas jur\u00eddicos, dicas e t\u00e9cnicas de atua\u00e7\u00e3o na vida pr\u00e1tica contratual (rela\u00e7\u00e3o c\u00edveis e consumeristas) e extracontratual (responsabilidade civil);<\/li>\n<li style=\"text-align: justify;\">Preparar o aluno para exercer a carreira docente.<\/li>\n<\/ul>\n<p style=\"text-align: center;\"><strong>P\u00fablico Alvo<\/strong><\/p>\n<ul>\n<li style=\"text-align: justify;\">Graduados em Direito, advogados ou consultores jur\u00eddicos, servidores p\u00fablicos em geral.<\/li>\n<\/ul>\n","protected":false},"excerpt":{"rendered":"<p>&nbsp; &nbsp; \u00a0 \u00a0 \u00a0 \u00a0 \u00a0 A P\u00f3s-Gradua\u00e7\u00e3o de Direito Processual Civil: \u00canfase em Consumidor, Contratos e Responsabilidade Civil do Centro Universit\u00e1rio S\u00e3o Louren\u00e7o \u00e9 realizada com a colabora\u00e7\u00e3o da Escola Mineira de Direito (EMD). Para mais informa\u00e7\u00f5es acesse: www.escolamineiradedireito.com.br. &nbsp; \u00a0 \u00a0 \u00a0 \u00a0 \u00a0 A P\u00f3s em<\/p>\n","protected":false},"author":4,"featured_media":0,"parent":0,"menu_order":0,"comment_status":"closed","ping_status":"closed","template":"templates\/template-pagina_menu_vertical.php","meta":{"footnotes":""},"categories":[],"tags":[],"class_list":["post-3927","page","type-page","status-publish","hentry"],"_links":{"self":[{"href":"https:\/\/portal.unisepe.com.br\/saolourenco\/wp-json\/wp\/v2\/pages\/3927","targetHints":{"allow":["GET"]}}],"collection":[{"href":"https:\/\/portal.unisepe.com.br\/saolourenco\/wp-json\/wp\/v2\/pages"}],"about":[{"href":"https:\/\/portal.unisepe.com.br\/saolourenco\/wp-json\/wp\/v2\/types\/page"}],"author":[{"embeddable":true,"href":"https:\/\/portal.unisepe.com.br\/saolourenco\/wp-json\/wp\/v2\/users\/4"}],"replies":[{"embeddable":true,"href":"https:\/\/portal.unisepe.com.br\/saolourenco\/wp-json\/wp\/v2\/comments?post=3927"}],"version-history":[{"count":11,"href":"https:\/\/portal.unisepe.com.br\/saolourenco\/wp-json\/wp\/v2\/pages\/3927\/revisions"}],"predecessor-version":[{"id":6810,"href":"https:\/\/portal.unisepe.com.br\/saolourenco\/wp-json\/wp\/v2\/pages\/3927\/revisions\/6810"}],"wp:attachment":[{"href":"https:\/\/portal.unisepe.com.br\/saolourenco\/wp-json\/wp\/v2\/media?parent=3927"}],"wp:term":[{"taxonomy":"category","embeddable":true,"href":"https:\/\/portal.unisepe.com.br\/saolourenco\/wp-json\/wp\/v2\/categories?post=3927"},{"taxonomy":"post_tag","embeddable":true,"href":"https:\/\/portal.unisepe.com.br\/saolourenco\/wp-json\/wp\/v2\/tags?post=3927"}],"curies":[{"name":"wp","href":"https:\/\/api.w.org\/{rel}","templated":true}]}}