{"id":3931,"date":"2019-07-12T10:17:11","date_gmt":"2019-07-12T13:17:11","guid":{"rendered":"http:\/\/portal.unisepe.com.br\/saolourenco\/?page_id=3931"},"modified":"2019-07-12T15:31:52","modified_gmt":"2019-07-12T18:31:52","slug":"conteudo-programatico","status":"publish","type":"page","link":"https:\/\/portal.unisepe.com.br\/saolourenco\/direito-processo-civil-enfase-em-consumidor-contratos-e-responsabilidade-civil\/conteudo-programatico\/","title":{"rendered":"Conte\u00fado Program\u00e1tico"},"content":{"rendered":"<p style=\"text-align: center\"><em><strong>Eixo I<\/strong><\/em><\/p>\n<p style=\"text-align: center\"><em><strong>Direito Processual Civil<\/strong><\/em><\/p>\n<p style=\"text-align: left\"><em><strong>M\u00f3dulo I \u2013 Parte Geral, Processo de Conhecimento<\/strong><\/em><\/p>\n<ul>\n<li style=\"text-align: justify\">A Jurisdi\u00e7\u00e3o, a A\u00e7\u00e3o e o Processo no Estado Constitucional (vis\u00e3o Contempor\u00e2nea dos Princ\u00edpios Constitucionais do Processo);<\/li>\n<li style=\"text-align: justify\">Teoria dos Fatos Jur\u00eddicos Processuais (neg\u00f3cios jur\u00eddicos processuais, invalidades processuais, preclus\u00e3o), Compet\u00eancia, Litiscons\u00f3rcio e Interven\u00e7\u00e3o de Terceiros;<\/li>\n<li style=\"text-align: justify\">Do Procedimento Comum <em>(das disposi\u00e7\u00f5es gerais; da peti\u00e7\u00e3o inicial; da improced\u00eancia liminar do pedido; da audi\u00eancia de concilia\u00e7\u00e3o ou de media\u00e7\u00e3o; da contesta\u00e7\u00e3o; da reconven\u00e7\u00e3o; da revelia; das provid\u00eancias preliminares e do saneamento; do julgamento conforme o estado do processo; da audi\u00eancia de instru\u00e7\u00e3o e julgamento)<\/em>;<\/li>\n<li style=\"text-align: justify\">Teoria Geral das Provas e das Provas em Esp\u00e9cies.<\/li>\n<\/ul>\n<p><em><strong>M\u00f3dulo II \u2013 Decis\u00e3o Judicial, Meios de Impugna\u00e7\u00e3o e Dos Processos nos Tribunais<\/strong><\/em><\/p>\n<ul>\n<li style=\"text-align: justify\">Teoria da Decis\u00e3o Judicial, o Fen\u00f4meno da Coisa Julgada e os Precedentes Judiciais;<\/li>\n<li style=\"text-align: justify\">Das Tutelas Provis\u00f3rias (Urg\u00eancia e Evid\u00eancia);<\/li>\n<li style=\"text-align: justify\">Teoria Geral dos Recursos (Princ\u00edpios, Efeitos e Admiss\u00e3o) e dos Recursos em Esp\u00e9cie;<\/li>\n<li style=\"text-align: justify\">Dos Processos nos Tribunais: Das T\u00e9cnicas de Estabiliza\u00e7\u00e3o da Jurisprud\u00eancia a cargo dos Tribunais (IRDR e IAC) e Das A\u00e7\u00f5es Origin\u00e1rias <em>(A\u00e7\u00e3o Rescis\u00f3ria, Reclama\u00e7\u00e3o, A\u00e7\u00e3o de nulidade da senten\u00e7a \u201cquerela nullitatis\u201d)<\/em>.<\/li>\n<\/ul>\n<p><em><strong>M\u00f3dulo III \u2013 Da Tutela Jurisdicional Executiva<\/strong><\/em><\/p>\n<ul>\n<li style=\"text-align: justify\">Liquida\u00e7\u00e3o, Execu\u00e7\u00e3o Provis\u00f3ria e Efetiva\u00e7\u00e3o das Decis\u00f5es Judicias Mediante Cumprimento de Senten\u00e7a;<\/li>\n<li style=\"text-align: justify\">O Processo de Execu\u00e7\u00e3o: Das Disposi\u00e7\u00f5es Gerais; Das Diversas Esp\u00e9cies de Execu\u00e7\u00e3o; da Defesa do executado no processo de execu\u00e7\u00e3o (Dos Embargos \u00e0 Execu\u00e7\u00e3o e da Exce\u00e7\u00e3o de Pr\u00e9-executividade).<\/li>\n<\/ul>\n<p>&nbsp;<\/p>\n<p style=\"text-align: center\"><em><strong>Eixo II<\/strong><\/em><br \/>\n<em><strong>Consumidor, Contratos e Responsabilidade Civil<\/strong><\/em><\/p>\n<p><em><strong>M\u00f3dulo I \u2013 Rela\u00e7\u00f5es C\u00edveis de Natureza Consumerista<\/strong><\/em><\/p>\n<p><em>Consumidor<\/em><\/p>\n<ul>\n<li style=\"text-align: justify\">Forma\u00e7\u00e3o da Rela\u00e7\u00e3o Jur\u00eddica de Consumo e a Aplica\u00e7\u00e3o do CDC;<\/li>\n<li style=\"text-align: justify\">Responsabilidade Civil em mat\u00e9ria de consumo;<\/li>\n<li style=\"text-align: justify\">Pr\u00e1ticas Comerciais e Prote\u00e7\u00e3o Contratual;<\/li>\n<li style=\"text-align: justify\">Tutela Pluri-individual em Mat\u00e9ria de Consumo.<\/li>\n<\/ul>\n<p><em><strong>M\u00f3dulo II \u2013 Rela\u00e7\u00f5es C\u00edveis de Natureza Contratual<\/strong><\/em><\/p>\n<p><em>Contratos<\/em><\/p>\n<ul>\n<li style=\"text-align: justify\">A Contempor\u00e2nea Principiologia Contratual. Interpreta\u00e7\u00e3o e Qualifica\u00e7\u00e3o dos Contratos;<\/li>\n<li style=\"text-align: justify\">Disposi\u00e7\u00f5es Gerais e Reda\u00e7\u00e3o das Cl\u00e1usulas Contratuais;<\/li>\n<li style=\"text-align: justify\">Contratos em Esp\u00e9cie;<\/li>\n<li style=\"text-align: justify\">Extin\u00e7\u00e3o dos Contratos.<\/li>\n<\/ul>\n<p><em><strong>M\u00f3dulo III \u2013 Rela\u00e7\u00f5es C\u00edveis de Natureza Extra-contratual<\/strong><\/em><\/p>\n<p><em>Responsabilidade Civil<\/em><\/p>\n<ul>\n<li style=\"text-align: justify\">No\u00e7\u00f5es de Direito de Personalidade;<\/li>\n<li style=\"text-align: justify\">Responsabilidade Civil: Fun\u00e7\u00f5es, Classifica\u00e7\u00f5es e Elementos;<\/li>\n<li style=\"text-align: justify\">Elementos da Responsabilidade Civil;<\/li>\n<li style=\"text-align: justify\">Responsabilidade Civil em Esp\u00e9cie.<\/li>\n<\/ul>\n<p>&nbsp;<\/p>\n<p style=\"text-align: center\"><em><strong>Mat\u00e9rias Integradoras<\/strong><\/em><\/p>\n<ul>\n<li><span style=\"font-size: 0.95em\">Metodologia Cient\u00edfica ;<\/span><\/li>\n<li><span style=\"font-size: 0.95em\">T\u00e9cnicas para Doc\u00eancia no Ensino Superior ;<\/span><\/li>\n<li><span style=\"font-size: 0.95em\">T\u00e9cnicas Avan\u00e7adas de Negocia\u00e7\u00e3o.<\/span><\/li>\n<\/ul>\n","protected":false},"excerpt":{"rendered":"<p>Eixo I Direito Processual Civil M\u00f3dulo I \u2013 Parte Geral, Processo de Conhecimento A Jurisdi\u00e7\u00e3o, a A\u00e7\u00e3o e o Processo no Estado Constitucional (vis\u00e3o Contempor\u00e2nea dos Princ\u00edpios Constitucionais do Processo); Teoria dos Fatos Jur\u00eddicos Processuais (neg\u00f3cios jur\u00eddicos processuais, invalidades processuais, preclus\u00e3o), Compet\u00eancia, Litiscons\u00f3rcio e Interven\u00e7\u00e3o de Terceiros; Do Procedimento Comum<\/p>\n","protected":false},"author":4,"featured_media":0,"parent":3927,"menu_order":0,"comment_status":"closed","ping_status":"closed","template":"templates\/template-pagina_menu_vertical.php","meta":{"footnotes":""},"categories":[],"tags":[],"class_list":["post-3931","page","type-page","status-publish","hentry"],"_links":{"self":[{"href":"https:\/\/portal.unisepe.com.br\/saolourenco\/wp-json\/wp\/v2\/pages\/3931","targetHints":{"allow":["GET"]}}],"collection":[{"href":"https:\/\/portal.unisepe.com.br\/saolourenco\/wp-json\/wp\/v2\/pages"}],"about":[{"href":"https:\/\/portal.unisepe.com.br\/saolourenco\/wp-json\/wp\/v2\/types\/page"}],"author":[{"embeddable":true,"href":"https:\/\/portal.unisepe.com.br\/saolourenco\/wp-json\/wp\/v2\/users\/4"}],"replies":[{"embeddable":true,"href":"https:\/\/portal.unisepe.com.br\/saolourenco\/wp-json\/wp\/v2\/comments?post=3931"}],"version-history":[{"count":11,"href":"https:\/\/portal.unisepe.com.br\/saolourenco\/wp-json\/wp\/v2\/pages\/3931\/revisions"}],"predecessor-version":[{"id":3959,"href":"https:\/\/portal.unisepe.com.br\/saolourenco\/wp-json\/wp\/v2\/pages\/3931\/revisions\/3959"}],"up":[{"embeddable":true,"href":"https:\/\/portal.unisepe.com.br\/saolourenco\/wp-json\/wp\/v2\/pages\/3927"}],"wp:attachment":[{"href":"https:\/\/portal.unisepe.com.br\/saolourenco\/wp-json\/wp\/v2\/media?parent=3931"}],"wp:term":[{"taxonomy":"category","embeddable":true,"href":"https:\/\/portal.unisepe.com.br\/saolourenco\/wp-json\/wp\/v2\/categories?post=3931"},{"taxonomy":"post_tag","embeddable":true,"href":"https:\/\/portal.unisepe.com.br\/saolourenco\/wp-json\/wp\/v2\/tags?post=3931"}],"curies":[{"name":"wp","href":"https:\/\/api.w.org\/{rel}","templated":true}]}}