{"id":3942,"date":"2019-07-12T10:25:02","date_gmt":"2019-07-12T13:25:02","guid":{"rendered":"http:\/\/portal.unisepe.com.br\/saolourenco\/?page_id=3942"},"modified":"2019-07-15T16:18:06","modified_gmt":"2019-07-15T19:18:06","slug":"corpo-docente","status":"publish","type":"page","link":"https:\/\/portal.unisepe.com.br\/saolourenco\/direito-processo-civil-enfase-em-consumidor-contratos-e-responsabilidade-civil\/corpo-docente\/","title":{"rendered":"Corpo Docente"},"content":{"rendered":"<h4 style=\"text-align: center\"><strong>Coordena\u00e7\u00e3o<\/strong><\/h4>\n<p><em><strong>Prof. Me. Fernando de Paula Batista Mello<\/strong><\/em><\/p>\n<p style=\"text-align: justify\">Doutorando em Direito Civil pela Faculdade de Direito da Universidade de Coimbra &#8211; FDUC em regime de cotutela com a Faculdade de Direito de S\u00e3o Paulo &#8211; FDUSP. Mestre em Ci\u00eancias Jur\u00eddico-Civil\u00edsticas, men\u00e7\u00e3o em Direito Civil, pela Faculdade de Direito da Universidade de Coimbra &#8211; FDUC. Graduado em Direito pelo Instituto Vianna J\u00fanior. Pesquisador Visitante Bolsista do <em>Instituto Max-Planck<\/em> de Direito Privado Comparado e Internacional (Hamburgo &#8211; Alemanha). Pesquisador Visitante da Universidade de Hamburgo (Hamburgo &#8211; Alemanha). Colaborador do Instituto Jur\u00eddico da Faculdade de Direito da Universidade de Coimbra (Coimbra &#8211; Portugal). Diretor Executivo da Escola Mineira de Direito (EMD); Professor de Direito Civil e Processo Civil da FADIVA e UNIFAAT; Coordenador do N\u00facleo de Pr\u00e1tica Jur\u00eddica (NPJ) da UNIFAAT; Coordenador dos Cursos Preparat\u00f3rios para OAB da Escola Mineira de Direito (EMD); Coordenador do Curso de P\u00f3s-Gradua\u00e7\u00e3o da FADIVA; Co-coordenador do Curso de P\u00f3s-Gradua\u00e7\u00e3o em Direito Processual Civil da UNIFAAT; Coordenador do Curso de P\u00f3s-gradua\u00e7\u00e3o em Direito Processual Civil da FACICA com o apoio da Escola Mineira de Direito (EMD); Coordenador dos Cursos de P\u00f3s-gradua\u00e7\u00e3o da Faculdade de S\u00e3o Louren\u00e7o com o apoio da Escola Mineira de Direito (EMD). Advogado e Parecerista.<\/p>\n<p>&nbsp;<\/p>\n<h4 style=\"text-align: center\"><strong>Processo Civil <\/strong><\/h4>\n<p><em><strong>Prof. Dr. Alexandre Freitas C\u00e2mara<\/strong><\/em><\/p>\n<p style=\"text-align: justify\">Doutor em Direito Processual pela PUC\/MG. Professor em\u00e9rito e coordenador de Direito Processual Civil da Escola da Magistratura do Estado do Rio de Janeiro (EMERJ) Presidente do Instituto Carioca de Processo Civil (ICPC) Vice-diretor de rela\u00e7\u00f5es institucionais do Instituto Brasileiro de Direito Processual (IBDP) Membro do Instituto Ibero-americano de Direito Processual Membro da Associa\u00e7\u00e3o Internacional de Direito Processual Desembargador no Tribunal de Justi\u00e7a do Estado do Rio de Janeiro Foi membro da Comiss\u00e3o de Juristas que assessorou a C\u00e2mara dos Deputados no exame do projeto que resultou no C\u00f3digo de Processo Civil de 2015 Foi membro da Comiss\u00e3o de Juristas que assessorou a C\u00e2mara dos Deputados no exame do projeto que resultou na Lei Maria da Penha<\/p>\n<p><em><strong>Prof. Me. Darlan Barroso<\/strong><\/em><\/p>\n<p style=\"text-align: justify\">Mestre em Direito. Especialista em Direito Processual Civil pela PUC\/SP.\u00a0 Foi professor dos cursos de gradua\u00e7\u00e3o da Funda\u00e7\u00e3o Armando Alvares Penteado \u2013 FAAP e da Universidade Paulista \u2013 UNIP. Professor e coordenador pedag\u00f3gico na rede LFG\/Prima. Professor e Diretor Pedag\u00f3gico no Dam\u00e1sio Educacional, onde tamb\u00e9m foi coordenador da P\u00f3s-gradua\u00e7\u00e3o de Direito Processual Civil. Advogado professor e diretor no <em>MeuCurso<\/em> Tecnologia e Intelig\u00eancia Educacional.<\/p>\n<p><em><strong>Prof. Me. Leandro Castanheira Le\u00e3o<\/strong><\/em><\/p>\n<p style=\"text-align: justify\">Mestre em Direito pela FADISP; Especialista em Direito Empresarial pela GVlaw; Professor de Processo Civil de cursos preparat\u00f3rios do Dam\u00e1sio Educacional e da Faculdade Dam\u00e1sio; Autor das Editoras Saraiva e Revista dos Tribunais; Membro da Comiss\u00e3o de Processo Civil Ordem dos Advogados do Brasil &#8211; Sec\u00e7\u00e3o de S\u00e3o Paulo; Membro da ABDPro \u2013 Associa\u00e7\u00e3o Brasileira de Direito Processual.<\/p>\n<p><em><strong>Prof. Me. S\u00e9rgio Santos Melo<\/strong><\/em><\/p>\n<p style=\"text-align: justify\">Mestre em Constitucionalismo e Democracia pela Faculdade de Direito do Sul de Minas (FDSM), 2013-2015. Graduado em Direito pela Universidade Federal de Minas Gerais, com p\u00f3s-gradua\u00e7\u00e3o (lato sensu) em Direito do Estado pela Universidade de Ita\u00fana-MG. Atualmente \u00e9 Vice-diretor da Subse\u00e7\u00e3o Judici\u00e1ria de Varginha e juiz federal titular da 1\u00aa vara da referida subse\u00e7\u00e3o. Tem experi\u00eancia na \u00e1rea de Direito P\u00fablico, com \u00eanfase em Constitucional e Direito Processual, tendo sido professor das referidas disciplinas em Cursos Preparat\u00f3rios para concurso na \u00e1rea jur\u00eddica: CEAJUFE e A. Carvalho, ambos em Belo Horizonte-MG. Atualmente leciona as disciplinas Teoria Geral do Processo e Direito Processual Civil I no curso de Direito da FACECA e as disciplinas Teoria Geral do Processo e Direito Processual Civil I no curso de Direito da FADIVA-Faculdade de Direito de Varginha, ambas no munic\u00edpio de Varginha-MG. Ministra, frequentemente, m\u00f3dulos em cursos de p\u00f3s-gradua\u00e7\u00e3o na \u00e1rea do Direito.<\/p>\n<p><em><strong>Prof. Me. Daniel Macedo<\/strong><\/em><\/p>\n<p style=\"text-align: justify\">Mestre em Direito Processual Civil pela Universidade de Coimbra. Defensor P\u00fablico Federal, titular do 2\u00ba Of\u00edcio de Direitos Humanos e Tutela Coletiva, Coordenador dos Of\u00edcios de Direitos Humanos e Tutela Coletiva da Defensoria P\u00fablica da Uni\u00e3o no Rio de Janeiro e Coordenador do Grupo de Trabalho de Sa\u00fade da Defensoria P\u00fablica da Uni\u00e3o. Professor de Direito Processual Civil em n\u00edvel de P\u00f3s-Gradua\u00e7\u00e3o da Universidade C\u00e2ndido Mendes e Ibmec. Professor de Direito Processual Civil da Funda\u00e7\u00e3o Escola Superior do Minist\u00e9rio P\u00fablico do Estado do RJ, da Associa\u00e7\u00e3o do Minist\u00e9rio P\u00fablico do Estado do Rio de Janeiro e da Escola da Magistratura do Estado do Rio de Janeiro. Escritor e palestrante.<\/p>\n<p><em><strong>Prof. Dr. Maur\u00edcio Ferreira Cunha<\/strong><\/em><\/p>\n<p style=\"text-align: justify\">Juiz de Direito (TJMG). Coordenador dos Juizados Especiais de Po\u00e7os de Caldas. Mestre em Direito Processual Civil (PUC\/CAMPINAS). Doutor em Direito Processual (PUC\/MINAS). Bolsista CAPES (Doutorado Sandu\u00edche) junto \u00e0 Universidade Nova de Lisboa (2011\/2012). Professor dos cursos de gradua\u00e7\u00e3o (provimento) e p\u00f3s-gradua\u00e7\u00e3o &#8220;lato sensu&#8221; (PUC\/MINAS &#8211; campus Po\u00e7os de Caldas). Professor de Direito Processual Civil do CERS (Complexo de Ensino Renato Saraiva). Membro do IDILP (Instituto do Direito de L\u00edngua Portuguesa). Membro do IBDP (Instituto Brasileiro de Direito Processual). Membro do CEAPRO (Centro de Estudos Avan\u00e7ados de Processo). Membro da ABDPro (Associa\u00e7\u00e3o Brasileira de Direito Processual).<\/p>\n<p><em><strong>Prof. Dr. M\u00e1rcio Carvalho Faria<\/strong><\/em><\/p>\n<p style=\"text-align: justify\">Doutor e Mestre em Direito Processual pela Universidade do Estado do Rio de Janeiro (UERJ). Especialista em Direito P\u00fablico pela Faculdade Newton Paiva\/MG. Graduado em Direito pela Universidade Federal de Juiz de Fora (UFJF). Professor Adjunto de Direito Processual Civil na Universidade Federal de Juiz de Fora (UFJF). Membro do Instituto Brasileiro de Direito Processual (IBDP) e da Associa\u00e7\u00e3o Brasileira de Direito Processual (ABDPro). Membro do Conselho Editorial da Revista Eletr\u00f4nica de Direito Processual da Faculdade de Direito da UERJ (REDP). Parecerista da Revista do Tribunal de Contas do Estado de Minas Gerais (TCEMG), da Revista da Advocacia Geral da Uni\u00e3o (AGU), da Revista da Faculdade de Direito da Universidade Federal do Paran\u00e1 (UFPR), da Revista Vertentes do Direito da Universidade Federal do Tocantins (UFT) e da Revista Brasileira de Direito de Passo Fundo\/RS (IMED). Advogado Tem experi\u00eancia na \u00e1rea de Direito, com \u00eanfase em Direito Processual Civil, atuando principalmente nos seguintes temas: boa-f\u00e9 processual, reformas processuais, direito probat\u00f3rio, jurisprud\u00eancia defensiva, execu\u00e7\u00f5es, a\u00e7\u00f5es impugnativas e recursos.<\/p>\n<p><em><strong>Prof. Dr.\u00aa Isabela Dias Neves<\/strong><\/em><\/p>\n<p style=\"text-align: justify\">Doutora em Direito Processual pela Universidade Federal de Minas Gerais- UFMG. Mestrado em Direito Processual pela Pontif\u00edcia Universidade Cat\u00f3lica de Minas Gerais &#8211; PUC\/MINAS. Gradua\u00e7\u00e3o em Direito pela Universidade FUMEC. Foi coordenadora do curso de P\u00f3s Gradua\u00e7\u00e3o em Direito P\u00fablico do Instituto de Educa\u00e7\u00e3o Continuada da PUC\/Minas e do curso de Gradua\u00e7\u00e3o em Direito na Universidade Federal de Lavras- UFLA. Atualmente exerce a Chefia do Departamento de Direito na UFLA onde tamb\u00e9m coordena projetos de pesquisa. \u00c9 professora adjunta de Direito Processual Civil no Departamento de Direito da Universidade Federal de Lavras.<\/p>\n<p><em><strong>Prof. Me. Felipe de Almeida Campos<\/strong><\/em><\/p>\n<p style=\"text-align: justify\">Mestre em Direito P\u00fablico pelo Programa de P\u00f3s-gradua\u00e7\u00e3o da Universidade FUMEC, Especialista em Direito Processual pela PUC\/Minas e Bacharel em Direito pela Universidade de Ita\u00fana\/MG. Pesquisador associado ao IMDP &#8211; Instituto Mineiro de Direito Processual e ao CONPEDI &#8211; Conselho Nacional de Pesquisa e P\u00f3s-gradua\u00e7\u00e3o em Direito. Professor do curso de Direito da Faculdade Pit\u00e1goras de Itabira\/MG. Professor de Direito Processual na P\u00f3s-gradua\u00e7\u00e3o do IEC-PUC MINAS. Membro da Comiss\u00e3o OAB vai \u00e0 Escola e da Comiss\u00e3o de Direito Imobili\u00e1rio da OAB\/MG. Advogado. Chefe de Gabinete Parlamentar na C\u00e2mara Municipal de Belo Horizonte-MG.<\/p>\n<p><em><strong>Prof. Dr. Gabriela de Oliveira Freitas<\/strong><\/em><\/p>\n<p style=\"text-align: justify\">Doutora, Mestre e Especialista em Direito Processual pela PUC Minas. Coordenadora-Adjunta e Pesquisadora do IMDP &#8211; Instituto Mineiro de Direito Processual. Editora Chefe das Revistas Cadernos Jur\u00eddicos do IMDP e Revista Jur\u00eddica IMDP. Assistente Judici\u00e1ria do Tribunal de Justi\u00e7a de Minas Gerais.<\/p>\n<p><em><strong>Prof. Dr. M\u00e1rcio Maidame<\/strong><\/em><\/p>\n<p style=\"text-align: justify\">Doutor pela UFMG. Mestre pela FADISP e Especialista, em Direito Processual Civil, pela PUC\/SP. Atualmente \u00e9 Coordenador do N\u00facleo de Pr\u00e1tica Jur\u00eddica do Centro Universit\u00e1rio UNIFAAT, onde leciona na gradua\u00e7\u00e3o. \u00c9 professor convidado da Escola Superior do Minist\u00e9rio P\u00fablico de S\u00e3o Paulo, FADIVA e ESA\/OAB, nos cursos de p\u00f3s gradua\u00e7\u00e3o (lato sensu) em processo civil. Membro do corpo oficial de palestrantes do Departamento de Cultura e Eventos da Seccional da OAB S\u00e3o Paulo.<\/p>\n<p><em><strong>Prof. Dr. S\u00e9rgio Henriques Zandona Freitas<\/strong><\/em><\/p>\n<p style=\"text-align: justify\">P\u00f3s-Doutor em Direito pelo Programa de P\u00f3s-Gradua\u00e7\u00e3o Stricto Sensu em Direito (PPGD) da Universidade do Vale do Rio dos Sinos &#8211; UNISINOS (S\u00e3o Leopoldo\/RS). P\u00f3s-Doutor em Democracia e Direitos Humanos pela Faculdade de Direito da Universidade de Coimbra (Portugal). Doutor, Mestre e Especialista em Direito pela Pontif\u00edcia Universidade Cat\u00f3lica de Minas Gerais (PUC MINAS). Professor da Faculdade de Ci\u00eancias Humanas, Sociais e da Sa\u00fade (FCH) da Universidade FUMEC. Fundador e Coordenador Geral do Instituto Mineiro de Direito Processual (IMDP). Assessor Judici\u00e1rio no Tribunal de Justi\u00e7a do Estado de Minas.<\/p>\n<p><em><strong>Prof. Me. Andr\u00e9 Kersul Costa<\/strong><\/em><\/p>\n<p style=\"text-align: justify\">Mestre em Direitos Sociais, Difusos e Coletivos pela Unisal -Lorena-SP. Especialista em Direito P\u00fablico pelo Centro Universit\u00e1rio Newton Paiva e em Direito Empresaria pela Faculdade de Direito do Sul de Minas (FDSM); Professor de P\u00f3s-gradua\u00e7\u00e3o em diversas faculdades do Sul de Minas; Professor do Curso Preparat\u00f3rio para OAB da Escola Mineira de Direito (EMD); Membro Julgador do Tribunal de \u00c8tica e Disciplina da OAB\/MG em Po\u00e7os de Caldas\/MG; Propriet\u00e1rio da AK &#8211; Advocacia C\u00edvel e Trabalhista.<\/p>\n<p><em><strong>Prof. Me. Gustavo Oliveira Chalfun<\/strong><\/em><\/p>\n<p style=\"text-align: justify\">Mestre em Direito (FDSM); P\u00f3s-graduado em Processo Civil (PUC Minas); Professor de Processo Civil da Faculdade FADIVA, da Escola Superior de Advocacia &#8211; ESA\/MG e dos cursos de p\u00f3s-gradua\u00e7\u00e3o do instituto Elp\u00eddio Donizeti e UNIS; Presidente interino da OAB\/MG em 06 e 07\/04\/2018 &#8211; (Portaria 169\/2018); Diretor Secret\u00e1rio-Geral da OAB\/MG, mandato 2016\/2018; Presidente da Comiss\u00e3o de Exame de Ordem e da Primeira C\u00e2mara da OAB\/MG, mandato 2016\/2018; Secret\u00e1rio-Geral da Comiss\u00e3o Nacional de Defesa do Consumidor do Conselho Federal da OAB de 2016\/2018; Conselheiro Seccional e Diretor do Departamento de apoio \u00e0s Subse\u00e7\u00f5es da OAB\/MG, mandato 2013\/2015; Presidente da OAB\/Varginha, mandatos 2007\/2012; Assessor jur\u00eddico do Conselho Regional de Fisioterapia e Terapia Ocupacional da Quarta Regi\u00e3o &#8211; CREFITO4; Membro da Associa\u00e7\u00e3o Brasileira de Advogados Criminalistas &#8211; ABRACRIM &#8211; MG; Membro Efetivo do Instituto dos Advogados Brasileiros; Membro das Comiss\u00f5es de Direito do Consumidor e Direito Empresarial do Instituto dos Advogados Brasileiros \u2013 IAB. S\u00f3cio do Escrit\u00f3rio Chalfun Advogados Associados;<\/p>\n<p>&nbsp;<\/p>\n<p>&nbsp;<\/p>\n<h4 style=\"text-align: center\"><strong>\u00canfase: Consumidor, Contratos e Responsabilidade Civil<\/strong><\/h4>\n<p><em><strong>Prof. Dr. Maur\u00edcio Baptistella Bunazar<\/strong><\/em><\/p>\n<p style=\"text-align: justify\">Mestre e Doutor em Direito Civil pela Faculdade de Direito do Largo S\u00e3o Francisco &#8211; USP. Professor de Curso Preparat\u00f3rio para concursos p\u00fablicos e exame da Ordem dos Advogados do Brasil. Ministra aulas como professor convidado no Curso de Especializa\u00e7\u00e3o da Escola Superior de Advocacia de S\u00e3o Paulo e em v\u00e1rios outros cursos de p\u00f3s-gradua\u00e7\u00e3o em Faculdades brasileiras. Co-autor de livro e autor de artigos cient\u00edficos nas \u00e1reas de Teoria Geral do Direito Privado, Direito das Obriga\u00e7\u00f5es, Direito das Coisas e Direito de Fam\u00edlia. Membro do Instituto Brasileiro de Direito de Fam\u00edlia e da Associa\u00e7\u00e3o Brasileira de Ensino do Direito. \u00c9 advogado em S\u00e3o Paulo.<\/p>\n<p><em><strong>Prof. Me. Andr\u00e9 Borges de Carvalho Barros<\/strong><\/em><\/p>\n<p style=\"text-align: justify\">Doutorando em Direito pela FADISP. Mestre em Direito Civil Comparado pela Pontif\u00edcia Universidade Cat\u00f3lica de S\u00e3o Paulo. Especialista em Direito Processual Civil pela PUC\/SP. Especialista em Direito Notarial e Registral, Direito Constitucional, Administrativo e Empresarial pela Universidade Uniderp. Graduado em Direito pela Pontif\u00edcia Universidade Cat\u00f3lica de S\u00e3o Paulo. Atualmente \u00e9 professor da P\u00f3s-Gradua\u00e7\u00e3o em Direito Civil e Processo Civil, Direito Contratual, Direito Civil e do Consumidor, Direito de Fam\u00edlia e Sucess\u00f5es da Escola Paulista de Direito &#8211; EPD. Professor do Curso Dam\u00e1sio Educacional e ex-professor da Rede de Ensino Luiz Fl\u00e1vio Gomes \u2013 LFG. Membro do Instituto Brasileiro de Direito de Fam\u00edlia. Advogado. Autor de livros e artigos publicados pelas Editoras Saraiva, M\u00e9todo, Impetus e Revista dos Tribunais.<\/p>\n<p><em><strong>Prof. Dr. C\u00e9sar Peghini<\/strong><\/em><\/p>\n<p style=\"text-align: justify\">Doutorado em Direito Civil pela PUC\/SP. Mestre em Fun\u00e7\u00e3o Social do Direito pela Faculdade Aut\u00f4noma de Direito FADISP. Especialista em Direito Civil pela Institui\u00e7\u00e3o Toledo de Ensino ITE. Especialista em Direito Civil e Processo Civil pela Escola Paulista de Direito EPD. Graduado em Direito pelo Centro Universit\u00e1rio das Faculdades Metropolitanas Unidas. Professor da Rede de Ensino Luis Fl\u00e1vio Gomes &#8211; LFG; Professor visitante em cursos de p\u00f3s-gradua\u00e7\u00e3o lato sensu. Associado ao Instituto Brasileiro de Direito de Fam\u00edlia (IBDFAM) e ao Instituto Brasileiro de Pol\u00edtica e Direito do Consumidor (BRASILCON).<\/p>\n<p><em><strong>Prof. Me. Marlus Keller Riani<\/strong><\/em><\/p>\n<p style=\"text-align: justify\">Doutorando em Direito Civil pela Universidade de Coimbra\/Portugal. Mestre em Direito Empresarial pela Faculdade de Direito Milton Campos. P\u00f3s-gradua\u00e7\u00e3o em Contratos e Consumo pela Universidade de Coimbra (2014) e p\u00f3s-gradua\u00e7\u00e3o em Direito Civil pela Universidade Gama Filho\/RJ. Professor da Escola Superior de Advocacia OAB\/MG, na \u00e1rea de direito do consumidor. Procurador-Geral Adjunto do munic\u00edpio de Belo Horizonte\/MG. Auditor do Tribunal Pleno da Justi\u00e7a Desportiva de Minas Gerais.<\/p>\n<p><em><strong>Prof. Me. Thiago Villela Bastos Junqueira<\/strong><\/em><\/p>\n<p style=\"text-align: justify\">Doutorando em Direito Civil pela Universidade do Estado do Rio de Janeiro (Bolsista Capes). Mestre em Direito Civil pela Faculdade de Direito da Universidade de Coimbra (FDUC). P\u00f3s-graduado pelo Instituto de Direito Banc\u00e1rio, da Bolsa e dos Seguros da FDUC. Pesquisador convidado do Instituto Max Planck de Direito Comparado e Internacional Privado (Hamburgo &#8211; Alemanha). Representante internacional da Academia Brasileira de Direito Civil (ABDC). Membro associado do Instituto Brasileiro de Direito Civil (IBDCivil) e da Associa\u00e7\u00e3o Internacional de Direito de Seguro (AIDA). Integra o corpo docente dos programas de MBA da Escola Nacional de Seguros e do IDS Am\u00e9rica Latina. J\u00e1 lecionou em diversas institui\u00e7\u00f5es, como a Faculdade Nacional de Direito (UFRJ) e a Funda\u00e7\u00e3o Get\u00falio Vargas (FGV).<\/p>\n<p><em><strong>Prof. Me. Leandro Navega<\/strong><\/em><\/p>\n<p style=\"text-align: justify\">Doutorando e Mestre em Ci\u00eancias Jur\u00eddico-Civil\u00edsticas pela Faculdade de Direito da Universidade de Coimbra \u2013 FDUC. Professor da Universidade C\u00e2ndido Mendes. Coordenador de P\u00f3s-graudua\u00e7\u00e3o na Escola Superior do Minist\u00e9rio P\u00fablico do Estado do Rio de Janeiro (FEMPERJ). Promotor de Justi\u00e7a do Estado do Rio de Janeiro.<\/p>\n<p><em><strong>Prof. Dr. Gustavo Pereira Leite Ribeiro<\/strong><\/em><\/p>\n<p style=\"text-align: justify\">Doutor e Mestre em Direito Privado pela Pontif\u00edcia Universidade Cat\u00f3lica de Minas Gerais, tendo realizado est\u00e1gio de investiga\u00e7\u00e3o na Faculdade de Direito da Universidade de Coimbra. Ex-Bolsista da CAPES\/PDSE. Atualmente, \u00e9 Professor Adjunto de Direito Civil na Universidade Federal de Lavras &#8211; UFLA. L\u00edder do Laborat\u00f3rio de Bio\u00e9tica e Direito, cadastrado do Diret\u00f3rio de Grupos de Pesquisa do CNPq. Membro da Comiss\u00e3o de Inicia\u00e7\u00e3o Cient\u00edfica da UFLA. Ex-Chefe do Departamento de Direito da UFLA.<\/p>\n","protected":false},"excerpt":{"rendered":"<p>Coordena\u00e7\u00e3o Prof. Me. Fernando de Paula Batista Mello Doutorando em Direito Civil pela Faculdade de Direito da Universidade de Coimbra &#8211; FDUC em regime de cotutela com a Faculdade de Direito de S\u00e3o Paulo &#8211; FDUSP. Mestre em Ci\u00eancias Jur\u00eddico-Civil\u00edsticas, men\u00e7\u00e3o em Direito Civil, pela Faculdade de Direito da Universidade<\/p>\n","protected":false},"author":4,"featured_media":0,"parent":3927,"menu_order":0,"comment_status":"closed","ping_status":"closed","template":"templates\/template-pagina_menu_vertical.php","meta":{"footnotes":""},"categories":[],"tags":[],"class_list":["post-3942","page","type-page","status-publish","hentry"],"_links":{"self":[{"href":"https:\/\/portal.unisepe.com.br\/saolourenco\/wp-json\/wp\/v2\/pages\/3942","targetHints":{"allow":["GET"]}}],"collection":[{"href":"https:\/\/portal.unisepe.com.br\/saolourenco\/wp-json\/wp\/v2\/pages"}],"about":[{"href":"https:\/\/portal.unisepe.com.br\/saolourenco\/wp-json\/wp\/v2\/types\/page"}],"author":[{"embeddable":true,"href":"https:\/\/portal.unisepe.com.br\/saolourenco\/wp-json\/wp\/v2\/users\/4"}],"replies":[{"embeddable":true,"href":"https:\/\/portal.unisepe.com.br\/saolourenco\/wp-json\/wp\/v2\/comments?post=3942"}],"version-history":[{"count":7,"href":"https:\/\/portal.unisepe.com.br\/saolourenco\/wp-json\/wp\/v2\/pages\/3942\/revisions"}],"predecessor-version":[{"id":4061,"href":"https:\/\/portal.unisepe.com.br\/saolourenco\/wp-json\/wp\/v2\/pages\/3942\/revisions\/4061"}],"up":[{"embeddable":true,"href":"https:\/\/portal.unisepe.com.br\/saolourenco\/wp-json\/wp\/v2\/pages\/3927"}],"wp:attachment":[{"href":"https:\/\/portal.unisepe.com.br\/saolourenco\/wp-json\/wp\/v2\/media?parent=3942"}],"wp:term":[{"taxonomy":"category","embeddable":true,"href":"https:\/\/portal.unisepe.com.br\/saolourenco\/wp-json\/wp\/v2\/categories?post=3942"},{"taxonomy":"post_tag","embeddable":true,"href":"https:\/\/portal.unisepe.com.br\/saolourenco\/wp-json\/wp\/v2\/tags?post=3942"}],"curies":[{"name":"wp","href":"https:\/\/api.w.org\/{rel}","templated":true}]}}