{"id":397,"date":"2016-07-12T16:36:24","date_gmt":"2016-07-12T19:36:24","guid":{"rendered":"http:\/\/www.fvr.edu.br\/fvr\/site\/?page_id=397"},"modified":"2019-09-12T17:47:03","modified_gmt":"2019-09-12T20:47:03","slug":"matriz-curricular","status":"publish","type":"page","link":"https:\/\/portal.unisepe.com.br\/saolourenco\/estetica-e-cosmetica\/matriz-curricular\/","title":{"rendered":"Matriz Curricular"},"content":{"rendered":"<ul class=\"nav nav-tabs\">\n<li class=\"nav-item\"><a class=\"nav-link active\" href=\"#tab1\" data-toggle=\"tab\">Matriz<\/a><\/li>\n<li class=\"nav-item\"><a class=\"nav-link\" href=\"#tab2\" data-toggle=\"tab\">Informa\u00e7\u00f5es Art. 8<\/a><\/li>\n<\/ul>\n<div id=\"myTabContent\" class=\"tab-content\">\n<div id=\"tab1\" class=\"tab-pane fade active show\">\n<ul>\n<li><strong><a href=\"http:\/\/portal.unisepe.com.br\/saolourenco\/wp-content\/uploads\/sites\/10005\/2018\/09\/matriz_EC2017.pdf\">Matriz Curricular<\/a><\/strong><\/li>\n<\/ul>\n<\/div>\n<div id=\"tab2\" class=\"tab-pane fade\">\n<h4 style=\"text-align: center\"><strong><span>Art. 8 da Portaria 1.428\/2018<\/span><\/strong><\/h4>\n<p>&nbsp;<\/p>\n<ul>\n<li><a href=\"http:\/\/portal.unisepe.com.br\/saolourenco\/wp-content\/uploads\/sites\/10005\/2019\/09\/PORTARIA-N\u00ba-1428-MKT-E-SERV.-BELEZA-EST.pdf\" target=\"_blank\" rel=\"noopener\">MARKETING EM SERVI\u00c7OS DE BELEZA<\/a><\/li>\n<li><a href=\"http:\/\/portal.unisepe.com.br\/saolourenco\/wp-content\/uploads\/sites\/10005\/2019\/09\/PORTARIA-N\u00ba-1428-MPC-EST.pdf\" target=\"_blank\" rel=\"noopener\">METODOLOGIA DA PESQUISA CIENT\u00cdFICA<\/a><\/li>\n<li><a href=\"http:\/\/portal.unisepe.com.br\/saolourenco\/wp-content\/uploads\/sites\/10005\/2019\/09\/PORTARIA-N\u00ba-1428-NUTRI\u00c7\u00c3O-E-REED.-ALIM-EST.pdf\" target=\"_blank\" rel=\"noopener\">NUTRI\u00c7\u00c3O E REEDUCA\u00c7\u00c3O ALIMENTAR<\/a><\/li>\n<li><a href=\"http:\/\/portal.unisepe.com.br\/saolourenco\/wp-content\/uploads\/sites\/10005\/2019\/09\/PORTARIA-N\u00ba-1428-PORTUGUES-INSTRUMENTAL-EST.pdf\" target=\"_blank\" rel=\"noopener\">PORTUGU\u00caS INSTRUMENTAL<\/a><\/li>\n<li><a href=\"http:\/\/portal.unisepe.com.br\/saolourenco\/wp-content\/uploads\/sites\/10005\/2019\/09\/PORTARIA-N\u00ba-1428-TEC.-COMPL.-ESTETICA-EST.pdf\" target=\"_blank\" rel=\"noopener\">T\u00c9CNICAS COMPLEMENTARES EM EST\u00c9TICA<\/a><\/li>\n<\/ul>\n<\/div>\n<\/div>\n","protected":false},"excerpt":{"rendered":"<p>Matriz Informa\u00e7\u00f5es Art. 8 Matriz Curricular Art. 8 da Portaria 1.428\/2018 &nbsp; MARKETING EM SERVI\u00c7OS DE BELEZA METODOLOGIA DA PESQUISA CIENT\u00cdFICA NUTRI\u00c7\u00c3O E REEDUCA\u00c7\u00c3O ALIMENTAR PORTUGU\u00caS INSTRUMENTAL T\u00c9CNICAS COMPLEMENTARES EM EST\u00c9TICA<\/p>\n","protected":false},"author":1,"featured_media":0,"parent":391,"menu_order":0,"comment_status":"closed","ping_status":"closed","template":"templates\/template-curso_menu_vertical.php","meta":{"footnotes":""},"categories":[],"tags":[],"class_list":["post-397","page","type-page","status-publish","hentry"],"_links":{"self":[{"href":"https:\/\/portal.unisepe.com.br\/saolourenco\/wp-json\/wp\/v2\/pages\/397","targetHints":{"allow":["GET"]}}],"collection":[{"href":"https:\/\/portal.unisepe.com.br\/saolourenco\/wp-json\/wp\/v2\/pages"}],"about":[{"href":"https:\/\/portal.unisepe.com.br\/saolourenco\/wp-json\/wp\/v2\/types\/page"}],"author":[{"embeddable":true,"href":"https:\/\/portal.unisepe.com.br\/saolourenco\/wp-json\/wp\/v2\/users\/1"}],"replies":[{"embeddable":true,"href":"https:\/\/portal.unisepe.com.br\/saolourenco\/wp-json\/wp\/v2\/comments?post=397"}],"version-history":[{"count":7,"href":"https:\/\/portal.unisepe.com.br\/saolourenco\/wp-json\/wp\/v2\/pages\/397\/revisions"}],"predecessor-version":[{"id":4373,"href":"https:\/\/portal.unisepe.com.br\/saolourenco\/wp-json\/wp\/v2\/pages\/397\/revisions\/4373"}],"up":[{"embeddable":true,"href":"https:\/\/portal.unisepe.com.br\/saolourenco\/wp-json\/wp\/v2\/pages\/391"}],"wp:attachment":[{"href":"https:\/\/portal.unisepe.com.br\/saolourenco\/wp-json\/wp\/v2\/media?parent=397"}],"wp:term":[{"taxonomy":"category","embeddable":true,"href":"https:\/\/portal.unisepe.com.br\/saolourenco\/wp-json\/wp\/v2\/categories?post=397"},{"taxonomy":"post_tag","embeddable":true,"href":"https:\/\/portal.unisepe.com.br\/saolourenco\/wp-json\/wp\/v2\/tags?post=397"}],"curies":[{"name":"wp","href":"https:\/\/api.w.org\/{rel}","templated":true}]}}