{"id":3970,"date":"2019-07-12T18:41:37","date_gmt":"2019-07-12T21:41:37","guid":{"rendered":"http:\/\/portal.unisepe.com.br\/saolourenco\/?page_id=3970"},"modified":"2025-10-23T16:52:11","modified_gmt":"2025-10-23T19:52:11","slug":"direito-processual-civil-enfase-em-direito-de-familia-e-sucessoes","status":"publish","type":"page","link":"https:\/\/portal.unisepe.com.br\/saolourenco\/direito-processual-civil-enfase-em-direito-de-familia-e-sucessoes\/","title":{"rendered":"Direito Processual Civil: \u00canfase em Direito de Fam\u00edlia e Sucess\u00f5es"},"content":{"rendered":"<p style=\"text-align: justify;\"><a href=\"http:\/\/www.escolamineiradedireito.com.br.\" target=\"_blank\" rel=\"noopener\"><img loading=\"lazy\" decoding=\"async\" class=\"alignleft wp-image-4098 size-thumbnail\" src=\"http:\/\/portal.unisepe.com.br\/saolourenco\/wp-content\/uploads\/sites\/10005\/2019\/07\/IMG-20190716-WA0043-150x150.jpg\" alt=\"\" width=\"150\" height=\"150\" srcset=\"https:\/\/portal.unisepe.com.br\/saolourenco\/wp-content\/uploads\/sites\/10005\/2019\/07\/IMG-20190716-WA0043-150x150.jpg 150w, https:\/\/portal.unisepe.com.br\/saolourenco\/wp-content\/uploads\/sites\/10005\/2019\/07\/IMG-20190716-WA0043-300x300.jpg 300w, https:\/\/portal.unisepe.com.br\/saolourenco\/wp-content\/uploads\/sites\/10005\/2019\/07\/IMG-20190716-WA0043-768x768.jpg 768w, https:\/\/portal.unisepe.com.br\/saolourenco\/wp-content\/uploads\/sites\/10005\/2019\/07\/IMG-20190716-WA0043-225x225.jpg 225w, https:\/\/portal.unisepe.com.br\/saolourenco\/wp-content\/uploads\/sites\/10005\/2019\/07\/IMG-20190716-WA0043.jpg 800w\" sizes=\"auto, (max-width: 150px) 100vw, 150px\" \/><\/a><\/p>\n<p>&nbsp;<\/p>\n<p>&nbsp;<\/p>\n<p style=\"text-align: justify;\">\u00a0 \u00a0 \u00a0 \u00a0 \u00a0 A P\u00f3s-Gradua\u00e7\u00e3o de Direito Processual Civil: \u00canfase em Direito de Fam\u00edlia e Sucess\u00f5es do <span data-teams=\"true\">Centro Universit\u00e1rio <\/span>S\u00e3o Louren\u00e7o \u00e9 realizada com a colabora\u00e7\u00e3o da Escola Mineira de Direito (EMD). Para mais informa\u00e7\u00f5es acesse: <a href=\"http:\/\/www.escolamineiradedireito.com.br.\" target=\"_blank\" rel=\"noopener\"><strong>www.escolamineiradedireito.com.br.<\/strong><\/a><\/p>\n<p>&nbsp;<\/p>\n<p style=\"text-align: justify;\">\u00a0 \u00a0 \u00a0 \u00a0 \u00a0 A P\u00f3s-Gradua\u00e7\u00e3o em Direito Processual Civil: \u00canfase em Direito de Fam\u00edlia e Sucess\u00f5es dar\u00e1 grande realce a metodologias participativas que colocam o aluno como protagonista do processo de aprendizagem. Os m\u00f3dulos mesclar\u00e3o aulas dialogadas, discuss\u00e3o de casos, exerc\u00edcios aplicativos, an\u00e1lises de decis\u00f5es judiciais e simula\u00e7\u00e3o de situa\u00e7\u00f5es concretas.<\/p>\n<p style=\"text-align: center;\"><strong>Objetivos do Curso<\/strong><\/p>\n<ul>\n<li style=\"text-align: justify;\">Atualizar o operador do Direito no que se refere \u00e0 nova legisla\u00e7\u00e3o (Novo C\u00f3digo de Processo Civil \u2013 Lei 13.105\/2015);<\/li>\n<li style=\"text-align: justify;\">Capacitar profissionais do Direito \u00e0 atua\u00e7\u00e3o com qualidade diferenciada na \u00e1rea do Direito Processual Civil, tornando-os mais cr\u00edticos e reflexivos na seara processual;<\/li>\n<li style=\"text-align: justify;\">Apresentar ao aluno, atrav\u00e9s de debates com especialistas, problemas jur\u00eddicos, dicas e t\u00e9cnicas de atua\u00e7\u00e3o na vida pr\u00e1tica do Direito de Fam\u00edlia e Sucess\u00f5es;<\/li>\n<li style=\"text-align: justify;\">Preparar o aluno para exercer a carreira docente.<\/li>\n<\/ul>\n<p style=\"text-align: center;\"><strong>P\u00fablico Alvo<\/strong><\/p>\n<p style=\"text-align: justify;\">\u00a0 \u00a0 \u00a0 \u00a0 \u00a0 Graduados em Direito, advogados ou consultores jur\u00eddicos, servidores p\u00fablicos em geral.<\/p>\n","protected":false},"excerpt":{"rendered":"<p>&nbsp; &nbsp; \u00a0 \u00a0 \u00a0 \u00a0 \u00a0 A P\u00f3s-Gradua\u00e7\u00e3o de Direito Processual Civil: \u00canfase em Direito de Fam\u00edlia e Sucess\u00f5es do Centro Universit\u00e1rio S\u00e3o Louren\u00e7o \u00e9 realizada com a colabora\u00e7\u00e3o da Escola Mineira de Direito (EMD). Para mais informa\u00e7\u00f5es acesse: www.escolamineiradedireito.com.br. &nbsp; \u00a0 \u00a0 \u00a0 \u00a0 \u00a0 A P\u00f3s-Gradua\u00e7\u00e3o em<\/p>\n","protected":false},"author":4,"featured_media":0,"parent":0,"menu_order":0,"comment_status":"closed","ping_status":"closed","template":"templates\/template-pagina_menu_vertical.php","meta":{"footnotes":""},"categories":[],"tags":[],"class_list":["post-3970","page","type-page","status-publish","hentry"],"_links":{"self":[{"href":"https:\/\/portal.unisepe.com.br\/saolourenco\/wp-json\/wp\/v2\/pages\/3970","targetHints":{"allow":["GET"]}}],"collection":[{"href":"https:\/\/portal.unisepe.com.br\/saolourenco\/wp-json\/wp\/v2\/pages"}],"about":[{"href":"https:\/\/portal.unisepe.com.br\/saolourenco\/wp-json\/wp\/v2\/types\/page"}],"author":[{"embeddable":true,"href":"https:\/\/portal.unisepe.com.br\/saolourenco\/wp-json\/wp\/v2\/users\/4"}],"replies":[{"embeddable":true,"href":"https:\/\/portal.unisepe.com.br\/saolourenco\/wp-json\/wp\/v2\/comments?post=3970"}],"version-history":[{"count":10,"href":"https:\/\/portal.unisepe.com.br\/saolourenco\/wp-json\/wp\/v2\/pages\/3970\/revisions"}],"predecessor-version":[{"id":6812,"href":"https:\/\/portal.unisepe.com.br\/saolourenco\/wp-json\/wp\/v2\/pages\/3970\/revisions\/6812"}],"wp:attachment":[{"href":"https:\/\/portal.unisepe.com.br\/saolourenco\/wp-json\/wp\/v2\/media?parent=3970"}],"wp:term":[{"taxonomy":"category","embeddable":true,"href":"https:\/\/portal.unisepe.com.br\/saolourenco\/wp-json\/wp\/v2\/categories?post=3970"},{"taxonomy":"post_tag","embeddable":true,"href":"https:\/\/portal.unisepe.com.br\/saolourenco\/wp-json\/wp\/v2\/tags?post=3970"}],"curies":[{"name":"wp","href":"https:\/\/api.w.org\/{rel}","templated":true}]}}