{"id":3977,"date":"2019-07-12T18:47:13","date_gmt":"2019-07-12T21:47:13","guid":{"rendered":"http:\/\/portal.unisepe.com.br\/saolourenco\/?page_id=3977"},"modified":"2019-07-13T17:08:40","modified_gmt":"2019-07-13T20:08:40","slug":"conteudo-programatico","status":"publish","type":"page","link":"https:\/\/portal.unisepe.com.br\/saolourenco\/direito-processual-civil-enfase-em-direito-de-familia-e-sucessoes\/conteudo-programatico\/","title":{"rendered":"Conte\u00fado Program\u00e1tico"},"content":{"rendered":"<p style=\"text-align: center\"><em><strong>Eixo I<\/strong><\/em><br \/>\n<strong>Direito Processual Civil<\/strong><\/p>\n<p><em><strong>M\u00f3dulo I \u2013 Parte Geral, Processo de Conhecimento<\/strong><\/em><\/p>\n<ul>\n<li style=\"text-align: justify\">A Jurisdi\u00e7\u00e3o, a A\u00e7\u00e3o e o Processo no Estado Constitucional (vis\u00e3o Contempor\u00e2nea dos Princ\u00edpios Constitucionais do Processo);<\/li>\n<li style=\"text-align: justify\">Teoria dos Fatos Jur\u00eddicos Processuais (neg\u00f3cios jur\u00eddicos processuais, invalidades processuais, preclus\u00e3o), Compet\u00eancia, Litiscons\u00f3rcio e Interven\u00e7\u00e3o de Terceiros;<\/li>\n<li style=\"text-align: justify\">Do Procedimento Comum <em>(das disposi\u00e7\u00f5es gerais; da peti\u00e7\u00e3o inicial; da improced\u00eancia liminar do pedido; da audi\u00eancia de concilia\u00e7\u00e3o ou de media\u00e7\u00e3o; da contesta\u00e7\u00e3o; da reconven\u00e7\u00e3o; da revelia; das provid\u00eancias preliminares e do saneamento; do julgamento conforme o estado do processo; da audi\u00eancia de instru\u00e7\u00e3o e julgamento)<\/em>;<\/li>\n<li style=\"text-align: justify\">Teoria Geral das Provas e das Provas em Esp\u00e9cies.<\/li>\n<\/ul>\n<p><em><strong>M\u00f3dulo II \u2013 Decis\u00e3o Judicial, Meios de Impugna\u00e7\u00e3o e Dos Processos nos Tribunais<\/strong><\/em><\/p>\n<ul>\n<li style=\"text-align: justify\"><span style=\"font-size: 0.95em\">Teoria da Decis\u00e3o Judicial, o Fen\u00f4meno da Coisa Julgada e os Precedentes Judiciais;<\/span><\/li>\n<li style=\"text-align: justify\"><span style=\"font-size: 0.95em\">Das Tutelas Provis\u00f3rias (Urg\u00eancia e Evid\u00eancia) ;<\/span><\/li>\n<li style=\"text-align: justify\"><span style=\"font-size: 0.95em\">Teoria Geral dos Recursos (Princ\u00edpios, Efeitos e Admiss\u00e3o) e dos Recursos em Esp\u00e9cie;<\/span><\/li>\n<li style=\"text-align: justify\"><span style=\"font-size: 0.95em\">Dos Processos nos Tribunais: Das T\u00e9cnicas de Estabiliza\u00e7\u00e3o da Jurisprud\u00eancia a cargo dos Tribunais (IRDR e IAC) e Das A\u00e7\u00f5es Origin\u00e1rias <em>(A\u00e7\u00e3o Rescis\u00f3ria, Reclama\u00e7\u00e3o, A\u00e7\u00e3o de nulidade da senten\u00e7a \u201cquerela nullitatis\u201d)<\/em>;<\/span><\/li>\n<\/ul>\n<p><em><strong>M\u00f3dulo III \u2013 Da Tutela Jurisdicional Executiva<\/strong><\/em><\/p>\n<ul>\n<li style=\"text-align: justify\"><span style=\"font-size: 0.95em\">Liquida\u00e7\u00e3o, Execu\u00e7\u00e3o Provis\u00f3ria e Efetiva\u00e7\u00e3o das Decis\u00f5es Judicias Mediante Cumprimento de Senten\u00e7a;<\/span><\/li>\n<li style=\"text-align: justify\"><span style=\"font-size: 0.95em\">O Processo de Execu\u00e7\u00e3o: Das Disposi\u00e7\u00f5es Gerais; Das Diversas Esp\u00e9cies de Execu\u00e7\u00e3o; da Defesa do executado no processo de execu\u00e7\u00e3o (Dos Embargos \u00e0 Execu\u00e7\u00e3o e da Exce\u00e7\u00e3o de Pr\u00e9-executividade);<\/span><\/li>\n<\/ul>\n<p>&nbsp;<\/p>\n<p style=\"text-align: center\"><em><strong>Eixo II<\/strong><\/em><br \/>\n<strong>Direito das Fam\u00edlias e Sucess\u00f5es<\/strong><\/p>\n<p><em><strong>M\u00f3dulo I \u2013 Teoria do Direito de Fam\u00edlia e Sucess\u00f5es<\/strong><\/em><\/p>\n<p><em>Direito de Fam\u00edlia<\/em><\/p>\n<ul>\n<li style=\"text-align: justify\">Introdu\u00e7\u00e3o ao Direito de Fam\u00edlia;<\/li>\n<li style=\"text-align: justify\">Casamento e uni\u00e3o est\u00e1vel;<\/li>\n<li style=\"text-align: justify\">Regime de Bens;<\/li>\n<li style=\"text-align: justify\">Filia\u00e7\u00e3o e Parentesco;<\/li>\n<li style=\"text-align: justify\">Prote\u00e7\u00e3o da Pessoa (guarda, tutela e curatela) e Alimentos;<\/li>\n<li style=\"text-align: justify\">Temas Contempor\u00e2neos em mat\u00e9ria de Direito de Fam\u00edlia <em>(Repercuss\u00f5es do Direito Empresarial no Direito de Fam\u00edlia; Repercuss\u00f5es quanto ao im\u00f3vel residencial. A usucapi\u00e3o conjugal e a cobran\u00e7a de aluguel; A responsabilidade Civil no \u00e2mbito do Direito de Fam\u00edlia; Bem de fam\u00edlia segundo os tribunais; o Direito previdenci\u00e1rio em face dos novos paradigmas da fam\u00edlia)<\/em>.<\/li>\n<\/ul>\n<p><em>Direito das Sucess\u00f5es<\/em><\/p>\n<ul>\n<li style=\"text-align: justify\">Da Sucess\u00e3o em Geral ;<\/li>\n<li style=\"text-align: justify\">Sucess\u00e3o Leg\u00edtima e Sucess\u00e3o Concorrente;<\/li>\n<li style=\"text-align: justify\">Sucess\u00e3o Testament\u00e1ria.<\/li>\n<\/ul>\n<p><em><strong>M\u00f3dulo II \u2013 Pr\u00e1tica Contenciosa de Direito de Fam\u00edlia e Sucess\u00f5es<\/strong><\/em><\/p>\n<p><em>Direito de Fam\u00edlia<\/em><\/p>\n<ul>\n<li style=\"text-align: justify\">A separa\u00e7\u00e3o e o div\u00f3rcio ;<\/li>\n<li style=\"text-align: justify\">Tutela de Urg\u00eancia no Direito de Fam\u00edlia;<\/li>\n<li style=\"text-align: justify\">Reconhecimento judicial. A\u00e7\u00e3o de investiga\u00e7\u00e3o de paternidade;<\/li>\n<li style=\"text-align: justify\">Processos de Ado\u00e7\u00e3o;<\/li>\n<li style=\"text-align: justify\"><span style=\"font-size: 0.95em\">Os alimentos em ju\u00edzo <em>(A a\u00e7\u00e3o de alimentos, a a\u00e7\u00e3o de oferta de alimentos, a a\u00e7\u00e3o revisional de alimentos e a exonera\u00e7\u00e3o de alimentos. Execu\u00e7\u00e3o de alimentos)<\/em>.<\/span><\/li>\n<\/ul>\n<p><em>Direito das Sucess\u00f5es<\/em><\/p>\n<ul>\n<li style=\"text-align: justify\">Invent\u00e1rio e Partilha;<\/li>\n<li style=\"text-align: justify\">A a\u00e7\u00e3o de peti\u00e7\u00e3o de heran\u00e7a;<\/li>\n<li style=\"text-align: justify\">Panejamento sucess\u00f3rio e repercuss\u00f5es tribut\u00e1rias.<\/li>\n<\/ul>\n<p>&nbsp;<\/p>\n<p style=\"text-align: center\"><strong>MAT\u00c9RIAS INTEGRADORAS<\/strong><\/p>\n<ul>\n<li style=\"text-align: justify\"><span style=\"font-size: 0.95em\">Metodologia Cient\u00edfica;<\/span><\/li>\n<li style=\"text-align: justify\"><span style=\"font-size: 0.95em\">T\u00e9cnicas para Doc\u00eancia no Ensino Superior;<\/span><\/li>\n<li style=\"text-align: justify\"><span style=\"font-size: 0.95em\">T\u00e9cnicas Avan\u00e7adas de Negocia\u00e7\u00e3o.<\/span><\/li>\n<\/ul>\n","protected":false},"excerpt":{"rendered":"<p>Eixo I Direito Processual Civil M\u00f3dulo I \u2013 Parte Geral, Processo de Conhecimento A Jurisdi\u00e7\u00e3o, a A\u00e7\u00e3o e o Processo no Estado Constitucional (vis\u00e3o Contempor\u00e2nea dos Princ\u00edpios Constitucionais do Processo); Teoria dos Fatos Jur\u00eddicos Processuais (neg\u00f3cios jur\u00eddicos processuais, invalidades processuais, preclus\u00e3o), Compet\u00eancia, Litiscons\u00f3rcio e Interven\u00e7\u00e3o de Terceiros; Do Procedimento Comum<\/p>\n","protected":false},"author":4,"featured_media":0,"parent":3970,"menu_order":0,"comment_status":"closed","ping_status":"closed","template":"templates\/template-pagina_menu_vertical.php","meta":{"footnotes":""},"categories":[],"tags":[],"class_list":["post-3977","page","type-page","status-publish","hentry"],"_links":{"self":[{"href":"https:\/\/portal.unisepe.com.br\/saolourenco\/wp-json\/wp\/v2\/pages\/3977","targetHints":{"allow":["GET"]}}],"collection":[{"href":"https:\/\/portal.unisepe.com.br\/saolourenco\/wp-json\/wp\/v2\/pages"}],"about":[{"href":"https:\/\/portal.unisepe.com.br\/saolourenco\/wp-json\/wp\/v2\/types\/page"}],"author":[{"embeddable":true,"href":"https:\/\/portal.unisepe.com.br\/saolourenco\/wp-json\/wp\/v2\/users\/4"}],"replies":[{"embeddable":true,"href":"https:\/\/portal.unisepe.com.br\/saolourenco\/wp-json\/wp\/v2\/comments?post=3977"}],"version-history":[{"count":12,"href":"https:\/\/portal.unisepe.com.br\/saolourenco\/wp-json\/wp\/v2\/pages\/3977\/revisions"}],"predecessor-version":[{"id":3998,"href":"https:\/\/portal.unisepe.com.br\/saolourenco\/wp-json\/wp\/v2\/pages\/3977\/revisions\/3998"}],"up":[{"embeddable":true,"href":"https:\/\/portal.unisepe.com.br\/saolourenco\/wp-json\/wp\/v2\/pages\/3970"}],"wp:attachment":[{"href":"https:\/\/portal.unisepe.com.br\/saolourenco\/wp-json\/wp\/v2\/media?parent=3977"}],"wp:term":[{"taxonomy":"category","embeddable":true,"href":"https:\/\/portal.unisepe.com.br\/saolourenco\/wp-json\/wp\/v2\/categories?post=3977"},{"taxonomy":"post_tag","embeddable":true,"href":"https:\/\/portal.unisepe.com.br\/saolourenco\/wp-json\/wp\/v2\/tags?post=3977"}],"curies":[{"name":"wp","href":"https:\/\/api.w.org\/{rel}","templated":true}]}}