{"id":4046,"date":"2019-07-15T14:40:53","date_gmt":"2019-07-15T17:40:53","guid":{"rendered":"http:\/\/portal.unisepe.com.br\/saolourenco\/?page_id=4046"},"modified":"2019-07-15T16:13:32","modified_gmt":"2019-07-15T19:13:32","slug":"conteudo-programatico","status":"publish","type":"page","link":"https:\/\/portal.unisepe.com.br\/saolourenco\/ciencias-criminais\/conteudo-programatico\/","title":{"rendered":"Conte\u00fado Program\u00e1tico"},"content":{"rendered":"<p><em><strong>M\u00f3dulo I \u2013 Princ\u00edpios e Fundamentos de Direito Penal e Processual Penal<\/strong><\/em><\/p>\n<ul>\n<li style=\"text-align: justify\">Filosofia e Sociologia aplicada ao Direito Penal;<\/li>\n<li style=\"text-align: justify\">Criminologia, Pol\u00edtica Criminal e Seguran\u00e7a P\u00fablica;<\/li>\n<li style=\"text-align: justify\">Princ\u00edpios Constitucionais Penais e Processuais;<\/li>\n<li style=\"text-align: justify\">Teoria Geral Do Delito e Teoria Geral da Pena;<\/li>\n<li style=\"text-align: justify\">Persecu\u00e7\u00e3o Penal.<\/li>\n<\/ul>\n<p><em><strong>M\u00f3dulo II \u2013 Direito Penal Especial, Jurisdi\u00e7\u00e3o, Decis\u00e3o, Medidas Cautelares e Meios de Impugna\u00e7\u00e3o das Decis\u00f5es Judiciais<\/strong><\/em><\/p>\n<ul>\n<li style=\"text-align: justify\">Crimes em esp\u00e9cie;<\/li>\n<li style=\"text-align: justify\">Teoria Geral das Provas, Decis\u00f5es Judiciais e Sistema de Nulidade;<\/li>\n<li style=\"text-align: justify\">Leis Penais Extravagantes;<\/li>\n<li style=\"text-align: justify\">Jurisdi\u00e7\u00e3o e Medidas Cautelares;<\/li>\n<li style=\"text-align: justify\">Quest\u00f5es Prejudicais, Exce\u00e7\u00f5es Processuais e Recursos.<\/li>\n<\/ul>\n<p><em><strong>M\u00f3dulo III \u2013 Execu\u00e7\u00e3o Criminal e as Novas Tend\u00eancias do Direito Penal e do Processos Penal Contempor\u00e2neo\u00a0<\/strong><\/em><\/p>\n<ul>\n<li style=\"text-align: justify\">Execu\u00e7\u00e3o penal;<\/li>\n<li style=\"text-align: justify\">Direito Penal Econ\u00f4mico e Criminalidade Organizada;<\/li>\n<li style=\"text-align: justify\">Complice;<\/li>\n<li style=\"text-align: justify\">Crime Cibern\u00e9tico e Ferramentas de Investiga\u00e7\u00e3o;<\/li>\n<li style=\"text-align: justify\">Temas Contempor\u00e2neos Penal: GENOC\u00cdDIO, TERRORISMO, TRATAMENTO PENAL IMIGRAT\u00d3RIO, TR\u00c1FICO DE PESSOAS E CRIMES DE INTOLER\u00c2NCIA;<\/li>\n<li>Temas Contempor\u00e2neos Processual Penal: NEGOCIA\u00c7\u00c3O CRIMINAL, PROCESSO PENAL DE EMERG\u00caNCIA E FLEXIBILIZA\u00c7\u00c3O DAS GARANTIAS, NOVOS M\u00c9TODOS DE INVESTIGA\u00c7\u00c3O E MEIOS DE PROVA NO PROCESSO PENAL BRASILEIRO.<\/li>\n<\/ul>\n<p>&nbsp;<\/p>\n<p style=\"text-align: center\"><strong>Mat\u00e9rias Integradoras<\/strong><\/p>\n<ul>\n<li>Metodologia Cient\u00edfica;<\/li>\n<li>T\u00e9cnicas para Doc\u00eancia no Ensino Superior;<\/li>\n<li>Justi\u00e7a Conciliativa e T\u00e9cnicas Avan\u00e7adas de Negocia\u00e7\u00e3o.<\/li>\n<\/ul>\n","protected":false},"excerpt":{"rendered":"<p>M\u00f3dulo I \u2013 Princ\u00edpios e Fundamentos de Direito Penal e Processual Penal Filosofia e Sociologia aplicada ao Direito Penal; Criminologia, Pol\u00edtica Criminal e Seguran\u00e7a P\u00fablica; Princ\u00edpios Constitucionais Penais e Processuais; Teoria Geral Do Delito e Teoria Geral da Pena; Persecu\u00e7\u00e3o Penal. M\u00f3dulo II \u2013 Direito Penal Especial, Jurisdi\u00e7\u00e3o, Decis\u00e3o, Medidas<\/p>\n","protected":false},"author":4,"featured_media":0,"parent":4040,"menu_order":0,"comment_status":"closed","ping_status":"closed","template":"templates\/template-pagina_menu_vertical.php","meta":{"footnotes":""},"categories":[],"tags":[],"class_list":["post-4046","page","type-page","status-publish","hentry"],"_links":{"self":[{"href":"https:\/\/portal.unisepe.com.br\/saolourenco\/wp-json\/wp\/v2\/pages\/4046","targetHints":{"allow":["GET"]}}],"collection":[{"href":"https:\/\/portal.unisepe.com.br\/saolourenco\/wp-json\/wp\/v2\/pages"}],"about":[{"href":"https:\/\/portal.unisepe.com.br\/saolourenco\/wp-json\/wp\/v2\/types\/page"}],"author":[{"embeddable":true,"href":"https:\/\/portal.unisepe.com.br\/saolourenco\/wp-json\/wp\/v2\/users\/4"}],"replies":[{"embeddable":true,"href":"https:\/\/portal.unisepe.com.br\/saolourenco\/wp-json\/wp\/v2\/comments?post=4046"}],"version-history":[{"count":3,"href":"https:\/\/portal.unisepe.com.br\/saolourenco\/wp-json\/wp\/v2\/pages\/4046\/revisions"}],"predecessor-version":[{"id":4057,"href":"https:\/\/portal.unisepe.com.br\/saolourenco\/wp-json\/wp\/v2\/pages\/4046\/revisions\/4057"}],"up":[{"embeddable":true,"href":"https:\/\/portal.unisepe.com.br\/saolourenco\/wp-json\/wp\/v2\/pages\/4040"}],"wp:attachment":[{"href":"https:\/\/portal.unisepe.com.br\/saolourenco\/wp-json\/wp\/v2\/media?parent=4046"}],"wp:term":[{"taxonomy":"category","embeddable":true,"href":"https:\/\/portal.unisepe.com.br\/saolourenco\/wp-json\/wp\/v2\/categories?post=4046"},{"taxonomy":"post_tag","embeddable":true,"href":"https:\/\/portal.unisepe.com.br\/saolourenco\/wp-json\/wp\/v2\/tags?post=4046"}],"curies":[{"name":"wp","href":"https:\/\/api.w.org\/{rel}","templated":true}]}}