{"id":4178,"date":"2019-07-29T17:22:18","date_gmt":"2019-07-29T20:22:18","guid":{"rendered":"http:\/\/portal.unisepe.com.br\/saolourenco\/?page_id=4178"},"modified":"2019-07-29T17:30:34","modified_gmt":"2019-07-29T20:30:34","slug":"inscricao","status":"publish","type":"page","link":"https:\/\/portal.unisepe.com.br\/saolourenco\/ciencias-criminais\/inscricao\/","title":{"rendered":"*** Fa\u00e7a sua Inscri\u00e7\u00e3o! ***"},"content":{"rendered":"<p><a href=\"http:\/\/central.unisep.com.br\/treinamentos\/index.php\/inscricoes\/new\/589\/0005\/2\" rel=\"noopener\">Inscri\u00e7\u00e3o<\/a><\/p>\n","protected":false},"excerpt":{"rendered":"<p>Inscri\u00e7\u00e3o<\/p>\n","protected":false},"author":4,"featured_media":0,"parent":4040,"menu_order":0,"comment_status":"closed","ping_status":"closed","template":"templates\/template-pagina_link_externo.php","meta":{"footnotes":""},"categories":[],"tags":[],"class_list":["post-4178","page","type-page","status-publish","hentry"],"_links":{"self":[{"href":"https:\/\/portal.unisepe.com.br\/saolourenco\/wp-json\/wp\/v2\/pages\/4178","targetHints":{"allow":["GET"]}}],"collection":[{"href":"https:\/\/portal.unisepe.com.br\/saolourenco\/wp-json\/wp\/v2\/pages"}],"about":[{"href":"https:\/\/portal.unisepe.com.br\/saolourenco\/wp-json\/wp\/v2\/types\/page"}],"author":[{"embeddable":true,"href":"https:\/\/portal.unisepe.com.br\/saolourenco\/wp-json\/wp\/v2\/users\/4"}],"replies":[{"embeddable":true,"href":"https:\/\/portal.unisepe.com.br\/saolourenco\/wp-json\/wp\/v2\/comments?post=4178"}],"version-history":[{"count":8,"href":"https:\/\/portal.unisepe.com.br\/saolourenco\/wp-json\/wp\/v2\/pages\/4178\/revisions"}],"predecessor-version":[{"id":4186,"href":"https:\/\/portal.unisepe.com.br\/saolourenco\/wp-json\/wp\/v2\/pages\/4178\/revisions\/4186"}],"up":[{"embeddable":true,"href":"https:\/\/portal.unisepe.com.br\/saolourenco\/wp-json\/wp\/v2\/pages\/4040"}],"wp:attachment":[{"href":"https:\/\/portal.unisepe.com.br\/saolourenco\/wp-json\/wp\/v2\/media?parent=4178"}],"wp:term":[{"taxonomy":"category","embeddable":true,"href":"https:\/\/portal.unisepe.com.br\/saolourenco\/wp-json\/wp\/v2\/categories?post=4178"},{"taxonomy":"post_tag","embeddable":true,"href":"https:\/\/portal.unisepe.com.br\/saolourenco\/wp-json\/wp\/v2\/tags?post=4178"}],"curies":[{"name":"wp","href":"https:\/\/api.w.org\/{rel}","templated":true}]}}