{"id":4216,"date":"2019-08-21T19:17:02","date_gmt":"2019-08-21T22:17:02","guid":{"rendered":"http:\/\/portal.unisepe.com.br\/saolourenco\/?page_id=4216"},"modified":"2019-08-21T19:35:21","modified_gmt":"2019-08-21T22:35:21","slug":"cma","status":"publish","type":"page","link":"https:\/\/portal.unisepe.com.br\/saolourenco\/cma\/","title":{"rendered":"cma"},"content":{"rendered":"<p style=\"text-align: center\"><a href=\"https:\/\/spwsistemas.cramg.org.br\/spw\/cursos\/inicio.aspx\" target=\"_blank\" rel=\"noopener\"><strong>Clique aqui para fazer sua inscri\u00e7\u00e3o, \u00e9 gratuita!<\/strong><img loading=\"lazy\" decoding=\"async\" src=\"http:\/\/portal.unisepe.com.br\/saolourenco\/wp-content\/uploads\/sites\/10005\/2019\/08\/IMG-20190814-WA0016.jpg\" alt=\"\" width=\"1080\" height=\"1080\" class=\"aligncenter size-full wp-image-4217\" srcset=\"https:\/\/portal.unisepe.com.br\/saolourenco\/wp-content\/uploads\/sites\/10005\/2019\/08\/IMG-20190814-WA0016.jpg 1080w, https:\/\/portal.unisepe.com.br\/saolourenco\/wp-content\/uploads\/sites\/10005\/2019\/08\/IMG-20190814-WA0016-150x150.jpg 150w, https:\/\/portal.unisepe.com.br\/saolourenco\/wp-content\/uploads\/sites\/10005\/2019\/08\/IMG-20190814-WA0016-300x300.jpg 300w, https:\/\/portal.unisepe.com.br\/saolourenco\/wp-content\/uploads\/sites\/10005\/2019\/08\/IMG-20190814-WA0016-768x768.jpg 768w, https:\/\/portal.unisepe.com.br\/saolourenco\/wp-content\/uploads\/sites\/10005\/2019\/08\/IMG-20190814-WA0016-1024x1024.jpg 1024w, https:\/\/portal.unisepe.com.br\/saolourenco\/wp-content\/uploads\/sites\/10005\/2019\/08\/IMG-20190814-WA0016-225x225.jpg 225w\" sizes=\"auto, (max-width: 1080px) 100vw, 1080px\" \/><\/a><\/p>\n","protected":false},"excerpt":{"rendered":"<p>Clique aqui para fazer sua inscri\u00e7\u00e3o, \u00e9 gratuita!<\/p>\n","protected":false},"author":4,"featured_media":0,"parent":0,"menu_order":0,"comment_status":"closed","ping_status":"closed","template":"","meta":{"footnotes":""},"categories":[],"tags":[],"class_list":["post-4216","page","type-page","status-publish","hentry"],"_links":{"self":[{"href":"https:\/\/portal.unisepe.com.br\/saolourenco\/wp-json\/wp\/v2\/pages\/4216","targetHints":{"allow":["GET"]}}],"collection":[{"href":"https:\/\/portal.unisepe.com.br\/saolourenco\/wp-json\/wp\/v2\/pages"}],"about":[{"href":"https:\/\/portal.unisepe.com.br\/saolourenco\/wp-json\/wp\/v2\/types\/page"}],"author":[{"embeddable":true,"href":"https:\/\/portal.unisepe.com.br\/saolourenco\/wp-json\/wp\/v2\/users\/4"}],"replies":[{"embeddable":true,"href":"https:\/\/portal.unisepe.com.br\/saolourenco\/wp-json\/wp\/v2\/comments?post=4216"}],"version-history":[{"count":3,"href":"https:\/\/portal.unisepe.com.br\/saolourenco\/wp-json\/wp\/v2\/pages\/4216\/revisions"}],"predecessor-version":[{"id":4221,"href":"https:\/\/portal.unisepe.com.br\/saolourenco\/wp-json\/wp\/v2\/pages\/4216\/revisions\/4221"}],"wp:attachment":[{"href":"https:\/\/portal.unisepe.com.br\/saolourenco\/wp-json\/wp\/v2\/media?parent=4216"}],"wp:term":[{"taxonomy":"category","embeddable":true,"href":"https:\/\/portal.unisepe.com.br\/saolourenco\/wp-json\/wp\/v2\/categories?post=4216"},{"taxonomy":"post_tag","embeddable":true,"href":"https:\/\/portal.unisepe.com.br\/saolourenco\/wp-json\/wp\/v2\/tags?post=4216"}],"curies":[{"name":"wp","href":"https:\/\/api.w.org\/{rel}","templated":true}]}}