{"id":4700,"date":"2020-02-20T10:54:58","date_gmt":"2020-02-20T13:54:58","guid":{"rendered":"http:\/\/portal.unisepe.com.br\/saolourenco\/?page_id=4700"},"modified":"2025-10-23T16:58:21","modified_gmt":"2025-10-23T19:58:21","slug":"educacao-corporativa","status":"publish","type":"page","link":"https:\/\/portal.unisepe.com.br\/saolourenco\/educacao-corporativa\/","title":{"rendered":"Educa\u00e7\u00e3o Corporativa"},"content":{"rendered":"<p>Os cursos de Educa\u00e7\u00e3o Corporativa \/ Extens\u00e3o da Unisepe, <span data-teams=\"true\">Centro Universit\u00e1rio <\/span>de S\u00e3o Louren\u00e7o, s\u00e3o voltados para o p\u00fablico em geral, com forte presen\u00e7a de acad\u00eamicos dos cursos de gradua\u00e7\u00e3o, mas tamb\u00e9m com participa\u00e7\u00e3o intensa de egressos do ensino superior e de profissionais do mercado em busca de aperfei\u00e7oamento nas mais diversas \u00e1reas.<\/p>\n<p>Os temas dos cursos s\u00e3o de interesse amplo e tratam, sobretudo, de quest\u00f5es atuais ou de t\u00e9cnicas espec\u00edficas de v\u00e1rias \u00e1reas do conhecimento. As aulas \u2013 din\u00e2micas e com grande participa\u00e7\u00e3o dos alunos \u2013 s\u00e3o ministradas por professores especializados nos assuntos abordados pelos cursos.<\/p>\n<ul>Aproveite esta oportunidade, n\u00e3o perca tempo!<\/ul>\n<ul>\n<li>Para voc\u00ea aluno busque o aperfei\u00e7oamento profissional na sua pr\u00f3pria institui\u00e7\u00e3o de ensino, fique atualizado;<\/li>\n<li>Para voc\u00ea ex-aluno e sociedade, seja um Profissional Qualificado no Mercado;<\/li>\n<li>Cursos com hor\u00e1rios flex\u00edveis;<\/li>\n<li>Funcionamento por demanda;<\/li>\n<\/ul>\n<p>Para maiores informa\u00e7\u00f5es entre em contato:<br \/>\nN\u00facleo de Vestibular<br \/>\n<strong>3332-3355 ramal (218)<\/strong><br \/>\nConhe\u00e7a nossas P\u00f3s Gradua\u00e7\u00e3o ead\u00a0<a href=\"http:\/\/portal.unisepe.com.br\/ead\/\"><strong>http:\/\/portal.unisepe.com.br\/ead\/<\/strong><\/a><\/p>\n<p>&nbsp;<\/p>\n","protected":false},"excerpt":{"rendered":"<p>Os cursos de Educa\u00e7\u00e3o Corporativa \/ Extens\u00e3o da Unisepe, Centro Universit\u00e1rio de S\u00e3o Louren\u00e7o, s\u00e3o voltados para o p\u00fablico em geral, com forte presen\u00e7a de acad\u00eamicos dos cursos de gradua\u00e7\u00e3o, mas tamb\u00e9m com participa\u00e7\u00e3o intensa de egressos do ensino superior e de profissionais do mercado em busca de aperfei\u00e7oamento nas<\/p>\n","protected":false},"author":4,"featured_media":0,"parent":0,"menu_order":0,"comment_status":"closed","ping_status":"closed","template":"","meta":{"footnotes":""},"categories":[],"tags":[],"class_list":["post-4700","page","type-page","status-publish","hentry"],"_links":{"self":[{"href":"https:\/\/portal.unisepe.com.br\/saolourenco\/wp-json\/wp\/v2\/pages\/4700","targetHints":{"allow":["GET"]}}],"collection":[{"href":"https:\/\/portal.unisepe.com.br\/saolourenco\/wp-json\/wp\/v2\/pages"}],"about":[{"href":"https:\/\/portal.unisepe.com.br\/saolourenco\/wp-json\/wp\/v2\/types\/page"}],"author":[{"embeddable":true,"href":"https:\/\/portal.unisepe.com.br\/saolourenco\/wp-json\/wp\/v2\/users\/4"}],"replies":[{"embeddable":true,"href":"https:\/\/portal.unisepe.com.br\/saolourenco\/wp-json\/wp\/v2\/comments?post=4700"}],"version-history":[{"count":7,"href":"https:\/\/portal.unisepe.com.br\/saolourenco\/wp-json\/wp\/v2\/pages\/4700\/revisions"}],"predecessor-version":[{"id":6816,"href":"https:\/\/portal.unisepe.com.br\/saolourenco\/wp-json\/wp\/v2\/pages\/4700\/revisions\/6816"}],"wp:attachment":[{"href":"https:\/\/portal.unisepe.com.br\/saolourenco\/wp-json\/wp\/v2\/media?parent=4700"}],"wp:term":[{"taxonomy":"category","embeddable":true,"href":"https:\/\/portal.unisepe.com.br\/saolourenco\/wp-json\/wp\/v2\/categories?post=4700"},{"taxonomy":"post_tag","embeddable":true,"href":"https:\/\/portal.unisepe.com.br\/saolourenco\/wp-json\/wp\/v2\/tags?post=4700"}],"curies":[{"name":"wp","href":"https:\/\/api.w.org\/{rel}","templated":true}]}}