{"id":4712,"date":"2020-02-21T16:27:10","date_gmt":"2020-02-21T19:27:10","guid":{"rendered":"http:\/\/portal.unisepe.com.br\/saolourenco\/?page_id=4712"},"modified":"2025-10-23T16:45:28","modified_gmt":"2025-10-23T19:45:28","slug":"cpsa","status":"publish","type":"page","link":"https:\/\/portal.unisepe.com.br\/saolourenco\/cpsa\/","title":{"rendered":"CPSA"},"content":{"rendered":"<p><strong>CPSA \u2013 UniSL<\/strong><br \/>\n<strong>COMISS\u00c3O PERMANENTE DE SUPERVIS\u00c3O E ACOMPANHAMENTO DO FIES DO <span data-teams=\"true\">CENTRO UNIVERSIT\u00c1RIO <\/span>DE S\u00c3O LOUREN\u00c7O<\/strong><\/p>\n<p><strong>CONSTITUI\u00c7\u00c3O E ATRIBUI\u00c7\u00d5ES DO CPSA<\/strong><br \/>\nCada local de oferta de cursos da institui\u00e7\u00e3o de ensino, por meio de seu representante, dever\u00e1 constituir uma Comiss\u00e3o Permanente de Supervis\u00e3o e Acompanhamento do FIES (CPSA).<\/p>\n<p><strong>COMPOSI\u00c7\u00c3O:<\/strong><br \/>\nA CPSA ser\u00e1 composta por cinco membros, dentre os quais, dois representantes da institui\u00e7\u00e3o de ensino, dois representantes da entidade m\u00e1xima de representa\u00e7\u00e3o estudantil da institui\u00e7\u00e3o de ensino e um representante do corpo docente da institui\u00e7\u00e3o de ensino.<\/p>\n<ul>\n<li>VANESSA TAVARES VALE \u2013 MEMBRO INSTITUI\u00c7\u00c3O<\/li>\n<li>GEOVANA CORREA LOUREIRO SOARES \u2013 MEMBRO INSTITUI\u00c7\u00c3O<\/li>\n<li>ANNA LAURA PEREIRA DA SILVA \u2013 MEMBRO ESTUDANTE<\/li>\n<li>CAROLINE NUNES ARDUINI DA COSTA \u2013 MEMBRO ESTUDANTE<\/li>\n<\/ul>\n<p>* O presidente e o vice-presidente da CPSA dever\u00e3o, obrigatoriamente, ser o representante da institui\u00e7\u00e3o de ensino ou o representante da IES no local de oferta de cursos no FIES.<\/p>\n<p>** N\u00e3o havendo entidade representativa dos estudantes no local de oferta de cursos, os representantes estudantis ser\u00e3o escolhidos pelo corpo discente da institui\u00e7\u00e3o de ensino.<\/p>\n<p><strong>COMPET\u00caNCIAS:<\/strong><\/p>\n<p><strong>S\u00e3o atribui\u00e7\u00f5es da CPSA:<\/strong><br \/>\nI \u2013 tornar p\u00fablicas as normas que disciplinam o FIES em todos os locais de oferta de cursos da institui\u00e7\u00e3o;<br \/>\nII \u2013 permitir a divulga\u00e7\u00e3o, inclusive via internet, dos nomes e do endere\u00e7o eletr\u00f4nico dos membros da CPSA;<br \/>\nIII \u2013 analisar e validar a pertin\u00eancia e a veracidade das informa\u00e7\u00f5es prestadas pelo aluno no m\u00f3dulo de inscri\u00e7\u00e3o do SisFIES, bem como da documenta\u00e7\u00e3o por este<br \/>\napresentada para habilita\u00e7\u00e3o ao financiamento estudantil, na forma da Lei n\u00ba 10.260\/2001 e demais normas que regulamentam o FIES;<br \/>\nIV \u2013 emitir, por meio do sistema, Documento de Regularidade de Inscri\u00e7\u00e3o (DRI) do estudante;<br \/>\nV \u2013 avaliar, a cada per\u00edodo letivo, o aproveitamento acad\u00eamico dos estudantes financiados, tendo em vista o desempenho necess\u00e1rio \u00e0 continuidade do<br \/>\nfinanciamento;<br \/>\nVI \u2013 adotar as provid\u00eancias necess\u00e1rias ao aditamento dos contratos de financiamento, mediante a emiss\u00e3o, ao t\u00e9rmino de cada semestre letivo, do Documento de<br \/>\nRegularidade de Matr\u00edcula (DRM);<br \/>\nVII \u2013 zelar pelo cumprimento do disposto no art. 6\u00ba desta Portaria.<\/p>\n<p><a href=\"http:\/\/portal.unisepe.com.br\/saolourenco\/wp-content\/uploads\/sites\/10005\/2020\/02\/CPSA_Portaria_Normativa_-01_22-10-2010.pdf\">Portaria Normativa n\u00ba 01 de 22\/10\/2010<\/a><br \/>\n<a href=\"http:\/\/portal.unisepe.com.br\/saolourenco\/wp-content\/uploads\/sites\/10005\/2020\/02\/CPSA_Portaria_Normativa_-05_14-03-2013.pdf\">Portaria Normativa n\u00ba 05 de 14\/03\/2013<\/a><\/p>\n<p>&nbsp;<\/p>\n","protected":false},"excerpt":{"rendered":"<p>CPSA \u2013 UniSL COMISS\u00c3O PERMANENTE DE SUPERVIS\u00c3O E ACOMPANHAMENTO DO FIES DO CENTRO UNIVERSIT\u00c1RIO DE S\u00c3O LOUREN\u00c7O CONSTITUI\u00c7\u00c3O E ATRIBUI\u00c7\u00d5ES DO CPSA Cada local de oferta de cursos da institui\u00e7\u00e3o de ensino, por meio de seu representante, dever\u00e1 constituir uma Comiss\u00e3o Permanente de Supervis\u00e3o e Acompanhamento do FIES (CPSA). COMPOSI\u00c7\u00c3O:<\/p>\n","protected":false},"author":4,"featured_media":0,"parent":0,"menu_order":0,"comment_status":"closed","ping_status":"closed","template":"","meta":{"footnotes":""},"categories":[],"tags":[],"class_list":["post-4712","page","type-page","status-publish","hentry"],"_links":{"self":[{"href":"https:\/\/portal.unisepe.com.br\/saolourenco\/wp-json\/wp\/v2\/pages\/4712","targetHints":{"allow":["GET"]}}],"collection":[{"href":"https:\/\/portal.unisepe.com.br\/saolourenco\/wp-json\/wp\/v2\/pages"}],"about":[{"href":"https:\/\/portal.unisepe.com.br\/saolourenco\/wp-json\/wp\/v2\/types\/page"}],"author":[{"embeddable":true,"href":"https:\/\/portal.unisepe.com.br\/saolourenco\/wp-json\/wp\/v2\/users\/4"}],"replies":[{"embeddable":true,"href":"https:\/\/portal.unisepe.com.br\/saolourenco\/wp-json\/wp\/v2\/comments?post=4712"}],"version-history":[{"count":8,"href":"https:\/\/portal.unisepe.com.br\/saolourenco\/wp-json\/wp\/v2\/pages\/4712\/revisions"}],"predecessor-version":[{"id":6808,"href":"https:\/\/portal.unisepe.com.br\/saolourenco\/wp-json\/wp\/v2\/pages\/4712\/revisions\/6808"}],"wp:attachment":[{"href":"https:\/\/portal.unisepe.com.br\/saolourenco\/wp-json\/wp\/v2\/media?parent=4712"}],"wp:term":[{"taxonomy":"category","embeddable":true,"href":"https:\/\/portal.unisepe.com.br\/saolourenco\/wp-json\/wp\/v2\/categories?post=4712"},{"taxonomy":"post_tag","embeddable":true,"href":"https:\/\/portal.unisepe.com.br\/saolourenco\/wp-json\/wp\/v2\/tags?post=4712"}],"curies":[{"name":"wp","href":"https:\/\/api.w.org\/{rel}","templated":true}]}}