{"id":4806,"date":"2020-06-18T13:37:32","date_gmt":"2020-06-18T16:37:32","guid":{"rendered":"http:\/\/portal.unisepe.com.br\/saolourenco\/?page_id=4806"},"modified":"2020-06-18T14:37:57","modified_gmt":"2020-06-18T17:37:57","slug":"inscricao-sorteio-influenciadores-unisepe","status":"publish","type":"page","link":"https:\/\/portal.unisepe.com.br\/saolourenco\/inscricao-sorteio-influenciadores-unisepe\/","title":{"rendered":"Inscri\u00e7\u00e3o sorteio influenciadores UNISEPE"},"content":{"rendered":"<p><span>INSCRI\u00c7\u00d5ES;<\/span><br \/>\n<span>De 18 de junho \u00e0 25 de junho de 2020 atrav\u00e9s do link:<\/span><\/p>\n<p><strong><a href=\"https:\/\/forms.gle\/R9AwRxeB8GhjvmCSA\" target=\"_blank\" rel=\"noopener\">Formul\u00e1rio de Inscri\u00e7\u00e3o (Clique Aqui)<\/a><\/strong><\/p>\n<p align=\"justify\">Para concorrer voc\u00ea deve estar devidamente matriculado ou ser formado pela UNISEPE ou ainda, ser graduado por outra INSTITUI\u00c7\u00c3O DE ENSINO. AS BOLSAS SORTEADAS SER\u00c3O PARA P\u00d3S-GRADUA\u00c7\u00c3O.<\/p>\n<div style=\"width: 1280px;\" class=\"wp-video\"><!--[if lt IE 9]><script>document.createElement('video');<\/script><![endif]-->\n<video class=\"wp-video-shortcode\" id=\"video-4806-1\" width=\"1280\" height=\"720\" preload=\"metadata\" controls=\"controls\"><source type=\"video\/mp4\" src=\"http:\/\/portal.unisepe.com.br\/unifia\/wp-content\/uploads\/sites\/10001\/2020\/06\/INFLUENCIADORES-UNIFIA-CARLOS-4-FALA-CORRETA-REDUZIDO.mp4?_=1\" \/><a href=\"http:\/\/portal.unisepe.com.br\/unifia\/wp-content\/uploads\/sites\/10001\/2020\/06\/INFLUENCIADORES-UNIFIA-CARLOS-4-FALA-CORRETA-REDUZIDO.mp4\">http:\/\/portal.unisepe.com.br\/unifia\/wp-content\/uploads\/sites\/10001\/2020\/06\/INFLUENCIADORES-UNIFIA-CARLOS-4-FALA-CORRETA-REDUZIDO.mp4<\/a><\/video><\/div>\n<p align=\"justify\">Voc\u00ea influenciador receber\u00e1 as artes que dever\u00e3o ser postadas e receber\u00e3o tamb\u00e9m uma planilha com as datas e hor\u00e1rios para os posts. Tamb\u00e9m dever\u00e3o preencher um formul\u00e1rio online que iremos disponibilizar o link, com o endere\u00e7o de cada postagem para que n\u00f3s possamos contabilizar os resultados, contando a quantidade de curtidas e likes. O processo de divulga\u00e7\u00e3o encerrar\u00e1 no dia 28 de agosto de 2020.<\/p>\n<p>Ser\u00e1 contemplado com as bolsas de estudo quem no final do concurso some o maior n\u00famero de curtidas e likes.<\/p>\n<p>Os pr\u00eamios:<\/p>\n<p align=\"justify\">O primeiro lugar ser\u00e1 contemplado com uma bolsa de estudos 100% para um curso de p\u00f3s-gradua\u00e7\u00e3o latu sensu na modalidade EaD (a dist\u00e2ncia) do GRUPO UNISEPE.<\/p>\n<p align=\"justify\">O segundo lugar ser\u00e1 contemplado com uma bolsa de estudos 50% para um curso de p\u00f3s-gradua\u00e7\u00e3o latu sensu na modalidade EaD (a dist\u00e2ncia) do GRUPO UNISEPE.<\/p>\n<p>Bora l\u00e1 galera!<br \/>\nBoa sorte a todos voc\u00eas! Influenciadores UNISEPE<\/p>\n<p>&nbsp;<\/p>\n","protected":false},"excerpt":{"rendered":"<p>INSCRI\u00c7\u00d5ES; De 18 de junho \u00e0 25 de junho de 2020 atrav\u00e9s do link: Formul\u00e1rio de Inscri\u00e7\u00e3o (Clique Aqui) Para concorrer voc\u00ea deve estar devidamente matriculado ou ser formado pela UNISEPE ou ainda, ser graduado por outra INSTITUI\u00c7\u00c3O DE ENSINO. AS BOLSAS SORTEADAS SER\u00c3O PARA P\u00d3S-GRADUA\u00c7\u00c3O. Voc\u00ea influenciador receber\u00e1 as<\/p>\n","protected":false},"author":4,"featured_media":0,"parent":0,"menu_order":0,"comment_status":"closed","ping_status":"closed","template":"","meta":{"footnotes":""},"categories":[],"tags":[],"class_list":["post-4806","page","type-page","status-publish","hentry"],"_links":{"self":[{"href":"https:\/\/portal.unisepe.com.br\/saolourenco\/wp-json\/wp\/v2\/pages\/4806","targetHints":{"allow":["GET"]}}],"collection":[{"href":"https:\/\/portal.unisepe.com.br\/saolourenco\/wp-json\/wp\/v2\/pages"}],"about":[{"href":"https:\/\/portal.unisepe.com.br\/saolourenco\/wp-json\/wp\/v2\/types\/page"}],"author":[{"embeddable":true,"href":"https:\/\/portal.unisepe.com.br\/saolourenco\/wp-json\/wp\/v2\/users\/4"}],"replies":[{"embeddable":true,"href":"https:\/\/portal.unisepe.com.br\/saolourenco\/wp-json\/wp\/v2\/comments?post=4806"}],"version-history":[{"count":9,"href":"https:\/\/portal.unisepe.com.br\/saolourenco\/wp-json\/wp\/v2\/pages\/4806\/revisions"}],"predecessor-version":[{"id":4815,"href":"https:\/\/portal.unisepe.com.br\/saolourenco\/wp-json\/wp\/v2\/pages\/4806\/revisions\/4815"}],"wp:attachment":[{"href":"https:\/\/portal.unisepe.com.br\/saolourenco\/wp-json\/wp\/v2\/media?parent=4806"}],"wp:term":[{"taxonomy":"category","embeddable":true,"href":"https:\/\/portal.unisepe.com.br\/saolourenco\/wp-json\/wp\/v2\/categories?post=4806"},{"taxonomy":"post_tag","embeddable":true,"href":"https:\/\/portal.unisepe.com.br\/saolourenco\/wp-json\/wp\/v2\/tags?post=4806"}],"curies":[{"name":"wp","href":"https:\/\/api.w.org\/{rel}","templated":true}]}}