{"id":495,"date":"2016-07-12T18:59:02","date_gmt":"2016-07-12T18:59:02","guid":{"rendered":"http:\/\/www.fvr.edu.br\/fvr\/site\/?page_id=495"},"modified":"2025-10-23T17:45:46","modified_gmt":"2025-10-23T20:45:46","slug":"nutricao","status":"publish","type":"page","link":"https:\/\/portal.unisepe.com.br\/saolourenco\/nutricao\/","title":{"rendered":"Nutri\u00e7\u00e3o"},"content":{"rendered":"<p style=\"text-align: justify;\"><strong><img loading=\"lazy\" decoding=\"async\" class=\" wp-image-255 alignleft\" src=\"http:\/\/portal.unisepe.com.br\/saolourenco\/wp-content\/uploads\/sites\/10005\/2018\/09\/logo_nutri.jpg\" alt=\"nutricao\" width=\"157\" height=\"157\" \/>Concep\u00e7\u00e3o do curso<br \/>\n<\/strong><\/p>\n<p>\u00c9 a ci\u00eancia que estuda os alimentos e os mecanismos pelos quais o organismo ingere, digere, absorve, transporta e utiliza os nutrientes que nos fornecem a energia para mant\u00ea-lo vivo.<\/p>\n<p>O profissional nutricionista \u00e9 o respons\u00e1vel n\u00e3o s\u00f3 pela prescri\u00e7\u00e3o de dietas, mas tamb\u00e9m desempenha fun\u00e7\u00f5es desde a sele\u00e7\u00e3o do alimento at\u00e9 seu consumo, planeja e elabora card\u00e1pios, realiza atividades de educa\u00e7\u00e3o alimentar e nutricional, realiza atendimentos tanto para indiv\u00edduos saud\u00e1veis como para aqueles portadores de alguma patologia, presta consultoria na \u00e1rea de alimenta\u00e7\u00e3o e nutri\u00e7\u00e3o. Ainda mais, se preocupa com a garantia do direito humano \u00e0 alimenta\u00e7\u00e3o adequada e a seguran\u00e7a alimentar, promovendo, prevenindo, mantendo ou recuperando a sa\u00fade do indiv\u00edduo ou de grupos populacionais, impactando sobre as quest\u00f5es econ\u00f4micas, sociais, pol\u00edticas e culturais, sempre pautados nos princ\u00edpios \u00e9ticos.<\/p>\n<p style=\"text-align: justify;\"><strong>Perfil do egresso<\/strong><\/p>\n<p>De acordo com as Diretrizes Curriculares do curso de Nutri\u00e7\u00e3o e o C\u00f3digo de \u00c9tica do Nutricionista (Resolu\u00e7\u00e3o CFN 599\/2018), o curso de Gradua\u00e7\u00e3o em Nutri\u00e7\u00e3o do\u00a0<span data-teams=\"true\">Centro Universit\u00e1rio<\/span> S\u00e3o Louren\u00e7o visa formar profissionais \u00e9ticos, generalistas, humanistas e cr\u00edticos, capacitados a atuar na aten\u00e7\u00e3o \u00e0 sa\u00fade, atrav\u00e9s de tomadas de decis\u00f5es, com lideran\u00e7a, comunica\u00e7\u00e3o, gerenciamento e administra\u00e7\u00e3o e educa\u00e7\u00e3o permanente, visando \u00e0 melhora do bem-estar e da qualidade de vida dos indiv\u00edduos.<\/p>\n<p><strong>\u00c1reas de atua\u00e7\u00e3o <\/strong>(Resolu\u00e7\u00e3o CFN 600\/18)<\/p>\n<p>&#8211; Nutri\u00e7\u00e3o em Alimenta\u00e7\u00e3o Coletiva (gest\u00e3o de UANs, restaurantes comerciais, buf\u00eas)<\/p>\n<p>&#8211; Nutri\u00e7\u00e3o cl\u00ednica (hospitais, cl\u00ednicas, institui\u00e7\u00e3o de longa perman\u00eancia de idosos, bancos de leite humano, ambulat\u00f3rios, consult\u00f3rios),<\/p>\n<p>&#8211; Nutri\u00e7\u00e3o esportiva e exerc\u00edcios f\u00edsicos (clubes, academias, atletas),<\/p>\n<p>&#8211; Nutri\u00e7\u00e3o na sa\u00fade coletiva (pol\u00edticas e programas governamentais, como SISAN, PNAE, PAT),<\/p>\n<p>&#8211; Nutri\u00e7\u00e3o na cadeia de produ\u00e7\u00e3o, ind\u00fastria e com\u00e9rcio de alimentos (extens\u00e3o rural, produ\u00e7\u00e3o de alimentos, cozinha experimental, controle de qualidade, SAC)<\/p>\n<p>&#8211; Nutri\u00e7\u00e3o no ensino, pesquisa e extens\u00e3o (coordena\u00e7\u00e3o de curso, doc\u00eancia e pesquisa)<\/p>\n<p><strong>Nutri\u00e7\u00e3o na UniSL:<\/strong><\/p>\n<p>S\u00e3o diferenciais do curso de Nutri\u00e7\u00e3o do\u00a0<span data-teams=\"true\">Centro Universit\u00e1rio<\/span> S\u00e3o Louren\u00e7o: parcerias p\u00fablico e privada para realiza\u00e7\u00e3o do est\u00e1gio curricular obrigat\u00f3rio, est\u00e1gios remunerados, visitas t\u00e9cnicas para aprimoramento profissional, palestras e cursos voltados \u00e0 atualiza\u00e7\u00e3o do discente, aulas pr\u00e1ticas nos seus laborat\u00f3rios espec\u00edficos (T\u00e9cnica Diet\u00e9tica e Avalia\u00e7\u00e3o Nutricional), incentivo \u00e0 pesquisa, com o objetivo de integralizar a teoria \u00e0 pr\u00e1tica do profissional, formando profissionais capacitados e engajados na profiss\u00e3o que escolheram.<\/p>\n<p>&nbsp;<\/p>\n<p><iframe loading=\"lazy\" title=\"NUTRI\u00c7\u00c3O - FSL\" width=\"500\" height=\"281\" src=\"https:\/\/www.youtube.com\/embed\/3Rh-A_D4lo4?feature=oembed\" frameborder=\"0\" allow=\"accelerometer; autoplay; clipboard-write; encrypted-media; gyroscope; picture-in-picture; web-share\" referrerpolicy=\"strict-origin-when-cross-origin\" allowfullscreen><\/iframe><\/p>\n<p><strong>SAIBA MAIS &#8230;<\/strong><\/p>\n<p><iframe loading=\"lazy\" title=\"NUTRI\u00c7\u00c3O SL 2020\" width=\"500\" height=\"281\" src=\"https:\/\/www.youtube.com\/embed\/8KHOi3FGqnw?feature=oembed\" frameborder=\"0\" allow=\"accelerometer; autoplay; clipboard-write; encrypted-media; gyroscope; picture-in-picture; web-share\" referrerpolicy=\"strict-origin-when-cross-origin\" allowfullscreen><\/iframe><\/p>\n<p>&nbsp;<\/p>\n<h3>Voc\u00ea tamb\u00e9m pode ser parte desta hist\u00f3ria de sucesso! Venha para a UniSL.<\/h3>\n<p><iframe loading=\"lazy\" title=\"Story Let\u00edcia Reis - Nutri\u00e7\u00e3o\" width=\"500\" height=\"281\" src=\"https:\/\/www.youtube.com\/embed\/ujJstVkAFKM?feature=oembed\" frameborder=\"0\" allow=\"accelerometer; autoplay; clipboard-write; encrypted-media; gyroscope; picture-in-picture; web-share\" referrerpolicy=\"strict-origin-when-cross-origin\" allowfullscreen><\/iframe><\/p>\n","protected":false},"excerpt":{"rendered":"<p>Concep\u00e7\u00e3o do curso \u00c9 a ci\u00eancia que estuda os alimentos e os mecanismos pelos quais o organismo ingere, digere, absorve, transporta e utiliza os nutrientes que nos fornecem a energia para mant\u00ea-lo vivo. O profissional nutricionista \u00e9 o respons\u00e1vel n\u00e3o s\u00f3 pela prescri\u00e7\u00e3o de dietas, mas tamb\u00e9m desempenha fun\u00e7\u00f5es desde<\/p>\n","protected":false},"author":1,"featured_media":0,"parent":0,"menu_order":0,"comment_status":"closed","ping_status":"closed","template":"templates\/template-curso_menu_vertical.php","meta":{"footnotes":""},"categories":[],"tags":[],"class_list":["post-495","page","type-page","status-publish","hentry"],"_links":{"self":[{"href":"https:\/\/portal.unisepe.com.br\/saolourenco\/wp-json\/wp\/v2\/pages\/495","targetHints":{"allow":["GET"]}}],"collection":[{"href":"https:\/\/portal.unisepe.com.br\/saolourenco\/wp-json\/wp\/v2\/pages"}],"about":[{"href":"https:\/\/portal.unisepe.com.br\/saolourenco\/wp-json\/wp\/v2\/types\/page"}],"author":[{"embeddable":true,"href":"https:\/\/portal.unisepe.com.br\/saolourenco\/wp-json\/wp\/v2\/users\/1"}],"replies":[{"embeddable":true,"href":"https:\/\/portal.unisepe.com.br\/saolourenco\/wp-json\/wp\/v2\/comments?post=495"}],"version-history":[{"count":7,"href":"https:\/\/portal.unisepe.com.br\/saolourenco\/wp-json\/wp\/v2\/pages\/495\/revisions"}],"predecessor-version":[{"id":6826,"href":"https:\/\/portal.unisepe.com.br\/saolourenco\/wp-json\/wp\/v2\/pages\/495\/revisions\/6826"}],"wp:attachment":[{"href":"https:\/\/portal.unisepe.com.br\/saolourenco\/wp-json\/wp\/v2\/media?parent=495"}],"wp:term":[{"taxonomy":"category","embeddable":true,"href":"https:\/\/portal.unisepe.com.br\/saolourenco\/wp-json\/wp\/v2\/categories?post=495"},{"taxonomy":"post_tag","embeddable":true,"href":"https:\/\/portal.unisepe.com.br\/saolourenco\/wp-json\/wp\/v2\/tags?post=495"}],"curies":[{"name":"wp","href":"https:\/\/api.w.org\/{rel}","templated":true}]}}