{"id":4955,"date":"2020-10-24T12:08:31","date_gmt":"2020-10-24T15:08:31","guid":{"rendered":"https:\/\/portal.unisepe.com.br\/saolourenco\/?page_id=4955"},"modified":"2020-10-30T20:35:15","modified_gmt":"2020-10-30T23:35:15","slug":"feira-de-profissoes-2020","status":"publish","type":"page","link":"https:\/\/portal.unisepe.com.br\/saolourenco\/feira-de-profissoes-2020\/","title":{"rendered":"Feira de profiss\u00f5es 2020 &#8211; Role a p\u00e1gina at\u00e9 o final para realizar seu cadastro!"},"content":{"rendered":"<p><a href=\"https:\/\/portal.unisepe.com.br\/saolourenco\/wp-content\/uploads\/sites\/10005\/2020\/10\/fsl_aereo.jpg\"><\/a><\/p>\n<p><a href=\"https:\/\/portal.unisepe.com.br\/saolourenco\/wp-content\/uploads\/sites\/10005\/2020\/10\/fsl_aereo.jpg\"><img loading=\"lazy\" decoding=\"async\" src=\"https:\/\/portal.unisepe.com.br\/saolourenco\/wp-content\/uploads\/sites\/10005\/2020\/10\/fsl_aereo.jpg\" alt=\"\" width=\"1400\" height=\"420\" class=\"aligncenter size-full wp-image-4986\" \/><\/a><img loading=\"lazy\" decoding=\"async\" src=\"https:\/\/portal.unisepe.com.br\/saolourenco\/wp-content\/uploads\/sites\/10005\/2020\/10\/fsl_feira.jpeg\" alt=\"\" width=\"1400\" height=\"518\" class=\"aligncenter size-full wp-image-4979\" \/><span style=\"color: #000000\"><strong><\/strong><\/span><\/p>\n<p>&nbsp;<\/p>\n<p style=\"text-align: center\"><span style=\"color: #000000\"><strong>Apresenta\u00e7\u00e3o:<\/strong><\/span><\/p>\n<p>&nbsp;<\/p>\n<div align=\"center\">\n<div style=\"width: 990px;\" class=\"wp-video\"><!--[if lt IE 9]><script>document.createElement('video');<\/script><![endif]-->\n<video class=\"wp-video-shortcode\" id=\"video-4955-1\" width=\"990\" height=\"720\" preload=\"metadata\" controls=\"controls\"><source type=\"video\/mp4\" src=\"https:\/\/portal.unisepe.com.br\/saolourenco\/wp-content\/uploads\/sites\/10005\/2020\/10\/feira_prof.mp4?_=1\" \/><a href=\"https:\/\/portal.unisepe.com.br\/saolourenco\/wp-content\/uploads\/sites\/10005\/2020\/10\/feira_prof.mp4\">https:\/\/portal.unisepe.com.br\/saolourenco\/wp-content\/uploads\/sites\/10005\/2020\/10\/feira_prof.mp4<\/a><\/video><\/div>\n<\/div>\n<p style=\"text-align: center\"><strong>Preencha o formul\u00e1rio de cadastro para acessar:<\/strong><\/p>\n<div align=\"center\"><a href=\"https:\/\/forms.gle\/MjCqyFqZPHPE9TUE6\"><img loading=\"lazy\" decoding=\"async\" src=\"https:\/\/portal.unisepe.com.br\/saolourenco\/wp-content\/uploads\/sites\/10005\/2020\/10\/17.png\" alt=\"\" width=\"188\" height=\"91\" class=\"size-full wp-image-6679 aligncenter\" \/> <\/a><\/div>\n<p>&nbsp;<\/p>\n","protected":false},"excerpt":{"rendered":"<p>&nbsp; Apresenta\u00e7\u00e3o: &nbsp; Preencha o formul\u00e1rio de cadastro para acessar: &nbsp;<\/p>\n","protected":false},"author":4,"featured_media":0,"parent":0,"menu_order":0,"comment_status":"closed","ping_status":"closed","template":"templates\/template-fullwidth.php","meta":{"footnotes":""},"categories":[],"tags":[],"class_list":["post-4955","page","type-page","status-publish","hentry"],"_links":{"self":[{"href":"https:\/\/portal.unisepe.com.br\/saolourenco\/wp-json\/wp\/v2\/pages\/4955","targetHints":{"allow":["GET"]}}],"collection":[{"href":"https:\/\/portal.unisepe.com.br\/saolourenco\/wp-json\/wp\/v2\/pages"}],"about":[{"href":"https:\/\/portal.unisepe.com.br\/saolourenco\/wp-json\/wp\/v2\/types\/page"}],"author":[{"embeddable":true,"href":"https:\/\/portal.unisepe.com.br\/saolourenco\/wp-json\/wp\/v2\/users\/4"}],"replies":[{"embeddable":true,"href":"https:\/\/portal.unisepe.com.br\/saolourenco\/wp-json\/wp\/v2\/comments?post=4955"}],"version-history":[{"count":51,"href":"https:\/\/portal.unisepe.com.br\/saolourenco\/wp-json\/wp\/v2\/pages\/4955\/revisions"}],"predecessor-version":[{"id":5015,"href":"https:\/\/portal.unisepe.com.br\/saolourenco\/wp-json\/wp\/v2\/pages\/4955\/revisions\/5015"}],"wp:attachment":[{"href":"https:\/\/portal.unisepe.com.br\/saolourenco\/wp-json\/wp\/v2\/media?parent=4955"}],"wp:term":[{"taxonomy":"category","embeddable":true,"href":"https:\/\/portal.unisepe.com.br\/saolourenco\/wp-json\/wp\/v2\/categories?post=4955"},{"taxonomy":"post_tag","embeddable":true,"href":"https:\/\/portal.unisepe.com.br\/saolourenco\/wp-json\/wp\/v2\/tags?post=4955"}],"curies":[{"name":"wp","href":"https:\/\/api.w.org\/{rel}","templated":true}]}}